{"id":18012,"date":"2020-07-16T02:23:23","date_gmt":"2020-07-16T06:23:23","guid":{"rendered":"https:\/\/vpnveteran.com\/datenschutzerklaerung\/"},"modified":"2023-07-16T22:22:18","modified_gmt":"2023-07-17T02:22:18","slug":"datenschutzerklaerung","status":"publish","type":"page","link":"https:\/\/vpnveteran.com\/de\/datenschutzerklaerung\/","title":{"rendered":"Datenschutzbestimmungen (Privacy Policy)"},"content":{"rendered":"<p>Diese Website-Datenschutzbestimmungen beschreibt, wie VPNveteran.com die Informationen, die Sie dem Unternehmen bei der Nutzung dieser Website geben, sch\u00fctzt und nutzt. Wenn Sie bei der Nutzung dieser Website um die Angabe von Informationen gebeten werden, werden diese nur auf die in dieser Datenschutzrichtlinie beschriebene Weise verwendet.<\/p>\n<p>Diese Richtlinie wird von Zeit zu Zeit aktualisiert. Die neueste Version wird auf dieser Seite ver\u00f6ffentlicht.<\/p>\n<div class=\"title\">\n<h2 class=\"entry-title\">Bestimmungen zum Datenschutz<\/h2>\n<\/div>\n<p>In der Regel ist es nicht notwendig,\u00a0<strong>personenbezogene Daten<\/strong>\u00a0wie Ihren Namen, Ihre Adresse oder Ihre E-Mail-Adresse anzugeben, um unsere Website zu nutzen. Wenn wir jedoch solche Daten auf unseren Seiten erheben, geschieht dies stets auf freiwilliger Basis. Ohne Ihre ausdr\u00fcckliche Einwilligung geben wir diese Daten nicht an Dritte weiter. Wir m\u00f6chten darauf hinweisen, dass die \u00dcbertragung von Daten \u00fcber das Internet (z. B. per E-Mail-Kommunikation)\u00a0<strong>Sicherheitsrisiken<\/strong>\u00a0bergen kann. Ein vollst\u00e4ndiger Schutz der Daten vor dem Zugriff durch Dritte ist nicht m\u00f6glich. Die Verwendung der im Impressum ver\u00f6ffentlichten Kontaktdaten durch Dritte zum Versenden von unaufgeforderten Werbe- und Informationsmaterialien ist ausdr\u00fccklich untersagt. Wir behalten uns das Recht vor, rechtliche Schritte gegen unerw\u00fcnschte Werbesendungen wie Spam-E-Mails einzuleiten. Sofern Sie uns personenbezogene Daten zur Verf\u00fcgung gestellt haben, verwenden wir diese nur zur Beantwortung Ihrer Anfragen, zur Abwicklung von Vertr\u00e4gen mit Ihnen und f\u00fcr technische Verwaltungszwecke. Eine Weitergabe oder \u00dcbermittlung Ihrer personenbezogenen Daten an Dritte erfolgt nur, wenn dies zur Erf\u00fcllung des Vertrags oder zu Abrechnungszwecken erforderlich ist oder wenn Sie zuvor zugestimmt haben. Sie k\u00f6nnen Ihre Einwilligung jederzeit mit Wirkung f\u00fcr die Zukunft widerrufen. Gespeicherte personenbezogene Daten werden gel\u00f6scht, wenn Sie Ihre Einwilligung widerrufen, wenn sie nicht mehr f\u00fcr den Zweck der Speicherung erforderlich sind oder wenn eine Speicherung aus rechtlichen Gr\u00fcnden unzul\u00e4ssig ist.<\/p>\n<h2>Analysetools von Drittanbietern<\/h2>\n<p>Um Informationen \u00fcber die Nutzung unserer Website zu sammeln, verwenden wir\u00a0<strong>Analysewerkzeuge von Drittanbietern<\/strong>\u00a0wie Google Analytics, Google Search Console und Sitemaps.<\/p>\n<p>Google Analytics: Um das Verhalten der Benutzer zu analysieren, setzen wir den Webanalysedienst Google Analytics von Google ein. Mithilfe dieses Tools erfassen wir anonymisierte statistische Daten \u00fcber Besucher unserer Website, wie Seitenaufrufe, Verweildauer, verwendete Suchbegriffe und den Standort der Besucher. Diese Informationen dienen ausschlie\u00dflich dazu, unsere Website zu optimieren und benutzerfreundlicher zu gestalten. Die Datenerfassung erfolgt dabei durch Cookies, weitere Informationen finden Sie in unserer Datenschutzerkl\u00e4rung.<\/p>\n<p>Google Search Console: Die Google Search Console liefert uns Informationen \u00fcber die Sichtbarkeit unserer Website in den Suchergebnissen von Google. Dadurch k\u00f6nnen wir sehen, welche Suchbegriffe zu Klicks auf unsere Website f\u00fchren und wie unsere Website in den Suchergebnissen pr\u00e4sentiert wird. Diese Erkenntnisse helfen uns dabei, die Website zu verbessern und relevanter f\u00fcr die Nutzer zu gestalten.<\/p>\n<p>Sitemaps: Sitemaps sind strukturierte Dateien, die eine \u00dcbersicht \u00fcber alle Seiten unserer Website bieten. Wir nutzen Sitemaps, um Suchmaschinen wie Google dabei zu unterst\u00fctzen, unsere Website effizient zu durchsuchen und zu indexieren. Dies erm\u00f6glicht eine bessere Auffindbarkeit unserer Inhalte in den Suchergebnissen.<\/p>\n<p>Bitte beachten Sie, dass diese Drittanbieter-Analysewerkzeuge ihre eigenen Datenschutzrichtlinien haben und wir keinen direkten Einfluss auf die von ihnen erfassten Daten haben. Weitere Informationen zur Verarbeitung Ihrer personenbezogenen Daten im Zusammenhang mit diesen Analysewerkzeugen finden Sie in unserer Datenschutzerkl\u00e4rung.<\/p>\n<h2>\u00c4nderungen der Richtlinie<\/h2>\n<p>Wir behalten uns das Recht vor, diese Richtlinie\u00a0<strong>gelegentlich zu \u00e4ndern<\/strong>, indem wir eine aktualisierte Version auf unserer Webseite ver\u00f6ffentlichen. Es wird empfohlen, diese Seite regelm\u00e4\u00dfig zu \u00fcberpr\u00fcfen, um sicherzustellen, dass Sie mit etwaigen \u00c4nderungen dieser Richtlinie einverstanden sind. Falls \u00c4nderungen vorgenommen werden, k\u00f6nnen wir Sie entweder per E-Mail oder \u00fcber das private Nachrichtensystem auf unserer Webseite dar\u00fcber informieren.<\/p>\n","protected":false},"excerpt":{"rendered":"<p>Diese Website-Datenschutzbestimmungen beschreibt, wie VPNveteran.com die Informationen, die Sie dem Unternehmen bei der Nutzung dieser Website geben, sch\u00fctzt und nutzt. Wenn Sie bei der Nutzung dieser Website um die Angabe von Informationen gebeten werden, werden diese nur auf die in dieser Datenschutzrichtlinie beschriebene Weise verwendet. Diese Richtlinie wird von Zeit zu Zeit aktualisiert. Die neueste [&hellip;]<\/p>\n","protected":false},"author":44,"featured_media":0,"parent":0,"menu_order":0,"comment_status":"closed","ping_status":"closed","template":"","meta":{"om_disable_all_campaigns":false,"footnotes":""},"sgf-content-tag":[183,195],"sgf-seo-push":[],"class_list":["post-18012","page","type-page","status-publish","hentry"],"_links":{"self":[{"href":"https:\/\/vpnveteran.com\/de\/wp-json\/wp\/v2\/pages\/18012","targetHints":{"allow":["GET"]}}],"collection":[{"href":"https:\/\/vpnveteran.com\/de\/wp-json\/wp\/v2\/pages"}],"about":[{"href":"https:\/\/vpnveteran.com\/de\/wp-json\/wp\/v2\/types\/page"}],"author":[{"embeddable":true,"href":"https:\/\/vpnveteran.com\/de\/wp-json\/wp\/v2\/users\/44"}],"replies":[{"embeddable":true,"href":"https:\/\/vpnveteran.com\/de\/wp-json\/wp\/v2\/comments?post=18012"}],"version-history":[{"count":4,"href":"https:\/\/vpnveteran.com\/de\/wp-json\/wp\/v2\/pages\/18012\/revisions"}],"predecessor-version":[{"id":57632,"href":"https:\/\/vpnveteran.com\/de\/wp-json\/wp\/v2\/pages\/18012\/revisions\/57632"}],"wp:attachment":[{"href":"https:\/\/vpnveteran.com\/de\/wp-json\/wp\/v2\/media?parent=18012"}],"wp:term":[{"taxonomy":"sgf-content-tag","embeddable":true,"href":"https:\/\/vpnveteran.com\/de\/wp-json\/wp\/v2\/sgf-content-tag?post=18012"},{"taxonomy":"sgf-seo-push","embeddable":true,"href":"https:\/\/vpnveteran.com\/de\/wp-json\/wp\/v2\/sgf-seo-push?post=18012"}],"curies":[{"name":"wp","href":"https:\/\/api.w.org\/{rel}","templated":true}]}}