{"id":18013,"date":"2020-07-16T02:25:45","date_gmt":"2020-07-16T06:25:45","guid":{"rendered":"https:\/\/vpnveteran.com\/disclaimer\/"},"modified":"2023-07-16T22:13:44","modified_gmt":"2023-07-17T02:13:44","slug":"disclaimer","status":"publish","type":"page","link":"https:\/\/vpnveteran.com\/de\/disclaimer\/","title":{"rendered":"Haftungsausschluss (Disclaimer)"},"content":{"rendered":"<p>Wir stellen Ihnen in gutem Glauben eine Vielzahl von Leitf\u00e4den, Rezensionen, Informationen und Details zu Sicherheitssoftware, Datenschutz-Tools, VPN-Dienstanbietern und anderen relevanten Themen zur Verf\u00fcgung, um Sie \u00fcber die neuesten Entwicklungen in der Industrie auf dem Laufenden zu halten.<\/p>\n<p>Unser Expertenteam bietet Ihnen bew\u00e4hrte Dienstleistungen und L\u00f6sungen an, wobei sie sich der Sensibilit\u00e4t dieses Bereichs bewusst sind. Es ist wichtig zu betonen, dass alle Leitf\u00e4den, Rezensionen, Informationen und jegliches Material ausschlie\u00dflich zu allgemeinen Informationszwecken dienen. Sie d\u00fcrfen in keiner Weise kriminelle oder illegale Aktivit\u00e4ten, Vertragsbr\u00fcche, Sch\u00e4den, Sch\u00e4digungen oder Verletzungen anderer Personen dulden, ermutigen oder f\u00f6rdern.<\/p>\n<p>Es liegt in Ihrer Verantwortung, Ihre Handlungen sorgf\u00e4ltig zu \u00fcberdenken, und Sie sind allein f\u00fcr Ihre eigenen Entscheidungen verantwortlich. Wenn Sie Bedenken, Zweifel oder Fragen zu Ihren Handlungen und den m\u00f6glichen Konsequenzen haben, empfehlen wir Ihnen, rechtlichen Rat einzuholen.<\/p>\n<p>Gelegentlich k\u00f6nnen auch andere Personen Beitr\u00e4ge auf dieser Website ver\u00f6ffentlichen oder kommentieren. Wir begr\u00fc\u00dfen solche Beitr\u00e4ge, \u00fcbernehmen jedoch keine Verantwortung f\u00fcr die Ansichten oder Inhalte, die von anderen Personen ver\u00f6ffentlicht werden. Diese Ansichten sind eigenst\u00e4ndig und repr\u00e4sentieren nicht zwangsl\u00e4ufig die Ansichten unserer Website.<\/p>\n<p>Wir haben alle Inhalte unserer Seiten mit gr\u00f6\u00dfter Sorgfalt erstellt. Dennoch k\u00f6nnen wir keine Gew\u00e4hr f\u00fcr die Richtigkeit, Vollst\u00e4ndigkeit und Aktualit\u00e4t der Inhalte \u00fcbernehmen. Gem\u00e4\u00df<strong> \u00a7 7 Abs. 1 TMG<\/strong> sind wir als Diensteanbieter f\u00fcr die eigenen Inhalte auf diesen Seiten nach den allgemeinen Gesetzen verantwortlich. Nach <strong>\u00a7\u00a7 8 bis 10 TMG<\/strong> sind wir jedoch nicht verpflichtet, \u00fcbermittelte oder gespeicherte fremde Informationen zu \u00fcberwachen oder nach Umst\u00e4nden zu forschen, die auf eine rechtswidrige T\u00e4tigkeit hinweisen. Verpflichtungen zur Entfernung oder Sperrung der Nutzung von Informationen nach den allgemeinen Gesetzen bleiben davon unber\u00fchrt. Eine Haftung ist jedoch erst ab dem Zeitpunkt der Kenntnis einer konkreten Rechtsverletzung m\u00f6glich. Bei Bekanntwerden von entsprechenden Rechtsverletzungen werden wir die betreffenden Inhalte umgehend entfernen.<\/p>\n<h3>Haftung f\u00fcr Links<\/h3>\n<p>Unser Angebot enth\u00e4lt Links zu<strong> externen Webseiten Dritter<\/strong>, auf deren Inhalte wir keinen Einfluss haben. Deshalb k\u00f6nnen wir f\u00fcr diese fremden Inhalte auch keine Gew\u00e4hr \u00fcbernehmen. F\u00fcr die Inhalte der verlinkten Seiten ist stets der jeweilige Anbieter oder Betreiber der Seiten verantwortlich. Die verlinkten Seiten wurden zum Zeitpunkt der Verlinkung auf m\u00f6gliche Rechtsverst\u00f6\u00dfe \u00fcberpr\u00fcft. Rechtswidrige Inhalte waren zum Zeitpunkt der Verlinkung nicht erkennbar. Eine permanente inhaltliche Kontrolle der verlinkten Seiten ist jedoch ohne konkrete Anhaltspunkte einer Rechtsverletzung nicht zumutbar. Bei Bekanntwerden von Rechtsverletzungen werden wir derartige Links umgehend entfernen.<\/p>\n<h2>Rechtswirksamkeit dieses Haftungsausschlusses<\/h2>\n<p>Dieser Haftungsausschluss ist als Teil des Internetangebotes zu betrachten, von dem aus auf diese Seite verwiesen wurde. Sofern Teile oder einzelne Formulierungen dieses Textes der geltenden Rechtslage nicht, nicht mehr oder nicht vollst\u00e4ndig entsprechen sollten, bleiben die \u00fcbrigen Teile des Dokumentes in ihrem Inhalt und ihrer G\u00fcltigkeit davon unber\u00fchrt.<\/p>\n<h2>Urheber- und Kennzeichenrecht<\/h2>\n<p>Die durch die Seitenbetreiber erstellten Inhalte und Werke auf diesen Seiten unterliegen dem deutschen Urheberrecht. Die Vervielf\u00e4ltigung, Bearbeitung, Verbreitung und jede Art der Verwertung au\u00dferhalb der Grenzen des Urheberrechtes bed\u00fcrfen der schriftlichen Zustimmung des jeweiligen Autors bzw. Erstellers. Downloads<br \/>\nund Kopien dieser Seite sind nur f\u00fcr den privaten, nicht kommerziellen Gebrauch gestattet. Soweit die Inhalte auf dieser Seite nicht vom Betreiber erstellt wurden,<br \/>\nwerden die Urheberrechte Dritter beachtet. Insbesondere werden Inhalte Dritter als solche gekennzeichnet. Sollten Sie trotzdem auf eine Urheberrechtsverletzung aufmerksam werden, bitten wir um einen entsprechenden Hinweis.<\/p>\n<p>Bei Bekanntwerden von Rechtsverletzungen werden wir derartige Inhalte umgehend entfernen.<\/p>\n","protected":false},"excerpt":{"rendered":"<p>Wir stellen Ihnen in gutem Glauben eine Vielzahl von Leitf\u00e4den, Rezensionen, Informationen und Details zu Sicherheitssoftware, Datenschutz-Tools, VPN-Dienstanbietern und anderen relevanten Themen zur Verf\u00fcgung, um Sie \u00fcber die neuesten Entwicklungen in der Industrie auf dem Laufenden zu halten. Unser Expertenteam bietet Ihnen bew\u00e4hrte Dienstleistungen und L\u00f6sungen an, wobei sie sich der Sensibilit\u00e4t dieses Bereichs bewusst [&hellip;]<\/p>\n","protected":false},"author":44,"featured_media":0,"parent":0,"menu_order":0,"comment_status":"closed","ping_status":"closed","template":"","meta":{"om_disable_all_campaigns":false,"footnotes":""},"sgf-content-tag":[183,192],"sgf-seo-push":[],"class_list":["post-18013","page","type-page","status-publish","hentry"],"_links":{"self":[{"href":"https:\/\/vpnveteran.com\/de\/wp-json\/wp\/v2\/pages\/18013","targetHints":{"allow":["GET"]}}],"collection":[{"href":"https:\/\/vpnveteran.com\/de\/wp-json\/wp\/v2\/pages"}],"about":[{"href":"https:\/\/vpnveteran.com\/de\/wp-json\/wp\/v2\/types\/page"}],"author":[{"embeddable":true,"href":"https:\/\/vpnveteran.com\/de\/wp-json\/wp\/v2\/users\/44"}],"replies":[{"embeddable":true,"href":"https:\/\/vpnveteran.com\/de\/wp-json\/wp\/v2\/comments?post=18013"}],"version-history":[{"count":4,"href":"https:\/\/vpnveteran.com\/de\/wp-json\/wp\/v2\/pages\/18013\/revisions"}],"predecessor-version":[{"id":57631,"href":"https:\/\/vpnveteran.com\/de\/wp-json\/wp\/v2\/pages\/18013\/revisions\/57631"}],"wp:attachment":[{"href":"https:\/\/vpnveteran.com\/de\/wp-json\/wp\/v2\/media?parent=18013"}],"wp:term":[{"taxonomy":"sgf-content-tag","embeddable":true,"href":"https:\/\/vpnveteran.com\/de\/wp-json\/wp\/v2\/sgf-content-tag?post=18013"},{"taxonomy":"sgf-seo-push","embeddable":true,"href":"https:\/\/vpnveteran.com\/de\/wp-json\/wp\/v2\/sgf-seo-push?post=18013"}],"curies":[{"name":"wp","href":"https:\/\/api.w.org\/{rel}","templated":true}]}}