{"id":18014,"date":"2020-07-16T02:32:36","date_gmt":"2020-07-16T06:32:36","guid":{"rendered":"https:\/\/vpnveteran.com\/ueber-uns\/"},"modified":"2023-08-03T23:45:29","modified_gmt":"2023-08-04T03:45:29","slug":"uber-uns","status":"publish","type":"page","link":"https:\/\/vpnveteran.com\/de\/uber-uns\/","title":{"rendered":"\u00dcber uns"},"content":{"rendered":"<h2>Wie alles begann<\/h2>\n<p>Willkommen auf unserem Online-Portal! Diese Reise hat eine einzigartige Bedeutung und wir freuen uns, sie mit Ihnen zu teilen. Unser Portal wurde mit einem klaren Ziel gegr\u00fcndet und hat seitdem eine bemerkenswerte Entwicklung durchlaufen.<\/p>\n<p>Unser Portal wurde am 12.05.2020 mit einer klaren Vision ins Leben gerufen: Das Bewusstsein f\u00fcr Cybersicherheit und Online-Datenschutz zu st\u00e4rken und Menschen die neuesten Informationen zu Technologie und Gadgets zur Verf\u00fcgung zu stellen. Die Gr\u00fcndungstage waren spannend, aber auch herausfordernd. Wir standen vor technischen Schwierigkeiten und mussten uns in der digitalen Welt behaupten. Doch unser Enthusiasmus und die Leidenschaft f\u00fcr unser Ziel haben uns angetrieben.<\/p>\n<p>\u00dcber die Jahre hinweg haben wir einen bemerkenswerten Wachstumskurs erlebt. Wir haben unsere Inhaltskategorien erweitert, um eine noch gr\u00f6\u00dfere Bandbreite an relevanten Themen abzudecken. Dabei sind wir immer auf das wertvolle Feedback unserer Leserinnen und Leser eingegangen. Milestones und Erfolge haben uns dabei ermutigt, unser Bestes zu geben und die Qualit\u00e4t unseres Portals stetig zu verbessern.<\/p>\n<p>Unsere Community von Leserinnen und Lesern ist das Herzst\u00fcck unseres Portals. Durch ihre Unterst\u00fctzung und aktive Teilnahme haben wir eine lebendige und engagierte Gemeinschaft aufgebaut. Unsere Inhalte haben das Leben vieler Menschen bereichert, sei es durch erfolgreiche Strategien oder wertvolle Einsichten. Es ist uns eine Freude, einen Beitrag zu leisten, der einen positiven Einfluss auf das Leben unserer Leser hat.<\/p>\n<p>Unser Erfolg w\u00e4re ohne die harte Arbeit und Hingabe unserer Mitwirkenden und Teammitglieder nicht m\u00f6glich gewesen. Wir sind eine Gruppe hoch leidenschaftlicher Menschen, die das gleiche Ziel verfolgen: das Bewusstsein zu verbreiten und die Menschen \u00fcber die Vorteile von Cybersicherheit und Online-Datenschutz aufzukl\u00e4ren. Jeder hat seine einzigartigen F\u00e4higkeiten und Expertise eingebracht, um unser Portal zu dem zu machen, was es heute ist.<\/p>\n<p>Unser Dank gilt Ihnen, liebe Leserinnen und Leser, sowie unserem gesamten Team f\u00fcr die Unterst\u00fctzung und das Vertrauen. Gemeinsam blicken wir auf eine erfolgreiche Reise zur\u00fcck und sind voller Vorfreude auf die Zukunft, in der wir weiterhin bestrebt sind, Ihnen wertvolle Informationen und Inspirationen zu bieten.<\/p>\n\t\t\t<style>.authors-list-cols-dir-horizontal .authors-list-col{display:block;float:left;margin-right:3.42%}.authors-list-cols-dir-horizontal .authors-list-col-1{width:5.198%}.authors-list-cols-dir-horizontal .authors-list-col-2{width:13.81%}.authors-list-cols-dir-horizontal .authors-list-col-3{width:22.43%}.authors-list-cols-dir-horizontal .authors-list-col-4{width:31.05%}.authors-list-cols-dir-horizontal .authors-list-col-5{width:39.67%}.authors-list-cols-dir-horizontal .authors-list-col-6{width:48.29%}.authors-list-cols-dir-horizontal .authors-list-col-7{width:56.9%}.authors-list-cols-dir-horizontal .authors-list-col-8{width:65.52%}.authors-list-cols-dir-horizontal .authors-list-col-9{width:74.14%}.authors-list-cols-dir-horizontal .authors-list-col-10{width:82.76%}.authors-list-cols-dir-horizontal .authors-list-col-11{width:91.38%}.authors-list-cols-dir-horizontal .authors-list-col-12{width:100%}.authors-list-cols-dir-horizontal .authors-list-col-last{margin-right:0}.authors-list-cols-dir-horizontal .authors-list-col-first{clear:both}.authors-list-cols-dir-horizontal.authors-list-cols-2 .authors-list-col:nth-child(2n){margin-right:0}.authors-list-cols-dir-horizontal.authors-list-cols-2 .authors-list-col:nth-child(2n+1){clear:both}.authors-list-cols-dir-horizontal.authors-list-cols-3 .authors-list-col:nth-child(3n){margin-right:0}.authors-list-cols-dir-horizontal.authors-list-cols-3 .authors-list-col:nth-child(3n+1){clear:both}.authors-list-cols-dir-horizontal.authors-list-cols-4 .authors-list-col:nth-child(4n){margin-right:0}.authors-list-cols-dir-horizontal.authors-list-cols-4 .authors-list-col:nth-child(4n+1){clear:both}.authors-list-cols-dir-vertical{column-gap:3.42%}.authors-list-cols-dir-vertical.authors-list-cols-2{column-count:2}.authors-list-cols-dir-vertical.authors-list-cols-3{column-count:3}.authors-list-cols-dir-vertical.authors-list-cols-3{column-count:3}.authors-list-cols-dir-vertical.authors-list-cols-4{column-count:4}.authors-list-clearfix:after,.authors-list-clearfix:before{content:\" \";display:table}.authors-list-clearfix:after{clear:both}.authors-list-item{margin-bottom:30px;position:relative}.authors-list-cols-dir-vertical .authors-list-item{break-inside:avoid-column;page-break-inside:avoid}.authors-list-item-thumbnail{margin-bottom:20px;position:relative}.authors-list-item-thumbnail a,.authors-list-item-thumbnail img{display:block;position:relative;border:0}.authors-list-item-thumbnail img{max-width:100%;height:auto;border-radius:inherit;}.authors-list-item-title{font-size:22px;font-weight:700;margin-bottom:5px}.authors-list-item-title a{color:inherit}.authors-list-item-subtitle{margin-bottom:5px;font-size:80%}.authors-list-item-social{margin-bottom:10px}.authors-list-item-social a{font-size:15px;margin-right:5px;text-decoration:none}.authors-list-item-social svg{width:15px}.authors-list-item-social-facebook{fill:#3b5998}.authors-list-item-social-instagram{fill:#405de6}.authors-list-item-social-linkedin{fill:#0077b5}.authors-list-item-social-pinterest{fill:#bd081c}.authors-list-item-social-tumblr{fill:#35465c}.authors-list-item-social-twitter{fill:#1da1f2}.authors-list-item-social-youtube{fill:red}.authors-list-item-social-tiktok{fill:#1e3050}.authors-list-item-excerpt{margin-bottom:10px}.authors-list-items-s2 .authors-list-item-main{position:absolute;bottom:0;left:0;right:0;padding:30px;color:#fff;background:rgba(0,0,0,.3)}.authors-list-items-s2 .authors-list-item-thumbnail{margin-bottom:0}.authors-list-items-s2 .authors-list-item-title{color:inherit}.authors-list-items-s2 .authors-list-item-link{color:inherit}.authors-list-items-s3 .authors-list-item-thumbnail{margin-bottom:0}.authors-list-items-s3 .authors-list-item-main{position:absolute;bottom:0;left:0;right:0;top:0;padding:30px;opacity:0;transform:scale(0);transition:all .3s;background:#fff;border:2px solid #eee}.authors-list-items-s3 .authors-list-item:hover .authors-list-item-main{opacity:1;transform:scale(1)}.authors-list-items-s4 .authors-list-item-thumbnail{float:left;margin-right:20px;width:25%}.authors-list-item-s4 .authors-list-item-main{overflow:hidden}.author-list-item-after-avatar,.author-list-item-after-bio,.author-list-item-after-count,.author-list-item-after-link,.author-list-item-after-title,.author-list-item-before-avatar,.author-list-item-before-bio,.author-list-item-before-count,.author-list-item-before-link,.author-list-item-before-title{margin-bottom:5px}@media only screen and (max-width:767px){.authors-list-cols-dir-horizontal .authors-list-col{width:100%;margin-right:0!important}.authors-list-cols-dir-vertical{column-count:1!important}}.authors-list-pagination{text-align:center}.authors-list-pagination li{display:inline-block;margin:0 2px}.authors-list-pagination li a,.authors-list-pagination li>span{display:inline-block;border:1px solid rgba(0,0,0,.2);padding:10px;line-height:1}<\/style>\n\t\t\t\t\t\t<div class=\"authors-list-items authors-list-items-s3 authors-list-clearfix authors-list-cols-3 authors-list-cols-dir-horizontal \">\n\t\t\t\n\t\t<div class=\"authors-list-item authors-list-item-clearfix authors-list-col authors-list-col-4\">\n\n\t\t\t\t\t\t\t<div class=\"authors-list-item-thumbnail\">\n\t\t\t\t\t\n\t\t\t\t\t<a href=\"https:\/\/vpnveteran.com\/de\/author\/gisela-m\/\" class=\"author-list-item-avatar\">\n\t\t\t\t\t\t\t\t\t\t\t\t\t<img alt='Gisela M.' src='https:\/\/vpnveteran.com\/wp-content\/uploads\/gisela-500x500.jpg' srcset='https:\/\/vpnveteran.com\/wp-content\/uploads\/gisela-1000x1000.jpg 2x' class='avatar avatar-500 photo' height='500' width='500' \/>\t\t\t\t\t\t\t\t\t\t\t<\/a>\n\n\t\t\t\t\t\t\t\t\t<\/div><!-- .team-item-thumbnail -->\n\t\t\t\n\t\t\t<div class=\"authors-list-item-main\">\n\n\t\t\t\t\n\t\t\t\t\t\t\t\t\t<div class=\"authors-list-item-title\">\n\t\t\t\t\t\t<a href=\"https:\/\/vpnveteran.com\/de\/author\/gisela-m\/\">Gisela M.<\/a>\n\t\t\t\t\t<\/div>\n\t\t\t\t\n\t\t\t\t\n\t\t\t\t\n\t\t\t\t\t\t\t\t\t\t\t\t\t\t<div class=\"authors-list-item-subtitle\">18 posts<\/div>\n\t\t\t\t\n\t\t\t\t\n\t\t\t\t\n\t\t\t\t\n\t\t\t\t\n\t\t\t\t\n\t\t\t\t\t\t\t\t\t\t\t\t\t\t<a href=\"https:\/\/vpnveteran.com\/de\/author\/gisela-m\/\" class=\"authors-list-item-link\" aria-label=\" - Beitr\u00e4ge ansehen &rarr;\">Beitr\u00e4ge ansehen &rarr;<\/a>\n\t\t\t\t\n\t\t\t\t\n\t\t\t<\/div><!-- .team-item-main -->\n\n\t\t<\/div><!-- .authors-list-item -->\n\n\t\t\n\t\t<div class=\"authors-list-item authors-list-item-clearfix authors-list-col authors-list-col-4\">\n\n\t\t\t\t\t\t\t<div class=\"authors-list-item-thumbnail\">\n\t\t\t\t\t\n\t\t\t\t\t<a href=\"https:\/\/vpnveteran.com\/de\/author\/jakob\/\" class=\"author-list-item-avatar\">\n\t\t\t\t\t\t\t\t\t\t\t\t\t<img alt='Jakob H.' src='https:\/\/vpnveteran.com\/wp-content\/uploads\/jakob-500x500.jpg' srcset='https:\/\/vpnveteran.com\/wp-content\/uploads\/jakob-1000x1000.jpg 2x' class='avatar avatar-500 photo' height='500' width='500' \/>\t\t\t\t\t\t\t\t\t\t\t<\/a>\n\n\t\t\t\t\t\t\t\t\t<\/div><!-- .team-item-thumbnail -->\n\t\t\t\n\t\t\t<div class=\"authors-list-item-main\">\n\n\t\t\t\t\n\t\t\t\t\t\t\t\t\t<div class=\"authors-list-item-title\">\n\t\t\t\t\t\t<a href=\"https:\/\/vpnveteran.com\/de\/author\/jakob\/\">Jakob H.<\/a>\n\t\t\t\t\t<\/div>\n\t\t\t\t\n\t\t\t\t\n\t\t\t\t\n\t\t\t\t\t\t\t\t\t\t\t\t\t\t<div class=\"authors-list-item-subtitle\">44 posts<\/div>\n\t\t\t\t\n\t\t\t\t\n\t\t\t\t\n\t\t\t\t\n\t\t\t\t\n\t\t\t\t\n\t\t\t\t\t\t\t\t\t\t\t\t\t\t<a href=\"https:\/\/vpnveteran.com\/de\/author\/jakob\/\" class=\"authors-list-item-link\" aria-label=\" - Beitr\u00e4ge ansehen &rarr;\">Beitr\u00e4ge ansehen &rarr;<\/a>\n\t\t\t\t\n\t\t\t\t\n\t\t\t<\/div><!-- .team-item-main -->\n\n\t\t<\/div><!-- .authors-list-item -->\n\n\t\t\n\t\t<div class=\"authors-list-item authors-list-item-clearfix authors-list-col authors-list-col-4\">\n\n\t\t\t\t\t\t\t<div class=\"authors-list-item-thumbnail\">\n\t\t\t\t\t\n\t\t\t\t\t<a href=\"https:\/\/vpnveteran.com\/de\/author\/monika-a\/\" class=\"author-list-item-avatar\">\n\t\t\t\t\t\t\t\t\t\t\t\t\t<img alt='Monika A.' src='https:\/\/vpnveteran.com\/wp-content\/uploads\/monika-500x500.jpg' srcset='https:\/\/vpnveteran.com\/wp-content\/uploads\/monika-1000x1000.jpg 2x' class='avatar avatar-500 photo' height='500' width='500' \/>\t\t\t\t\t\t\t\t\t\t\t<\/a>\n\n\t\t\t\t\t\t\t\t\t<\/div><!-- .team-item-thumbnail -->\n\t\t\t\n\t\t\t<div class=\"authors-list-item-main\">\n\n\t\t\t\t\n\t\t\t\t\t\t\t\t\t<div class=\"authors-list-item-title\">\n\t\t\t\t\t\t<a href=\"https:\/\/vpnveteran.com\/de\/author\/monika-a\/\">Monika A.<\/a>\n\t\t\t\t\t<\/div>\n\t\t\t\t\n\t\t\t\t\n\t\t\t\t\n\t\t\t\t\t\t\t\t\t\t\t\t\t\t<div class=\"authors-list-item-subtitle\">13 posts<\/div>\n\t\t\t\t\n\t\t\t\t\n\t\t\t\t\n\t\t\t\t\n\t\t\t\t\n\t\t\t\t\n\t\t\t\t\t\t\t\t\t\t\t\t\t\t<a href=\"https:\/\/vpnveteran.com\/de\/author\/monika-a\/\" class=\"authors-list-item-link\" aria-label=\" - Beitr\u00e4ge ansehen &rarr;\">Beitr\u00e4ge ansehen &rarr;<\/a>\n\t\t\t\t\n\t\t\t\t\n\t\t\t<\/div><!-- .team-item-main -->\n\n\t\t<\/div><!-- .authors-list-item -->\n\n\t\t\n\t\t\t<span class=\"spinner\">\n\t\t\t\t<span class=\"spin\">\n\t\t\t\t\t<svg xmlns=\"http:\/\/www.w3.org\/2000\/svg\" viewBox=\"0 0 512 512\">\n\t\t\t\t\t\t<path d=\"M304 48C304 74.51 282.5 96 256 96C229.5 96 208 74.51 208 48C208 21.49 229.5 0 256 0C282.5 0 304 21.49 304 48zM304 464C304 490.5 282.5 512 256 512C229.5 512 208 490.5 208 464C208 437.5 229.5 416 256 416C282.5 416 304 437.5 304 464zM0 256C0 229.5 21.49 208 48 208C74.51 208 96 229.5 96 256C96 282.5 74.51 304 48 304C21.49 304 0 282.5 0 256zM512 256C512 282.5 490.5 304 464 304C437.5 304 416 282.5 416 256C416 229.5 437.5 208 464 208C490.5 208 512 229.5 512 256zM74.98 437C56.23 418.3 56.23 387.9 74.98 369.1C93.73 350.4 124.1 350.4 142.9 369.1C161.6 387.9 161.6 418.3 142.9 437C124.1 455.8 93.73 455.8 74.98 437V437zM142.9 142.9C124.1 161.6 93.73 161.6 74.98 142.9C56.24 124.1 56.24 93.73 74.98 74.98C93.73 56.23 124.1 56.23 142.9 74.98C161.6 93.73 161.6 124.1 142.9 142.9zM369.1 369.1C387.9 350.4 418.3 350.4 437 369.1C455.8 387.9 455.8 418.3 437 437C418.3 455.8 387.9 455.8 369.1 437C350.4 418.3 350.4 387.9 369.1 369.1V369.1z\"\/>\n\t\t\t\t\t<\/svg>\n\t\t\t\t<\/span>\n\t\t\t<\/span>\n\n\t\t\t\t\t\t<\/div><!-- authors-list-items -->\n\t\t\t\n<h2>Unser Auftrag<\/h2>\n<p>Seit dem Anbruch des digitalen Zeitalters sind wir fast rund um die Uhr vom Internet abh\u00e4ngig geworden. Es ist jedoch keine \u00dcberraschung, dass das Internet auch ein Zufluchtsort f\u00fcr Hacker ist. Das bedeutet, dass Datenschutz und Sicherheit zu einem unserer gr\u00f6\u00dften Anliegen geworden sind.<\/p>\n<p>Aus diesem Grund sind wir traurig, dass es Menschen gibt, die die Cybersicherheit nicht ernst nehmen, w\u00e4hrend andere sich dessen nicht bewusst sind.<\/p>\n<h2>Wir m\u00f6chten, dass Sie sich online sicher f\u00fchlen.<\/h2>\n<p>Aus diesem Grund haben wir es uns zur Aufgabe gemacht, daf\u00fcr zu sorgen, dass jeder, der das Internet nutzt, den Wert seiner Privatsph\u00e4re erkennt. Da das Internet unsere Kommunikation und unseren elektronischen Gesch\u00e4ftsverkehr ver\u00e4ndert hat, m\u00fcssen die Menschen zus\u00e4tzliche Vorsichtsma\u00dfnahmen im Hinblick auf Bedrohungen wie Betrug, Diebstahl, Besch\u00e4digung und \u00dcberwachung ergreifen.<\/p>\n<p>Dies ist der Hauptgrund, warum wir mit unserer Leidenschaft f\u00fcr Technologie Unternehmen und Privatpersonen dabei helfen wollen, sich sicher zu f\u00fchlen und bei der t\u00e4glichen Internetnutzung Ruhe zu haben.<\/p>\n<h2>Wir k\u00fcmmern uns um Sie<\/h2>\n<p>Auf <a href=\"https:\/\/vpnveteran.com\/de\/\">unserer Website<\/a> finden Sie alle Informationen, die Sie in Bezug auf die Cybersicherheit ben\u00f6tigen. Wir aktualisieren unseren Inhalt regelm\u00e4\u00dfig, um Ihnen die neuesten Sicherheitsnachrichten, die besten Angebote und Rabatte f\u00fcr Tools und Software, Produktbesprechungen und bew\u00e4hrte Schritt-f\u00fcr-Schritt-Anleitungen zu bieten. Wir arbeiten hart daran, jeden mit \u00fcberzeugenden Artikeln zu versorgen, die auch f\u00fcr weniger technisch versierte Personen verst\u00e4ndlich sind.<\/p>\n<p>Dar\u00fcber hinaus arbeiten wir st\u00e4ndig an der Verbesserung unserer Website, w\u00e4hrend wir Ihnen gleichzeitig frische, neue Inhalte zur Verf\u00fcgung stellen. Damit wollen wir sicherstellen, dass wir Ihnen den bestm\u00f6glichen Service bieten. Wenn Sie m\u00f6chten, dass wir einen Artikel zu einem bestimmten Thema schreiben, \u00fcber das Sie mehr wissen m\u00f6chten, k\u00f6nnen Sie sich gerne an uns wenden. Sie k\u00f6nnen uns auch Ihr Feedback, Ihre Kommentare und Komplimente zukommen lassen.<\/p>\n<p>Wir hoffen, dass Sie durch diese Website in der Lage sein werden, sich mit den richtigen Informationen \u00fcber Cybersicherheit auszustatten, damit Ihre Online-Aktivit\u00e4ten sicher sind, wo auch immer auf der Welt Sie sich befinden.<\/p>\n<h2>Wir wollen nur das Beste f\u00fcr Sie<\/h2>\n<p>Insbesondere sind wir bestrebt, Ihnen unvoreingenommene Inhalte zur Verf\u00fcgung zu stellen, um sicherzustellen, dass Sie die beste Option f\u00fcr Ihre Online-Schutzanforderungen w\u00e4hlen k\u00f6nnen. Tats\u00e4chlich k\u00f6nnen Sie aus unseren ver\u00f6ffentlichten Rezensionen ersehen, dass wir die Vorteile und Funktionen jeder Produktrezension aufgef\u00fchrt haben. Auf diese Weise k\u00f6nnen Sie w\u00e4hlen, was f\u00fcr Ihre Online-Datenschutzanforderungen am besten geeignet ist.<\/p>\n<h2>Wir testen und bewerten zuerst<\/h2>\n<p>Sie werden feststellen, dass unsere Artikel sowohl die Vor- und Nachteile als auch den Rezensionsteil enthalten: Datenschutz und Sicherheit, Funktionen, Geschwindigkeit und Leistung, Preis-Leistungs-Verh\u00e4ltnis und Benutzerfreundlichkeit. Unser Ziel ist es, Ihnen ein St\u00fcck vereinfachter Information ohne die Komplexit\u00e4t von Tach-Jargons zu bieten.<\/p>\n<h2>Unsere Bewertungen<\/h2>\n<p>Jede Produktbewertung wird mit einer Bewertungsskala von 1-10 geliefert, wobei 1 die niedrigste und 10 die h\u00f6chste ist. Dies bietet unseren Lesern einen visuellen Leitfaden daf\u00fcr, wie das Produkt im Vergleich zu seinen Konkurrenten abschneidet. Wir glauben, dass dies unseren Lesern bei der Entscheidung helfen wird, welche Dienste sie abonnieren sollten.<\/p>\n<h2>Wir arbeiten unabh\u00e4ngig<\/h2>\n<p>Obwohl wir Themenvorschl\u00e4ge von unseren Lesern annehmen, bestimmen wir die Ergebnisse unserer Rezensionen immer noch mit unserer ehrlichen Meinung. Nichtsdestotrotz haben wir Promo-Boxen und CTA (Aufruf zum Handeln) in unseren Inhalt aufgenommen, wir erlauben jedoch niemandem aus irgendeinem Unternehmen, Einfluss auf unsere Gestaltung oder Inhalte zu nehmen.<\/p>\n<h2>Wir akzeptieren keine bezahlten Ranglisten<\/h2>\n<p>Wir basieren alles auf Leistung und Nutzen und nicht auf dem Betrag, der gezahlt wird. Wir werden niemals ein Produkt nur aufgrund von Geld empfehlen oder ein Ranking erstellen. VPNVeteran ver\u00f6ffentlicht im Gegensatz zu anderen VPN-Bewertungen keine bezahlten Inhalte oder gesponserten Beitr\u00e4ge.<\/p>\n<p>Obwohl wir eine Reihe von Sicherheits- und Datenschutz-Tools ver\u00f6ffentlichen, tun wir dies in \u00dcbereinstimmung mit unserem Leitbild, das Bewusstsein \u00fcber Cybersicherheit und Datenschutz zu sch\u00e4rfen und zu verbreiten.<\/p>\n<h2>Wir arbeiten ehrlich<\/h2>\n<p>Im Gegensatz zu vielen Websites in diesem Bereich gibt VPNVeteran nur ehrliche Bewertungen ab, ohne Referenzen zu fabrizieren, \u00fcber Bewertungsergebnisse zu l\u00fcgen oder unsere Leser in irgendeiner Weise zu t\u00e4uschen. Wir werden unserer Mission treu bleiben, jede Frage nach bestem Wissen und Gewissen beantworten und Ihnen gleichzeitig eine qualitativ hochwertige und ehrliche Bewertung liefern.<\/p>\n<h2>Wir sind werbefrei<\/h2>\n<p>VPNVeteran verwaltet keine Werbung und akzeptiert auch keine Zahlungen f\u00fcr Werbung. Im Gegenteil, Zahlungen f\u00fcr Werbung und bezahlte Rezensionen sind voreingenommen, daher ist es ein offensichtlicher Interessenkonflikt.<\/p>\n<p>Au\u00dferdem k\u00f6nnen wir es einfach nicht hinnehmen, daf\u00fcr bezahlt zu werden, f\u00fcr ein Produkt zu werben oder es zu unterst\u00fctzen, mit dem wir viele Probleme hatten. Bei Anzeigen betrachten wir sie nicht nur als Sicherheitsrisiko, da sie als Tracking verwendet werden k\u00f6nnen, sondern sie werden auch die Privatsph\u00e4re unserer Leser verletzen.<\/p>\n<h2>Wir vereinfachen<\/h2>\n<p>Eines unserer Ziele mit dieser Website ist es, einfache Inhalte zu ver\u00f6ffentlichen, die auch f\u00fcr die am wenigsten technisch versierte Person leicht verst\u00e4ndlich sind. Statt dessen folgen wir dem KISS-Prinzip (Keep It Simple Stupid.)<\/p>\n<p>Albert Einstein sagte es am besten: &#8222;Wenn man es nicht einfach erkl\u00e4ren kann, versteht man es nicht gut genug&#8220;.<\/p>\n<div id=\"gtx-trans\" style=\"position: absolute; left: 28px; top: 681.9px;\">\n<div class=\"gtx-trans-icon\"><\/div>\n<\/div>\n","protected":false},"excerpt":{"rendered":"<p>Wie alles begann Willkommen auf unserem Online-Portal! Diese Reise hat eine einzigartige Bedeutung und wir freuen uns, sie mit Ihnen zu teilen. Unser Portal wurde mit einem klaren Ziel gegr\u00fcndet und hat seitdem eine bemerkenswerte Entwicklung durchlaufen. Unser Portal wurde am 12.05.2020 mit einer klaren Vision ins Leben gerufen: Das Bewusstsein f\u00fcr Cybersicherheit und Online-Datenschutz [&hellip;]<\/p>\n","protected":false},"author":44,"featured_media":0,"parent":0,"menu_order":0,"comment_status":"closed","ping_status":"closed","template":"","meta":{"om_disable_all_campaigns":false,"footnotes":""},"sgf-content-tag":[183,188],"sgf-seo-push":[],"class_list":["post-18014","page","type-page","status-publish","hentry"],"_links":{"self":[{"href":"https:\/\/vpnveteran.com\/de\/wp-json\/wp\/v2\/pages\/18014","targetHints":{"allow":["GET"]}}],"collection":[{"href":"https:\/\/vpnveteran.com\/de\/wp-json\/wp\/v2\/pages"}],"about":[{"href":"https:\/\/vpnveteran.com\/de\/wp-json\/wp\/v2\/types\/page"}],"author":[{"embeddable":true,"href":"https:\/\/vpnveteran.com\/de\/wp-json\/wp\/v2\/users\/44"}],"replies":[{"embeddable":true,"href":"https:\/\/vpnveteran.com\/de\/wp-json\/wp\/v2\/comments?post=18014"}],"version-history":[{"count":7,"href":"https:\/\/vpnveteran.com\/de\/wp-json\/wp\/v2\/pages\/18014\/revisions"}],"predecessor-version":[{"id":57891,"href":"https:\/\/vpnveteran.com\/de\/wp-json\/wp\/v2\/pages\/18014\/revisions\/57891"}],"wp:attachment":[{"href":"https:\/\/vpnveteran.com\/de\/wp-json\/wp\/v2\/media?parent=18014"}],"wp:term":[{"taxonomy":"sgf-content-tag","embeddable":true,"href":"https:\/\/vpnveteran.com\/de\/wp-json\/wp\/v2\/sgf-content-tag?post=18014"},{"taxonomy":"sgf-seo-push","embeddable":true,"href":"https:\/\/vpnveteran.com\/de\/wp-json\/wp\/v2\/sgf-seo-push?post=18014"}],"curies":[{"name":"wp","href":"https:\/\/api.w.org\/{rel}","templated":true}]}}