{"id":57605,"date":"2023-07-13T06:24:30","date_gmt":"2023-07-13T10:24:30","guid":{"rendered":"https:\/\/vpnveteran.com\/?page_id=57605"},"modified":"2023-07-13T06:24:30","modified_gmt":"2023-07-13T10:24:30","slug":"affiliate-haftungsausschluss","status":"publish","type":"page","link":"https:\/\/vpnveteran.com\/de\/affiliate-haftungsausschluss\/","title":{"rendered":"Affiliate-Haftungsausschluss"},"content":{"rendered":"<p>Gelegentlich nimmt Vpnveteran.com am <strong>Affiliate-Marketing<\/strong> teil und erm\u00f6glicht die Einbindung von <strong>Affiliate-Links<\/strong> auf einigen unserer Seiten. Diebestenvpn.ch kann eine Provision verdienen, wenn Sie \u00fcber die Affiliate-Links auf unserer Website etwas kaufen. Diese Provision unterst\u00fctzt uns bei unserem Test- und Bewertungsprozess verschiedener Dienste. Wir stellen auch Links zu vielen Diensten oder Unternehmen bereit, ohne dass dabei gesch\u00e4ftliche oder finanzielle Verbindungen bestehen.<\/p>\n<h2>Redaktionelle Transparenz<\/h2>\n<p>Das Redaktionsteam von Vpnveteran.com erh\u00e4lt unabh\u00e4ngig von ihrer positiven oder negativen Bewertung eines Dienstes oder Unternehmens <strong>die gleiche Verg\u00fctung<\/strong>. Unser Content-Team besteht aus einer Gemeinschaft von Schreibern und angestellten Redakteuren, die Experten f\u00fcr Cybersicherheit, Privatsph\u00e4re und Online-Dienste sind.<\/p>\n<p>Unser Team von Gutachtern und Autoren sowie ihre ver\u00f6ffentlichten Inhalte werden nicht von den Partnerverdiensten beeinflusst, und sie erhalten <strong>keine Verg\u00fctung<\/strong> f\u00fcr Markenberichterstattung oder Inhalte. Wenn einer unserer Redakteure eine Investition oder pers\u00f6nliche Verbindungen zu einem Dienst oder Unternehmen hat, die zu einem Interessenkonflikt f\u00fchren, \u00fcbertragen wir die Ver\u00f6ffentlichungsaufgabe einem anderen Redakteur.<\/p>\n<p>Die Bewertungen auf Vpnveteran.com basieren auf <strong>gr\u00fcndlicher Recherche und Tests<\/strong> jedes Dienstes und Produkts. Wir haben Testmethoden entwickelt, die regelm\u00e4\u00dfig auf Verbesserungen \u00fcberpr\u00fcft werden. Wir sind der Meinung, dass es wichtig ist, unseren Lesern aussagekr\u00e4ftige und pr\u00e4zise Informationen zu pr\u00e4sentieren.<\/p>\n","protected":false},"excerpt":{"rendered":"<p>Gelegentlich nimmt Vpnveteran.com am Affiliate-Marketing teil und erm\u00f6glicht die Einbindung von Affiliate-Links auf einigen unserer Seiten. Diebestenvpn.ch kann eine Provision verdienen, wenn Sie \u00fcber die Affiliate-Links auf unserer Website etwas kaufen. Diese Provision unterst\u00fctzt uns bei unserem Test- und Bewertungsprozess verschiedener Dienste. Wir stellen auch Links zu vielen Diensten oder Unternehmen bereit, ohne dass dabei [&hellip;]<\/p>\n","protected":false},"author":133,"featured_media":0,"parent":0,"menu_order":0,"comment_status":"closed","ping_status":"closed","template":"","meta":{"om_disable_all_campaigns":false,"footnotes":""},"sgf-content-tag":[1763,183],"sgf-seo-push":[],"class_list":["post-57605","page","type-page","status-publish","hentry"],"_links":{"self":[{"href":"https:\/\/vpnveteran.com\/de\/wp-json\/wp\/v2\/pages\/57605","targetHints":{"allow":["GET"]}}],"collection":[{"href":"https:\/\/vpnveteran.com\/de\/wp-json\/wp\/v2\/pages"}],"about":[{"href":"https:\/\/vpnveteran.com\/de\/wp-json\/wp\/v2\/types\/page"}],"author":[{"embeddable":true,"href":"https:\/\/vpnveteran.com\/de\/wp-json\/wp\/v2\/users\/133"}],"replies":[{"embeddable":true,"href":"https:\/\/vpnveteran.com\/de\/wp-json\/wp\/v2\/comments?post=57605"}],"version-history":[{"count":2,"href":"https:\/\/vpnveteran.com\/de\/wp-json\/wp\/v2\/pages\/57605\/revisions"}],"predecessor-version":[{"id":57608,"href":"https:\/\/vpnveteran.com\/de\/wp-json\/wp\/v2\/pages\/57605\/revisions\/57608"}],"wp:attachment":[{"href":"https:\/\/vpnveteran.com\/de\/wp-json\/wp\/v2\/media?parent=57605"}],"wp:term":[{"taxonomy":"sgf-content-tag","embeddable":true,"href":"https:\/\/vpnveteran.com\/de\/wp-json\/wp\/v2\/sgf-content-tag?post=57605"},{"taxonomy":"sgf-seo-push","embeddable":true,"href":"https:\/\/vpnveteran.com\/de\/wp-json\/wp\/v2\/sgf-seo-push?post=57605"}],"curies":[{"name":"wp","href":"https:\/\/api.w.org\/{rel}","templated":true}]}}