{"id":57777,"date":"2023-07-20T01:56:41","date_gmt":"2023-07-20T05:56:41","guid":{"rendered":"https:\/\/vpnveteran.com\/?page_id=57777"},"modified":"2023-07-20T01:56:41","modified_gmt":"2023-07-20T05:56:41","slug":"offenlegung-eigentumsverhaeltnisse","status":"publish","type":"page","link":"https:\/\/vpnveteran.com\/de\/offenlegung-eigentumsverhaeltnisse\/","title":{"rendered":"Offenlegung von Eigentumsverh\u00e4ltnissen"},"content":{"rendered":"<p>Die Offenlegung unseres Eigentumsverh\u00e4ltnisses ist uns auf vpnveteran.com von gro\u00dfer Bedeutung. Wir m\u00f6chten betonen, dass vpnveteran.com im Besitz von <strong>Affiliare Inc.<\/strong> ist. Eine Zusammenarbeit mit den richtigen Publishern ist f\u00fcr <strong>Affiliare Inc.<\/strong> entscheidend, um die Leistung des Partnerkanals optimal zu nutzen. Unser einzigartiger Ansatz besteht darin, strategisch wichtige Publisher \u00fcber unser erfahrenes PR- und Partner-Team anzusprechen, und das ist es, was uns auszeichnet.<\/p>\n<h2>Keine Abh\u00e4ngigkeit<\/h2>\n<p>Bei vpnveteran.com sind unsere Bewertungen unvoreingenommen. Gelegentlich k\u00f6nnen wir auch andere Produkte, Dienstleistungen, Trainer, Berater oder Experten erw\u00e4hnen. Es ist jedoch wichtig zu beachten, dass solche Verweise nicht als Empfehlung oder Aussage verstanden werden sollten, dass die von der genannten Partei bereitgestellten Informationen korrekt sind.<\/p>\n<p>Wir raten dringend davon ab, sich ausschlie\u00dflich auf unsere Bewertungen und Verweise zu verlassen. Es ist wichtig, dass Sie Ihre eigene Untersuchung durchf\u00fchren und eine fundierte Entscheidung dar\u00fcber treffen, ob Sie das Produkt oder die Dienstleistung erwerben m\u00f6chten.<\/p>\n<h2>Haben Sie Fragen?<\/h2>\n<p>Wenn Sie Fragen zu unserem Ver\u00f6ffentlichungsnetzwerk haben, z\u00f6gern Sie bitte nicht, uns per E-Mail unter <a href=\"mailto:info@affiliareinc.com\" target=\"_blank\" rel=\"nofollow noopener noreferrer\">info@affiliareinc.com<\/a> zu kontaktieren. Unser Team steht Ihnen gerne zur Verf\u00fcgung.<\/p>\n","protected":false},"excerpt":{"rendered":"<p>Die Offenlegung unseres Eigentumsverh\u00e4ltnisses ist uns auf vpnveteran.com von gro\u00dfer Bedeutung. Wir m\u00f6chten betonen, dass vpnveteran.com im Besitz von Affiliare Inc. ist. Eine Zusammenarbeit mit den richtigen Publishern ist f\u00fcr Affiliare Inc. entscheidend, um die Leistung des Partnerkanals optimal zu nutzen. Unser einzigartiger Ansatz besteht darin, strategisch wichtige Publisher \u00fcber unser erfahrenes PR- und Partner-Team [&hellip;]<\/p>\n","protected":false},"author":133,"featured_media":0,"parent":0,"menu_order":0,"comment_status":"closed","ping_status":"closed","template":"","meta":{"om_disable_all_campaigns":false,"footnotes":""},"sgf-content-tag":[1765,183],"sgf-seo-push":[],"class_list":["post-57777","page","type-page","status-publish","hentry"],"_links":{"self":[{"href":"https:\/\/vpnveteran.com\/de\/wp-json\/wp\/v2\/pages\/57777","targetHints":{"allow":["GET"]}}],"collection":[{"href":"https:\/\/vpnveteran.com\/de\/wp-json\/wp\/v2\/pages"}],"about":[{"href":"https:\/\/vpnveteran.com\/de\/wp-json\/wp\/v2\/types\/page"}],"author":[{"embeddable":true,"href":"https:\/\/vpnveteran.com\/de\/wp-json\/wp\/v2\/users\/133"}],"replies":[{"embeddable":true,"href":"https:\/\/vpnveteran.com\/de\/wp-json\/wp\/v2\/comments?post=57777"}],"version-history":[{"count":2,"href":"https:\/\/vpnveteran.com\/de\/wp-json\/wp\/v2\/pages\/57777\/revisions"}],"predecessor-version":[{"id":57783,"href":"https:\/\/vpnveteran.com\/de\/wp-json\/wp\/v2\/pages\/57777\/revisions\/57783"}],"wp:attachment":[{"href":"https:\/\/vpnveteran.com\/de\/wp-json\/wp\/v2\/media?parent=57777"}],"wp:term":[{"taxonomy":"sgf-content-tag","embeddable":true,"href":"https:\/\/vpnveteran.com\/de\/wp-json\/wp\/v2\/sgf-content-tag?post=57777"},{"taxonomy":"sgf-seo-push","embeddable":true,"href":"https:\/\/vpnveteran.com\/de\/wp-json\/wp\/v2\/sgf-seo-push?post=57777"}],"curies":[{"name":"wp","href":"https:\/\/api.w.org\/{rel}","templated":true}]}}