{"id":18262,"date":"2020-07-30T03:45:39","date_gmt":"2020-07-30T07:45:39","guid":{"rendered":"https:\/\/vpnveteran.com\/sitemap\/"},"modified":"2021-12-28T02:56:59","modified_gmt":"2021-12-28T07:56:59","slug":"sitemap","status":"publish","type":"page","link":"https:\/\/vpnveteran.com\/es\/sitemap\/","title":{"rendered":"Sitemap"},"content":{"rendered":"<div class=\"wsp-container\"><h2 class=\"wsp-posts-title\">Posts por categor\u00eda<\/h2>\n<ul class=\"wsp-posts-list\">\n\t<li><strong class=\"wsp-category-title\">Category: <a href=\"https:\/\/vpnveteran.com\/es\/categoria\/guias\/\">Gu\u00edas<\/a><\/strong>\n<ul class=\"wsp-posts-list\">\t\t<li class=\"wsp-post\"><a href=\"https:\/\/vpnveteran.com\/es\/ver-starzplay\/\">C\u00f3mo ver Starzplay desde cualquier lugar en 2026<\/a><\/li>\n\t\t<li class=\"wsp-post\"><a href=\"https:\/\/vpnveteran.com\/es\/ver-el-masters-de-indian-wells\/\">C\u00f3mo ver el Masters de Indian Wells 2023 desde cualquier lugar<\/a><\/li>\n\t\t<li class=\"wsp-post\"><a href=\"https:\/\/vpnveteran.com\/es\/ver-pluto-tv-gratis-online\/\">C\u00f3mo ver Pluto TV online gratis en 2026<\/a><\/li>\n\t\t<li class=\"wsp-post\"><a href=\"https:\/\/vpnveteran.com\/es\/expressvpn-vs-cyberghost-vpn\/\">ExpressVPN vs CyberGhost VPN 2026<\/a><\/li>\n\t\t<li class=\"wsp-post\"><a href=\"https:\/\/vpnveteran.com\/es\/ver-formula-e-online-gratis\/\">Ver F\u00f3rmula E gratis desde cualquier lugar en 2023<\/a><\/li>\n\t\t<li class=\"wsp-post\"><a href=\"https:\/\/vpnveteran.com\/es\/ver-abierto-de-australia-en-vivo-online\/\">C\u00f3mo ver el Open de Australia 2026 en vivo<\/a><\/li>\n\t\t<li class=\"wsp-post\"><a href=\"https:\/\/vpnveteran.com\/es\/que-es-tor-y-como-funciona\/\">\u00bfQu\u00e9 es Tor y c\u00f3mo funciona? Nuestra Gu\u00eda 2026<\/a><\/li>\n\t\t<li class=\"wsp-post\"><a href=\"https:\/\/vpnveteran.com\/es\/vpn-vs-tor\/\">Comparaci\u00f3n VPN vs. Tor 2026: \u00bfQu\u00e9 es m\u00e1s seguro?<\/a><\/li>\n\t\t<li class=\"wsp-post\"><a href=\"https:\/\/vpnveteran.com\/es\/ver-directv-go-en-espana\/\">Ver DirecTV GO en Espa\u00f1a con una VPN (Gu\u00eda 2026)<\/a><\/li>\n\t\t<li class=\"wsp-post\"><a href=\"https:\/\/vpnveteran.com\/es\/ver-copa-davis-online-gratis\/\">Ver la Copa Davis online de forma gratuita 2026<\/a><\/li>\n\t\t<li class=\"wsp-post\"><a href=\"https:\/\/vpnveteran.com\/es\/mejor-vpn-para-estados-unidos\/\">La mejor VPN para EE. UU. en 2026<\/a><\/li>\n\t\t<li class=\"wsp-post\"><a href=\"https:\/\/vpnveteran.com\/es\/cupones-nordvpn\/\">Cup\u00f3n de NordVPN: descuentos y ofertas en 2026<\/a><\/li>\n\t\t<li class=\"wsp-post\"><a href=\"https:\/\/vpnveteran.com\/es\/codigo-descuento-surfshark\/\">Cup\u00f3n de Surfshark 2026: \u00a182% de descuento<\/a><\/li>\n\t\t<li class=\"wsp-post\"><a href=\"https:\/\/vpnveteran.com\/es\/expressvpn-torrenting\/\">Torrenting con ExpressVPN: la gu\u00eda definitiva 2026<\/a><\/li>\n\t\t<li class=\"wsp-post\"><a href=\"https:\/\/vpnveteran.com\/es\/codigo-expressvpn\/\">Cup\u00f3n de ExpressVPN: Ahorre 49% (abril 2026)<\/a><\/li>\n\t\t<li class=\"wsp-post\"><a href=\"https:\/\/vpnveteran.com\/es\/expressvpn-vs-surfshark-vpn\/\">ExpressVPN vs Surfshark VPN: Comparaci\u00f3n 2026<\/a><\/li>\n\t\t<li class=\"wsp-post\"><a href=\"https:\/\/vpnveteran.com\/es\/acceder-a-la-dark-web\/\">Acceder a la Dark Web de forma an\u00f3nima en 2026<\/a><\/li>\n\t\t<li class=\"wsp-post\"><a href=\"https:\/\/vpnveteran.com\/es\/expressvpn-prueba-gratis\/\">C\u00f3mo obtener una prueba gratuita de ExpressVPN<\/a><\/li>\n\t\t<li class=\"wsp-post\"><a href=\"https:\/\/vpnveteran.com\/es\/ver-el-giro-de-italia-en-vivo\/\">C\u00f3mo ver el Giro de Italia en vivo en l\u00ednea 2026<\/a><\/li>\n\t\t<li class=\"wsp-post\"><a href=\"https:\/\/vpnveteran.com\/es\/el-mejor-vpn-gratis\/\">La mejor VPN gratuita de 2026<\/a><\/li>\n\t\t<li class=\"wsp-post\"><a href=\"https:\/\/vpnveteran.com\/es\/expressvpn-para-netflix\/\">C\u00f3mo ver Netflix con ExpressVPN en 2026<\/a><\/li>\n\t\t<li class=\"wsp-post\"><a href=\"https:\/\/vpnveteran.com\/es\/como-ocultar-mi-direccion-ip\/\">C\u00f3mo ocultar mi direcci\u00f3n IP en 2026?<\/a><\/li>\n\t\t<li class=\"wsp-post\"><a href=\"https:\/\/vpnveteran.com\/es\/ver-miami-open-en-vivo\/\">Ver Miami Open en vivo desde cualquier lugar 2026<\/a><\/li>\n\t\t<li class=\"wsp-post\"><a href=\"https:\/\/vpnveteran.com\/es\/ver-ncaa-basketball-online\/\">Ver baloncesto de la NCAA desde cualquier lugar<\/a><\/li>\n\t\t<li class=\"wsp-post\"><a href=\"https:\/\/vpnveteran.com\/es\/ver-torneo-seis-naciones-online\/\">C\u00f3mo ver el Seis Naciones en l\u00ednea | Gu\u00eda 2026<\/a><\/li>\n\t\t<li class=\"wsp-post\"><a href=\"https:\/\/vpnveteran.com\/es\/discovery-plus\/\">Mejor Discovery+ VPN: vea desde cualquier lugar<\/a><\/li>\n\t\t<li class=\"wsp-post\"><a href=\"https:\/\/vpnveteran.com\/es\/ver-disney-plus-eeuu\/\">C\u00f3mo ver Disney+ EEUU desde cualquier lugar<\/a><\/li>\n\t\t<li class=\"wsp-post\"><a href=\"https:\/\/vpnveteran.com\/es\/mejores-vpn-para-iptv\/\">Las mejores VPN para IPTV en 2026<\/a><\/li>\n\t\t<li class=\"wsp-post\"><a href=\"https:\/\/vpnveteran.com\/es\/ver-atresplayer\/\">Ver Atresplayer desde el extranjero en 2026<\/a><\/li>\n\t\t<li class=\"wsp-post\"><a href=\"https:\/\/vpnveteran.com\/es\/ver-tv-brasil\/\">Ver TV Brasil en vivo online desde cualquier lugar<\/a><\/li>\n\t\t<li class=\"wsp-post\"><a href=\"https:\/\/vpnveteran.com\/es\/ver-hbo-max\/\">Ver HBO Max en vivo desde cualquier lugar en 2026<\/a><\/li>\n\t\t<li class=\"wsp-post\"><a href=\"https:\/\/vpnveteran.com\/es\/ver-disney-star-plus\/\">C\u00f3mo ver Disney Star+ 2026 desde cualquier lugar<\/a><\/li>\n\t\t<li class=\"wsp-post\"><a href=\"https:\/\/vpnveteran.com\/es\/ver-copa-del-rey-online\/\">Ver\u00a0Copa del Rey online desde cualquier lugar en 2026<\/a><\/li>\n\t\t<li class=\"wsp-post\"><a href=\"https:\/\/vpnveteran.com\/es\/ver-tve-online-extranjero\/\">C\u00f3mo ver TVE Online en el extranjero en 2026<\/a><\/li>\n\t\t<li class=\"wsp-post\"><a href=\"https:\/\/vpnveteran.com\/es\/mejor-vpn-para-movistar\/\">Ver Movistar+ en el extranjero con la mejor VPN para Movistar en 2026<\/a><\/li>\n\t\t<li class=\"wsp-post\"><a href=\"https:\/\/vpnveteran.com\/es\/ver-masters-de-paris\/\">Ver Masters de Paris 2026 con VPN<\/a><\/li>\n\t\t<li class=\"wsp-post\"><a href=\"https:\/\/vpnveteran.com\/es\/ver-copa-mundial-de-clubes-de-la-fifa\/\">C\u00f3mo ver la Copa Mundial de Clubes de la FIFA desde cualquier lugar en 2026<\/a><\/li>\n\t\t<li class=\"wsp-post\"><a href=\"https:\/\/vpnveteran.com\/es\/ver-liga-europa\/\">Ver la Liga Europa Online 2026 desde cualquier lugar<\/a><\/li>\n\t\t<li class=\"wsp-post\"><a href=\"https:\/\/vpnveteran.com\/es\/ver-fubotv-online\/\">Ver FuboTV online desde el extranjero en 2026<\/a><\/li>\n\t\t<li class=\"wsp-post\"><a href=\"https:\/\/vpnveteran.com\/es\/que-es-vpn\/\">Gu\u00eda para principiantes 2026: \u00bfQu\u00e9 es una VPN?<\/a><\/li>\n\t\t<li class=\"wsp-post\"><a href=\"https:\/\/vpnveteran.com\/es\/ver-nhl-en-vivo-online-gratis\/\">Ver NHL en vivo en l\u00ednea gratis en 2026<\/a><\/li>\n\t\t<li class=\"wsp-post\"><a href=\"https:\/\/vpnveteran.com\/es\/ver-hbo-espana-desde-el-extranjero\/\">C\u00f3mo ver HBO Espa\u00f1a desde el extranjero 2026<\/a><\/li>\n\t\t<li class=\"wsp-post\"><a href=\"https:\/\/vpnveteran.com\/es\/ver-mitele-desde-el-extranjero\/\">Ver Mitele desde el extranjero o desde cualquier lugar en el 2026<\/a><\/li>\n\t\t<li class=\"wsp-post\"><a href=\"https:\/\/vpnveteran.com\/es\/campeonato-mundial-de-ciclismo-en-vivo\/\">Ver los Campeonatos Mundiales de Ruta UCI en 2026<\/a><\/li>\n\t\t<li class=\"wsp-post\"><a href=\"https:\/\/vpnveteran.com\/es\/uefa-europa-conference-league\/\">C\u00f3mo ver la UEFA Europa Conference League 2026<\/a><\/li>\n\t\t<li class=\"wsp-post\"><a href=\"https:\/\/vpnveteran.com\/es\/masters-de-shanghai\/\">C\u00f3mo ver el Shanghai Masters Tennis en 2026<\/a><\/li>\n\t\t<li class=\"wsp-post\"><a href=\"https:\/\/vpnveteran.com\/es\/ver-tv-espanola-online-desde-el-extranjero\/\">Ver TV Espa\u00f1ola en l\u00ednea desde el extranjero 2026<\/a><\/li>\n\t\t<li class=\"wsp-post\"><a href=\"https:\/\/vpnveteran.com\/es\/como-ver-la-ryder-cup-en-vivo\/\">C\u00f3mo ver la Ryder Cup en vivo en l\u00ednea 2026 desde cualquier lugar<\/a><\/li>\n\t\t<li class=\"wsp-post\"><a href=\"https:\/\/vpnveteran.com\/es\/ver-la-vuelta-en-directo\/\">C\u00f3mo ver La Vuelta desde cualquier lugar en 2026<\/a><\/li>\n\t\t<li class=\"wsp-post\"><a href=\"https:\/\/vpnveteran.com\/es\/como-ver-paramount-plus-en-vivo\/\">C\u00f3mo ver Paramount Plus en vivo desde cualquier lugar<\/a><\/li>\n\t\t<li class=\"wsp-post\"><a href=\"https:\/\/vpnveteran.com\/es\/ver-wimbledon-online-gratis\/\">D\u00f3nde y C\u00f3mo ver el Wimbledon 2026 en vivo desde cualquier lugar<\/a><\/li>\n\t\t<li class=\"wsp-post\"><a href=\"https:\/\/vpnveteran.com\/es\/ver-la-final-de-la-nba-en-vivo\/\">Ver las Finales de la NBA en vivo desde cualquier lugar en 2026<\/a><\/li>\n\t\t<li class=\"wsp-post\"><a href=\"https:\/\/vpnveteran.com\/es\/mejor-vpn-para-ver-disney-plus\/\">La mejor VPN para ver Disney+ desde cualquier lugar<\/a><\/li>\n\t\t<li class=\"wsp-post\"><a href=\"https:\/\/vpnveteran.com\/es\/expressvpn-vs-nordvpn\/\">ExpressVPN vs NordVPN: \u00bfQu\u00e9 VPN es la mejor compra en 2026?<\/a><\/li>\n\t\t<li class=\"wsp-post\"><a href=\"https:\/\/vpnveteran.com\/es\/ver-la-eurocopa-en-vivo\/\">Ver el Campeonato de Europa de F\u00fatbol de la UEFA en vivo desde cualquier lugar<\/a><\/li>\n\t\t<li class=\"wsp-post\"><a href=\"https:\/\/vpnveteran.com\/es\/ver-los-juegos-olimpicos-de-invierno-beijing\/\">Ver los Juegos Ol\u00edmpicos de Invierno Beijing 2026<\/a><\/li>\n\t\t<li class=\"wsp-post\"><a href=\"https:\/\/vpnveteran.com\/es\/ver-open-britanico\/\">Ver el Open Brit\u00e1nico desde cualquier lugar en 2026<\/a><\/li>\n\t\t<li class=\"wsp-post\"><a href=\"https:\/\/vpnveteran.com\/es\/ver-la-sexta-online-desde-el-extranjero\/\">C\u00f3mo ver La Sexta Online desde el extranjero en 2026<\/a><\/li>\n\t\t<li class=\"wsp-post\"><a href=\"https:\/\/vpnveteran.com\/es\/ver-telecinco-fuera-de-espana\/\">C\u00f3mo ver Telecinco fuera de Espa\u00f1a en 2026<\/a><\/li>\n\t\t<li class=\"wsp-post\"><a href=\"https:\/\/vpnveteran.com\/es\/ver-la-formula-1-en-vivo\/\">C\u00f3mo ver  en directo<\/a><\/li>\n\t\t<li class=\"wsp-post\"><a href=\"https:\/\/vpnveteran.com\/es\/ver-la-champions-league-en-vivo\/\">Ver la Liga de Campeones de la UEFA en vivo 2026<\/a><\/li>\n\t\t<li class=\"wsp-post\"><a href=\"https:\/\/vpnveteran.com\/es\/ver-us-open-golf-en-vivo\/\">C\u00f3mo ver el US Open Golf 2026 en vivo desde cualquier lugar<\/a><\/li>\n\t\t<li class=\"wsp-post\"><a href=\"https:\/\/vpnveteran.com\/es\/la-mejor-vpn-de-hong-kong\/\">La mejor VPN de Hong Kong en 2026<\/a><\/li>\n\t\t<li class=\"wsp-post\"><a href=\"https:\/\/vpnveteran.com\/es\/ver-mutua-madrid-open-directo\/\">C\u00f3mo ver el Mutua Madrid Open 2026 en l\u00ednea en vivo desde cualquier lugar<\/a><\/li>\n\t\t<li class=\"wsp-post\"><a href=\"https:\/\/vpnveteran.com\/es\/como-ver-la-liga-espanola\/\">Ver la Liga Espa\u00f1ola desde cualquier lugar en 2026<\/a><\/li>\n\t\t<li class=\"wsp-post\"><a href=\"https:\/\/vpnveteran.com\/es\/ver-la-premier-league-inglesa-gratis\/\">Ver la Premier League Inglesa (EPL) Gratis en 2026<\/a><\/li>\n\t\t<li class=\"wsp-post\"><a href=\"https:\/\/vpnveteran.com\/es\/las-mejores-vpn-mas-baratas-en-espana\/\">Las mejores VPN m\u00e1s baratas en Espa\u00f1a | Gu\u00eda 2026<\/a><\/li>\n\t\t<li class=\"wsp-post\"><a href=\"https:\/\/vpnveteran.com\/es\/como-ver-la-bundesliga-en-vivo\/\">C\u00f3mo ver la Bundesliga en vivo Gratis en 2026<\/a><\/li>\n\t\t<li class=\"wsp-post\"><a href=\"https:\/\/vpnveteran.com\/es\/como-ver-wwe\/\">C\u00f3mo ver la transmisi\u00f3n en vivo de WWE 2026 desde cualquier lugar<\/a><\/li>\n\t\t<li class=\"wsp-post\"><a href=\"https:\/\/vpnveteran.com\/es\/como-ver-amazon-prime-video-espana\/\">C\u00f3mo ver Amazon Prime Video Espa\u00f1a desde cualquier lugar<\/a><\/li>\n\t\t<li class=\"wsp-post\"><a href=\"https:\/\/vpnveteran.com\/es\/como-ver-la-serie-a-italiana\/\">C\u00f3mo ver la Serie A italiana en l\u00ednea en 2026<\/a><\/li>\n\t\t<li class=\"wsp-post\"><a href=\"https:\/\/vpnveteran.com\/es\/mejores-vpn-espana\/\">Mejor VPN 2026: El mejor VPN en Espa\u00f1a<\/a><\/li>\n\t\t<li class=\"wsp-post\"><a href=\"https:\/\/vpnveteran.com\/es\/como-ver-el-super-bowl\/\">C\u00f3mo Ver el Super Bowl LVII [Gu\u00eda total 2026]<\/a><\/li>\n\t\t<li class=\"wsp-post\"><a href=\"https:\/\/vpnveteran.com\/es\/como-ver-ufc-en-vivo\/\">C\u00f3mo ver <\/a><\/li>\n\t\t<li class=\"wsp-post\"><a href=\"https:\/\/vpnveteran.com\/es\/como-navegar-de-incognito\/\">\u00bfC\u00f3mo navegar de Forma An\u00f3nima? | Todo lo que Debes Saber<\/a><\/li>\n\t\t<li class=\"wsp-post\"><a href=\"https:\/\/vpnveteran.com\/es\/como-ver-peacock-tv\/\">C\u00f3mo ver Peacock TV desde cualquier lugar en 2026<\/a><\/li>\n\t\t<li class=\"wsp-post\"><a href=\"https:\/\/vpnveteran.com\/es\/como-ver-motogp-online\/\">C\u00f3mo Ver MotoGP  en vivo 2026<\/a><\/li>\n\t\t<li class=\"wsp-post\"><a href=\"https:\/\/vpnveteran.com\/es\/the-pirate-bays-espanol\/\">The Pirate Bay, conoce las mejores VPN y disfruta de todo el contenido<\/a><\/li>\n\t\t<li class=\"wsp-post\"><a href=\"https:\/\/vpnveteran.com\/es\/popcorn-time-en-espanol\/\">Popcorn Time en Espa\u00f1ol, la mejor plataforma para ver pel\u00edculas y series<\/a><\/li>\n\t\t<li class=\"wsp-post\"><a href=\"https:\/\/vpnveteran.com\/es\/mejor-vpn-para-android\/\">Los Mejores VPN Android para navegar seguros desde tu SmartPhone<\/a><\/li>\n\t\t<li class=\"wsp-post\"><a href=\"https:\/\/vpnveteran.com\/es\/cual-es-la-mejor-vpn-para-ios\/\">\u00bfCu\u00e1l es la mejor VPN iOS en 2026?<\/a><\/li>\n\t\t<li class=\"wsp-post\"><a href=\"https:\/\/vpnveteran.com\/es\/mejores-paginas-torrent-en-espanol\/\">El mejor buscador de torrents en 2026<\/a><\/li>\n\t\t<li class=\"wsp-post\"><a href=\"https:\/\/vpnveteran.com\/es\/ver-hulu-espana\/\">Ver Hulu en Espa\u00f1a<\/a><\/li>\n\t\t<li class=\"wsp-post\"><a href=\"https:\/\/vpnveteran.com\/es\/ver-netflix-espana-desde-el-extranjero\/\">C\u00f3mo ver Netflix Espa\u00f1a desde el extranjero<\/a><\/li>\n\t\t<li class=\"wsp-post\"><a href=\"https:\/\/vpnveteran.com\/es\/ver-liga-francesa-en-vivo\/\">Ver la Ligue 1 francesa desde cualquier lugar 2026<\/a><\/li>\n\t\t<li class=\"wsp-post\"><a href=\"https:\/\/vpnveteran.com\/es\/ver-apple-tv-plus-espana\/\">\u00a1C\u00f3mo conseguir Apple TV+ Espa\u00f1a desde cualquier lado!<\/a><\/li>\n\t\t<li class=\"wsp-post\"><a href=\"https:\/\/vpnveteran.com\/es\/como-ver-nba-online-gratis\/\">C\u00f3mo ver NBA online 2026 gratis<\/a><\/li>\n\t\t<li class=\"wsp-post\"><a href=\"https:\/\/vpnveteran.com\/es\/ver-el-tour-de-francia-directo\/\">C\u00f3mo ver el Tour De Francia 2026 en vivo desde cualquier lugar<\/a><\/li>\n\t\t<li class=\"wsp-post\"><a href=\"https:\/\/vpnveteran.com\/es\/como-ver-netflix-usa\/\">C\u00f3mo ver Netflix USA en Espa\u00f1a o desde cualquier lugar<\/a><\/li>\n\t\t<li class=\"wsp-post\"><a href=\"https:\/\/vpnveteran.com\/es\/mejor-vpn-netflix\/\">La mejor VPN para Netflix 2026: desbloquear Netflix desde cualquier lugar<\/a><\/li>\n\t\t<li class=\"wsp-post\"><a href=\"https:\/\/vpnveteran.com\/es\/ver-us-open-streaming\/\">Ver US Open online gratis en 2026<\/a><\/li>\n\t\t<li class=\"wsp-post\"><a href=\"https:\/\/vpnveteran.com\/es\/ver-indycar-en-vivo\/\">C\u00f3mo ver el IndyCar en vivo 2026 desde cualquier lugar<\/a><\/li>\n\t\t<li class=\"wsp-post\"><a href=\"https:\/\/vpnveteran.com\/es\/ver-motoe-en-vivo\/\">C\u00f3mo ver el MotoE en vivo en el 2026<\/a><\/li>\n\t\t<li class=\"wsp-post\"><a href=\"https:\/\/vpnveteran.com\/es\/ver-la-liga-acb-en-vivo\/\">C\u00f3mo ver la Liga ACB en directo en el 2026<\/a><\/li>\n\t\t<li class=\"wsp-post\"><a href=\"https:\/\/vpnveteran.com\/es\/ver-ewc-en-vivo\/\">C\u00f3mo ver el EWC 2026 en vivo desde cualquier lugar<\/a><\/li>\n\t\t<li class=\"wsp-post\"><a href=\"https:\/\/vpnveteran.com\/es\/ver-dakar-rally-en-vivo\/\">C\u00f3mo ver Dakar rally 2026 en vivo desde cualquier lugar<\/a><\/li>\n\t\t<li class=\"wsp-post\"><a href=\"https:\/\/vpnveteran.com\/es\/ver-copa-america-de-vela-en-vivo\/\">C\u00f3mo ver la Copa Am\u00e9rica de Vela en vivo 2024 desde cualquier lugar<\/a><\/li>\n\t\t<li class=\"wsp-post\"><a href=\"https:\/\/vpnveteran.com\/es\/ver-wrc-en-vivo\/\">C\u00f3mo ver el WRC en vivo 2026 desde cualquier lugar<\/a><\/li>\n\t\t<li class=\"wsp-post\"><a href=\"https:\/\/vpnveteran.com\/es\/ver-mundial-de-natacion-en-vivo\/\">C\u00f3mo ver el Campeonato Mundial de Nataci\u00f3n en vivo 2023 desde cualquier lugar<\/a><\/li>\n\t\t<li class=\"wsp-post\"><a href=\"https:\/\/vpnveteran.com\/es\/ver-eurosport-desde-el-extranjero\/\">C\u00f3mo ver EuroSport desde el extranjero en 2026<\/a><\/li>\n\t\t<li class=\"wsp-post\"><a href=\"https:\/\/vpnveteran.com\/es\/ver-mundial-de-rugby-en-vivo\/\">C\u00f3mo ver el Mundial de Rugby en vivo 2023 desde cualquier lugar<\/a><\/li>\n<\/ul><\/li>\n\t<li><strong class=\"wsp-category-title\">Category: <a href=\"https:\/\/vpnveteran.com\/es\/categoria\/resenas\/\">Rese\u00f1as<\/a><\/strong>\n<ul class=\"wsp-posts-list\">\t\t<li class=\"wsp-post\"><a href=\"https:\/\/vpnveteran.com\/es\/resena-de-atlas-vpn\/\">Revisi\u00f3n de Atlas VPN 2026: Descubre si es la VPN adecuada para ti<\/a><\/li>\n\t\t<li class=\"wsp-post\"><a href=\"https:\/\/vpnveteran.com\/es\/resena-de-astrill-vpn\/\">Rese\u00f1a de Astrill VPN 2026<\/a><\/li>\n\t\t<li class=\"wsp-post\"><a href=\"https:\/\/vpnveteran.com\/es\/resena-zenmate-vpn\/\">Rese\u00f1a Zenmate VPN 2026<\/a><\/li>\n\t\t<li class=\"wsp-post\"><a href=\"https:\/\/vpnveteran.com\/es\/resena-de-ivacy-vpn\/\">Rese\u00f1a de Ivacy VPN 2026<\/a><\/li>\n\t\t<li class=\"wsp-post\"><a href=\"https:\/\/vpnveteran.com\/es\/ipvanish-vpn-resena\/\">IPVanish VPN Rese\u00f1a: Caracter\u00edsticas, Ventajas y Desventajas en 2026<\/a><\/li>\n\t\t<li class=\"wsp-post\"><a href=\"https:\/\/vpnveteran.com\/es\/urban-vpn-opiniones\/\">Urban VPN, a estar pendiente con las propuestas gratuitas<\/a><\/li>\n\t\t<li class=\"wsp-post\"><a href=\"https:\/\/vpnveteran.com\/es\/le-vpn-opiniones\/\">Le VPN | Rese\u00f1a Definitiva 2026<\/a><\/li>\n\t\t<li class=\"wsp-post\"><a href=\"https:\/\/vpnveteran.com\/es\/vpn-unlimited-opiniones\/\">VPN Unlimited<\/a><\/li>\n\t\t<li class=\"wsp-post\"><a href=\"https:\/\/vpnveteran.com\/es\/expressvpn-analisis\/\">ExpressVPN<\/a><\/li>\n\t\t<li class=\"wsp-post\"><a href=\"https:\/\/vpnveteran.com\/es\/cyberghost-vpn-resena\/\">Revisi\u00f3n de CyberGhost VPN 2026: Descubre si es la VPN adecuada para ti<\/a><\/li>\n\t\t<li class=\"wsp-post\"><a href=\"https:\/\/vpnveteran.com\/es\/surfshark-vpn-analisis\/\">Revisi\u00f3n de SurfShark VPN 2026: Descubre si es la VPN adecuada para ti<\/a><\/li>\n\t\t<li class=\"wsp-post\"><a href=\"https:\/\/vpnveteran.com\/es\/private-internet-access-vpn-analisis\/\">Revisi\u00f3n de PIA VPN 2026: Descubre si es la VPN adecuada para ti<\/a><\/li>\n\t\t<li class=\"wsp-post\"><a href=\"https:\/\/vpnveteran.com\/es\/nordvpn-analisis\/\">NordVPN<\/a><\/li>\n\t\t<li class=\"wsp-post\"><a href=\"https:\/\/vpnveteran.com\/es\/hotspot-shield-elite\/\">Hotspot Shield Elite: \u00bfMerece la pena? An\u00e1lisis detallado<\/a><\/li>\n\t\t<li class=\"wsp-post\"><a href=\"https:\/\/vpnveteran.com\/es\/vyprvpn-opiniones\/\">VyprVPN, \u00bfla VPN m\u00e1s veloz? Desc\u00fabrelo aqu\u00ed<\/a><\/li>\n\t\t<li class=\"wsp-post\"><a href=\"https:\/\/vpnveteran.com\/es\/tunnelbear-vpn\/\">Tunnelbear VPN: Que tal ruge este oso? Mi opini\u00f3n<\/a><\/li>\n\t\t<li class=\"wsp-post\"><a href=\"https:\/\/vpnveteran.com\/es\/vpn-private\/\">Revisi\u00f3n de PrivateVPN 2026: Descubre si es la VPN adecuada para ti<\/a><\/li>\n\t\t<li class=\"wsp-post\"><a href=\"https:\/\/vpnveteran.com\/es\/protonvpn-opiniones\/\">ProtonVPN: An\u00e1lisis de la VPN suiza de alta seguridad<\/a><\/li>\n\t\t<li class=\"wsp-post\"><a href=\"https:\/\/vpnveteran.com\/es\/purevpn-opiniones\/\">PureVPN: An\u00e1lisis de un VPN hist\u00f3rico (versi\u00f3n 2026)<\/a><\/li>\n<\/ul><\/li>\n<\/ul>\n<\/div>\n","protected":false},"excerpt":{"rendered":"","protected":false},"author":64,"featured_media":0,"parent":0,"menu_order":0,"comment_status":"closed","ping_status":"closed","template":"","meta":{"om_disable_all_campaigns":false,"footnotes":""},"sgf-content-tag":[183,196],"sgf-seo-push":[],"class_list":["post-18262","page","type-page","status-publish","hentry"],"_links":{"self":[{"href":"https:\/\/vpnveteran.com\/es\/wp-json\/wp\/v2\/pages\/18262","targetHints":{"allow":["GET"]}}],"collection":[{"href":"https:\/\/vpnveteran.com\/es\/wp-json\/wp\/v2\/pages"}],"about":[{"href":"https:\/\/vpnveteran.com\/es\/wp-json\/wp\/v2\/types\/page"}],"author":[{"embeddable":true,"href":"https:\/\/vpnveteran.com\/es\/wp-json\/wp\/v2\/users\/64"}],"replies":[{"embeddable":true,"href":"https:\/\/vpnveteran.com\/es\/wp-json\/wp\/v2\/comments?post=18262"}],"version-history":[{"count":1,"href":"https:\/\/vpnveteran.com\/es\/wp-json\/wp\/v2\/pages\/18262\/revisions"}],"predecessor-version":[{"id":18346,"href":"https:\/\/vpnveteran.com\/es\/wp-json\/wp\/v2\/pages\/18262\/revisions\/18346"}],"wp:attachment":[{"href":"https:\/\/vpnveteran.com\/es\/wp-json\/wp\/v2\/media?parent=18262"}],"wp:term":[{"taxonomy":"sgf-content-tag","embeddable":true,"href":"https:\/\/vpnveteran.com\/es\/wp-json\/wp\/v2\/sgf-content-tag?post=18262"},{"taxonomy":"sgf-seo-push","embeddable":true,"href":"https:\/\/vpnveteran.com\/es\/wp-json\/wp\/v2\/sgf-seo-push?post=18262"}],"curies":[{"name":"wp","href":"https:\/\/api.w.org\/{rel}","templated":true}]}}