{"id":18272,"date":"2020-07-30T04:27:04","date_gmt":"2020-07-30T08:27:04","guid":{"rendered":"https:\/\/vpnveteran.com\/politica-de-privacidad\/"},"modified":"2023-07-14T00:10:45","modified_gmt":"2023-07-14T04:10:45","slug":"politica-de-privacidad","status":"publish","type":"page","link":"https:\/\/vpnveteran.com\/es\/politica-de-privacidad\/","title":{"rendered":"Pol\u00edtica de Privacidad"},"content":{"rendered":"<p>La pol\u00edtica de privacidad de este sitio web describe c\u00f3mo <a href=\"https:\/\/vpnveteran.com\/\">VPNveteran.com<\/a> protege y hace uso de la informaci\u00f3n que le proporciona a la compa\u00f1\u00eda cuando usa este sitio web.<\/p>\n<p>Si se le solicita que brinde informaci\u00f3n al usar este sitio web, solo se usar\u00e1 de la manera descrita en esta pol\u00edtica de privacidad. Esta pol\u00edtica se actualiza peri\u00f3dicamente.<\/p>\n<p>La \u00faltima versi\u00f3n se publica en esta p\u00e1gina. La pol\u00edtica de privacidad de este sitio web se actualiz\u00f3 el <strong>13\/07\/2023<\/strong>.<\/p>\n<p>Si tiene alguna pregunta sobre esta pol\u00edtica, env\u00ede un correo electr\u00f3nico a\u00a0<a href=\"mailto:info@vpnveteran.com\" target=\"_blank\" rel=\"noopener nofollow noreferrer\">info@vpnveteran.com<\/a>.<\/p>\n<h2>Introducci\u00f3n<\/h2>\n<p>Recopilamos y usamos cierta informaci\u00f3n sobre individuos para proporcionar productos y servicios y para habilitar ciertas funciones en este sitio web.<\/p>\n<p>Tambi\u00e9n recopilamos informaci\u00f3n para comprender mejor c\u00f3mo los visitantes usan este sitio web y presentarles informaci\u00f3n relevante y oportuna.<\/p>\n<h2>\u00bfQu\u00e9 datos recopilamos?<\/h2>\n<p>Podemos recopilar la siguiente informaci\u00f3n:<\/p>\n<ul>\n<li>Nombre y cargo<\/li>\n<li>Informaci\u00f3n de contacto, incluida la direcci\u00f3n de correo electr\u00f3nico<\/li>\n<li>Informaci\u00f3n demogr\u00e1fica, como c\u00f3digo postal, preferencias e intereses.<\/li>\n<li>Datos de uso del sitio web<\/li>\n<li>Otra informaci\u00f3n relevante para consultas de clientes<\/li>\n<li>Otra informaci\u00f3n relacionada con ofertas especiales y encuestas<\/li>\n<li>C\u00f3mo usamos estos datos<\/li>\n<\/ul>\n<p>La recopilaci\u00f3n de estos datos nos ayuda a comprender lo que est\u00e1 buscando de la empresa, lo que nos permite ofrecer productos y servicios mejorados.<\/p>\n<p>Espec\u00edficamente, podemos usar datos:<\/p>\n<ul>\n<li>Para nuestros propios registros internos.<\/li>\n<li>Para mejorar los productos y servicios que brindamos.<\/li>\n<li>Para contactarlo en respuesta a una consulta espec\u00edfica.<\/li>\n<li>Para personalizar el sitio web por ti.<\/li>\n<li>Para enviarle correos electr\u00f3nicos promocionales sobre productos, servicios, ofertas y otras cosas que creemos que pueden ser relevantes para usted.<\/li>\n<li>Para enviarle correos promocionales o para llamarlo sobre productos, servicios, ofertas y otras cosas que creemos que pueden ser relevantes para usted.<\/li>\n<li>Para contactarlo por correo electr\u00f3nico, tel\u00e9fono o correo por razones de investigaci\u00f3n de mercado.<\/li>\n<\/ul>\n<h2>Cookies y c\u00f3mo las usamos<\/h2>\n<h3>\u00bfQu\u00e9 es una cookie?<\/h3>\n<p>Una cookie es un peque\u00f1o archivo colocado en el disco duro de su computadora. Permite que nuestro sitio web identifique su computadora mientras ve diferentes p\u00e1ginas en nuestro sitio web.<\/p>\n<p>Las cookies permiten que los sitios web y las aplicaciones almacenen sus preferencias para presentar contenido, opciones o funciones que sean espec\u00edficas para usted. Tambi\u00e9n nos permiten ver informaci\u00f3n como cu\u00e1ntas personas usan el sitio web y qu\u00e9 p\u00e1ginas tienden a visitar.<\/p>\n<h3>C\u00f3mo usamos las cookies<\/h3>\n<p>Podemos usar cookies para:<\/p>\n<ul>\n<li>Analice nuestro tr\u00e1fico web utilizando un paquete de an\u00e1lisis. Los datos de uso agregados nos ayudan a mejorar la estructura, el dise\u00f1o, el contenido y las funciones del sitio web.<\/li>\n<li>Identifique si ha iniciado sesi\u00f3n en nuestro sitio web. Una cookie nos permite verificar si ha iniciado sesi\u00f3n en el sitio.<\/li>\n<li>Pruebe el contenido en nuestro sitio web. Por ejemplo, el 50% de nuestros usuarios pueden ver una parte del contenido, el otro 50% una parte diferente del contenido.<\/li>\n<li>Almacene informaci\u00f3n sobre sus preferencias. El sitio web puede presentarle informaci\u00f3n que encontrar\u00e1 m\u00e1s relevante e interesante.<\/li>\n<li>Para reconocer cu\u00e1ndo regresa a nuestro sitio web. Podemos mostrar su contenido relevante o proporcionarle la funcionalidad que utiliz\u00f3 anteriormente.<\/li>\n<\/ul>\n<p>Las cookies no nos brindan acceso a su computadora ni a ninguna informaci\u00f3n sobre usted, que no sea la que usted elija compartir con nosotros.<\/p>\n<h3>Control de cookies<\/h3>\n<p>Puede utilizar la configuraci\u00f3n de cookies de su navegador web para determinar c\u00f3mo nuestro sitio web utiliza cookies. Si no desea que nuestro sitio web almacene cookies en su computadora o dispositivo, debe configurar su navegador web para rechazar las cookies.<\/p>\n<p>Sin embargo, tenga en cuenta que esto puede afectar el funcionamiento de nuestro sitio web. Es posible que algunas p\u00e1ginas y servicios no est\u00e9n disponibles para usted.<\/p>\n<p>A menos que haya cambiado su navegador para rechazar las cookies, nuestro sitio web emitir\u00e1 cookies cuando lo visite.<\/p>\n<p>Para obtener m\u00e1s informaci\u00f3n sobre las cookies y c\u00f3mo se usan, visite <a href=\"http:\/\/www.allaboutcookies.org\/\" target=\"_blank\" rel=\"noopener nofollow noreferrer\">All About Cookies<\/a>.<\/p>\n<h2>Control de informaci\u00f3n sobre usted<\/h2>\n<p>Cuando complete un formulario o proporcione sus datos en nuestro sitio web, ver\u00e1 una o m\u00e1s casillas de verificaci\u00f3n que le permitir\u00e1n:<\/p>\n<ul>\n<li>Optar por recibir nuestras comunicaciones de marketing por correo electr\u00f3nico, tel\u00e9fono, mensaje de texto o correo postal.<\/li>\n<li>Optar por recibir comunicaciones de marketing de nuestros socios externos por correo electr\u00f3nico, tel\u00e9fono, mensaje de texto o correo postal.<\/li>\n<\/ul>\n<p>Si ha acordado que podemos utilizar su informaci\u00f3n con fines de marketing, puede cambiar de opini\u00f3n f\u00e1cilmente enviando un correo electr\u00f3nico a <a href=\"mailto:info@vpnveteran.com\" target=\"_blank\" rel=\"noopener nofollow noreferrer\">info@vpnveteran.com<\/a>.<\/p>\n<p>Nunca alquilaremos, distribuiremos ni venderemos su informaci\u00f3n personal a terceros, a menos que tengamos su permiso o la ley nos lo exija.<\/p>\n<p>Cualquier informaci\u00f3n personal que tengamos sobre usted se almacenar\u00e1 y procesar\u00e1 seg\u00fan nuestra pol\u00edtica de protecci\u00f3n de datos, de acuerdo con el Reglamento General de Protecci\u00f3n de Datos (GDPR).<\/p>\n<h2>Seguridad<\/h2>\n<p>Siempre guardaremos su informaci\u00f3n de forma segura.<\/p>\n<p>Para evitar la divulgaci\u00f3n no autorizada o el acceso a su informaci\u00f3n, hemos implementado s\u00f3lidas medidas de seguridad f\u00edsica y electr\u00f3nica.<\/p>\n<p>Tambi\u00e9n seguimos procedimientos estrictos para garantizar que trabajemos con todos los datos personales de acuerdo con el Reglamento General de Protecci\u00f3n de Datos (GDPR).<\/p>\n<h2>Enlaces de nuestro sitio<\/h2>\n<p>Nuestro sitio web puede contener enlaces a otros sitios web.<\/p>\n<p>Tenga en cuenta que no tenemos control de sitios web fuera del dominio VPNveteran.com. Si proporciona informaci\u00f3n a un sitio web al que enlazamos, no somos responsables de su protecci\u00f3n y privacidad.<\/p>\n<p>Siempre tenga cuidado al enviar datos a sitios web. Lea completamente las pol\u00edticas de privacidad y protecci\u00f3n de datos del sitio.<\/p>\n","protected":false},"excerpt":{"rendered":"<p>La pol\u00edtica de privacidad de este sitio web describe c\u00f3mo VPNveteran.com protege y hace uso de la informaci\u00f3n que le proporciona a la compa\u00f1\u00eda cuando usa este sitio web. Si se le solicita que brinde informaci\u00f3n al usar este sitio web, solo se usar\u00e1 de la manera descrita en esta pol\u00edtica de privacidad. Esta pol\u00edtica [&hellip;]<\/p>\n","protected":false},"author":64,"featured_media":0,"parent":0,"menu_order":0,"comment_status":"closed","ping_status":"closed","template":"","meta":{"om_disable_all_campaigns":false,"footnotes":""},"sgf-content-tag":[183,195],"sgf-seo-push":[],"class_list":["post-18272","page","type-page","status-publish","hentry"],"_links":{"self":[{"href":"https:\/\/vpnveteran.com\/es\/wp-json\/wp\/v2\/pages\/18272","targetHints":{"allow":["GET"]}}],"collection":[{"href":"https:\/\/vpnveteran.com\/es\/wp-json\/wp\/v2\/pages"}],"about":[{"href":"https:\/\/vpnveteran.com\/es\/wp-json\/wp\/v2\/types\/page"}],"author":[{"embeddable":true,"href":"https:\/\/vpnveteran.com\/es\/wp-json\/wp\/v2\/users\/64"}],"replies":[{"embeddable":true,"href":"https:\/\/vpnveteran.com\/es\/wp-json\/wp\/v2\/comments?post=18272"}],"version-history":[{"count":8,"href":"https:\/\/vpnveteran.com\/es\/wp-json\/wp\/v2\/pages\/18272\/revisions"}],"predecessor-version":[{"id":57614,"href":"https:\/\/vpnveteran.com\/es\/wp-json\/wp\/v2\/pages\/18272\/revisions\/57614"}],"wp:attachment":[{"href":"https:\/\/vpnveteran.com\/es\/wp-json\/wp\/v2\/media?parent=18272"}],"wp:term":[{"taxonomy":"sgf-content-tag","embeddable":true,"href":"https:\/\/vpnveteran.com\/es\/wp-json\/wp\/v2\/sgf-content-tag?post=18272"},{"taxonomy":"sgf-seo-push","embeddable":true,"href":"https:\/\/vpnveteran.com\/es\/wp-json\/wp\/v2\/sgf-seo-push?post=18272"}],"curies":[{"name":"wp","href":"https:\/\/api.w.org\/{rel}","templated":true}]}}