{"id":18278,"date":"2020-07-30T05:06:06","date_gmt":"2020-07-30T09:06:06","guid":{"rendered":"https:\/\/vpnveteran.com\/descargo-de-responsabilidad\/"},"modified":"2023-07-11T23:40:03","modified_gmt":"2023-07-12T03:40:03","slug":"descargo-de-responsabilidad","status":"publish","type":"page","link":"https:\/\/vpnveteran.com\/es\/descargo-de-responsabilidad\/","title":{"rendered":"Declinaci\u00f3n de responsabilidad"},"content":{"rendered":"<p>Proporcionamos todas las gu\u00edas, revisiones, informaci\u00f3n y detalles sobre software de seguridad, herramientas de privacidad, proveedores de servicios VPN, etc., de buena fe, con el fin de mantenerlo actualizado sobre los \u00faltimos acontecimientos en la industria.<\/p>\n<p>Contamos con un equipo de expertos que tienen un historial comprobado y le ofrecen una amplia gama de servicios y soluciones. Sin embargo, es importante tener en cuenta que esta \u00e1rea puede ser sensible. Por lo tanto, deseamos dejar en claro que todas las gu\u00edas, revisiones, informaci\u00f3n y cualquier otro tipo de material se proporcionan \u00fanicamente con fines informativos generales. No aprobamos, alentamos ni promovemos ninguna actividad criminal o ilegal, incumplimiento de contratos, da\u00f1os o lesiones a otras personas.<\/p>\n<p>Es crucial entender que usted es el responsable de sus propias acciones. Usted asume completamente la responsabilidad de tomar sus propias decisiones y, si tiene inquietudes, dudas o consultas sobre sus acciones y las posibles consecuencias, se recomienda buscar asesoramiento legal.<\/p>\n<p>Adem\u00e1s de los puntos mencionados anteriormente, otras personas pueden contribuir, publicar o comentar en nuestro sitio web de vez en cuando. Apreciamos estas contribuciones, pero no somos responsables de los puntos de vista o del contenido publicado por otras personas. Sus opiniones son personales y no necesariamente representan las opiniones de nuestro sitio web.<\/p>\n","protected":false},"excerpt":{"rendered":"<p>Proporcionamos todas las gu\u00edas, revisiones, informaci\u00f3n y detalles sobre software de seguridad, herramientas de privacidad, proveedores de servicios VPN, etc., de buena fe, con el fin de mantenerlo actualizado sobre los \u00faltimos acontecimientos en la industria. Contamos con un equipo de expertos que tienen un historial comprobado y le ofrecen una amplia gama de servicios [&hellip;]<\/p>\n","protected":false},"author":64,"featured_media":0,"parent":0,"menu_order":0,"comment_status":"closed","ping_status":"closed","template":"","meta":{"om_disable_all_campaigns":false,"footnotes":""},"sgf-content-tag":[183,192],"sgf-seo-push":[],"class_list":["post-18278","page","type-page","status-publish","hentry"],"_links":{"self":[{"href":"https:\/\/vpnveteran.com\/es\/wp-json\/wp\/v2\/pages\/18278","targetHints":{"allow":["GET"]}}],"collection":[{"href":"https:\/\/vpnveteran.com\/es\/wp-json\/wp\/v2\/pages"}],"about":[{"href":"https:\/\/vpnveteran.com\/es\/wp-json\/wp\/v2\/types\/page"}],"author":[{"embeddable":true,"href":"https:\/\/vpnveteran.com\/es\/wp-json\/wp\/v2\/users\/64"}],"replies":[{"embeddable":true,"href":"https:\/\/vpnveteran.com\/es\/wp-json\/wp\/v2\/comments?post=18278"}],"version-history":[{"count":4,"href":"https:\/\/vpnveteran.com\/es\/wp-json\/wp\/v2\/pages\/18278\/revisions"}],"predecessor-version":[{"id":57570,"href":"https:\/\/vpnveteran.com\/es\/wp-json\/wp\/v2\/pages\/18278\/revisions\/57570"}],"wp:attachment":[{"href":"https:\/\/vpnveteran.com\/es\/wp-json\/wp\/v2\/media?parent=18278"}],"wp:term":[{"taxonomy":"sgf-content-tag","embeddable":true,"href":"https:\/\/vpnveteran.com\/es\/wp-json\/wp\/v2\/sgf-content-tag?post=18278"},{"taxonomy":"sgf-seo-push","embeddable":true,"href":"https:\/\/vpnveteran.com\/es\/wp-json\/wp\/v2\/sgf-seo-push?post=18278"}],"curies":[{"name":"wp","href":"https:\/\/api.w.org\/{rel}","templated":true}]}}