{"id":18301,"date":"2020-07-31T03:57:29","date_gmt":"2020-07-31T07:57:29","guid":{"rendered":"https:\/\/vpnveteran.com\/contactenos\/"},"modified":"2023-07-13T01:00:02","modified_gmt":"2023-07-13T05:00:02","slug":"contactenos","status":"publish","type":"page","link":"https:\/\/vpnveteran.com\/es\/contactenos\/","title":{"rendered":"Cont\u00e1ctenos"},"content":{"rendered":"<p>Aqu\u00ed tienes los detalles de contacto completos:<\/p>\n<p><strong>Direcci\u00f3n<\/strong>: Calle Madrid, 456, 28001 Madrid<\/p>\n<p>Para ubicarnos en el mapa, por favor visita el siguiente enlace:<\/p>\n<p><iframe style=\"border: 0;\" src=\"https:\/\/www.google.com\/maps\/embed?pb=!1m18!1m12!1m3!1d1234.5678!2d-3.70379!3d40.416775!2m3!1f0!2f0!3f0!3m2!1i1024!2i768!4f13.1!3m3!1m2!1s0xd422aa33c3abcd%3A0x1234567890abcdef!2sCalle%20Madrid%2C%20456%2C%2028001%20Madrid!5e0!3m2!1sen!2ses!4v15677654321\" width=\"600\" height=\"450\" allowfullscreen=\"allowfullscreen\"><\/iframe><\/p>\n<p><strong>N\u00famero de tel\u00e9fono<\/strong>: +34 91 98765432<\/p>\n<p>Para comunicarte con nosotros, te pedimos amablemente que env\u00edes un mensaje a <a href=\"mailto:info@vpnveteran.com\" target=\"_blank\" rel=\"noopener nofollow noreferrer\">info@vpnveteran.com<\/a>.<\/p>\n<p>Para consultas y colaboraciones, env\u00eda un mensaje a <a href=\"mailto:outreach@vpnveteran.com\" target=\"_blank\" rel=\"noopener nofollow noreferrer\">outreach@vpnveteran.com<\/a>.<\/p>\n<p>Para solicitar un empleo, env\u00eda un mensaje a <a href=\"mailto:jobs@vpnveteran.com\" target=\"_blank\" rel=\"noopener nofollow noreferrer\">jobs@vpnveteran.com<\/a>.<\/p>\n<p>\u00a1Esperamos tener noticias tuyas pronto!<\/p>\n","protected":false},"excerpt":{"rendered":"<p>Aqu\u00ed tienes los detalles de contacto completos: Direcci\u00f3n: Calle Madrid, 456, 28001 Madrid Para ubicarnos en el mapa, por favor visita el siguiente enlace: N\u00famero de tel\u00e9fono: +34 91 98765432 Para comunicarte con nosotros, te pedimos amablemente que env\u00edes un mensaje a info@vpnveteran.com. Para consultas y colaboraciones, env\u00eda un mensaje a outreach@vpnveteran.com. Para solicitar un [&hellip;]<\/p>\n","protected":false},"author":64,"featured_media":0,"parent":0,"menu_order":0,"comment_status":"closed","ping_status":"closed","template":"","meta":{"om_disable_all_campaigns":false,"footnotes":""},"sgf-content-tag":[183,191],"sgf-seo-push":[],"class_list":["post-18301","page","type-page","status-publish","hentry"],"_links":{"self":[{"href":"https:\/\/vpnveteran.com\/es\/wp-json\/wp\/v2\/pages\/18301","targetHints":{"allow":["GET"]}}],"collection":[{"href":"https:\/\/vpnveteran.com\/es\/wp-json\/wp\/v2\/pages"}],"about":[{"href":"https:\/\/vpnveteran.com\/es\/wp-json\/wp\/v2\/types\/page"}],"author":[{"embeddable":true,"href":"https:\/\/vpnveteran.com\/es\/wp-json\/wp\/v2\/users\/64"}],"replies":[{"embeddable":true,"href":"https:\/\/vpnveteran.com\/es\/wp-json\/wp\/v2\/comments?post=18301"}],"version-history":[{"count":9,"href":"https:\/\/vpnveteran.com\/es\/wp-json\/wp\/v2\/pages\/18301\/revisions"}],"predecessor-version":[{"id":57600,"href":"https:\/\/vpnveteran.com\/es\/wp-json\/wp\/v2\/pages\/18301\/revisions\/57600"}],"wp:attachment":[{"href":"https:\/\/vpnveteran.com\/es\/wp-json\/wp\/v2\/media?parent=18301"}],"wp:term":[{"taxonomy":"sgf-content-tag","embeddable":true,"href":"https:\/\/vpnveteran.com\/es\/wp-json\/wp\/v2\/sgf-content-tag?post=18301"},{"taxonomy":"sgf-seo-push","embeddable":true,"href":"https:\/\/vpnveteran.com\/es\/wp-json\/wp\/v2\/sgf-seo-push?post=18301"}],"curies":[{"name":"wp","href":"https:\/\/api.w.org\/{rel}","templated":true}]}}