{"id":18560,"date":"2020-08-05T06:55:15","date_gmt":"2020-08-05T10:55:15","guid":{"rendered":"https:\/\/vpnveteran.com\/how-to-get-a-new-ip-address-everything-you-need-to-know\/"},"modified":"2021-12-28T02:51:28","modified_gmt":"2021-12-28T07:51:28","slug":"cual-es-mi-ip","status":"publish","type":"page","link":"https:\/\/vpnveteran.com\/es\/cual-es-mi-ip\/","title":{"rendered":"\u00bfCu\u00e1l es mi IP?"},"content":{"rendered":"<p>En esta era, casi cualquier persona puede rastrear f\u00e1cilmente las direcciones de IP (Internet Protocole). Cualquier cosa que hagas, siempre que est\u00e9s conectado a Internet, puede ser vista por terceros no deseados. Puede parece aterrador pero despu\u00e9s de leer este art\u00edculo no tendr\u00e1s nada de lo que preocuparte. Cr\u00e9eme, pude aprender con \u00e9xito c\u00f3mo ocultar la ubicaci\u00f3n de mi direcci\u00f3n IP con un simple paso. Aprender\u00e1s todo lo que necesitas sobre c\u00f3mo obtener una nueva direcci\u00f3n IP.<\/p>\n<p><!--more--><\/p>\n\n<h2>Ubicaci\u00f3n de mi direcci\u00f3n ip<\/h2>\n<div class=\"mb30 wpsm_box blue_type nonefloat_box\" style=\"text-align:left; width:auto\"><i><\/i><div>\r\n\t\t\t<div class=\"ip-grid\" style=\"grid-template-columns:  auto auto auto auto;\"><div id=\"ip-ip\"><span class=\"label\">IP:<\/span><span class=\"value\"><i class=\"fa fa-spinner fa-spin\"><\/i><\/span><\/div><div id=\"ip-city\"><span class=\"label\">Ciudad:<\/span><span class=\"value\"><i class=\"fa fa-spinner fa-spin\"><\/i><\/span><\/div><div id=\"ip-country_name\"><span class=\"label\">Pa\u00eds:<\/span><span class=\"value\"><i class=\"fa fa-spinner fa-spin\"><\/i><\/span><\/div><div id=\"ip-org\"><span class=\"label\">ISP:<\/span><span class=\"value\"><i class=\"fa fa-spinner fa-spin\"><\/i><\/span><\/div><\/div><script>\n    jQuery.getJSON( 'https:\/\/ipapi.co\/json\/', function( data ) {\n\t\t\tif (data.city.length > 15) {\n\t\t\t\tdata.org = data.city.substring(0, 14) + '\u2026';\n\t\t\t}\n\t\t\tif (data.country_name.length > 15) {\n\t\t\t\tdata.org = data.country_name.substring(0, 14) + '\u2026';\n\t\t\t}\n\t\t\tif (data.org.length > 15) {\n\t\t\t\tdata.org = data.org.substring(0, 14) + '\u2026';\n\t\t\t}\n\t\t\tif (data.ip.length > 15) {\n\t\t\t\ta_ipv6 = data.ip.split(':');\n\t\t\t\tdata.ip = a_ipv6[0]+':'+a_ipv6[1]+':\u2026:'+a_ipv6[ (a_ipv6.length-1) ];\n\t\t\t}\n      jQuery('#ip-ip .value').text( data.ip );jQuery('#ip-city .value').text( data.city );jQuery('#ip-country_name .value').text( data.country_name );jQuery('#ip-org .value').text( data.org );\n    });\n  <\/script><style>\n    .ip-table {display:table;}\n    .ip-table div {display:table-row;}\n    .ip-table div span {display:table-cell; cell-padding:3px;}\n    .ip-table .label {font-weight:normal;}\n    .ip-table .value {font-weight:bold;}\n\n    .ip-inline {display:inline;}\n    .ip-inline div {display:inline;}\n    .ip-inline div+div {margin-left:20px;}\n\n    .ip-block {display:block;}\n\n    .ip-flex {display:flex;}\n\n    .ip-grid {display:grid;}\n    .ip-grid div {text-align:center;}\n    .ip-grid .label {font-weight:normal;}\n    .ip-grid .value {margin-left: 0.5rem; font-weight:bold;}\n\t\t@media (max-width: 770px) {\n\t\t   .ip-grid {grid-template-columns: auto!important;}\n\t\t\t .ip-grid > div {text-align:left;}\n\t\t}\n  <\/style><br \/>\n\r\n\t\t\t<\/div><\/div>\n<p>Si te preguntas \u00bfcu\u00e1l es mi ip?, \u00bfc\u00f3mo saber el ip de mi pc? o \u00bfd\u00f3nde ver mi ip? es porque ya sabes lo que significa el ip de mi ordenador. Por si acaso no lo tienes claro, d\u00e9jame que te lo explique en pocas palabras.<\/p>\n<p>Como ya sabes, cada dispositivo, cuando se conecta a Internet, tiene <strong>su propia direcci\u00f3n IP \u00fanica<\/strong>. Esto es necesario para que reciba los datos que solicita tu ordenador.<\/p>\n<p>Hay dos tipos de IP diferentes: est\u00e1tico y din\u00e1mico. Con la palabra est\u00e1tica, se refiere a que su ISP (Proveedor de Servicios de Internet) le asigna una direcci\u00f3n IP est\u00e1tica que es permanente o que nunca cambia. Cuando hablamos de una IP din\u00e1mica significa que el ISP cambia a voluntad la IP. Esto podr\u00eda suceder cada vez que reinicias tu router o cada hora.<\/p>\n<p>Una direcci\u00f3n IP tambi\u00e9n funciona como coordenadas de la ubicaci\u00f3n del dispositivo. Por lo tanto, una agencia gubernamental, una empresa o un pirata inform\u00e1tico <strong>pueden averiguar tu ubicaci\u00f3n f\u00edsica en cualquier momento<\/strong>. No importa si tu Internet est\u00e1 conectado mediante Wi-Fi, un cable o datos m\u00f3viles. Suena aterrador \u00bfverdad?<\/p>\n<p>\u00bfC\u00f3mo ocultar la ubicaci\u00f3n de mi direcci\u00f3n IP y mantenerme a salvo? <strong>La mejor soluci\u00f3n es conseguir una VPN<\/strong>.<\/p>\n\n<h2>\u00bfPor qu\u00e9 deber\u00eda cambiar mi direcci\u00f3n IP?<\/h2>\n<p>Siempre me ha precoupado que la gente pueda ver mi IP y no creo que nadie quiera compartir su ubicaci\u00f3n y otra informaci\u00f3n personal con extra\u00f1os al azar en Internet. Repasemos r\u00e1pidamente este tema con m\u00e1s profundidad.<\/p>\n<ul>\n<li><strong>Mantienes tu direcci\u00f3n en secreto:<\/strong> \u00a1esta etiqueta num\u00e9rica en realidad contiene mucha informaci\u00f3n crucial que puede rastrearte! De hecho, en esta p\u00e1gina para saber cu\u00e1l es mi ip, puedes ver y saber ip ordenador, e incluso hasta la ciudad (ya no necesitas preguntar en Google: como saber mi direcci\u00f3n ip, como saber mi ip o como ver mi ip). Si no quieres que nadie descubra d\u00f3nde est\u00e1s todo el tiempo (\u00bfy qui\u00e9n lo har\u00eda?), Definitivamente deber\u00edas considerar c\u00f3mo cambiar tu IP.<\/li>\n<li><strong>No m\u00e1s restricciones:<\/strong> \u00bfAlguna vez has notado que no puedes acceder a sitios en un lugar determinado cuando ya intentaste abrirlo en otro lugar antes? Esto se debe a que el gobierno, las escuelas y las empresas comerciales nos impiden acceder a ellas mediante esta etiqueta num\u00e9rica. Si mi ubicaci\u00f3n coincide con su lista negra, se me bloquea autom\u00e1ticamente el sitio. Esto puede ser un poco frustrante a veces, pero definitivamente puedo evitarlo cambiando la ubicaci\u00f3n de mi direcci\u00f3n IP.<\/li>\n<li><strong>Prot\u00e9gete de ser atacado:<\/strong> esto tambi\u00e9n es muy \u00fatil para los fan\u00e1ticos de los juegos. Cuando obtienes una nueva direcci\u00f3n IP, evitas que tus enemigos pirateen y bloqueen tu juego. Finalmente puedes jugar en paz sin tener que preocuparte por los ataques DDoS.<\/li>\n<li><strong>Anonimato:<\/strong> \u00a1Esta es la raz\u00f3n principal por la que est\u00e1s aqu\u00ed! Debes poder navegar libremente en l\u00ednea sin tener que preocuparte por el robo de tu identidad. Para m\u00ed, esta es, con mucho, la mejor raz\u00f3n por la cual todos deber\u00edan ocultar su IP en l\u00ednea.<\/li>\n<\/ul>\n<p><iframe src=\"https:\/\/www.youtube.com\/embed\/eN9AlM2-T8E\" width=\"560\" height=\"315\" frameborder=\"0\" allowfullscreen=\"allowfullscreen\"><\/iframe><\/p>\n<p><span data-sheets-value=\"{&quot;1&quot;:2,&quot;2&quot;:&quot;&lt;script type=&quot;text\/javascript&quot; src=&quot;https:\/\/app.getresponse.com\/view_webform_v2.js?u=GrS7G&amp;webforms_id=hSaM2&quot;&gt;&lt;\/script&gt;&quot;}\" data-sheets-userformat=\"{&quot;2&quot;:513,&quot;3&quot;:{&quot;1&quot;:0},&quot;12&quot;:0}\"><script type=\"text\/javascript\" src=\"https:\/\/app.getresponse.com\/view_webform_v2.js?u=GrS7G&webforms_id=hSaM2\"><\/script><\/span><\/p>\n<h2>\u00bfUsar el modo inc\u00f3gnito ocultar\u00e1 a otros de ver mi IP?<\/h2>\n<p>Al contrario de lo que la mayor\u00eda cree, en realidad no es as\u00ed. Ni el inc\u00f3gnito ni la navegaci\u00f3n privada tienen nada en su arsenal sobre c\u00f3mo obtener una nueva direcci\u00f3n IP o cu\u00e1l es mi ip y c\u00f3mo evitar a otros de ver mi IP. Simplemente evita hacer un seguimiento de su actividad para que no aparezca en su historial. Solo pueden proteger los datos de navegaci\u00f3n local que est\u00e1n en su computadora. \u00bfYa sabes como saber el ip de mi pc? Cuando visita sitios que utilizan estas ventanas, sus datos y direcci\u00f3n IP a\u00fan se hacen p\u00fablicos.<\/p>\n<h2>\u00bfC\u00f3mo ocultar a otros cu\u00e1l es mi IP?<\/h2>\n<p>En realidad, hay muchas formas de ocultar a otros como saber el ip de mi pc, ver mi IP y cambiar la ubicaci\u00f3n de mi IP. A continuaci\u00f3n te muestro algunas de las formas y sus pros y contras.<\/p>\n<h3>1. C\u00f3mo cambiar mi IP usando VPN<\/h3>\n<p>Entre todas las formas en que he intentado de como saber el ip de mi pc y c\u00f3mo obtener una nueva direcci\u00f3n IP, esta es la MEJOR con diferencia. Esto se debe a que esencialmente ocultan tu direcci\u00f3n IP real y la reemplazan con la ubicaci\u00f3n de uno de sus servidores. Pero esto no es lo \u00fanico que puede hacer. De hecho, hay <strong>muchos otros beneficios que puedes obtener de una VPN<\/strong>.<\/p>\n<p>Una VPN (Red Privada Virtual) b\u00e1sicamente media entre usted y su conexi\u00f3n a Internet. Primero, cifra sus datos y le permite pasar a trav\u00e9s de un t\u00fanel seguro. Luego se entrega a uno de sus servidores VPN. Son estos servidores los que env\u00edan sus solicitudes por usted. Entonces, no est\u00e1s navegando directamente por Internet, es la VPN. De esta manera, <strong>no dejas rastros<\/strong> de ti mismo en los sitios web a los que accedes. \u00bfGuay, verdad? Pues ya has aprendido como saber el ip de mi pc y cambiarlo con una VPN.<\/p>\n<p>Entonces, cuando terceros intentan buscarte, solo ver\u00e1n la direcci\u00f3n del servidor VPN y no la de tu ordenador real. Gracias a esto otros no podr\u00e1n ver mi ip ya. Y debido a que cifra sus datos, nadie puede ver su actividad en l\u00ednea. Lo que intento decir es que, para el mundo exterior,<strong> \u00a1eres pr\u00e1cticamente invisible!<\/strong><\/p>\n<p>Y si tiene miedo de que los esp\u00edas supervisen el servidor VPN, \u00a1no tienes nada de qu\u00e9 preocuparte! \u00bfPor qu\u00e9? Hay muchos otros usuarios mezclados all\u00ed, as\u00ed que no hay forma de que nadie te encuentre. Con una VPN tengo la seguridad de que <strong>nadie podr\u00e1 ver mi IP real<\/strong>.<\/p>\n<h3>2. C\u00f3mo ocultar la ubicaci\u00f3n de mi direcci\u00f3n IP usando Tor<\/h3>\n<p>Una vez que has respondido a la pregunta \u00abcu\u00e1l es mi ip\u00bb o \u00abcualesmiippublica\u00bb tiene que encontrar la mejor manera de ocultar tu ubicaci\u00f3n y esto se puede hacer con Tor.<\/p>\n<p>Tor, tambi\u00e9n conocido como <a href=\"https:\/\/www.torproject.org\/\" target=\"_blank\" rel=\"noopener noreferrer\">The Onion Router<\/a> es una <strong>red gratuita y de c\u00f3digo abierto<\/strong>. Al igual que una VPN, tambi\u00e9n permite a los usuarios conectarse a Internet de forma an\u00f3nima.<\/p>\n<p>Si elige usar un navegador Tor, tienes que conectarte a su red. Tu tr\u00e1fico luego pasa por un mont\u00f3n de &#8216;nodos&#8217; para alcanzar el objetivo. Un nodo es b\u00e1sicamente algo que toma tu tr\u00e1fico y lo pasa al siguiente. El nodo al final de la l\u00ednea hace de intermediario que abre el sitio para ti.<\/p>\n<p>Se llama onion (cebolla) porque cada vez que tu tr\u00e1fico pasa por un nodo, se cifra. B\u00e1sicamente, tienes <strong>capas sobre capas de cifrado<\/strong>, como una cebolla.<\/p>\n<p>Pero la desventaja de usar esto es que <strong>ralentiza tu internet<\/strong>. Tu tr\u00e1fico debe pasar al menos 3 capas para llegar a su destino. Adem\u00e1s de eso, <strong>no es conveniente<\/strong> porque solo puede usarlo en su navegador. Si desea utilizar una aplicaci\u00f3n, debe configurar Tor individualmente.<\/p>\n<h3>3. C\u00f3mo cambiar la direcci\u00f3n IP usando un proxy<\/h3>\n<p>Yo dir\u00eda que este es uno de los <strong>m\u00e9todos arriesgados para obtener una nueva direcci\u00f3n IP<\/strong>. Aunque un proxy a\u00fan puede hacer el trabajo como una VPN, no tiene ninguna caracter\u00edstica de seguridad en absoluto.<\/p>\n<p>Un servidor proxy act\u00faa b\u00e1sicamente como un <strong>espejo de tu dispositivo<\/strong>. Hagas lo que hagas en l\u00ednea, tambi\u00e9n lo hace. De esta manera, no parece que est\u00e9s utilizando Internet, parece que es solo el proxy. B\u00e1sicamente env\u00eda datos de un lado a otro.<\/p>\n<p>Un proxy definitivamente puede ocultar tu direcci\u00f3n IP y pasar por restricciones geogr\u00e1ficas simples. Pero lo que lo hace inseguro es que<strong> no cifra tu tr\u00e1fico y registra tu historial.<\/strong> B\u00e1sicamente, tus datos siguen siendo muy accesibles para esp\u00edas y terceros.<\/p>\n<p>Por \u00faltimo, casi todos los proxies <strong>solo se pueden usar en navegadores<\/strong>. Por lo tanto, no puedes usar esto con ninguna de tus otras aplicaciones o software. Es decir, no puedes descargar torrents porque no podr\u00e1 interceptar el tr\u00e1fico procedente de ning\u00fan otro lugar adem\u00e1s de tu navegador. Y si lo intentas, descargar\u00e1s torrents sin ninguna protecci\u00f3n.<\/p>\n<h3>4. C\u00f3mo cambiar la ubicaci\u00f3n de la direcci\u00f3n IP cambiando la red<\/h3>\n<p>Este m\u00e9todo no oculta tu direcci\u00f3n IP, pero <strong>la cambia temporalmente<\/strong>. Lo bueno de este proceso es que no vincula tu IP a tu dispositivo. En cambio, depende de la red. Si no deseas que se vea la direcci\u00f3n de su casa, simplemente puedes conectarse a otra red, p. cafeter\u00eda, centro comercial. Entonces parece que est\u00e1s navegando por la web con otra IP.<\/p>\n<p>Incluso puedes hacer esto usando un m\u00f3vil. Siempre que uses el punto de acceso personal en tu tel\u00e9fono, pero a\u00fan se puede rastrear hasta ti. Lo mejor que puede hacer en este momento es <strong>conectarse a cualquier red Wi-Fi p\u00fablica<\/strong>. Aunque existen riesgos al conectarse a Internet p\u00fablico, hace el trabajo y es una forma de obtener una nueva direcci\u00f3n IP.<\/p>\n<h2>Para resumir todo esto&#8230;<\/h2>\n<p>Ahora que ya sabes como saber el ip de mi pc, todo lo que hay sobre c\u00f3mo cambiar la direcci\u00f3n IP, depende de ti elegir qu\u00e9 m\u00e9todo ser\u00e1 el mejor para ti. En cuanto a m\u00ed personalmente, siempre uso y recomiendo una VPN. Es la opci\u00f3n m\u00e1s sensata, ya que ofrece capas adicionales de seguridad. Puedo navegar de forma an\u00f3nima e incluso acceder a sitios y contenido restringidos geogr\u00e1ficamente. Y hace el trabajo sin problemas cuando se trata de cambiar la ubicaci\u00f3n de mi direcci\u00f3n IP.<\/p>\n<p>Si est\u00e1s considerando obtener una VPN para cambiar la direcci\u00f3n IP, te recomiendo que pruebes . Yo ya prob\u00e9 DECENAS de otros servicios VPN a lo largo de los a\u00f1os, y \u00e9sta es la \u00fanica que super\u00f3 todas mis expectativas. Adem\u00e1s puedes probarlo de forma gratuita si no deseas comprometerte completamente con tu prueba de 45 d\u00edas. Y si deseas seguir us\u00e1ndola, tienen muchos planes de pago asequibles disponibles.<\/p>\n<p>Con suerte, a estas alturas ya sabes c\u00f3mo como saber el ip de mi pc, cu\u00e1l es mi IP, c\u00f3mo obtener una nueva direcci\u00f3n IP y c\u00f3mo cambiar la direcci\u00f3n IP. Si necesitas m\u00e1s informaci\u00f3n sobre las VPN, he escrito <a href=\"https:\/\/vpnveteran.com\/es\/ultimos-posts\/\">otros art\u00edculos<\/a> que podr\u00edan ayudarte sobre este tema.<\/p>\n","protected":false},"excerpt":{"rendered":"<p>En esta era, casi cualquier persona puede rastrear f\u00e1cilmente las direcciones de IP (Internet Protocole). Cualquier cosa que hagas, siempre que est\u00e9s conectado a Internet, puede ser vista por terceros no deseados. Puede parece aterrador pero despu\u00e9s de leer este art\u00edculo no tendr\u00e1s nada de lo que preocuparte. Cr\u00e9eme, pude aprender con \u00e9xito c\u00f3mo ocultar [&hellip;]<\/p>\n","protected":false},"author":64,"featured_media":0,"parent":0,"menu_order":0,"comment_status":"closed","ping_status":"closed","template":"","meta":{"om_disable_all_campaigns":false,"footnotes":""},"sgf-content-tag":[194],"sgf-seo-push":[],"class_list":["post-18560","page","type-page","status-publish","hentry"],"_links":{"self":[{"href":"https:\/\/vpnveteran.com\/es\/wp-json\/wp\/v2\/pages\/18560","targetHints":{"allow":["GET"]}}],"collection":[{"href":"https:\/\/vpnveteran.com\/es\/wp-json\/wp\/v2\/pages"}],"about":[{"href":"https:\/\/vpnveteran.com\/es\/wp-json\/wp\/v2\/types\/page"}],"author":[{"embeddable":true,"href":"https:\/\/vpnveteran.com\/es\/wp-json\/wp\/v2\/users\/64"}],"replies":[{"embeddable":true,"href":"https:\/\/vpnveteran.com\/es\/wp-json\/wp\/v2\/comments?post=18560"}],"version-history":[{"count":9,"href":"https:\/\/vpnveteran.com\/es\/wp-json\/wp\/v2\/pages\/18560\/revisions"}],"predecessor-version":[{"id":27801,"href":"https:\/\/vpnveteran.com\/es\/wp-json\/wp\/v2\/pages\/18560\/revisions\/27801"}],"wp:attachment":[{"href":"https:\/\/vpnveteran.com\/es\/wp-json\/wp\/v2\/media?parent=18560"}],"wp:term":[{"taxonomy":"sgf-content-tag","embeddable":true,"href":"https:\/\/vpnveteran.com\/es\/wp-json\/wp\/v2\/sgf-content-tag?post=18560"},{"taxonomy":"sgf-seo-push","embeddable":true,"href":"https:\/\/vpnveteran.com\/es\/wp-json\/wp\/v2\/sgf-seo-push?post=18560"}],"curies":[{"name":"wp","href":"https:\/\/api.w.org\/{rel}","templated":true}]}}