{"id":57609,"date":"2023-07-13T22:50:28","date_gmt":"2023-07-14T02:50:28","guid":{"rendered":"https:\/\/vpnveteran.com\/?page_id=57609"},"modified":"2023-07-13T22:50:28","modified_gmt":"2023-07-14T02:50:28","slug":"divulgacion-de-afiliados","status":"publish","type":"page","link":"https:\/\/vpnveteran.com\/es\/divulgacion-de-afiliados\/","title":{"rendered":"Divulgaci\u00f3n de Afiliados"},"content":{"rendered":"<p><strong><a href=\"https:\/\/vpnveteran.com\/es\/\">VPNveteran<\/a> participa en el marketing de afiliados, lo cual implica el uso de enlaces de afiliados en ciertas p\u00e1ginas.<\/strong> Como resultado, recibimos una comisi\u00f3n por las compras realizadas a trav\u00e9s de estos enlaces.<\/p>\n<p>Esto nos permite seguir brindando contenido de alta calidad a nuestros lectores.<\/p>\n<p>Es importante mencionar que nuestro sitio web tambi\u00e9n incluye enlaces a servicios o empresas sin ninguna afiliaci\u00f3n financiera.<\/p>\n<p><strong>La transparencia y proporcionar informaci\u00f3n honesta a nuestros lectores son de suma importancia para nosotros.<\/strong> Nos esforzamos por brindar contenido preciso y aut\u00e9ntico que te ayude a tomar decisiones informadas.<\/p>\n<p>Para garantizar un contenido imparcial, <strong>nuestros equipos de creaci\u00f3n de art\u00edculos y marketing operan de forma independiente.<\/strong><\/p>\n<p><strong>Nuestros escritores no reciben ninguna compensaci\u00f3n de las empresas que venden los productos o servicios que revisan.<\/strong><\/p>\n<p>Nuestros art\u00edculos se basan en investigaciones exhaustivas, conocimiento y pruebas personales de cada servicio y producto por parte de nuestros escritores.<\/p>\n<p>Est\u00e1n dedicados a brindar sus opiniones e ideas imparciales a nuestros lectores.<\/p>\n<p>Ten en cuenta que la ubicaci\u00f3n de los botones de llamada a la acci\u00f3n y los enlaces de afiliados en p\u00e1ginas espec\u00edficas es responsabilidad exclusiva de nuestro equipo de marketing.<\/p>\n<p>Si tienes alguna pregunta o inquietud sobre nuestra divulgaci\u00f3n de afiliados, no dudes en contactarnos. Estamos aqu\u00ed para responder cualquier consulta que puedas tener.<\/p>\n","protected":false},"excerpt":{"rendered":"<p>VPNveteran participa en el marketing de afiliados, lo cual implica el uso de enlaces de afiliados en ciertas p\u00e1ginas. Como resultado, recibimos una comisi\u00f3n por las compras realizadas a trav\u00e9s de estos enlaces. Esto nos permite seguir brindando contenido de alta calidad a nuestros lectores. Es importante mencionar que nuestro sitio web tambi\u00e9n incluye enlaces [&hellip;]<\/p>\n","protected":false},"author":64,"featured_media":0,"parent":0,"menu_order":0,"comment_status":"closed","ping_status":"closed","template":"","meta":{"om_disable_all_campaigns":false,"footnotes":""},"sgf-content-tag":[1763,183],"sgf-seo-push":[],"class_list":["post-57609","page","type-page","status-publish","hentry"],"_links":{"self":[{"href":"https:\/\/vpnveteran.com\/es\/wp-json\/wp\/v2\/pages\/57609","targetHints":{"allow":["GET"]}}],"collection":[{"href":"https:\/\/vpnveteran.com\/es\/wp-json\/wp\/v2\/pages"}],"about":[{"href":"https:\/\/vpnveteran.com\/es\/wp-json\/wp\/v2\/types\/page"}],"author":[{"embeddable":true,"href":"https:\/\/vpnveteran.com\/es\/wp-json\/wp\/v2\/users\/64"}],"replies":[{"embeddable":true,"href":"https:\/\/vpnveteran.com\/es\/wp-json\/wp\/v2\/comments?post=57609"}],"version-history":[{"count":4,"href":"https:\/\/vpnveteran.com\/es\/wp-json\/wp\/v2\/pages\/57609\/revisions"}],"predecessor-version":[{"id":57613,"href":"https:\/\/vpnveteran.com\/es\/wp-json\/wp\/v2\/pages\/57609\/revisions\/57613"}],"wp:attachment":[{"href":"https:\/\/vpnveteran.com\/es\/wp-json\/wp\/v2\/media?parent=57609"}],"wp:term":[{"taxonomy":"sgf-content-tag","embeddable":true,"href":"https:\/\/vpnveteran.com\/es\/wp-json\/wp\/v2\/sgf-content-tag?post=57609"},{"taxonomy":"sgf-seo-push","embeddable":true,"href":"https:\/\/vpnveteran.com\/es\/wp-json\/wp\/v2\/sgf-seo-push?post=57609"}],"curies":[{"name":"wp","href":"https:\/\/api.w.org\/{rel}","templated":true}]}}