{"id":57735,"date":"2023-07-31T04:05:07","date_gmt":"2023-07-31T08:05:07","guid":{"rendered":"https:\/\/vpnveteran.com\/?page_id=57735"},"modified":"2023-07-31T04:05:07","modified_gmt":"2023-07-31T08:05:07","slug":"divulgacion-de-propiedad","status":"publish","type":"page","link":"https:\/\/vpnveteran.com\/es\/divulgacion-de-propiedad\/","title":{"rendered":"Divulgaci\u00f3n de Propiedad"},"content":{"rendered":"<p><a href=\"https:\/\/vpnveteran.com\/es\/\">VPNveteran.com<\/a> es propiedad y est\u00e1 operado por Affiliare Inc. Priorizamos la transparencia y estamos comprometidos a proporcionar a nuestros lectores una plataforma abierta y honesta. Al revelar nuestra propiedad, buscamos construir confianza y mantener los m\u00e1s altos est\u00e1ndares de integridad.<\/p>\n<h2>Referencias en Nuestros Art\u00edculos<\/h2>\n<p>En VPNveteran.com, nos dedicamos a brindar rese\u00f1as y art\u00edculos imparciales. Si bien nuestro contenido puede mencionar o hacer referencia a diversos productos, servicios, expertos y m\u00e1s, es importante tener en cuenta que tales referencias no deben interpretarse como avales o garant\u00edas de la precisi\u00f3n de la informaci\u00f3n.<\/p>\n<p>Recomendamos encarecidamente a nuestros lectores que realicen una investigaci\u00f3n exhaustiva y consulten m\u00faltiples fuentes antes de tomar cualquier decisi\u00f3n de compra. Depender \u00fanicamente de las referencias dentro de nuestros art\u00edculos puede no brindar una comprensi\u00f3n completa del tema.<\/p>\n<p>Si tienes alguna consulta o inquietud sobre la divulgaci\u00f3n de nuestra propiedad, por favor env\u00eda un mensaje a <a href=\"mailto:info@affiliareinc.com\" target=\"_blank\" rel=\"nofollow noopener noreferrer\">info@affiliareinc.com<\/a>.<\/p>\n","protected":false},"excerpt":{"rendered":"<p>VPNveteran.com es propiedad y est\u00e1 operado por Affiliare Inc. Priorizamos la transparencia y estamos comprometidos a proporcionar a nuestros lectores una plataforma abierta y honesta. Al revelar nuestra propiedad, buscamos construir confianza y mantener los m\u00e1s altos est\u00e1ndares de integridad. Referencias en Nuestros Art\u00edculos En VPNveteran.com, nos dedicamos a brindar rese\u00f1as y art\u00edculos imparciales. Si [&hellip;]<\/p>\n","protected":false},"author":64,"featured_media":0,"parent":0,"menu_order":0,"comment_status":"closed","ping_status":"closed","template":"","meta":{"om_disable_all_campaigns":false,"footnotes":""},"sgf-content-tag":[1765,183],"sgf-seo-push":[],"class_list":["post-57735","page","type-page","status-publish","hentry"],"_links":{"self":[{"href":"https:\/\/vpnveteran.com\/es\/wp-json\/wp\/v2\/pages\/57735","targetHints":{"allow":["GET"]}}],"collection":[{"href":"https:\/\/vpnveteran.com\/es\/wp-json\/wp\/v2\/pages"}],"about":[{"href":"https:\/\/vpnveteran.com\/es\/wp-json\/wp\/v2\/types\/page"}],"author":[{"embeddable":true,"href":"https:\/\/vpnveteran.com\/es\/wp-json\/wp\/v2\/users\/64"}],"replies":[{"embeddable":true,"href":"https:\/\/vpnveteran.com\/es\/wp-json\/wp\/v2\/comments?post=57735"}],"version-history":[{"count":1,"href":"https:\/\/vpnveteran.com\/es\/wp-json\/wp\/v2\/pages\/57735\/revisions"}],"predecessor-version":[{"id":57736,"href":"https:\/\/vpnveteran.com\/es\/wp-json\/wp\/v2\/pages\/57735\/revisions\/57736"}],"wp:attachment":[{"href":"https:\/\/vpnveteran.com\/es\/wp-json\/wp\/v2\/media?parent=57735"}],"wp:term":[{"taxonomy":"sgf-content-tag","embeddable":true,"href":"https:\/\/vpnveteran.com\/es\/wp-json\/wp\/v2\/sgf-content-tag?post=57735"},{"taxonomy":"sgf-seo-push","embeddable":true,"href":"https:\/\/vpnveteran.com\/es\/wp-json\/wp\/v2\/sgf-seo-push?post=57735"}],"curies":[{"name":"wp","href":"https:\/\/api.w.org\/{rel}","templated":true}]}}