{"id":17719,"date":"2020-07-10T04:04:48","date_gmt":"2020-07-10T08:04:48","guid":{"rendered":"https:\/\/vpnveteran.com\/a-propos\/"},"modified":"2023-08-07T04:04:39","modified_gmt":"2023-08-07T08:04:39","slug":"a-propos","status":"publish","type":"page","link":"https:\/\/vpnveteran.com\/fr\/a-propos\/","title":{"rendered":"\u00c0 propos"},"content":{"rendered":"<h2>Histoire de VPNVeteran<\/h2>\n<p>Fond\u00e9 le <strong>1 mai 2020<\/strong>, VPNVeteran.com est n\u00e9 de notre mission commune : sensibiliser et \u00e9duquer sur la cybers\u00e9curit\u00e9 et la confidentialit\u00e9 en ligne. D\u00e8s le d\u00e9but de l&rsquo;\u00e8re num\u00e9rique, nous avons pris conscience des risques pour<strong> la vie priv\u00e9e en ligne<\/strong>, suscitant notre passion pour rendre internet plus s\u00fbr.<\/p>\n<p>Notre site a \u00e9volu\u00e9 pour devenir une r\u00e9f\u00e9rence en cybers\u00e9curit\u00e9. Nous avons surmont\u00e9 des d\u00e9fis et marqu\u00e9 des jalons importants. Les retours de nos lecteurs ont enrichi notre contenu, incluant des cat\u00e9gories telles que les VPN.<\/p>\n<p>Nous sommes fiers de notre communaut\u00e9 de lecteurs et contributeurs. Notre impact positif se traduit par des strat\u00e9gies efficaces et des informations pr\u00e9cieuses pour naviguer en toute s\u00e9curit\u00e9 en ligne.<\/p>\n<p>Le travail acharn\u00e9 de notre \u00e9quipe a fa\u00e7onn\u00e9 VPNVeteran.com, une plateforme de r\u00e9f\u00e9rence en cybers\u00e9curit\u00e9. Nous visons \u00e0 fournir un <strong>contenu convaincant, compr\u00e9hensible et impartial<\/strong>.<\/p>\n<p>Notre engagement envers la simplicit\u00e9, l&rsquo;honn\u00eatet\u00e9 et l&rsquo;ind\u00e9pendance nous d\u00e9marque. La satisfaction de nos lecteurs est notre priorit\u00e9. Avec nous, vous trouverez toutes les informations n\u00e9cessaires pour prot\u00e9ger vos activit\u00e9s en ligne, o\u00f9 que vous soyez dans le monde.<\/p>\n<h2>Notre \u00e9quipe<\/h2>\n<p>Nous sommes un groupe de passionn\u00e9s partageant un objectif commun : sensibiliser et \u00e9duquer les gens sur les avantages de la cybers\u00e9curit\u00e9 et de la confidentialit\u00e9 en ligne.<\/p>\n\t\t\t<style>.authors-list-cols-dir-horizontal .authors-list-col{display:block;float:left;margin-right:3.42%}.authors-list-cols-dir-horizontal .authors-list-col-1{width:5.198%}.authors-list-cols-dir-horizontal .authors-list-col-2{width:13.81%}.authors-list-cols-dir-horizontal .authors-list-col-3{width:22.43%}.authors-list-cols-dir-horizontal .authors-list-col-4{width:31.05%}.authors-list-cols-dir-horizontal .authors-list-col-5{width:39.67%}.authors-list-cols-dir-horizontal .authors-list-col-6{width:48.29%}.authors-list-cols-dir-horizontal .authors-list-col-7{width:56.9%}.authors-list-cols-dir-horizontal .authors-list-col-8{width:65.52%}.authors-list-cols-dir-horizontal .authors-list-col-9{width:74.14%}.authors-list-cols-dir-horizontal .authors-list-col-10{width:82.76%}.authors-list-cols-dir-horizontal .authors-list-col-11{width:91.38%}.authors-list-cols-dir-horizontal .authors-list-col-12{width:100%}.authors-list-cols-dir-horizontal .authors-list-col-last{margin-right:0}.authors-list-cols-dir-horizontal .authors-list-col-first{clear:both}.authors-list-cols-dir-horizontal.authors-list-cols-2 .authors-list-col:nth-child(2n){margin-right:0}.authors-list-cols-dir-horizontal.authors-list-cols-2 .authors-list-col:nth-child(2n+1){clear:both}.authors-list-cols-dir-horizontal.authors-list-cols-3 .authors-list-col:nth-child(3n){margin-right:0}.authors-list-cols-dir-horizontal.authors-list-cols-3 .authors-list-col:nth-child(3n+1){clear:both}.authors-list-cols-dir-horizontal.authors-list-cols-4 .authors-list-col:nth-child(4n){margin-right:0}.authors-list-cols-dir-horizontal.authors-list-cols-4 .authors-list-col:nth-child(4n+1){clear:both}.authors-list-cols-dir-vertical{column-gap:3.42%}.authors-list-cols-dir-vertical.authors-list-cols-2{column-count:2}.authors-list-cols-dir-vertical.authors-list-cols-3{column-count:3}.authors-list-cols-dir-vertical.authors-list-cols-3{column-count:3}.authors-list-cols-dir-vertical.authors-list-cols-4{column-count:4}.authors-list-clearfix:after,.authors-list-clearfix:before{content:\" \";display:table}.authors-list-clearfix:after{clear:both}.authors-list-item{margin-bottom:30px;position:relative}.authors-list-cols-dir-vertical .authors-list-item{break-inside:avoid-column;page-break-inside:avoid}.authors-list-item-thumbnail{margin-bottom:20px;position:relative}.authors-list-item-thumbnail a,.authors-list-item-thumbnail img{display:block;position:relative;border:0}.authors-list-item-thumbnail img{max-width:100%;height:auto;border-radius:inherit;}.authors-list-item-title{font-size:22px;font-weight:700;margin-bottom:5px}.authors-list-item-title a{color:inherit}.authors-list-item-subtitle{margin-bottom:5px;font-size:80%}.authors-list-item-social{margin-bottom:10px}.authors-list-item-social a{font-size:15px;margin-right:5px;text-decoration:none}.authors-list-item-social svg{width:15px}.authors-list-item-social-facebook{fill:#3b5998}.authors-list-item-social-instagram{fill:#405de6}.authors-list-item-social-linkedin{fill:#0077b5}.authors-list-item-social-pinterest{fill:#bd081c}.authors-list-item-social-tumblr{fill:#35465c}.authors-list-item-social-twitter{fill:#1da1f2}.authors-list-item-social-youtube{fill:red}.authors-list-item-social-tiktok{fill:#1e3050}.authors-list-item-excerpt{margin-bottom:10px}.authors-list-items-s2 .authors-list-item-main{position:absolute;bottom:0;left:0;right:0;padding:30px;color:#fff;background:rgba(0,0,0,.3)}.authors-list-items-s2 .authors-list-item-thumbnail{margin-bottom:0}.authors-list-items-s2 .authors-list-item-title{color:inherit}.authors-list-items-s2 .authors-list-item-link{color:inherit}.authors-list-items-s3 .authors-list-item-thumbnail{margin-bottom:0}.authors-list-items-s3 .authors-list-item-main{position:absolute;bottom:0;left:0;right:0;top:0;padding:30px;opacity:0;transform:scale(0);transition:all .3s;background:#fff;border:2px solid #eee}.authors-list-items-s3 .authors-list-item:hover .authors-list-item-main{opacity:1;transform:scale(1)}.authors-list-items-s4 .authors-list-item-thumbnail{float:left;margin-right:20px;width:25%}.authors-list-item-s4 .authors-list-item-main{overflow:hidden}.author-list-item-after-avatar,.author-list-item-after-bio,.author-list-item-after-count,.author-list-item-after-link,.author-list-item-after-title,.author-list-item-before-avatar,.author-list-item-before-bio,.author-list-item-before-count,.author-list-item-before-link,.author-list-item-before-title{margin-bottom:5px}@media only screen and (max-width:767px){.authors-list-cols-dir-horizontal .authors-list-col{width:100%;margin-right:0!important}.authors-list-cols-dir-vertical{column-count:1!important}}.authors-list-pagination{text-align:center}.authors-list-pagination li{display:inline-block;margin:0 2px}.authors-list-pagination li a,.authors-list-pagination li>span{display:inline-block;border:1px solid rgba(0,0,0,.2);padding:10px;line-height:1}<\/style>\n\t\t\t\t\t\t<div class=\"authors-list-items authors-list-items-s3 authors-list-clearfix authors-list-cols-3 authors-list-cols-dir-horizontal \">\n\t\t\t\n\t\t<div class=\"authors-list-item authors-list-item-clearfix authors-list-col authors-list-col-4\">\n\n\t\t\t\t\t\t\t<div class=\"authors-list-item-thumbnail\">\n\t\t\t\t\t\n\t\t\t\t\t<a href=\"https:\/\/vpnveteran.com\/fr\/author\/camille\/\" class=\"author-list-item-avatar\">\n\t\t\t\t\t\t\t\t\t\t\t\t\t<img alt='Camille' src='https:\/\/vpnveteran.com\/wp-content\/uploads\/camille-500x500.jpg' srcset='https:\/\/vpnveteran.com\/wp-content\/uploads\/camille-1000x1000.jpg 2x' class='avatar avatar-500 photo' height='500' width='500' \/>\t\t\t\t\t\t\t\t\t\t\t<\/a>\n\n\t\t\t\t\t\t\t\t\t<\/div><!-- .team-item-thumbnail -->\n\t\t\t\n\t\t\t<div class=\"authors-list-item-main\">\n\n\t\t\t\t\n\t\t\t\t\t\t\t\t\t<div class=\"authors-list-item-title\">\n\t\t\t\t\t\t<a href=\"https:\/\/vpnveteran.com\/fr\/author\/camille\/\">Camille<\/a>\n\t\t\t\t\t<\/div>\n\t\t\t\t\n\t\t\t\t\n\t\t\t\t\n\t\t\t\t\t\t\t\t\t\t\t\t\t\t<div class=\"authors-list-item-subtitle\">19 posts<\/div>\n\t\t\t\t\n\t\t\t\t\n\t\t\t\t\n\t\t\t\t\n\t\t\t\t\n\t\t\t\t\n\t\t\t\t\t\t\t\t\t\t\t\t\t\t<a href=\"https:\/\/vpnveteran.com\/fr\/author\/camille\/\" class=\"authors-list-item-link\" aria-label=\" - Voir les posts \u2192\">Voir les posts \u2192<\/a>\n\t\t\t\t\n\t\t\t\t\n\t\t\t<\/div><!-- .team-item-main -->\n\n\t\t<\/div><!-- .authors-list-item -->\n\n\t\t\n\t\t<div class=\"authors-list-item authors-list-item-clearfix authors-list-col authors-list-col-4\">\n\n\t\t\t\t\t\t\t<div class=\"authors-list-item-thumbnail\">\n\t\t\t\t\t\n\t\t\t\t\t<a href=\"https:\/\/vpnveteran.com\/fr\/author\/charlotte\/\" class=\"author-list-item-avatar\">\n\t\t\t\t\t\t\t\t\t\t\t\t\t<img alt='Charlotte' src='https:\/\/vpnveteran.com\/wp-content\/uploads\/charlotte-500x500.jpg' srcset='https:\/\/vpnveteran.com\/wp-content\/uploads\/charlotte-1000x1000.jpg 2x' class='avatar avatar-500 photo' height='500' width='500' \/>\t\t\t\t\t\t\t\t\t\t\t<\/a>\n\n\t\t\t\t\t\t\t\t\t<\/div><!-- .team-item-thumbnail -->\n\t\t\t\n\t\t\t<div class=\"authors-list-item-main\">\n\n\t\t\t\t\n\t\t\t\t\t\t\t\t\t<div class=\"authors-list-item-title\">\n\t\t\t\t\t\t<a href=\"https:\/\/vpnveteran.com\/fr\/author\/charlotte\/\">Charlotte<\/a>\n\t\t\t\t\t<\/div>\n\t\t\t\t\n\t\t\t\t\n\t\t\t\t\n\t\t\t\t\t\t\t\t\t\t\t\t\t\t<div class=\"authors-list-item-subtitle\">6 posts<\/div>\n\t\t\t\t\n\t\t\t\t\n\t\t\t\t\n\t\t\t\t\n\t\t\t\t\n\t\t\t\t\n\t\t\t\t\t\t\t\t\t\t\t\t\t\t<a href=\"https:\/\/vpnveteran.com\/fr\/author\/charlotte\/\" class=\"authors-list-item-link\" aria-label=\" - Voir les posts \u2192\">Voir les posts \u2192<\/a>\n\t\t\t\t\n\t\t\t\t\n\t\t\t<\/div><!-- .team-item-main -->\n\n\t\t<\/div><!-- .authors-list-item -->\n\n\t\t\n\t\t<div class=\"authors-list-item authors-list-item-clearfix authors-list-col authors-list-col-4\">\n\n\t\t\t\t\t\t\t<div class=\"authors-list-item-thumbnail\">\n\t\t\t\t\t\n\t\t\t\t\t<a href=\"https:\/\/vpnveteran.com\/fr\/author\/fred\/\" class=\"author-list-item-avatar\">\n\t\t\t\t\t\t\t\t\t\t\t\t\t<img alt='Fred' src='https:\/\/vpnveteran.com\/wp-content\/uploads\/fred-200x200-1-500x500.jpg' srcset='https:\/\/vpnveteran.com\/wp-content\/uploads\/fred-200x200-1-1000x1000.jpg 2x' class='avatar avatar-500 photo' height='500' width='500' \/>\t\t\t\t\t\t\t\t\t\t\t<\/a>\n\n\t\t\t\t\t\t\t\t\t<\/div><!-- .team-item-thumbnail -->\n\t\t\t\n\t\t\t<div class=\"authors-list-item-main\">\n\n\t\t\t\t\n\t\t\t\t\t\t\t\t\t<div class=\"authors-list-item-title\">\n\t\t\t\t\t\t<a href=\"https:\/\/vpnveteran.com\/fr\/author\/fred\/\">Fred<\/a>\n\t\t\t\t\t<\/div>\n\t\t\t\t\n\t\t\t\t\n\t\t\t\t\n\t\t\t\t\t\t\t\t\t\t\t\t\t\t<div class=\"authors-list-item-subtitle\">101 posts<\/div>\n\t\t\t\t\n\t\t\t\t\n\t\t\t\t\n\t\t\t\t\n\t\t\t\t\n\t\t\t\t\n\t\t\t\t\t\t\t\t\t\t\t\t\t\t<a href=\"https:\/\/vpnveteran.com\/fr\/author\/fred\/\" class=\"authors-list-item-link\" aria-label=\" - Voir les posts \u2192\">Voir les posts \u2192<\/a>\n\t\t\t\t\n\t\t\t\t\n\t\t\t<\/div><!-- .team-item-main -->\n\n\t\t<\/div><!-- .authors-list-item -->\n\n\t\t\n\t\t<div class=\"authors-list-item authors-list-item-clearfix authors-list-col authors-list-col-4\">\n\n\t\t\t\t\t\t\t<div class=\"authors-list-item-thumbnail\">\n\t\t\t\t\t\n\t\t\t\t\t<a href=\"https:\/\/vpnveteran.com\/fr\/author\/matthieu\/\" class=\"author-list-item-avatar\">\n\t\t\t\t\t\t\t\t\t\t\t\t\t<img alt='Matthieu' src='https:\/\/vpnveteran.com\/wp-content\/uploads\/Matthieu-Plouffe200x200-500x500.jpg' srcset='https:\/\/vpnveteran.com\/wp-content\/uploads\/Matthieu-Plouffe200x200-1000x1000.jpg 2x' class='avatar avatar-500 photo' height='500' width='500' \/>\t\t\t\t\t\t\t\t\t\t\t<\/a>\n\n\t\t\t\t\t\t\t\t\t<\/div><!-- .team-item-thumbnail -->\n\t\t\t\n\t\t\t<div class=\"authors-list-item-main\">\n\n\t\t\t\t\n\t\t\t\t\t\t\t\t\t<div class=\"authors-list-item-title\">\n\t\t\t\t\t\t<a href=\"https:\/\/vpnveteran.com\/fr\/author\/matthieu\/\">Matthieu<\/a>\n\t\t\t\t\t<\/div>\n\t\t\t\t\n\t\t\t\t\n\t\t\t\t\n\t\t\t\t\t\t\t\t\t\t\t\t\t\t<div class=\"authors-list-item-subtitle\">2 posts<\/div>\n\t\t\t\t\n\t\t\t\t\n\t\t\t\t\n\t\t\t\t\n\t\t\t\t\n\t\t\t\t\n\t\t\t\t\t\t\t\t\t\t\t\t\t\t<a href=\"https:\/\/vpnveteran.com\/fr\/author\/matthieu\/\" class=\"authors-list-item-link\" aria-label=\" - Voir les posts \u2192\">Voir les posts \u2192<\/a>\n\t\t\t\t\n\t\t\t\t\n\t\t\t<\/div><!-- .team-item-main -->\n\n\t\t<\/div><!-- .authors-list-item -->\n\n\t\t\n\t\t\t<span class=\"spinner\">\n\t\t\t\t<span class=\"spin\">\n\t\t\t\t\t<svg xmlns=\"http:\/\/www.w3.org\/2000\/svg\" viewBox=\"0 0 512 512\">\n\t\t\t\t\t\t<path d=\"M304 48C304 74.51 282.5 96 256 96C229.5 96 208 74.51 208 48C208 21.49 229.5 0 256 0C282.5 0 304 21.49 304 48zM304 464C304 490.5 282.5 512 256 512C229.5 512 208 490.5 208 464C208 437.5 229.5 416 256 416C282.5 416 304 437.5 304 464zM0 256C0 229.5 21.49 208 48 208C74.51 208 96 229.5 96 256C96 282.5 74.51 304 48 304C21.49 304 0 282.5 0 256zM512 256C512 282.5 490.5 304 464 304C437.5 304 416 282.5 416 256C416 229.5 437.5 208 464 208C490.5 208 512 229.5 512 256zM74.98 437C56.23 418.3 56.23 387.9 74.98 369.1C93.73 350.4 124.1 350.4 142.9 369.1C161.6 387.9 161.6 418.3 142.9 437C124.1 455.8 93.73 455.8 74.98 437V437zM142.9 142.9C124.1 161.6 93.73 161.6 74.98 142.9C56.24 124.1 56.24 93.73 74.98 74.98C93.73 56.23 124.1 56.23 142.9 74.98C161.6 93.73 161.6 124.1 142.9 142.9zM369.1 369.1C387.9 350.4 418.3 350.4 437 369.1C455.8 387.9 455.8 418.3 437 437C418.3 455.8 387.9 455.8 369.1 437C350.4 418.3 350.4 387.9 369.1 369.1V369.1z\"\/>\n\t\t\t\t\t<\/svg>\n\t\t\t\t<\/span>\n\t\t\t<\/span>\n\n\t\t\t\t\t\t<\/div><!-- authors-list-items -->\n\t\t\t\n<h2>Notre mission<\/h2>\n<p>Depuis le d\u00e9but de l&rsquo;\u00e8re num\u00e9rique, notre d\u00e9pendance \u00e0 internet s&rsquo;est accrue, presque 24 heures sur 24, 7 jours sur 7. Cependant, il n&rsquo;est pas surprenant que cet espace soit \u00e9galement un paradis pour les pirates informatiques. Cela signifie que la confidentialit\u00e9 et la s\u00e9curit\u00e9 sont devenues une de nos principales pr\u00e9occupations.<\/p>\n<p>Nous sommes attrist\u00e9s de constater que certains ne prennent pas la cybers\u00e9curit\u00e9 au s\u00e9rieux, tandis que d&rsquo;autres en ignorent les enjeux.<\/p>\n<p><strong>Nous voulons que vous vous sentiez en s\u00e9curit\u00e9 en ligne.<\/strong><\/p>\n<p>C&rsquo;est pourquoi nous nous sommes donn\u00e9 pour mission de faire prendre conscience \u00e0 tous ceux qui utilisent internet de la valeur de leur vie priv\u00e9e. Depuis que l&rsquo;internet a transform\u00e9 nos modes de communication et de consommation, les individus doivent prendre des pr\u00e9cautions suppl\u00e9mentaires contre la fraude, le vol, les dommages et la surveillance.<\/p>\n<p>C&rsquo;est la principale raison pour laquelle nous voulons que notre passion pour la technologie aide les entreprises et les particuliers ordinaires \u00e0 se sentir en s\u00e9curit\u00e9 et \u00e0 avoir l&rsquo;esprit tranquille dans leur utilisation quotidienne d&rsquo;internet.<\/p>\n<h2>Comment nous vous aidons<\/h2>\n<p>Notre site contient toutes les informations dont vous avez besoin en mati\u00e8re de cybers\u00e9curit\u00e9. Nous mettons r\u00e9guli\u00e8rement \u00e0 jour notre contenu afin de vous offrir les<strong> derni\u00e8res actualit\u00e9s en mati\u00e8re de s\u00e9curit\u00e9, les meilleures offres et r\u00e9ductions sur les outils et logiciels, des critiques de produits et des tutoriels \u00e9tape par \u00e9tape<\/strong>. Nous travaillons dur pour proposer \u00e0 tous des articles convaincants, compr\u00e9hensibles m\u00eame pour les moins technophiles d&rsquo;entre vous.<\/p>\n<p>De plus, nous am\u00e9liorons constamment notre site en vous offrant un contenu frais. Nous veillons \u00e0 vous offrir le meilleur service possible. Si vous souhaitez que nous \u00e9crivions un article sur un sujet sp\u00e9cifique que vous aimeriez approfondir, n&rsquo;h\u00e9sitez pas \u00e0 nous contacter. Vous pouvez \u00e9galement nous envoyer vos commentaires et vos compliments.<\/p>\n<p>Nous esp\u00e9rons qu&rsquo;avec ce site, vous pourrez trouver les bonnes informations sur la cybers\u00e9curit\u00e9 pour garantir la s\u00e9curit\u00e9 de vos activit\u00e9s en ligne, o\u00f9 que vous soyez dans le monde.<\/p>\n<h2>Nous ne visons que votre satisfaction<\/h2>\n<p>En particulier, nous nous effor\u00e7ons de vous fournir un contenu impartial afin que vous puissiez choisir <strong>la meilleure option pour vos besoins de protection en ligne<\/strong>. En effet, dans nos critiques, nous pr\u00e9sentons les avantages et les fonctionnalit\u00e9s de chaque produit \u00e9valu\u00e9. Cela vous permet de choisir ce qui correspond le mieux \u00e0 vos besoins en mati\u00e8re de confidentialit\u00e9 en ligne.<\/p>\n<h2>Nous testons et \u00e9valuons en premier lieu<\/h2>\n<p>Vous remarquerez que nos articles pr\u00e9sentent les avantages et les inconv\u00e9nients, ainsi qu&rsquo;une section comprenant : la confidentialit\u00e9 et la s\u00e9curit\u00e9, les fonctionnalit\u00e9s, la vitesse et les performances, le rapport qualit\u00e9-prix et la facilit\u00e9 d&rsquo;utilisation. Notre objectif est de vous fournir des informations simplifi\u00e9es, sans complexit\u00e9s techniques.<\/p>\n<h2>Nos \u00e9valuations<\/h2>\n<p>Chaque produit est accompagn\u00e9 d&rsquo;une \u00e9chelle de notation de 1 \u00e0 10, 1 \u00e9tant la note la plus basse et 10 la plus \u00e9lev\u00e9e. Cela offre \u00e0 nos lecteurs un guide visuel pour comparer les produits entre eux. Nous pensons que cela aidera nos lecteurs \u00e0 choisir les services auxquels souscrire.<\/p>\n<h2>Nous travaillons de mani\u00e8re ind\u00e9pendante<\/h2>\n<p>Bien que nous prenions en compte les suggestions de sujets de nos lecteurs, nous d\u00e9terminons toujours les r\u00e9sultats de nos \u00e9valuations en nous basant sur notre opinion honn\u00eate. Nous incluons n\u00e9anmoins des bo\u00eetes promotionnelles et des liens dans notre contenu. Cependant, personne ne peut influencer la fa\u00e7on dont nous cr\u00e9ons notre contenu.<\/p>\n<h2>Nous n&rsquo;acceptons pas les classements payants<\/h2>\n<p>Nous nous basons uniquement sur les performances et les avantages des produits, et non sur le montant pay\u00e9. Nous ne recommanderons jamais un produit uniquement en fonction de l&rsquo;argent. Contrairement \u00e0 d&rsquo;autres critiques VPN, <strong>VPNVeteran ne publie pas de contenu payant ni de publications sponsoris\u00e9es<\/strong>.<\/p>\n<p>Bien que nous pr\u00e9sentions une vari\u00e9t\u00e9 d&rsquo;outils de s\u00e9curit\u00e9 et de confidentialit\u00e9, nous le faisons conform\u00e9ment \u00e0 notre d\u00e9claration de mission, qui consiste \u00e0 \u00e9duquer et sensibiliser aux enjeux de la cybers\u00e9curit\u00e9 et de la confidentialit\u00e9.<\/p>\n<h2>Nous travaillons avec honn\u00eatet\u00e9<\/h2>\n<p>Contrairement \u00e0 de nombreux sites dans ce domaine, VPNVeteran ne fait que fournir des <strong>critiques honn\u00eates<\/strong>, sans inventer d&rsquo;informations, mentir sur les r\u00e9sultats des \u00e9valuations ou tromper nos lecteurs de quelque mani\u00e8re que ce soit. Nous restons fid\u00e8les \u00e0 notre mission, r\u00e9pondons \u00e0 chaque question du mieux que nous le pouvons et vous offrons une \u00e9valuation honn\u00eate et de qualit\u00e9.<\/p>\n<h2>Nous n&rsquo;affichons pas de publicit\u00e9<\/h2>\n<p>VPNVeteran ne propose aucune publicit\u00e9 et n&rsquo;accepte pas de paiements publicitaires. Les avis r\u00e9mun\u00e9r\u00e9s par la publicit\u00e9 sont biais\u00e9s, ce qui constitue un conflit d&rsquo;int\u00e9r\u00eats \u00e9vident.<\/p>\n<p>De plus, nous ne pouvons tout simplement pas accepter d&rsquo;\u00eatre r\u00e9mun\u00e9r\u00e9s pour faire de la publicit\u00e9 ou recommander un produit avec lequel nous avons rencontr\u00e9 divers probl\u00e8mes. Non seulement nous consid\u00e9rons la publicit\u00e9 comme une menace pour la s\u00e9curit\u00e9, car elle peut \u00eatre utilis\u00e9e pour le suivi, mais elle porte \u00e9galement atteinte \u00e0 la vie priv\u00e9e de nos lecteurs.<\/p>\n<h2>Nous simplifions<\/h2>\n<p>L&rsquo;un de nos objectifs avec ce site est de publier un contenu simple, facilement compr\u00e9hensible par tous, m\u00eame les moins technophiles d&rsquo;entre vous. Nous suivons le principe <strong>KISS (Keep It Simple Stupid)<\/strong>.<\/p>\n<p>Albert Einstein l&rsquo;a dit le mieux : \u00ab\u00a0Si vous ne pouvez pas l&rsquo;expliquer simplement, c&rsquo;est que vous ne le comprenez pas suffisamment.\u00a0\u00bb<\/p>\n<div id=\"gtx-trans\" style=\"position: absolute; left: -32px; top: 375.825px;\">\n<div class=\"gtx-trans-icon\"><\/div>\n<\/div>\n","protected":false},"excerpt":{"rendered":"<p>Histoire de VPNVeteran Fond\u00e9 le 1 mai 2020, VPNVeteran.com est n\u00e9 de notre mission commune : sensibiliser et \u00e9duquer sur la cybers\u00e9curit\u00e9 et la confidentialit\u00e9 en ligne. D\u00e8s le d\u00e9but de l&rsquo;\u00e8re num\u00e9rique, nous avons pris conscience des risques pour la vie priv\u00e9e en ligne, suscitant notre passion pour rendre internet plus s\u00fbr. Notre site [&hellip;]<\/p>\n","protected":false},"author":41,"featured_media":0,"parent":0,"menu_order":0,"comment_status":"closed","ping_status":"closed","template":"","meta":{"om_disable_all_campaigns":false,"footnotes":""},"sgf-content-tag":[183,188],"sgf-seo-push":[],"class_list":["post-17719","page","type-page","status-publish","hentry"],"_links":{"self":[{"href":"https:\/\/vpnveteran.com\/fr\/wp-json\/wp\/v2\/pages\/17719","targetHints":{"allow":["GET"]}}],"collection":[{"href":"https:\/\/vpnveteran.com\/fr\/wp-json\/wp\/v2\/pages"}],"about":[{"href":"https:\/\/vpnveteran.com\/fr\/wp-json\/wp\/v2\/types\/page"}],"author":[{"embeddable":true,"href":"https:\/\/vpnveteran.com\/fr\/wp-json\/wp\/v2\/users\/41"}],"replies":[{"embeddable":true,"href":"https:\/\/vpnveteran.com\/fr\/wp-json\/wp\/v2\/comments?post=17719"}],"version-history":[{"count":9,"href":"https:\/\/vpnveteran.com\/fr\/wp-json\/wp\/v2\/pages\/17719\/revisions"}],"predecessor-version":[{"id":57639,"href":"https:\/\/vpnveteran.com\/fr\/wp-json\/wp\/v2\/pages\/17719\/revisions\/57639"}],"wp:attachment":[{"href":"https:\/\/vpnveteran.com\/fr\/wp-json\/wp\/v2\/media?parent=17719"}],"wp:term":[{"taxonomy":"sgf-content-tag","embeddable":true,"href":"https:\/\/vpnveteran.com\/fr\/wp-json\/wp\/v2\/sgf-content-tag?post=17719"},{"taxonomy":"sgf-seo-push","embeddable":true,"href":"https:\/\/vpnveteran.com\/fr\/wp-json\/wp\/v2\/sgf-seo-push?post=17719"}],"curies":[{"name":"wp","href":"https:\/\/api.w.org\/{rel}","templated":true}]}}