{"id":18160,"date":"2020-07-23T22:13:54","date_gmt":"2020-07-24T02:13:54","guid":{"rendered":"https:\/\/vpnveteran.com\/contactez-nous\/"},"modified":"2023-07-26T03:26:40","modified_gmt":"2023-07-26T07:26:40","slug":"contactez-nous","status":"publish","type":"page","link":"https:\/\/vpnveteran.com\/fr\/contactez-nous\/","title":{"rendered":"Contactez nous"},"content":{"rendered":"<p>Contactez-nous par e-mail \u00e0 <a href=\"mailto:info@vpnveteran.com\" rel=\"nofollow noopener noreferrer\">info@vpnveteran.com<\/a> pour <strong>toute question ou information<\/strong>.<\/p>\n<p>Pour toute <strong>demande de partenariat ou requ\u00eate particuli\u00e8re<\/strong>, veuillez nous \u00e9crire \u00e0 <a href=\"mailto:outreach@vpnveteran.com\" target=\"_blank\" rel=\"nofollow noopener noreferrer\">outreach@vpnveteran.com<\/a>. Nous serons ravis de vous r\u00e9pondre dans les meilleurs d\u00e9lais.<\/p>\n<p>Si vous \u00eates int\u00e9ress\u00e9(e) par des <strong>opportunit\u00e9s d&#8217;emploi<\/strong>, n&rsquo;h\u00e9sitez pas \u00e0 nous contacter par e-mail \u00e0 <a href=\"mailto:jobs@vpnveteran.com\" target=\"_blank\" rel=\"noopener\">jobs@vpnveteran.com<\/a>.<\/p>\n<p>Pour nous joindre par t\u00e9l\u00e9phone, veuillez composer le +33 106 54 73 95<\/p>\n<p>Adresse : 32 Rue Merlin, 75011 Paris, France<\/p>\n<p><iframe style=\"border: 0;\" src=\"https:\/\/www.google.com\/maps\/embed?pb=!1m18!1m12!1m3!1d10499.482845315391!2d2.385331615476494!3d48.86067574031157!2m3!1f0!2f0!3f0!3m2!1i1024!2i768!4f13.1!3m3!1m2!1s0x47e66df3f3bfbaab%3A0xdcf93ad712e4ffa2!2s32%20Rue%20Merlin%2C%2075011%20Paris%2C%20France!5e0!3m2!1sen!2sth!4v1690356269444!5m2!1sen!2sth\" width=\"600\" height=\"450\" allowfullscreen=\"allowfullscreen\"><\/iframe><\/p>\n<p>Nous restons \u00e0 votre disposition pour toute demande ou question, et nous vous remercions de votre int\u00e9r\u00eat pour VPNVeteran.<\/p>\n","protected":false},"excerpt":{"rendered":"<p>Contactez-nous par e-mail \u00e0 info@vpnveteran.com pour toute question ou information. Pour toute demande de partenariat ou requ\u00eate particuli\u00e8re, veuillez nous \u00e9crire \u00e0 outreach@vpnveteran.com. Nous serons ravis de vous r\u00e9pondre dans les meilleurs d\u00e9lais. Si vous \u00eates int\u00e9ress\u00e9(e) par des opportunit\u00e9s d&#8217;emploi, n&rsquo;h\u00e9sitez pas \u00e0 nous contacter par e-mail \u00e0 jobs@vpnveteran.com. Pour nous joindre par t\u00e9l\u00e9phone, [&hellip;]<\/p>\n","protected":false},"author":41,"featured_media":0,"parent":0,"menu_order":0,"comment_status":"closed","ping_status":"closed","template":"","meta":{"om_disable_all_campaigns":false,"footnotes":""},"sgf-content-tag":[183,191],"sgf-seo-push":[],"class_list":["post-18160","page","type-page","status-publish","hentry"],"_links":{"self":[{"href":"https:\/\/vpnveteran.com\/fr\/wp-json\/wp\/v2\/pages\/18160","targetHints":{"allow":["GET"]}}],"collection":[{"href":"https:\/\/vpnveteran.com\/fr\/wp-json\/wp\/v2\/pages"}],"about":[{"href":"https:\/\/vpnveteran.com\/fr\/wp-json\/wp\/v2\/types\/page"}],"author":[{"embeddable":true,"href":"https:\/\/vpnveteran.com\/fr\/wp-json\/wp\/v2\/users\/41"}],"replies":[{"embeddable":true,"href":"https:\/\/vpnveteran.com\/fr\/wp-json\/wp\/v2\/comments?post=18160"}],"version-history":[{"count":9,"href":"https:\/\/vpnveteran.com\/fr\/wp-json\/wp\/v2\/pages\/18160\/revisions"}],"predecessor-version":[{"id":57835,"href":"https:\/\/vpnveteran.com\/fr\/wp-json\/wp\/v2\/pages\/18160\/revisions\/57835"}],"wp:attachment":[{"href":"https:\/\/vpnveteran.com\/fr\/wp-json\/wp\/v2\/media?parent=18160"}],"wp:term":[{"taxonomy":"sgf-content-tag","embeddable":true,"href":"https:\/\/vpnveteran.com\/fr\/wp-json\/wp\/v2\/sgf-content-tag?post=18160"},{"taxonomy":"sgf-seo-push","embeddable":true,"href":"https:\/\/vpnveteran.com\/fr\/wp-json\/wp\/v2\/sgf-seo-push?post=18160"}],"curies":[{"name":"wp","href":"https:\/\/api.w.org\/{rel}","templated":true}]}}