{"id":18162,"date":"2020-07-23T22:16:44","date_gmt":"2020-07-24T02:16:44","guid":{"rendered":"https:\/\/vpnveteran.com\/mentions-legales\/"},"modified":"2023-07-17T02:07:41","modified_gmt":"2023-07-17T06:07:41","slug":"mentions-legales","status":"publish","type":"page","link":"https:\/\/vpnveteran.com\/fr\/mentions-legales\/","title":{"rendered":"Mentions l\u00e9gales"},"content":{"rendered":"<p>Cette clause de non-responsabilit\u00e9 r\u00e9git votre utilisation du site web <a href=\"https:\/\/vpnveteran.com\/fr\/\">www.vpnveteran.com<\/a> (ci-apr\u00e8s d\u00e9nomm\u00e9 \u00ab\u00a0le site\u00a0\u00bb).\u00a0Veuillez lire attentivement cette clause de non-responsabilit\u00e9. En utilisant ce site, vous reconnaissez avoir pris connaissance de cette clause de non-responsabilit\u00e9 et vous vous engagez \u00e0 vous conformer \u00e0 ses dispositions.<\/p>\n<h2>Les informations fournies de bonne foi<\/h2>\n<p>Ce site web fournit des informations de bonne foi. Nous nous effor\u00e7ons de maintenir ces informations \u00e0 jour et exactes, mais <strong>nous ne faisons aucune d\u00e9claration ou garantie<\/strong> quant \u00e0 leur exhaustivit\u00e9, leur exactitude, leur fiabilit\u00e9, leur pertinence ou leur disponibilit\u00e9.<\/p>\n<h2>Dans un but g\u00e9n\u00e9ral uniquement<\/h2>\n<p>Les informations contenues sur ce site sont destin\u00e9es \u00e0 un usage g\u00e9n\u00e9ral uniquement. Elles <strong>ne doivent pas \u00eatre consid\u00e9r\u00e9es comme des conseils professionnels ou juridiques<\/strong>. Nous d\u00e9clinons toute responsabilit\u00e9 d\u00e9coulant de l&rsquo;utilisation abusive de notre site ou des informations qu&rsquo;il contient.<\/p>\n<h2>Non soutien des activit\u00e9s ill\u00e9gales<\/h2>\n<p>Nous ne soutenons en aucun cas les activit\u00e9s ill\u00e9gales. Toute utilisation abusive de notre site ou des informations fournies est de votre enti\u00e8re responsabilit\u00e9. <strong>Nous d\u00e9clinons toute responsabilit\u00e9 quant aux cons\u00e9quences r\u00e9sultant de telles activit\u00e9s.<\/strong><\/p>\n<h2>Vous \u00eates responsable de vos actions<\/h2>\n<p><strong>Vous \u00eates seul responsable de vos actions et de l&rsquo;utilisation que vous faites des informations fournies sur ce site<\/strong>. Nous d\u00e9clinons toute responsabilit\u00e9 pour les dommages directs, indirects, accidentels, cons\u00e9cutifs ou sp\u00e9ciaux r\u00e9sultant de votre acc\u00e8s \u00e0 ce site ou de votre incapacit\u00e9 \u00e0 y acc\u00e9der, ainsi que de toute action que vous entreprendriez en vous basant sur les informations contenues sur ce site.<\/p>\n<h2>Contenu g\u00e9n\u00e9r\u00e9 par les utilisateurs<\/h2>\n<p>Ce site permet aux utilisateurs de g\u00e9n\u00e9rer du contenu. Nous ne sommes pas responsables du contenu g\u00e9n\u00e9r\u00e9 par les utilisateurs, y compris les commentaires, les avis ou tout autre type de contenu soumis par les utilisateurs. Les opinions exprim\u00e9es dans ces contenus ne refl\u00e8tent pas n\u00e9cessairement nos propres opinions.<\/p>\n<h2>Liens vers d&rsquo;autres sites<\/h2>\n<p>Ce site peut contenir des liens vers d&rsquo;autres sites web et des sources externes. Nous ne sommes pas responsables de la disponibilit\u00e9 de ces sites et sources externes, ni ne garantissons leur contenu, leur exactitude, leur l\u00e9galit\u00e9, leur pertinence ou leur fiabilit\u00e9. L&rsquo;inclusion de tout lien n&rsquo;implique pas n\u00e9cessairement une recommandation ou une approbation de notre part. Lorsque <strong>vous acc\u00e9dez \u00e0 ces liens et sources externes, vous le faites \u00e0 vos propres risques<\/strong>.<\/p>\n<h2>Propri\u00e9t\u00e9 intellectuelle<\/h2>\n<p>Tous les droits de propri\u00e9t\u00e9 intellectuelle relatifs \u00e0 ce site web, y compris les textes, les images, les graphiques, les logos et les vid\u00e9os, sont la propri\u00e9t\u00e9 exclusive du ce site. Toute utilisation non autoris\u00e9e de ces contenus est strictement interdite, sauf autorisation expresse de notre part.<\/p>\n","protected":false},"excerpt":{"rendered":"<p>Cette clause de non-responsabilit\u00e9 r\u00e9git votre utilisation du site web www.vpnveteran.com (ci-apr\u00e8s d\u00e9nomm\u00e9 \u00ab\u00a0le site\u00a0\u00bb).\u00a0Veuillez lire attentivement cette clause de non-responsabilit\u00e9. En utilisant ce site, vous reconnaissez avoir pris connaissance de cette clause de non-responsabilit\u00e9 et vous vous engagez \u00e0 vous conformer \u00e0 ses dispositions. Les informations fournies de bonne foi Ce site web fournit [&hellip;]<\/p>\n","protected":false},"author":41,"featured_media":0,"parent":0,"menu_order":0,"comment_status":"closed","ping_status":"closed","template":"","meta":{"om_disable_all_campaigns":false,"footnotes":""},"sgf-content-tag":[183,192],"sgf-seo-push":[],"class_list":["post-18162","page","type-page","status-publish","hentry"],"_links":{"self":[{"href":"https:\/\/vpnveteran.com\/fr\/wp-json\/wp\/v2\/pages\/18162","targetHints":{"allow":["GET"]}}],"collection":[{"href":"https:\/\/vpnveteran.com\/fr\/wp-json\/wp\/v2\/pages"}],"about":[{"href":"https:\/\/vpnveteran.com\/fr\/wp-json\/wp\/v2\/types\/page"}],"author":[{"embeddable":true,"href":"https:\/\/vpnveteran.com\/fr\/wp-json\/wp\/v2\/users\/41"}],"replies":[{"embeddable":true,"href":"https:\/\/vpnveteran.com\/fr\/wp-json\/wp\/v2\/comments?post=18162"}],"version-history":[{"count":4,"href":"https:\/\/vpnveteran.com\/fr\/wp-json\/wp\/v2\/pages\/18162\/revisions"}],"predecessor-version":[{"id":57645,"href":"https:\/\/vpnveteran.com\/fr\/wp-json\/wp\/v2\/pages\/18162\/revisions\/57645"}],"wp:attachment":[{"href":"https:\/\/vpnveteran.com\/fr\/wp-json\/wp\/v2\/media?parent=18162"}],"wp:term":[{"taxonomy":"sgf-content-tag","embeddable":true,"href":"https:\/\/vpnveteran.com\/fr\/wp-json\/wp\/v2\/sgf-content-tag?post=18162"},{"taxonomy":"sgf-seo-push","embeddable":true,"href":"https:\/\/vpnveteran.com\/fr\/wp-json\/wp\/v2\/sgf-seo-push?post=18162"}],"curies":[{"name":"wp","href":"https:\/\/api.w.org\/{rel}","templated":true}]}}