{"id":27790,"date":"2021-03-16T05:26:18","date_gmt":"2021-03-16T09:26:18","guid":{"rendered":"https:\/\/vpnveteran.com\/?page_id=27790"},"modified":"2022-02-08T23:46:14","modified_gmt":"2022-02-09T04:46:14","slug":"connaitre-son-adresse-ip-publique","status":"publish","type":"page","link":"https:\/\/vpnveteran.com\/fr\/connaitre-son-adresse-ip-publique\/","title":{"rendered":"Facile : trouver son adresse IP publique"},"content":{"rendered":"<p><img fetchpriority=\"high\" decoding=\"async\" class=\"aligncenter size-large wp-image-28957\" title=\"trouver son ip publique\" src=\"https:\/\/vpnveteran.com\/wp-content\/uploads\/trouver-son-ip-publique-1024x480.jpg\" alt=\"trouver son ip publique\" width=\"840\" height=\"394\" srcset=\"https:\/\/vpnveteran.com\/wp-content\/uploads\/trouver-son-ip-publique-1024x480.jpg 1024w, https:\/\/vpnveteran.com\/wp-content\/uploads\/trouver-son-ip-publique-300x141.jpg 300w, https:\/\/vpnveteran.com\/wp-content\/uploads\/trouver-son-ip-publique-768x360.jpg 768w, https:\/\/vpnveteran.com\/wp-content\/uploads\/trouver-son-ip-publique-1536x720.jpg 1536w, https:\/\/vpnveteran.com\/wp-content\/uploads\/trouver-son-ip-publique-2048x960.jpg 2048w, https:\/\/vpnveteran.com\/wp-content\/uploads\/trouver-son-ip-publique-788x369.jpg 788w, https:\/\/vpnveteran.com\/wp-content\/uploads\/trouver-son-ip-publique-150x70.jpg 150w, https:\/\/vpnveteran.com\/wp-content\/uploads\/trouver-son-ip-publique.jpg 1280w\" sizes=\"(max-width: 840px) 100vw, 840px\" \/><\/p>\n<p>Dans la vie, il a des questions qui semblent complexes. Prenons par exemple \u00ab\u00a0Quelle est mon adresse IP IPV4 ?\u00a0\u00bb. Mais si on y regarde de plus pr\u00e8s, c&rsquo;est tout \u00e0 fait \u00e0 notre port\u00e9e d&rsquo;y r\u00e9pondre. Le tout c&rsquo;est de lire cet article qui vous explique simplement tout ce que vous devez savoir pour connaitre son IP publique et les enjeux de cette derni\u00e8re lors de vos acc\u00e8s \u00e0 Internet. Dans 5 minutes, vous aurez l&rsquo;esprit tr\u00e8s clair sur le sujet. Quelle est mon adresse IP IPV4 vous semblera une devinette carambar.<br \/>\n<!--more--><\/p>\n<h2>Quelle est mon IP ? Trouver son adresse IP publique<\/h2>\n<p>Il est possible de connaitre son adresse IP (Internet Protocol) facilement comme vous pouvez le constater. Elle est accompagn\u00e9e de <strong>renseignements annexes<\/strong> comme votre fournisseur d&rsquo;acc\u00e8s \u00e0 Internet (FAI) ainsi que de votre adresse num\u00e9rique. C&rsquo;est \u00e0 dire un num\u00e9ro d&rsquo;identification qui indique votre emplacement physique r\u00e9el.<\/p>\n<p>Quelle est mon adresse IP IPV4 ?<\/p>\n<div class=\"mb30 wpsm_box blue_type nonefloat_box\" style=\"text-align:left; width:auto\"><i><\/i><div>\r\n\t\t\t<div class=\"ip-grid\" style=\"grid-template-columns:  auto auto auto auto;\"><div id=\"ip-ip\"><span class=\"label\">IP:<\/span><span class=\"value\"><i class=\"fa fa-spinner fa-spin\"><\/i><\/span><\/div><div id=\"ip-city\"><span class=\"label\">Ville:<\/span><span class=\"value\"><i class=\"fa fa-spinner fa-spin\"><\/i><\/span><\/div><div id=\"ip-country_name\"><span class=\"label\">Pays:<\/span><span class=\"value\"><i class=\"fa fa-spinner fa-spin\"><\/i><\/span><\/div><div id=\"ip-org\"><span class=\"label\">FAI:<\/span><span class=\"value\"><i class=\"fa fa-spinner fa-spin\"><\/i><\/span><\/div><\/div><script>\n    jQuery.getJSON( 'https:\/\/ipapi.co\/json\/', function( data ) {\n\t\t\tif (data.city.length > 15) {\n\t\t\t\tdata.org = data.city.substring(0, 14) + '\u2026';\n\t\t\t}\n\t\t\tif (data.country_name.length > 15) {\n\t\t\t\tdata.org = data.country_name.substring(0, 14) + '\u2026';\n\t\t\t}\n\t\t\tif (data.org.length > 15) {\n\t\t\t\tdata.org = data.org.substring(0, 14) + '\u2026';\n\t\t\t}\n\t\t\tif (data.ip.length > 15) {\n\t\t\t\ta_ipv6 = data.ip.split(':');\n\t\t\t\tdata.ip = a_ipv6[0]+':'+a_ipv6[1]+':\u2026:'+a_ipv6[ (a_ipv6.length-1) ];\n\t\t\t}\n      jQuery('#ip-ip .value').text( data.ip );jQuery('#ip-city .value').text( data.city );jQuery('#ip-country_name .value').text( data.country_name );jQuery('#ip-org .value').text( data.org );\n    });\n  <\/script><style>\n    .ip-table {display:table;}\n    .ip-table div {display:table-row;}\n    .ip-table div span {display:table-cell; cell-padding:3px;}\n    .ip-table .label {font-weight:normal;}\n    .ip-table .value {font-weight:bold;}\n\n    .ip-inline {display:inline;}\n    .ip-inline div {display:inline;}\n    .ip-inline div+div {margin-left:20px;}\n\n    .ip-block {display:block;}\n\n    .ip-flex {display:flex;}\n\n    .ip-grid {display:grid;}\n    .ip-grid div {text-align:center;}\n    .ip-grid .label {font-weight:normal;}\n    .ip-grid .value {margin-left: 0.5rem; font-weight:bold;}\n\t\t@media (max-width: 770px) {\n\t\t   .ip-grid {grid-template-columns: auto!important;}\n\t\t\t .ip-grid > div {text-align:left;}\n\t\t}\n  <\/style>\r\n\t\t\t<\/div><\/div>\n<p>Dans l&rsquo;annuaire, on a le choix d&rsquo;apparaitre ou non pour des questions de protection et de s\u00e9curit\u00e9. En mati\u00e8re d&rsquo;adresse IP il est possible de faire un choix similaire mais encore plus radical pour<strong> rester anonyme quand on navigue sur un site Internet.<\/strong> Trouver mon adresse IP sera de cette fa\u00e7on impossible pour un tiers.<\/p>\n<h2>Qu&rsquo;est-ce qu&rsquo;une adresse IP ?<\/h2>\n<p>Trouver son IP publique, ou plus exactement son adresse de protocole Internet, c&rsquo;est comprendre que notre appareil est un <strong>objet connect\u00e9 auquel est assign\u00e9 un num\u00e9ro afin de permettre son identification<\/strong>. Quelle est mon adresse IP IPV4 revient \u00e0 se demander quel est mon num\u00e9ro de t\u00e9l\u00e9phone.<\/p>\n<p>Une adresse IP peut pr\u00e9senter diff\u00e9rentes caract\u00e9ristiques que nous allons d\u00e9tailler. Autrement dit, on va non seulement connaitre son IP publique mais on va aussi en apprendre davantage sur notre visibilit\u00e9 en ligne.<\/p>\n<h3>Adresse IP statique ou IP dynamique<\/h3>\n<p>Vous allez voir, la distinction entre statique et dynamique est facile \u00e0 comprendre. Nous allons aussi voir comment trouver son adresse IP et savoir si elle pr\u00e9sente l&rsquo;une ou l&rsquo;autre de ses caract\u00e9ristiques.<\/p>\n<p>Votre IP est <strong>statique lorsqu&rsquo;elle n&rsquo;est pas renouvel\u00e9e<\/strong>. C&rsquo;est toujours la m\u00eame. Par contre, si <strong>elle change r\u00e9guli\u00e8rement, elle est dynamique<\/strong>.<\/p>\n<p>On peut aussi dire qu&rsquo;elle est <strong>fixe ou variable<\/strong>, c&rsquo;est pareil. Cela renvoie \u00e0 la gestion de votre adresse par votre FAI. Etre connect\u00e9 soit \u00e0 un op\u00e9rateur de t\u00e9l\u00e9phonie soit de r\u00e9seau influence le type d&rsquo;adresse que vous allez avoir. Etre un particulier ou une entreprise aussi.<\/p>\n<h3>Adresse IP publique et adresse IP locale<\/h3>\n<p>Ici, il y a une diff\u00e9rence importante \u00e0 bien comprendre pour trouver son adresse IP publique et comprendre \u00e0 quoi elle correspond. Il existe d&rsquo;une part l&rsquo;<strong>IP locale<\/strong> qui est donn\u00e9e par son r\u00e9seau ou bien sa box dans le cas d&rsquo;un ordinateur et d&rsquo;autre part l&rsquo;<strong>IP publique<\/strong> de cette box. Quand on parle de connaitre son IP publique, c&rsquo;est de cette seconde dont il s&rsquo;agit. Dans un r\u00e9seau local, c&rsquo;est la box qui s&rsquo;occupe de l&rsquo;attribution d&rsquo;adresses IP.<\/p>\n<p>Si vous ne s\u00e9curisez pas votre r\u00e9seau WiFI, plus des inconnus peuvent s&rsquo;y connecter. En effet, ils auront <strong>acc\u00e8s \u00e0 votre abonnement<\/strong> tr\u00e8s facilement. Et si vous ne savez pas comment ils peuvent faire, ne vous inqui\u00e9tez pas pour eux. Ils connaissent bien l&rsquo;affaire. Inqui\u00e9tez-vous plut\u00f4t de votre visibilit\u00e9 en ligne.<\/p>\n<p><img decoding=\"async\" class=\"aligncenter size-full wp-image-28936\" title=\"trouver mon adresse ip\" src=\"https:\/\/vpnveteran.com\/wp-content\/uploads\/what-is-my-ip-address.jpg\" alt=\"trouver mon adresse ip\" width=\"840\" height=\"549\" srcset=\"https:\/\/vpnveteran.com\/wp-content\/uploads\/what-is-my-ip-address.jpg 840w, https:\/\/vpnveteran.com\/wp-content\/uploads\/what-is-my-ip-address-300x196.jpg 300w, https:\/\/vpnveteran.com\/wp-content\/uploads\/what-is-my-ip-address-1024x669.jpg 1024w, https:\/\/vpnveteran.com\/wp-content\/uploads\/what-is-my-ip-address-767x501.jpg 767w, https:\/\/vpnveteran.com\/wp-content\/uploads\/what-is-my-ip-address-1536x1004.jpg 1536w, https:\/\/vpnveteran.com\/wp-content\/uploads\/what-is-my-ip-address-2048x1339.jpg 2048w, https:\/\/vpnveteran.com\/wp-content\/uploads\/what-is-my-ip-address-788x515.jpg 788w, https:\/\/vpnveteran.com\/wp-content\/uploads\/what-is-my-ip-address-150x98.jpg 150w\" sizes=\"(max-width: 840px) 100vw, 840px\" \/><\/p>\n<p>Trouver son adresse IP publique, c&rsquo;est trouver l&rsquo;identification avec lequel nous sommes connect\u00e9 au monde entier. Cette identification permet aussi au monde entier de <strong>remonter jusqu&rsquo;\u00e0 nous<\/strong>.<\/p>\n<p>Voil\u00e0 pourquoi il existe de plus en plus de moyen pour rendre anonyme l&rsquo;adresse IP publique. Pour prendre les plus simples, \u00e9voquons <strong>les VPN et les proxies. <\/strong>Ils vous proposent de vous connecter d&rsquo;abord chez eux pour aller sur Internet. De cette fa\u00e7on, l&rsquo;adresse correspondante renvoie chez eux et non chez vous. Connaitre son IP publique est toujours faisable mais c&rsquo;est une adresse qui ne r\u00e9v\u00e8le rien.<\/p>\n<p>Trouver son adresse IP publique avec un VPN consiste \u00e0 trouver celle du serveur auquel vous \u00eates connect\u00e9. Ce dernier peut \u00eatre \u00e0 des milliers de kilom\u00e8tres de vous. Il est <strong>impossible d&rsquo;\u00e9tablir un lien entre vous et vos activit\u00e9s en ligne<\/strong>.<\/p>\n<h3>IPv4 et IPv6<\/h3>\n<p>\u00c7a semble technique mais vous aller voir que si j&rsquo;ajoute ces pr\u00e9cisions \u00e0 cet article sur connaitre son IP publique, c&rsquo;est qu&rsquo;elles sont tr\u00e8s facile \u00e0 comprendre. En fait une adresse <a href=\"https:\/\/formip.com\/difference-ipv4-et-ipv6\/\" target=\"_blank\" rel=\"noopener\">IPV4 et IPV6<\/a>, c&rsquo;est sensiblement la m\u00eame chose mais forcement pas tout \u00e0 fait. En fait ce sont <strong>deux versions diff\u00e9rentes d&rsquo;une m\u00eame adresse<\/strong>. Trouver son IP publique, c&rsquo;est en fait trouver deux adresses.<\/p>\n<p>L&rsquo;adresse IPV4 est beaucoup plus ancienne. L&rsquo;adresse IPV6 pr\u00e9sente donc plus davantage : <strong>plus de combinaisons possibles<\/strong> par exemple alors que la premi\u00e8re qui est beaucoup plus <strong>limit\u00e9e en nombre<\/strong> va finir par s&rsquo;\u00e9puiser. Avec IPV6, nous sommes tranquilles pour des milliards d&rsquo;ann\u00e9es.<\/p>\n<p>Au niveau de l&rsquo;adresse par elle-m\u00eame, on peut les distinguer car <strong>elles ne s&rsquo;\u00e9crivent pas de la m\u00eame fa\u00e7on<\/strong>. La premi\u00e8re est compos\u00e9 de chiffres et de points. Dans la seconde il y aussi des lettres minuscules et des double points. Quand on cherche \u00e0 trouver son adresse IP publique, c&rsquo;est l&rsquo;IPV4 qui est r\u00e9v\u00e9l\u00e9e.<\/p>\n<h2>Trouver son IP publique et comprendre les informations qu&rsquo;elle r\u00e9v\u00e8le ?<\/h2>\n<p>Allons plus loin que de se demander quelle est mon adresse IP IPV4. Cherchons \u00e0 savoir ce qu&rsquo;elle peut bien r\u00e9v\u00e9ler de si pr\u00e9cieux pour que tout le monde s&rsquo;y int\u00e9resse de pr\u00e8s.<\/p>\n<p>Aujourd&rsquo;hui, s&rsquo;il y a bien une chose qui rapporte en ligne, c&rsquo;est la <strong>collecte de donn\u00e9es<\/strong>. C&rsquo;est un peu comme si les informations d&rsquo;un utilisateur pouvaient servir de monnaie d&rsquo;\u00e9change. Vous avez not\u00e9 le nombre de sites qui vous propose des trucs cools gratuitement si vous ouvrez un compte en laissant quelques informations ? Pour eux, c&rsquo;est comme si vous laissiez de l&rsquo;argent.<\/p>\n<p>Comme une vraie adresse, l&rsquo;adresse IP r\u00e9v\u00e8le tout d&rsquo;abord <strong>votre emplacement<\/strong>. On sait o\u00f9 trouver et m\u00eame pour les cybercriminels, c&rsquo;est comme un chemin \u00e9clair\u00e9.<\/p>\n<p>Ensuite trouver son IP publique peut amener \u00e0 connaitre toutes les activit\u00e9s en ligne qui s&rsquo;y rattachent. Plus pr\u00e9cis\u00e9ment nous parlons <strong>d&rsquo;historique de recherches et des sites fr\u00e9quent\u00e9s<\/strong>. Toutes ces informations sous forme de suivi font l&rsquo;objet d&rsquo;un int\u00e9r\u00eat particuliers pour certains gouvernements dans le monde qui demande au FAI de tout enregistrer pour garder des traces. Flippant.<\/p>\n<p>Enfin, il y a encore plus flippant car bien r\u00e9el chez nous, c&rsquo;est l&rsquo;<strong>analyse de nos comportements d&rsquo;achats<\/strong>. C&rsquo;est \u00e0 dire que vous \u00eates surveill\u00e9s afin que les publicitaires puissent analyser vos pr\u00e9f\u00e9rences et vos centres d&rsquo;int\u00e9r\u00eat. Ils font \u00e7a pour mieux influencer vos prochaines achats en ligne par de viles manipulations.<\/p>\n<h2>Comment cacher votre IP ?<\/h2>\n<p>Connaitre son IP publique est une chose, la cacher en est une autre. Aussi vrai que je vous ai aid\u00e9 \u00e0 trouver la r\u00e9ponse \u00e0 la question \u00ab\u00a0quelle est mon adresse IP IPV4\u00a0\u00bb, je vais aussi vous aider \u00e0 la dissimuler pour prot\u00e9ger votre vie priv\u00e9e.<\/p>\n<p><img decoding=\"async\" class=\"aligncenter size-full wp-image-28938\" title=\"connaitre son adresse ip\" src=\"https:\/\/vpnveteran.com\/wp-content\/uploads\/what-is-my-ip-address4.jpg\" alt=\"connaitre son adresse ip\" width=\"840\" height=\"536\" srcset=\"https:\/\/vpnveteran.com\/wp-content\/uploads\/what-is-my-ip-address4.jpg 840w, https:\/\/vpnveteran.com\/wp-content\/uploads\/what-is-my-ip-address4-300x191.jpg 300w, https:\/\/vpnveteran.com\/wp-content\/uploads\/what-is-my-ip-address4-1024x653.jpg 1024w, https:\/\/vpnveteran.com\/wp-content\/uploads\/what-is-my-ip-address4-768x490.jpg 768w, https:\/\/vpnveteran.com\/wp-content\/uploads\/what-is-my-ip-address4-1536x980.jpg 1536w, https:\/\/vpnveteran.com\/wp-content\/uploads\/what-is-my-ip-address4-2048x1307.jpg 2048w, https:\/\/vpnveteran.com\/wp-content\/uploads\/what-is-my-ip-address4-788x502.jpg 788w, https:\/\/vpnveteran.com\/wp-content\/uploads\/what-is-my-ip-address4-150x96.jpg 150w\" sizes=\"(max-width: 840px) 100vw, 840px\" \/><\/p>\n<p>Dans la suite de trouver son adresse IP publique, voici un<strong> tutoriel simple et concis<\/strong>. Nous allons vous expliquer de quelle fa\u00e7on <strong>utiliser un VPN dans le but de masquer son adresse IP<\/strong> en la rempla\u00e7ant par une autre. Cette derni\u00e8re appartient \u00e0 un serveur anonyme quelque part dans le monde. C&rsquo;est aussi de cette mani\u00e8re que vous pourrez crypter votre trafic afin de prot\u00e9ger vos donn\u00e9es. Guide d\u00e9taill\u00e9 sur comment cacher votre IP, <a href=\"https:\/\/vpnveteran.com\/fr\/masquer-adresse-ip\/\">cliquez ici<\/a>.<\/p>\n<p>Voici comment proc\u00e9der :<\/p>\n<ol>\n<li><strong>Installez un VPN<\/strong> comme  et lancez-le.<\/li>\n<li>Connectez-vous \u00e0 un serveur. Vous pouvez choisir la<strong> connexion automatique<\/strong> qui s\u00e9lectionne le plus rapide.<\/li>\n<li>Vous \u00eates d\u00e9sormais <strong>prot\u00e9g\u00e9<\/strong>. Faire la recherche pour trouver son adresse IP publique vous le prouvera.<\/li>\n<\/ol>\n\n<h2>Conclusion trouver son IP publique<\/h2>\n<p>Nous voil\u00e0 arriv\u00e9 au terme de cet article pour trouver son IP publique et \u00eatre plus \u00e0 l&rsquo;aise avec le vocabulaire propre \u00e0 ce <strong>syst\u00e8me d&rsquo;identification num\u00e9rique<\/strong>. Peut-\u00eatre m\u00eame pourrez vous faire le malin lors d&rsquo;un prochain diner quand votre voisin se demandera comment trouver son IP publique. Mais d\u00e9j\u00e0 occupez-vous de votre propre s\u00e9curit\u00e9 num\u00e9rique.<\/p>\n<p>Quand vous aurez trouver la r\u00e9ponse \u00e0 quelle est mon adresse IP, la deuxi\u00e8me chose qui vous viendra \u00e0 l&rsquo;esprit c&rsquo;est <strong>je ne veux pas qu&rsquo;on puisse connaitre mon adresse IP<\/strong>. Vous verrez, c&rsquo;est automatique. Tout le monde passe par l\u00e0 en prenant conscience de l&rsquo;\u00e9tendue du manque du manque d&rsquo;intimit\u00e9 dans un r\u00e9seau si vaste. C&rsquo;est tellement facile de connaitre son IP publique que cela en ai troublant.<\/p>\n<p>L&rsquo;adresse IP priv\u00e9e n&rsquo;est pas un fantasme. Il est tout \u00e0 fait possible de se mettre sur la<strong> liste rouge des appareils connect\u00e9s<\/strong> avec <strong>un VPN<\/strong> et de cacher sa pr\u00e9sence au monde entier sans perdre son acc\u00e8s \u00e0 lui. Vous vous demandiez quelle est mon adresse IP IPV4 et vous voil\u00e0 prot\u00e9g\u00e9 de la meilleure des fa\u00e7ons. Elle n&rsquo;est pas belle la vie ?<\/p>\n","protected":false},"excerpt":{"rendered":"<p>Dans la vie, il a des questions qui semblent complexes. Prenons par exemple \u00ab\u00a0Quelle est mon adresse IP IPV4 ?\u00a0\u00bb. Mais si on y regarde de plus pr\u00e8s, c&rsquo;est tout \u00e0 fait \u00e0 notre port\u00e9e d&rsquo;y r\u00e9pondre. Le tout c&rsquo;est de lire cet article qui vous explique simplement tout ce que vous devez savoir pour [&hellip;]<\/p>\n","protected":false},"author":41,"featured_media":28957,"parent":0,"menu_order":0,"comment_status":"closed","ping_status":"closed","template":"","meta":{"om_disable_all_campaigns":false,"footnotes":""},"sgf-content-tag":[194],"sgf-seo-push":[],"class_list":["post-27790","page","type-page","status-publish","has-post-thumbnail","hentry"],"_links":{"self":[{"href":"https:\/\/vpnveteran.com\/fr\/wp-json\/wp\/v2\/pages\/27790","targetHints":{"allow":["GET"]}}],"collection":[{"href":"https:\/\/vpnveteran.com\/fr\/wp-json\/wp\/v2\/pages"}],"about":[{"href":"https:\/\/vpnveteran.com\/fr\/wp-json\/wp\/v2\/types\/page"}],"author":[{"embeddable":true,"href":"https:\/\/vpnveteran.com\/fr\/wp-json\/wp\/v2\/users\/41"}],"replies":[{"embeddable":true,"href":"https:\/\/vpnveteran.com\/fr\/wp-json\/wp\/v2\/comments?post=27790"}],"version-history":[{"count":4,"href":"https:\/\/vpnveteran.com\/fr\/wp-json\/wp\/v2\/pages\/27790\/revisions"}],"predecessor-version":[{"id":38058,"href":"https:\/\/vpnveteran.com\/fr\/wp-json\/wp\/v2\/pages\/27790\/revisions\/38058"}],"wp:featuredmedia":[{"embeddable":true,"href":"https:\/\/vpnveteran.com\/fr\/wp-json\/wp\/v2\/media\/28957"}],"wp:attachment":[{"href":"https:\/\/vpnveteran.com\/fr\/wp-json\/wp\/v2\/media?parent=27790"}],"wp:term":[{"taxonomy":"sgf-content-tag","embeddable":true,"href":"https:\/\/vpnveteran.com\/fr\/wp-json\/wp\/v2\/sgf-content-tag?post=27790"},{"taxonomy":"sgf-seo-push","embeddable":true,"href":"https:\/\/vpnveteran.com\/fr\/wp-json\/wp\/v2\/sgf-seo-push?post=27790"}],"curies":[{"name":"wp","href":"https:\/\/api.w.org\/{rel}","templated":true}]}}