{"id":57615,"date":"2023-07-20T04:49:56","date_gmt":"2023-07-20T08:49:56","guid":{"rendered":"https:\/\/vpnveteran.com\/?page_id=57615"},"modified":"2023-07-20T04:49:56","modified_gmt":"2023-07-20T08:49:56","slug":"divulgation-affilies","status":"publish","type":"page","link":"https:\/\/vpnveteran.com\/fr\/divulgation-affilies\/","title":{"rendered":"Divulgation des liens d&rsquo;affiliation"},"content":{"rendered":"<p>Nous accordons une grande importance \u00e0 la transparence et souhaitons vous fournir des informations claires sur notre mode de fonctionnement. Veuillez prendre un moment pour consulter les d\u00e9tails suivants concernant notre participation \u00e0 l&rsquo;utilisation de liens d&rsquo;affiliation et le contenu impartial sur notre site web.<\/p>\n<h2>Utilisation des Liens d&rsquo;Affiliation<\/h2>\n<p>Notre site web participe au programme d&rsquo;affiliation de certains fournisseurs de services VPN. Cela signifie que nous pouvons <strong>recevoir une commission lorsque nos lecteurs cliquent sur des liens affili\u00e9s<\/strong> et effectuent des achats de produits ou services VPN. Ces commissions nous aident \u00e0 maintenir et \u00e0 am\u00e9liorer notre site web, \u00e0 cr\u00e9er du contenu de qualit\u00e9 et \u00e0 fournir des \u00e9valuations impartiales et informatives sur les services VPN.<\/p>\n<h2>Transparence \u00e9ditoriale<\/h2>\n<p>Chez <a href=\"https:\/\/vpnveteran.com\/fr\/\">VPNVeteran.com<\/a>, nous croyons fermement en la<strong> transparence \u00e9ditoriale et en l&rsquo;int\u00e9grit\u00e9 de notre contenu<\/strong>. Notre \u00e9quipe de r\u00e9dacteurs et d&rsquo;experts s&rsquo;efforce de fournir des \u00e9valuations pr\u00e9cises, impartiales et bas\u00e9es sur des faits concernant les produits et services que nous passons en revue.<\/p>\n<p>Nos r\u00e9dacteurs sont tenus de suivre des lignes directrices strictes lors de la r\u00e9daction de nos critiques. Ils s&rsquo;engagent \u00e0 ne pas laisser leurs opinions personnelles, les pressions ext\u00e9rieures ou les int\u00e9r\u00eats commerciaux influencer le processus d&rsquo;\u00e9valuation. Notre objectif est de fournir une \u00e9valuation<strong> honn\u00eate et \u00e9quilibr\u00e9e<\/strong>, mettant en avant \u00e0 la fois les avantages et les limites des produits que nous examinons.<\/p>\n<p>Si vous avez des questions concernant notre politique d&rsquo;affiliation ou notre approche \u00e9ditoriale, n&rsquo;h\u00e9sitez pas \u00e0 <a href=\"https:\/\/vpnveteran.com\/fr\/contactez-nous\/\">nous contacter<\/a>. Nous sommes l\u00e0 pour vous fournir des informations fiables et r\u00e9pondre \u00e0 toutes vos pr\u00e9occupations.<\/p>\n","protected":false},"excerpt":{"rendered":"<p>Nous accordons une grande importance \u00e0 la transparence et souhaitons vous fournir des informations claires sur notre mode de fonctionnement. Veuillez prendre un moment pour consulter les d\u00e9tails suivants concernant notre participation \u00e0 l&rsquo;utilisation de liens d&rsquo;affiliation et le contenu impartial sur notre site web. Utilisation des Liens d&rsquo;Affiliation Notre site web participe au programme [&hellip;]<\/p>\n","protected":false},"author":41,"featured_media":0,"parent":0,"menu_order":0,"comment_status":"closed","ping_status":"closed","template":"","meta":{"om_disable_all_campaigns":false,"footnotes":""},"sgf-content-tag":[1763,183],"sgf-seo-push":[],"class_list":["post-57615","page","type-page","status-publish","hentry"],"_links":{"self":[{"href":"https:\/\/vpnveteran.com\/fr\/wp-json\/wp\/v2\/pages\/57615","targetHints":{"allow":["GET"]}}],"collection":[{"href":"https:\/\/vpnveteran.com\/fr\/wp-json\/wp\/v2\/pages"}],"about":[{"href":"https:\/\/vpnveteran.com\/fr\/wp-json\/wp\/v2\/types\/page"}],"author":[{"embeddable":true,"href":"https:\/\/vpnveteran.com\/fr\/wp-json\/wp\/v2\/users\/41"}],"replies":[{"embeddable":true,"href":"https:\/\/vpnveteran.com\/fr\/wp-json\/wp\/v2\/comments?post=57615"}],"version-history":[{"count":6,"href":"https:\/\/vpnveteran.com\/fr\/wp-json\/wp\/v2\/pages\/57615\/revisions"}],"predecessor-version":[{"id":57789,"href":"https:\/\/vpnveteran.com\/fr\/wp-json\/wp\/v2\/pages\/57615\/revisions\/57789"}],"wp:attachment":[{"href":"https:\/\/vpnveteran.com\/fr\/wp-json\/wp\/v2\/media?parent=57615"}],"wp:term":[{"taxonomy":"sgf-content-tag","embeddable":true,"href":"https:\/\/vpnveteran.com\/fr\/wp-json\/wp\/v2\/sgf-content-tag?post=57615"},{"taxonomy":"sgf-seo-push","embeddable":true,"href":"https:\/\/vpnveteran.com\/fr\/wp-json\/wp\/v2\/sgf-seo-push?post=57615"}],"curies":[{"name":"wp","href":"https:\/\/api.w.org\/{rel}","templated":true}]}}