{"id":57753,"date":"2023-07-24T05:32:01","date_gmt":"2023-07-24T09:32:01","guid":{"rendered":"https:\/\/vpnveteran.com\/?page_id=57753"},"modified":"2023-07-24T05:36:22","modified_gmt":"2023-07-24T09:36:22","slug":"revelation-de-propriete","status":"publish","type":"page","link":"https:\/\/vpnveteran.com\/fr\/revelation-de-propriete\/","title":{"rendered":"R\u00e9v\u00e9lation de la propri\u00e9t\u00e9"},"content":{"rendered":"<p>Bienvenue sur notre site ! Nous sommes ravis de vous accueillir ici et de partager avec vous des informations pr\u00e9cieuses. Dans un souci de transparence et de confiance envers nos lecteurs, nous souhaitons aborder deux sujets essentiels : la divulgation de notre propri\u00e9t\u00e9 et la pr\u00e9vention de la d\u00e9pendance exclusive.<\/p>\n<h2>Propri\u00e9t\u00e9<\/h2>\n<p>Ce site est la propri\u00e9t\u00e9 exclusive d&rsquo;<strong>Affiliare Inc<\/strong>. Notre engagement envers la transparence nous pousse \u00e0 r\u00e9v\u00e9ler ouvertement notre propri\u00e9t\u00e9 afin de pr\u00e9server la confiance et l&rsquo;ouverture envers nos pr\u00e9cieux lecteurs.<\/p>\n<h2>\u00c9viter la D\u00e9pendance Exclusive<\/h2>\n<p>Chez <a href=\"https:\/\/vpnveteran.com\/fr\/\">VPNVeteran<\/a>, nous respectons les principes d&rsquo;<strong>impartialit\u00e9 et d&rsquo;objectivit\u00e9<\/strong> dans notre contenu. Bien que nos articles puissent mentionner ou faire r\u00e9f\u00e9rence \u00e0 divers produits, services, experts, et plus encore, il est important de pr\u00e9ciser que ces r\u00e9f\u00e9rences ne constituent pas des approbations ou des garanties quant \u00e0 l&rsquo;exactitude des informations fournies.<\/p>\n<p>Nous encourageons nos lecteurs \u00e0 \u00eatre discernants et \u00e0 ne pas se fier uniquement aux r\u00e9f\u00e9rences dans nos articles. Effectuez des recherches approfondies, consultez plusieurs sources et rassemblez des perspectives diverses pour prendre des d\u00e9cisions \u00e9clair\u00e9es lors de la consid\u00e9ration de tout produit ou service.<\/p>\n<h2>Demandes<\/h2>\n<p>Pour toute demande ou pr\u00e9occupation concernant notre Divulgation de Propri\u00e9t\u00e9, n&rsquo;h\u00e9sitez pas \u00e0 envoyer un message \u00e0 <a href=\"mailto:info@affiliareinc.com\" target=\"_blank\" rel=\"nofollow noopener noreferrer\">info@affiliareinc.com<\/a>.<\/p>\n<p>Merci de faire confiance \u00e0 VPNVeteran. Nous sommes engag\u00e9s \u00e0 fournir une plateforme digne de confiance et fiable pour nos pr\u00e9cieux lecteurs.<\/p>\n","protected":false},"excerpt":{"rendered":"<p>Bienvenue sur notre site ! Nous sommes ravis de vous accueillir ici et de partager avec vous des informations pr\u00e9cieuses. Dans un souci de transparence et de confiance envers nos lecteurs, nous souhaitons aborder deux sujets essentiels : la divulgation de notre propri\u00e9t\u00e9 et la pr\u00e9vention de la d\u00e9pendance exclusive. Propri\u00e9t\u00e9 Ce site est la [&hellip;]<\/p>\n","protected":false},"author":41,"featured_media":0,"parent":0,"menu_order":0,"comment_status":"closed","ping_status":"closed","template":"","meta":{"om_disable_all_campaigns":false,"footnotes":""},"sgf-content-tag":[1765,183],"sgf-seo-push":[],"class_list":["post-57753","page","type-page","status-publish","hentry"],"_links":{"self":[{"href":"https:\/\/vpnveteran.com\/fr\/wp-json\/wp\/v2\/pages\/57753","targetHints":{"allow":["GET"]}}],"collection":[{"href":"https:\/\/vpnveteran.com\/fr\/wp-json\/wp\/v2\/pages"}],"about":[{"href":"https:\/\/vpnveteran.com\/fr\/wp-json\/wp\/v2\/types\/page"}],"author":[{"embeddable":true,"href":"https:\/\/vpnveteran.com\/fr\/wp-json\/wp\/v2\/users\/41"}],"replies":[{"embeddable":true,"href":"https:\/\/vpnveteran.com\/fr\/wp-json\/wp\/v2\/comments?post=57753"}],"version-history":[{"count":7,"href":"https:\/\/vpnveteran.com\/fr\/wp-json\/wp\/v2\/pages\/57753\/revisions"}],"predecessor-version":[{"id":57831,"href":"https:\/\/vpnveteran.com\/fr\/wp-json\/wp\/v2\/pages\/57753\/revisions\/57831"}],"wp:attachment":[{"href":"https:\/\/vpnveteran.com\/fr\/wp-json\/wp\/v2\/media?parent=57753"}],"wp:term":[{"taxonomy":"sgf-content-tag","embeddable":true,"href":"https:\/\/vpnveteran.com\/fr\/wp-json\/wp\/v2\/sgf-content-tag?post=57753"},{"taxonomy":"sgf-seo-push","embeddable":true,"href":"https:\/\/vpnveteran.com\/fr\/wp-json\/wp\/v2\/sgf-seo-push?post=57753"}],"curies":[{"name":"wp","href":"https:\/\/api.w.org\/{rel}","templated":true}]}}