{"id":6348,"date":"2020-06-10T00:40:57","date_gmt":"2020-06-10T04:40:57","guid":{"rendered":"https:\/\/vpnveteran.com\/?page_id=6348"},"modified":"2022-01-11T03:43:12","modified_gmt":"2022-01-11T08:43:12","slug":"plan-du-site","status":"publish","type":"page","link":"https:\/\/vpnveteran.com\/fr\/plan-du-site\/","title":{"rendered":"Plan du site"},"content":{"rendered":"<div class=\"wsp-container\"><h2 class=\"wsp-posts-title\">Articles par cat\u00e9gorie<\/h2>\n<ul class=\"wsp-posts-list\">\n\t<li><strong class=\"wsp-category-title\">Cat\u00e9gorie\u00a0: <a href=\"https:\/\/vpnveteran.com\/fr\/categorie\/avis\/\">Avis<\/a><\/strong>\n<ul class=\"wsp-posts-list\">\t\t<li class=\"wsp-post\"><a href=\"https:\/\/vpnveteran.com\/fr\/atlas-vpn-avis\/\">Atlas VPN avis 2026<\/a><\/li>\n\t\t<li class=\"wsp-post\"><a href=\"https:\/\/vpnveteran.com\/fr\/hola-vpn-avis\/\">Hola gratuit : le pire VPN de l&rsquo;histoire ? Avis<\/a><\/li>\n\t\t<li class=\"wsp-post\"><a href=\"https:\/\/vpnveteran.com\/fr\/test-vpn-astrill-avis\/\">Astrill VPN<\/a><\/li>\n\t\t<li class=\"wsp-post\"><a href=\"https:\/\/vpnveteran.com\/fr\/avis-ipvanish-vpn\/\">IPVanish VPN avis 2026<\/a><\/li>\n\t\t<li class=\"wsp-post\"><a href=\"https:\/\/vpnveteran.com\/fr\/vpn-zenmate-avis\/\">ZenMate VPN<\/a><\/li>\n\t\t<li class=\"wsp-post\"><a href=\"https:\/\/vpnveteran.com\/fr\/ivacy-vpn-avis\/\">IvacyVPN<\/a><\/li>\n\t\t<li class=\"wsp-post\"><a href=\"https:\/\/vpnveteran.com\/fr\/le-vpn-avis\/\">Le VPN : Pas vraiment recommand\u00e9<\/a><\/li>\n\t\t<li class=\"wsp-post\"><a href=\"https:\/\/vpnveteran.com\/fr\/urban-vpn-avis\/\">Urban VPN : \u00e0 \u00e9viter absolument !<\/a><\/li>\n\t\t<li class=\"wsp-post\"><a href=\"https:\/\/vpnveteran.com\/fr\/vpn-cyberghost-avis\/\">CyberGhost VPN test et avis en 2026<\/a><\/li>\n\t\t<li class=\"wsp-post\"><a href=\"https:\/\/vpnveteran.com\/fr\/expressvpn-avis\/\">ExpressVPN<\/a><\/li>\n\t\t<li class=\"wsp-post\"><a href=\"https:\/\/vpnveteran.com\/fr\/vpn-pia-private-internet-access-avis\/\">Private Internet Access VPN avis (PIA) mise \u00e0 jour avril 2026<\/a><\/li>\n\t\t<li class=\"wsp-post\"><a href=\"https:\/\/vpnveteran.com\/fr\/windscribe-vpn-avis-test-complet\/\">Windscribe VPN<\/a><\/li>\n\t\t<li class=\"wsp-post\"><a href=\"https:\/\/vpnveteran.com\/fr\/nordvpn-avis\/\">NordVPN<\/a><\/li>\n\t\t<li class=\"wsp-post\"><a href=\"https:\/\/vpnveteran.com\/fr\/vyprvpn-avis\/\">VyprVPN<\/a><\/li>\n\t\t<li class=\"wsp-post\"><a href=\"https:\/\/vpnveteran.com\/fr\/surfshark-vpn-avis\/\">Surfshark VPN avis 2026<\/a><\/li>\n\t\t<li class=\"wsp-post\"><a href=\"https:\/\/vpnveteran.com\/fr\/strongvpn-avis\/\">Notre StrongVPN avis, ce que vous devez savoir<\/a><\/li>\n\t\t<li class=\"wsp-post\"><a href=\"https:\/\/vpnveteran.com\/fr\/purevpn-avis\/\">Pure VPN : Notre avis sur le fournisseur de Honk Kong<\/a><\/li>\n\t\t<li class=\"wsp-post\"><a href=\"https:\/\/vpnveteran.com\/fr\/hotspot-shield-vpn-avis\/\">Hotspot Shield VPN<\/a><\/li>\n\t\t<li class=\"wsp-post\"><a href=\"https:\/\/vpnveteran.com\/fr\/vpn-tunnelbear-avis\/\">TunnelBear<\/a><\/li>\n\t\t<li class=\"wsp-post\"><a href=\"https:\/\/vpnveteran.com\/fr\/privatevpn-avis\/\">PrivateVPN avis 2026<\/a><\/li>\n\t\t<li class=\"wsp-post\"><a href=\"https:\/\/vpnveteran.com\/fr\/test-protonvpn-avis\/\">ProtonVPN<\/a><\/li>\n<\/ul><\/li>\n\t<li><strong class=\"wsp-category-title\">Cat\u00e9gorie\u00a0: <a href=\"https:\/\/vpnveteran.com\/fr\/categorie\/nos-guides\/\">Guides<\/a><\/strong>\n<ul class=\"wsp-posts-list\">\t\t<li class=\"wsp-post\"><a href=\"https:\/\/vpnveteran.com\/fr\/regarder-combat-mma-en-direct\/\">Regarder MMA en direct de n&rsquo;importe o\u00f9. Notre guide 2026<\/a><\/li>\n\t\t<li class=\"wsp-post\"><a href=\"https:\/\/vpnveteran.com\/fr\/rugby-champions-cup-en-direct\/\">Regarder la Champions Cup en direct saison 2022 &#8211; 2023<\/a><\/li>\n\t\t<li class=\"wsp-post\"><a href=\"https:\/\/vpnveteran.com\/fr\/regarder-rmc-sport-a-letranger\/\">Regarder RMC Sport en direct depuis l&rsquo;\u00e9tranger en 2026<\/a><\/li>\n\t\t<li class=\"wsp-post\"><a href=\"https:\/\/vpnveteran.com\/fr\/regarder-lnb-en-direct\/\">Regarder la LNB Pro A (Betclic \u00c9lite) en direct : o\u00f9 et comment ?<\/a><\/li>\n\t\t<li class=\"wsp-post\"><a href=\"https:\/\/vpnveteran.com\/fr\/regarder-la-formule-e-en-direct\/\">Comment regarder la Formule E en direct sans payer ?<\/a><\/li>\n\t\t<li class=\"wsp-post\"><a href=\"https:\/\/vpnveteran.com\/fr\/open-d-australie-en-direct-live\/\">Comment voir Open d&rsquo;Australie en direct en 2023 ?<\/a><\/li>\n\t\t<li class=\"wsp-post\"><a href=\"https:\/\/vpnveteran.com\/fr\/regarder-salto-depuis-etranger\/\">Regarder Salto depuis l&rsquo;\u00e9tranger : c&rsquo;est possible en 2026<\/a><\/li>\n\t\t<li class=\"wsp-post\"><a href=\"https:\/\/vpnveteran.com\/fr\/regarder-la-rtbf-direct-en-france\/\">Regarder la RTBF depuis la France en 2026<\/a><\/li>\n\t\t<li class=\"wsp-post\"><a href=\"https:\/\/vpnveteran.com\/fr\/coupe-du-monde-fifa-en-direct\/\">Regarder la coupe du monde de la FIFA 2022 en direct<\/a><\/li>\n\t\t<li class=\"wsp-post\"><a href=\"https:\/\/vpnveteran.com\/fr\/cyberghost-ou-expressvpn\/\">Cyberghost ou ExpressVPN ? Lequel choisir en 2026 ?<\/a><\/li>\n\t\t<li class=\"wsp-post\"><a href=\"https:\/\/vpnveteran.com\/fr\/expressvpn-ou-surfshark-vpn\/\">ExpressVPN vs. Surfshark VPN : qui remporte le titre de meilleur VPN en 2026 ?<\/a><\/li>\n\t\t<li class=\"wsp-post\"><a href=\"https:\/\/vpnveteran.com\/fr\/regarder-love-island\/\">Comment regarder Love Island dans le monde entier en 2026 ?<\/a><\/li>\n\t\t<li class=\"wsp-post\"><a href=\"https:\/\/vpnveteran.com\/fr\/voir-france-tv-etranger\/\">Comment acc\u00e9der \u00e0 France.TV \u00e0 l&rsquo;\u00e9tranger en 2026 ?<\/a><\/li>\n\t\t<li class=\"wsp-post\"><a href=\"https:\/\/vpnveteran.com\/fr\/coupe-davis-en-direct\/\">Toutes les astuces pour regarder la Coupe Davis direct en 2026<\/a><\/li>\n\t\t<li class=\"wsp-post\"><a href=\"https:\/\/vpnveteran.com\/fr\/expressvpn-essai-gratuit\/\">L&rsquo;ExpressVPN essai gratuit et comment en profiter en 2026<\/a><\/li>\n\t\t<li class=\"wsp-post\"><a href=\"https:\/\/vpnveteran.com\/fr\/regarder-us-open-tennis-direct\/\">Regarder l&rsquo;US Open tennis en streaming GRATUITEMENT en 2026<\/a><\/li>\n\t\t<li class=\"wsp-post\"><a href=\"https:\/\/vpnveteran.com\/fr\/surfshark-coupon-code\/\">Surfshark coupon code : la meilleure r\u00e9duction pour avril 2026<\/a><\/li>\n\t\t<li class=\"wsp-post\"><a href=\"https:\/\/vpnveteran.com\/fr\/code-reduction-nordvpn\/\">NordVPN promo : la meilleure r\u00e9duction pour avril 2026<\/a><\/li>\n\t\t<li class=\"wsp-post\"><a href=\"https:\/\/vpnveteran.com\/fr\/coupon-promo-expressvpn\/\">Coupon ExpressVPN pour une r\u00e9duction exclusive (avril 2026)<\/a><\/li>\n\t\t<li class=\"wsp-post\"><a href=\"https:\/\/vpnveteran.com\/fr\/regarder-hbo-max-streaming\/\">Regarder HBO Max dans le monde entier. Notre solution pour 2026<\/a><\/li>\n\t\t<li class=\"wsp-post\"><a href=\"https:\/\/vpnveteran.com\/fr\/coupe-de-france-direct-streaming\/\">Regarder la Coupe de France en direct<\/a><\/li>\n\t\t<li class=\"wsp-post\"><a href=\"https:\/\/vpnveteran.com\/fr\/meilleur-vpn-france-gratuit\/\">Les meilleurs VPN gratuits pour la France en 2026<\/a><\/li>\n\t\t<li class=\"wsp-post\"><a href=\"https:\/\/vpnveteran.com\/fr\/masquer-adresse-ip\/\">Comment masquer adresse IP efficacement ? Toutes nos astuces<\/a><\/li>\n\t\t<li class=\"wsp-post\"><a href=\"https:\/\/vpnveteran.com\/fr\/le-meilleur-vpn-android\/\">Quel est le meilleur VPN pour Android en 2026 ?<\/a><\/li>\n\t\t<li class=\"wsp-post\"><a href=\"https:\/\/vpnveteran.com\/fr\/vpn-gratuit-pour-android\/\">Quel est le meilleur VPN gratuit pour Android ?<\/a><\/li>\n\t\t<li class=\"wsp-post\"><a href=\"https:\/\/vpnveteran.com\/fr\/voir-disney-plus-france-etranger\/\">Regarder Disney+ en fran\u00e7ais \u00e0 l&rsquo;\u00e9tranger en 2026<\/a><\/li>\n\t\t<li class=\"wsp-post\"><a href=\"https:\/\/vpnveteran.com\/fr\/all-star-game-steaming-live-direct\/\">Comment voir la NBA All Star direct en 2026<\/a><\/li>\n\t\t<li class=\"wsp-post\"><a href=\"https:\/\/vpnveteran.com\/fr\/logiciel-proxy-definition\/\">Qu&rsquo;est ce qu&rsquo;un proxy ? D\u00e9finition et diff\u00e9rents types<\/a><\/li>\n\t\t<li class=\"wsp-post\"><a href=\"https:\/\/vpnveteran.com\/fr\/difference-proxy-vpn\/\">VPN ou proxy ? Tout d\u00e9pend de la situation !<\/a><\/li>\n\t\t<li class=\"wsp-post\"><a href=\"https:\/\/vpnveteran.com\/fr\/meilleur-logiciel-torrent\/\">Quel est le meilleur client torrent ?<\/a><\/li>\n\t\t<li class=\"wsp-post\"><a href=\"https:\/\/vpnveteran.com\/fr\/surfer-anonymement-sur-internet\/\">Nos conseils pour naviguer anonymement sur le net<\/a><\/li>\n\t\t<li class=\"wsp-post\"><a href=\"https:\/\/vpnveteran.com\/fr\/can-en-streaming-direct\/\">Regarder la Coupe d&rsquo;Afrique des Nations en streaming<\/a><\/li>\n\t\t<li class=\"wsp-post\"><a href=\"https:\/\/vpnveteran.com\/fr\/les-meilleures-series-netflix\/\">Les meilleures s\u00e9ries sur Netflix : classement 2026<\/a><\/li>\n\t\t<li class=\"wsp-post\"><a href=\"https:\/\/vpnveteran.com\/fr\/voir-ocs-streaming-direct-etranger\/\">Comment regarder OCS direct de n&rsquo;importe o\u00f9 ?<\/a><\/li>\n\t\t<li class=\"wsp-post\"><a href=\"https:\/\/vpnveteran.com\/fr\/paris-bercy-tennis-direct-streaming\/\">Regarder le Paris Bercy tennis streaming 2026<\/a><\/li>\n\t\t<li class=\"wsp-post\"><a href=\"https:\/\/vpnveteran.com\/fr\/guide-tor-definition\/\">Notre guide Tor complet : un navigateur tr\u00e8s sp\u00e9cial<\/a><\/li>\n\t\t<li class=\"wsp-post\"><a href=\"https:\/\/vpnveteran.com\/fr\/voir-streaming-ligue-1-en-direct\/\">Regarder le streaming foot Ligue 1 en 2026<\/a><\/li>\n\t\t<li class=\"wsp-post\"><a href=\"https:\/\/vpnveteran.com\/fr\/top-10-meilleur-site-torrent\/\">D\u00e9couvrez les meilleurs sites de torrents de 2026<\/a><\/li>\n\t\t<li class=\"wsp-post\"><a href=\"https:\/\/vpnveteran.com\/fr\/vpn-gratuit-torrent-p2p\/\">Quel est le meilleur VPN P2P gratuit de 2026 ?<\/a><\/li>\n\t\t<li class=\"wsp-post\"><a href=\"https:\/\/vpnveteran.com\/fr\/voir-top-14-en-direct-streaming\/\">Regarder le Top 14 streaming dans le monde entier !<\/a><\/li>\n\t\t<li class=\"wsp-post\"><a href=\"https:\/\/vpnveteran.com\/fr\/torrent-expressvpn-test-p2p\/\">ExpressVPN P2P, qu&rsquo;est ce que vous attendez ?<\/a><\/li>\n\t\t<li class=\"wsp-post\"><a href=\"https:\/\/vpnveteran.com\/fr\/streaming-europa-league-direct\/\">D\u00e9bloquer le streaming de la Ligue Europa en 2026<\/a><\/li>\n\t\t<li class=\"wsp-post\"><a href=\"https:\/\/vpnveteran.com\/fr\/guide-vpn-ou-tor\/\">VPN ou Tor : Quelle est la solution la plus ad\u00e9quate ?<\/a><\/li>\n\t\t<li class=\"wsp-post\"><a href=\"https:\/\/vpnveteran.com\/fr\/voir-streaming-ryder-cup-en-direct\/\">D\u00e9bloquer l&rsquo;acc\u00e8s \u00e0 la Ryder Cup en direct en 2026<\/a><\/li>\n\t\t<li class=\"wsp-post\"><a href=\"https:\/\/vpnveteran.com\/fr\/comparatif-protocoles-vpn\/\">Comparatif des protocoles VPN : Quelles sont les meilleurs ?<\/a><\/li>\n\t\t<li class=\"wsp-post\"><a href=\"https:\/\/vpnveteran.com\/fr\/debloquer-disney-plus-us\/\">D\u00e9bloquer Disney+ USA en France en 2026<\/a><\/li>\n\t\t<li class=\"wsp-post\"><a href=\"https:\/\/vpnveteran.com\/fr\/vpn-kill-switch\/\">Qu&rsquo;est-ce qu&rsquo;un Kill Switch VPN ?<\/a><\/li>\n\t\t<li class=\"wsp-post\"><a href=\"https:\/\/vpnveteran.com\/fr\/expressvpn-netflix-test-streaming\/\">Netflix Express VPN, un bon match ? Notre test 2026<\/a><\/li>\n\t\t<li class=\"wsp-post\"><a href=\"https:\/\/vpnveteran.com\/fr\/regarder-jo-en-streaming-direct\/\">D\u00e9bloquer les JO de P\u00e9kin 2022 en direct<\/a><\/li>\n\t\t<li class=\"wsp-post\"><a href=\"https:\/\/vpnveteran.com\/fr\/vpn-definition-pour-les-nuls\/\">Notre VPN d\u00e9finition : c&rsquo;est quoi un VPN ?<\/a><\/li>\n\t\t<li class=\"wsp-post\"><a href=\"https:\/\/vpnveteran.com\/fr\/les-alliances-5-9-14-eyes\/\">Les alliances des 5 Eyes, 9 Eyes et 14 Eyes<\/a><\/li>\n\t\t<li class=\"wsp-post\"><a href=\"https:\/\/vpnveteran.com\/fr\/expressvpn-ou-nordvpn\/\">NordVPN ou ExpressVPN ? La seule vraie question<\/a><\/li>\n\t\t<li class=\"wsp-post\"><a href=\"https:\/\/vpnveteran.com\/fr\/regarder-match-nba-direct-live\/\">D\u00e9bloquer l&rsquo;acc\u00e8s \u00e0 la NBA direct en 2026<\/a><\/li>\n\t\t<li class=\"wsp-post\"><a href=\"https:\/\/vpnveteran.com\/fr\/meilleur-site-streaming-foot\/\">Les meilleurs sites streaming foot \u00e0 utiliser en 2026 !<\/a><\/li>\n\t\t<li class=\"wsp-post\"><a href=\"https:\/\/vpnveteran.com\/fr\/vpn-legal-ou-pas\/\">Les VPN sont ils l\u00e9gaux ?<\/a><\/li>\n\t\t<li class=\"wsp-post\"><a href=\"https:\/\/vpnveteran.com\/fr\/regarder-wimbledon-en-streaming\/\">Regarder Wimbledon en live en 2026 : Notre guide<\/a><\/li>\n\t\t<li class=\"wsp-post\"><a href=\"https:\/\/vpnveteran.com\/fr\/tour-de-france-en-direct-gratuit\/\">Regarder le Tour de France en streaming gratuit 2026 !<\/a><\/li>\n\t\t<li class=\"wsp-post\"><a href=\"https:\/\/vpnveteran.com\/fr\/meilleur-vpn-gratuit-netflix\/\">VPN gratuit pour Netflix : Notre classement 2026<\/a><\/li>\n\t\t<li class=\"wsp-post\"><a href=\"https:\/\/vpnveteran.com\/fr\/streaming-golf-pga-tour-direct\/\">Comment regarder le golf PGA en direct ?<\/a><\/li>\n\t\t<li class=\"wsp-post\"><a href=\"https:\/\/vpnveteran.com\/fr\/meilleur-vpn-france\/\">Quel est le meilleur VPN pour la France en 2026 ?<\/a><\/li>\n\t\t<li class=\"wsp-post\"><a href=\"https:\/\/vpnveteran.com\/fr\/voir-football-en-streaming-direct\/\">Le meilleur du foot en direct streaming<\/a><\/li>\n\t\t<li class=\"wsp-post\"><a href=\"https:\/\/vpnveteran.com\/fr\/meilleur-vpn-torrent-p2p\/\">Voici le meilleur VPN pour torrent en 2026 !<\/a><\/li>\n\t\t<li class=\"wsp-post\"><a href=\"https:\/\/vpnveteran.com\/fr\/voir-streaming-eurosport-en-direct\/\">Eurosport en direct vous suit partout dans le monde<\/a><\/li>\n\t\t<li class=\"wsp-post\"><a href=\"https:\/\/vpnveteran.com\/fr\/voir-streaming-amazon-prime-video\/\">Comment acc\u00e9der \u00e0 Amazon Prime Video dans le monde entier ?<\/a><\/li>\n\t\t<li class=\"wsp-post\"><a href=\"https:\/\/vpnveteran.com\/fr\/voir-streaming-wwe-en-direct\/\">Vibrez non-stop avec WWE en direct de partout !<\/a><\/li>\n\t\t<li class=\"wsp-post\"><a href=\"https:\/\/vpnveteran.com\/fr\/regarder-la-liga-en-direct\/\">Comment regarder la Liga en direct en 2026 ?<\/a><\/li>\n\t\t<li class=\"wsp-post\"><a href=\"https:\/\/vpnveteran.com\/fr\/meilleur-vpn-usa\/\">Quel VPN am\u00e9ricain choisir en 2026 ?<\/a><\/li>\n\t\t<li class=\"wsp-post\"><a href=\"https:\/\/vpnveteran.com\/fr\/voir-premier-league-football-direct\/\">Comment regarder le foot anglais live en 2026 ?<\/a><\/li>\n\t\t<li class=\"wsp-post\"><a href=\"https:\/\/vpnveteran.com\/fr\/voir-ligue-des-champions-en-direct\/\">Comment regarder la Ligue des Champions en direct ?<\/a><\/li>\n\t\t<li class=\"wsp-post\"><a href=\"https:\/\/vpnveteran.com\/fr\/regarder-superbowl-direct-live\/\">Super Bowl en direct 2026 : Kansas City Chiefs ou Philadelphia Eagles<\/a><\/li>\n\t\t<li class=\"wsp-post\"><a href=\"https:\/\/vpnveteran.com\/fr\/cpasbien-adresse-et-alternatives\/\">Comment d\u00e9bloquer Cpasbien facilement\u2009?<\/a><\/li>\n\t\t<li class=\"wsp-post\"><a href=\"https:\/\/vpnveteran.com\/fr\/voir-tournoi-des-6-nations-direct\/\">Regarder le Tournoi des 6 Nations en direct : o\u00f9 et comment ?<\/a><\/li>\n\t\t<li class=\"wsp-post\"><a href=\"https:\/\/vpnveteran.com\/fr\/debloquer-the-piratebay-site\/\">Tout savoir sur le site r\u00e9f\u00e9rence The Pirate Bay<\/a><\/li>\n\t\t<li class=\"wsp-post\"><a href=\"https:\/\/vpnveteran.com\/fr\/regarder-match-bundesliga-direct\/\">Regarder la ligue de foot allemand en direct en 2026<\/a><\/li>\n\t\t<li class=\"wsp-post\"><a href=\"https:\/\/vpnveteran.com\/fr\/regarder-canal-plus-etranger\/\">Regarder Canal Plus en streaming depuis l&rsquo;\u00e9tranger : facile !<\/a><\/li>\n\t\t<li class=\"wsp-post\"><a href=\"https:\/\/vpnveteran.com\/fr\/choisir-meilleur-vpn-payant\/\">Quel est le meilleur VPN payant ?<\/a><\/li>\n\t\t<li class=\"wsp-post\"><a href=\"https:\/\/vpnveteran.com\/fr\/vpn-netflix-france-etranger\/\">Netflix \u00e0 l&rsquo;\u00e9tranger, bien sur que c&rsquo;est possible !<\/a><\/li>\n\t\t<li class=\"wsp-post\"><a href=\"https:\/\/vpnveteran.com\/fr\/regarder-ufc-direct-streaming\/\">Regarder  !<\/a><\/li>\n\t\t<li class=\"wsp-post\"><a href=\"https:\/\/vpnveteran.com\/fr\/meilleur-vpn-gamer-pour-jouer\/\">Les meilleurs VPN gamer, notre classement<\/a><\/li>\n\t\t<li class=\"wsp-post\"><a href=\"https:\/\/vpnveteran.com\/fr\/voir-france-2-streaming-etranger\/\">France 2 live etranger : mode d&#8217;emploi<\/a><\/li>\n\t\t<li class=\"wsp-post\"><a href=\"https:\/\/vpnveteran.com\/fr\/meilleur-vpn-pas-cher\/\">Quel est le VPN le moins cher ? Notre comparatif 2026<\/a><\/li>\n\t\t<li class=\"wsp-post\"><a href=\"https:\/\/vpnveteran.com\/fr\/regarder-netflix-us-en-france\/\">Acc\u00e9der \u00e0 Netflix US depuis la France<\/a><\/li>\n\t\t<li class=\"wsp-post\"><a href=\"https:\/\/vpnveteran.com\/fr\/telecharger-anonymement-torrent\/\">T\u00e9l\u00e9charger anonymement \u00e0 l&rsquo;aide d&rsquo;un VPN<\/a><\/li>\n\t\t<li class=\"wsp-post\"><a href=\"https:\/\/vpnveteran.com\/fr\/regarder-m6-direct-etranger\/\">Acc\u00e9der \u00e0 M6 direct \u00e0 l&rsquo;aide d&rsquo;un VPN depuis l&rsquo;\u00e9tranger<\/a><\/li>\n\t\t<li class=\"wsp-post\"><a href=\"https:\/\/vpnveteran.com\/fr\/regarder-tele-francaise-depuis-etranger\/\">Regarder TV francaise depuis etranger en 2026<\/a><\/li>\n\t\t<li class=\"wsp-post\"><a href=\"https:\/\/vpnveteran.com\/fr\/regarder-motogp-en-streaming\/\">Voir le MotoGP en direct 2026 : <\/a><\/li>\n\t\t<li class=\"wsp-post\"><a href=\"https:\/\/vpnveteran.com\/fr\/regarder-bein-sport-etranger\/\">Comment d\u00e9bloquer beIN Sport \u00e0 l&rsquo;\u00e9tranger ?<\/a><\/li>\n\t\t<li class=\"wsp-post\"><a href=\"https:\/\/vpnveteran.com\/fr\/vpn-totalement-gratuit-illimite\/\">Trouver un VPN vraiment gratuit en 2026<\/a><\/li>\n\t\t<li class=\"wsp-post\"><a href=\"https:\/\/vpnveteran.com\/fr\/regarder-formule-1-en-direct\/\">Voir la F1 gratuitement : <\/a><\/li>\n\t\t<li class=\"wsp-post\"><a href=\"https:\/\/vpnveteran.com\/fr\/meilleur-vpn-kodi\/\">Quels sont les meilleurs VPN pour Kodi en 2026 ?<\/a><\/li>\n\t\t<li class=\"wsp-post\"><a href=\"https:\/\/vpnveteran.com\/fr\/meilleur-vpn-netflix\/\">Les meilleurs VPN pour Netflix en 2026<\/a><\/li>\n\t\t<li class=\"wsp-post\"><a href=\"https:\/\/vpnveteran.com\/fr\/meilleur-site-de-telechargement\/\">Les meilleur site de telechargement, notre classement en 2026<\/a><\/li>\n\t\t<li class=\"wsp-post\"><a href=\"https:\/\/vpnveteran.com\/fr\/contourner-hadopi-vpn\/\">Tout ce que vous devez savoir \u00e0 propos des VPN HADOPI<\/a><\/li>\n\t\t<li class=\"wsp-post\"><a href=\"https:\/\/vpnveteran.com\/fr\/adresse-torrent9-alternatives\/\">Acc\u00e9der \u00e0 Torrent9 et t\u00e9l\u00e9charger avec un VPN<\/a><\/li>\n\t\t<li class=\"wsp-post\"><a href=\"https:\/\/vpnveteran.com\/fr\/zone-telechargement-alternative\/\">Comment d\u00e9bloquer Zone t\u00e9l\u00e9chargement<\/a><\/li>\n\t\t<li class=\"wsp-post\"><a href=\"https:\/\/vpnveteran.com\/fr\/meilleur-disney-plus-vpn\/\">Les meilleurs VPN Disney Plus de 2026<\/a><\/li>\n\t\t<li class=\"wsp-post\"><a href=\"https:\/\/vpnveteran.com\/fr\/debloquer-hulu-france-avec-vpn\/\">D\u00e9bloquer Hulu France avec un VPN<\/a><\/li>\n\t\t<li class=\"wsp-post\"><a href=\"https:\/\/vpnveteran.com\/fr\/meilleur-vpn-windows\/\">Tout ce que vous devez savoir \u00e0 propos des VPN pour Windows 10<\/a><\/li>\n\t\t<li class=\"wsp-post\"><a href=\"https:\/\/vpnveteran.com\/fr\/meilleur-vpn-iphone\/\">Notre classement des meilleur VPN iPhone 2026<\/a><\/li>\n\t\t<li class=\"wsp-post\"><a href=\"https:\/\/vpnveteran.com\/fr\/voir-tv-belge-en-france\/\">Regarder les cha\u00eenes belges en France. Notre guide en 2026<\/a><\/li>\n\t\t<li class=\"wsp-post\"><a href=\"https:\/\/vpnveteran.com\/fr\/vpn-turquie\/\">Quels sont les meilleurs VPN pour la Turquie de 2026 ?<\/a><\/li>\n\t\t<li class=\"wsp-post\"><a href=\"https:\/\/vpnveteran.com\/fr\/meilleur-site-de-streaming-gratuit\/\">Le meilleur site de streaming gratuit de 2026 sans inscription<\/a><\/li>\n\t\t<li class=\"wsp-post\"><a href=\"https:\/\/vpnveteran.com\/fr\/vpn-belgique\/\">Quels sont les meilleurs VPN pour la Belgique en 2026 ?<\/a><\/li>\n\t\t<li class=\"wsp-post\"><a href=\"https:\/\/vpnveteran.com\/fr\/vpn-chrome\/\">Quel est le meilleur VPN Chrome pour 2026 ?<\/a><\/li>\n\t\t<li class=\"wsp-post\"><a href=\"https:\/\/vpnveteran.com\/fr\/regarder-tf1-en-direct-etranger\/\">Regarder TF1 en direct depuis l&rsquo;\u00e9tranger. Notre guide 2026<\/a><\/li>\n<\/ul><\/li>\n<\/ul>\n<\/div>\n","protected":false},"excerpt":{"rendered":"","protected":false},"author":41,"featured_media":0,"parent":0,"menu_order":0,"comment_status":"closed","ping_status":"closed","template":"","meta":{"om_disable_all_campaigns":false,"footnotes":""},"sgf-content-tag":[183,196],"sgf-seo-push":[],"class_list":["post-6348","page","type-page","status-publish","hentry"],"_links":{"self":[{"href":"https:\/\/vpnveteran.com\/fr\/wp-json\/wp\/v2\/pages\/6348","targetHints":{"allow":["GET"]}}],"collection":[{"href":"https:\/\/vpnveteran.com\/fr\/wp-json\/wp\/v2\/pages"}],"about":[{"href":"https:\/\/vpnveteran.com\/fr\/wp-json\/wp\/v2\/types\/page"}],"author":[{"embeddable":true,"href":"https:\/\/vpnveteran.com\/fr\/wp-json\/wp\/v2\/users\/41"}],"replies":[{"embeddable":true,"href":"https:\/\/vpnveteran.com\/fr\/wp-json\/wp\/v2\/comments?post=6348"}],"version-history":[{"count":2,"href":"https:\/\/vpnveteran.com\/fr\/wp-json\/wp\/v2\/pages\/6348\/revisions"}],"predecessor-version":[{"id":6353,"href":"https:\/\/vpnveteran.com\/fr\/wp-json\/wp\/v2\/pages\/6348\/revisions\/6353"}],"wp:attachment":[{"href":"https:\/\/vpnveteran.com\/fr\/wp-json\/wp\/v2\/media?parent=6348"}],"wp:term":[{"taxonomy":"sgf-content-tag","embeddable":true,"href":"https:\/\/vpnveteran.com\/fr\/wp-json\/wp\/v2\/sgf-content-tag?post=6348"},{"taxonomy":"sgf-seo-push","embeddable":true,"href":"https:\/\/vpnveteran.com\/fr\/wp-json\/wp\/v2\/sgf-seo-push?post=6348"}],"curies":[{"name":"wp","href":"https:\/\/api.w.org\/{rel}","templated":true}]}}