{"id":38149,"date":"2022-02-11T06:00:19","date_gmt":"2022-02-11T11:00:19","guid":{"rendered":"https:\/\/vpnveteran.com\/?page_id=38149"},"modified":"2022-02-11T04:53:15","modified_gmt":"2022-02-11T09:53:15","slug":"cose-il-mio-ip","status":"publish","type":"page","link":"https:\/\/vpnveteran.com\/it\/cose-il-mio-ip\/","title":{"rendered":"Cos&#8217;\u00e8 l&#8217;indirizzo IP e come nasconderlo"},"content":{"rendered":"<p>Su qualsiasi sito web che visiti <strong>puoi vedere l&#8217;indirizzo IP<\/strong>, anche con le misure di tracciamento pi\u00f9 elementari. Ma qual \u00e8 il mio IP? Come si trova il mio IP? E come come controllare il mio IP? Per scoprirlo, non ti resta che proseguire con la lettura dell\u2019articolo!<\/p>\n<p><!--more--><\/p>\n<h2>Qual \u00e8 il mio IP?<\/h2>\n<div class=\"mb30 wpsm_box warning_type nonefloat_box\" style=\"text-align:left; width:auto\"><i><\/i><div>\r\n\t\t\t<div class=\"ip-grid\" style=\"grid-template-columns:  auto auto auto auto;\"><div id=\"ip-ip\"><span class=\"label\">IP:<\/span><span class=\"value\"><i class=\"fa fa-spinner fa-spin\"><\/i><\/span><\/div><div id=\"ip-city\"><span class=\"label\">Citt\u00e0:<\/span><span class=\"value\"><i class=\"fa fa-spinner fa-spin\"><\/i><\/span><\/div><div id=\"ip-country_name\"><span class=\"label\">Nazione:<\/span><span class=\"value\"><i class=\"fa fa-spinner fa-spin\"><\/i><\/span><\/div><div id=\"ip-org\"><span class=\"label\">Operatore:<\/span><span class=\"value\"><i class=\"fa fa-spinner fa-spin\"><\/i><\/span><\/div><\/div><script>\n    jQuery.getJSON( 'https:\/\/ipapi.co\/json\/', function( data ) {\n\t\t\tif (data.city.length > 15) {\n\t\t\t\tdata.org = data.city.substring(0, 14) + '\u2026';\n\t\t\t}\n\t\t\tif (data.country_name.length > 15) {\n\t\t\t\tdata.org = data.country_name.substring(0, 14) + '\u2026';\n\t\t\t}\n\t\t\tif (data.org.length > 15) {\n\t\t\t\tdata.org = data.org.substring(0, 14) + '\u2026';\n\t\t\t}\n\t\t\tif (data.ip.length > 15) {\n\t\t\t\ta_ipv6 = data.ip.split(':');\n\t\t\t\tdata.ip = a_ipv6[0]+':'+a_ipv6[1]+':\u2026:'+a_ipv6[ (a_ipv6.length-1) ];\n\t\t\t}\n      jQuery('#ip-ip .value').text( data.ip );jQuery('#ip-city .value').text( data.city );jQuery('#ip-country_name .value').text( data.country_name );jQuery('#ip-org .value').text( data.org );\n    });\n  <\/script><style>\n    .ip-table {display:table;}\n    .ip-table div {display:table-row;}\n    .ip-table div span {display:table-cell; cell-padding:3px;}\n    .ip-table .label {font-weight:normal;}\n    .ip-table .value {font-weight:bold;}\n\n    .ip-inline {display:inline;}\n    .ip-inline div {display:inline;}\n    .ip-inline div+div {margin-left:20px;}\n\n    .ip-block {display:block;}\n\n    .ip-flex {display:flex;}\n\n    .ip-grid {display:grid;}\n    .ip-grid div {text-align:center;}\n    .ip-grid .label {font-weight:normal;}\n    .ip-grid .value {margin-left: 0.5rem; font-weight:bold;}\n\t\t@media (max-width: 770px) {\n\t\t   .ip-grid {grid-template-columns: auto!important;}\n\t\t\t .ip-grid > div {text-align:left;}\n\t\t}\n  <\/style><br \/>\n\r\n\t\t\t<\/div><\/div>\n<p>L&#8217;indirizzo IP \u00e8 l&#8217;abbreviazione di<b> Internet Protocol address<\/b> (esempio 172.31.255.255). Esso serve per identificare i dispositivi inclusi computer, tablet e smartphone, su una rete. Ma qual \u00e8 il mio IP? E<strong>sistonodiverse tipologie di indirizzi IP<\/strong>:<\/p>\n<h3>Indirizzi pubblici vs indirizzi privati &#8211; Qual \u00e8 il mio IP?<\/h3>\n<p>I dispositivi connessi direttamente a Internet hanno un indirizzo pubblico, mentre i dispositivi connessi a una rete locale hanno un indirizzo privato.<strong>Un indirizzo privato ti offre una sicurezza aggiuntiva<\/strong> perch\u00e9 i tuoi dati dovranno passare attraverso la tua rete locale prima che possano connettersi a Internet.<\/p>\n<p>Ci\u00f2 significa che solo tu (e gli altri utenti che hai autorizzato) puoi accedere ai dispositivi nella tua rete.<\/p>\n<h3>Indirizzi statici e indirizzi dinamici &#8211; Qual \u00e8 il mio IP?<\/h3>\n<p>Quando si tratta di indirizzi statici e dinamici, la differenza \u00e8 che il primo non cambia, mentre il secondo pu\u00f2 cambiare di volta in volta.<\/p>\n<p><img fetchpriority=\"high\" decoding=\"async\" class=\"aligncenter wp-image-38082 size-full\" title=\"qual \u00e8 il mio ip\" src=\"https:\/\/vpnveteran.com\/wp-content\/uploads\/what-is-my-ip-address-1.jpg\" alt=\"qual \u00e8 il mio ip\" width=\"840\" height=\"549\" srcset=\"https:\/\/vpnveteran.com\/wp-content\/uploads\/what-is-my-ip-address-1.jpg 840w, https:\/\/vpnveteran.com\/wp-content\/uploads\/what-is-my-ip-address-1-300x196.jpg 300w, https:\/\/vpnveteran.com\/wp-content\/uploads\/what-is-my-ip-address-1-1024x669.jpg 1024w, https:\/\/vpnveteran.com\/wp-content\/uploads\/what-is-my-ip-address-1-767x501.jpg 767w, https:\/\/vpnveteran.com\/wp-content\/uploads\/what-is-my-ip-address-1-1536x1004.jpg 1536w, https:\/\/vpnveteran.com\/wp-content\/uploads\/what-is-my-ip-address-1-2048x1339.jpg 2048w, https:\/\/vpnveteran.com\/wp-content\/uploads\/what-is-my-ip-address-1-788x515.jpg 788w, https:\/\/vpnveteran.com\/wp-content\/uploads\/what-is-my-ip-address-1-150x98.jpg 150w\" sizes=\"(max-width: 840px) 100vw, 840px\" \/><\/p>\n<p>Gli indirizzi dinamici vengono assegnati ai tuoi dispositivi in \u200b\u200bmodo casuale. <strong>Il tuo ISP pu\u00f2 modificare il tuo indirizzo di protocollo Internet pubblico in qualsiasi momento<\/strong>, ma di solito accade solo quando reimposta il router o il modem. Il router pu\u00f2 anche modificare gli indirizzi del protocollo Internet privato quando si spegne e si riaccende un dispositivo.<\/p>\n<h3>Indirizzi IPV4 vs indirizzi IPV6 &#8211; Qual \u00e8 il mio IP?<\/h3>\n<p>IPv4 utilizza un indirizzo numerico a 32 bit separato da punti, mentre IPv6 \u00e8 un indirizzo alfanumerico a 128 bit separato da due punti. Differiscono anche per il numero di dispositivi che possono supportare.<\/p>\n<p>Come indicato dal nome, <strong>IPv4 \u00e8 la quarta versione di Internet Protocol<\/strong>, introdotta nel 1981. Pu\u00f2 supportare fino a 4,29 miliardi di indirizzi. Mentre 4,29 miliardi potrebbero sembrare molti indirizzi di protocollo Internet, al momento ci sono troppi dispositivi per supportare pi\u00f9 questo vecchio protocollo. In effetti, gli indirizzi IPv4 hanno iniziato a esaurirsi nel 2011 e gli ultimi indirizzi IPv4 sono stati assegnati nel 2019.<\/p>\n<p>Per risolvere questo problema, <strong>IPv6 \u00e8 stato introdotto nel 1995<\/strong>. Presentata come la prossima generazione di protocollo Internet, questa versione supporta 340 indirizzi di protocollo Internet undecillion (ovvero 340 seguiti da 36 zeri).Puoi dire che hai un indirizzo IPv4 se sembra questo 103.86.98.1 o un indirizzo IPv6 se assomiglia a questo 2400:BB40:1100::1.<\/p>\n<h2>Cosa rivela il mio indirizzo IP ?<\/h2>\n<p>Ora che hai capito qual \u00e8 il tuo IP, vorrai sapere cosa esso rivela. L&#8217;IP rivela<strong> il tuo provider di servizi Internet e anche informazioni sulla tua posizione<\/strong>, stato, citt\u00e0 e codice postale o postale. Ovviamente, il mio indirizzo IP da solo non \u00e8 sufficiente per determinare la tua posizione o indirizzo esatto.<\/p>\n<p><img decoding=\"async\" class=\"aligncenter wp-image-38084 size-full\" title=\"il mio indirizzo ip\" src=\"https:\/\/vpnveteran.com\/wp-content\/uploads\/what-is-my-ip-address-2.jpg\" alt=\"il mio indirizzo ip\" width=\"840\" height=\"560\" srcset=\"https:\/\/vpnveteran.com\/wp-content\/uploads\/what-is-my-ip-address-2.jpg 840w, https:\/\/vpnveteran.com\/wp-content\/uploads\/what-is-my-ip-address-2-300x200.jpg 300w, https:\/\/vpnveteran.com\/wp-content\/uploads\/what-is-my-ip-address-2-1024x683.jpg 1024w, https:\/\/vpnveteran.com\/wp-content\/uploads\/what-is-my-ip-address-2-768x512.jpg 768w, https:\/\/vpnveteran.com\/wp-content\/uploads\/what-is-my-ip-address-2-1536x1024.jpg 1536w, https:\/\/vpnveteran.com\/wp-content\/uploads\/what-is-my-ip-address-2-2048x1365.jpg 2048w, https:\/\/vpnveteran.com\/wp-content\/uploads\/what-is-my-ip-address-2-788x525.jpg 788w, https:\/\/vpnveteran.com\/wp-content\/uploads\/what-is-my-ip-address-2-150x100.jpg 150w\" sizes=\"(max-width: 840px) 100vw, 840px\" \/><\/p>\n<p>Tuttavia, la combinazione del tuo indirizzo IP con altre informazioni, come metadati, cookie, tracker e impronte digitali del browser, potrebbe consentire a qualcuno di restringere ulteriormente la tua posizione.<\/p>\n<h2>Chi pu\u00f2 vedere il mio indirizzo IP e la mia posizione?<\/h2>\n<p>Quasi tutti i siti Web che visiti avranno alcune funzionalit\u00e0 di monitoraggio di base in atto. Ci\u00f2 consentir\u00e0 loro di vedere il tuo indirizzo IP e utilizzare tali informazioni per avere un&#8217;idea generale di dove ti trovi. Scoprire qual \u00e8 il mio IP di qualcuno \u00e8 generalmente molto semplice.<\/p>\n<h2>Come si trova il mio IP?<\/h2>\n<p>Come si trova il mio indirizzo IP? Semplice: <strong>apri un qualsiasi browser web e vai su Google.com<\/strong>. Quindi digita &#8220;Trova il mio IP&#8221; nella barra di ricerca e premi Invio sulla tastiera. Vedrai il tuo indirizzo di protocollo Internet pubblico nella parte superiore della pagina. Oppure potete cliccare su <a href=\"https:\/\/whatismyipaddress.com\/\" target=\"_blank\" rel=\"noopener noreferrer\">questo sito<\/a>.<\/p>\n<p>Puoi trovare l&#8217;indirizzo IP privato di qualsiasi dispositivo connesso connesso alla tua rete accedendo <strong>all&#8217;interfaccia utente del tuo router<\/strong>. Quindi vai alla sezione Dispositivi connessi o Server DHCP. Questo potrebbe essere diverso, a seconda del router. Ora che hai capito come vedere il mio indirizzo IP, ti spiegher\u00f2 come nasconderlo.<\/p>\n<h2>Come nascondere l&#8217;indirizzo IP &#8211; Trova il mio IP<\/h2>\n<p>Se ti stai connettendo a Internet, \u00e8 una buona idea nascondere il tuo indirizzo IP. In questo modo nessuno potr\u00e0 mai accedere ai tuoi dati personali.<span class=\"Apple-converted-space\"> Ecco come fare:<\/span><\/p>\n<h3>VPN per nascondere l&#8217;IP &#8211; Trova il mio IP<\/h3>\n<p>Il miglior modo per oscurare il mio indirizzo IP \u00e8<strong> <a href=\"https:\/\/vpnveteran.com\/it\/rete-vpn-cose-e-cosa-serve\/\">attivare una VPN<\/a><\/strong>: Le VPN reindirizzano la tua connessione Internet attraverso &#8220;server virtuali&#8221; dislocati in tutto il mondo. Grazie alla rete virtuale privata<strong> nessuno pu\u00f2 vedere dove ti trovi effettivamente<\/strong>.<\/p>\n<p><img decoding=\"async\" class=\"aligncenter wp-image-38090 size-full\" title=\"trova il mio ip\" src=\"https:\/\/vpnveteran.com\/wp-content\/uploads\/what-is-my-ip-address-3.jpg\" alt=\"trova il mio ip\" width=\"840\" height=\"536\" srcset=\"https:\/\/vpnveteran.com\/wp-content\/uploads\/what-is-my-ip-address-3.jpg 840w, https:\/\/vpnveteran.com\/wp-content\/uploads\/what-is-my-ip-address-3-300x191.jpg 300w, https:\/\/vpnveteran.com\/wp-content\/uploads\/what-is-my-ip-address-3-1024x653.jpg 1024w, https:\/\/vpnveteran.com\/wp-content\/uploads\/what-is-my-ip-address-3-768x490.jpg 768w, https:\/\/vpnveteran.com\/wp-content\/uploads\/what-is-my-ip-address-3-1536x980.jpg 1536w, https:\/\/vpnveteran.com\/wp-content\/uploads\/what-is-my-ip-address-3-2048x1307.jpg 2048w, https:\/\/vpnveteran.com\/wp-content\/uploads\/what-is-my-ip-address-3-788x502.jpg 788w, https:\/\/vpnveteran.com\/wp-content\/uploads\/what-is-my-ip-address-3-150x96.jpg 150w\" sizes=\"(max-width: 840px) 100vw, 840px\" \/><\/p>\n<p>Le VPN aiutano a rendere anonima la tua navigazione in Internet e, come bonus, nascondono anche il tuo indirizzo IP &#8220;reale&#8221; o locale. Con una VPN <strong>il tuo indirizzo IP cambier\u00e0 in base alla posizione del server<\/strong> a cui ti connetti. Alcuni provider VPN ti consentono di scegliere posizioni specifiche, se vuoi &#8220;sembrare&#8221; provenire da qualche altra parte.<\/p>\n<p>Un esempio di questi provider \u00e8 . Quest\u2019ultima utilizza anche una crittografia avanzata per oscurare il traffico effettivo che scorre attraverso la tua connessione. Quindi, oltre a nascondere la tua posizione IP,  aggiunge<strong> avanzati livelli di sicurezza<\/strong>.<\/p>\n<p>Devi sapere che in questo periodo  <strong>consente di usare tutti i suoi servizi per un mese gratuitamente!<\/strong> Ti basta scegliere un pacchetto di abbonamento e richiedere il rimborso totale entro 30 giorni!<\/p>\n\n<h3>TOR (The Onion Router) per nascondere il mio IP &#8211; Trova il mio IP<\/h3>\n<p>Tor \u00e8 un&#8217;altra opzione per nascondere il mio indirizzo IP. Funziona in modo simile a una VPN tranne per il fatto che essenzialmente salta da un punto all&#8217;altro. Tuttavia, uno degli aspetti negativi dell&#8217;utilizzo di Tor \u00e8 che \u00e8 <strong>molto pi\u00f9 lento di una VPN<\/strong>. Ha livelli aggiuntivi di protezione della privacy, ma ci\u00f2 va a scapito della velocit\u00e0 di connessione.<\/p>\n<h3>Server proxy per nascondere il mio indirizzo IP &#8211; Trova il mio IP<\/h3>\n<p>Quando utilizzi un proxy, le tue richieste Internet passano attraverso il proxy in modo che i siti Web che visiti possano vedere solo il traffico proveniente dal proxy, non dalla tua rete locale. Puoi anche utilizzare i proxy per accedere a contenuti con restrizioni geografiche.<\/p>\n<p>I proxy tuttavia, <strong>sono molto pi\u00f9 lenti delle VPN e non offrono lo stesso livello di sicurezza<\/strong>. Questo perch\u00e9 i proxy non utilizzano la crittografia per oscurare le tue richieste web e non rimuovono alcun indicatore identificabile dalla tua attivit\u00e0 di rete.<\/p>\n<h2>Conclusione &#8211; Quale \u00e8 il mio IP e come nasconderlo<\/h2>\n<p>Qual \u00e8 il mio indirizzo IP &#8211; Come vedi, esistono diversi modi per oscurare il mio indirizzo IP. <strong>Il mio consiglio \u00e8 quello di usare una VPN<\/strong>. Tale servizio non solo ti permetter\u00e0 di mantenere al sicuro i tuoi dati sensibili. Esso ti consentir\u00e0 di accedere a tutti i siti che desideri senza restrizioni e di navigare in totale privacy e sicurezza.<\/p>\n\n","protected":false},"excerpt":{"rendered":"<p>Su qualsiasi sito web che visiti puoi vedere l&#8217;indirizzo IP, anche con le misure di tracciamento pi\u00f9 elementari. Ma qual \u00e8 il mio IP? Come si trova il mio IP? E come come controllare il mio IP? Per scoprirlo, non ti resta che proseguire con la lettura dell\u2019articolo!<\/p>\n","protected":false},"author":37,"featured_media":38094,"parent":0,"menu_order":0,"comment_status":"closed","ping_status":"closed","template":"","meta":{"om_disable_all_campaigns":false,"footnotes":""},"sgf-content-tag":[194],"sgf-seo-push":[],"class_list":["post-38149","page","type-page","status-publish","has-post-thumbnail","hentry"],"_links":{"self":[{"href":"https:\/\/vpnveteran.com\/it\/wp-json\/wp\/v2\/pages\/38149","targetHints":{"allow":["GET"]}}],"collection":[{"href":"https:\/\/vpnveteran.com\/it\/wp-json\/wp\/v2\/pages"}],"about":[{"href":"https:\/\/vpnveteran.com\/it\/wp-json\/wp\/v2\/types\/page"}],"author":[{"embeddable":true,"href":"https:\/\/vpnveteran.com\/it\/wp-json\/wp\/v2\/users\/37"}],"replies":[{"embeddable":true,"href":"https:\/\/vpnveteran.com\/it\/wp-json\/wp\/v2\/comments?post=38149"}],"version-history":[{"count":1,"href":"https:\/\/vpnveteran.com\/it\/wp-json\/wp\/v2\/pages\/38149\/revisions"}],"predecessor-version":[{"id":38151,"href":"https:\/\/vpnveteran.com\/it\/wp-json\/wp\/v2\/pages\/38149\/revisions\/38151"}],"wp:featuredmedia":[{"embeddable":true,"href":"https:\/\/vpnveteran.com\/it\/wp-json\/wp\/v2\/media\/38094"}],"wp:attachment":[{"href":"https:\/\/vpnveteran.com\/it\/wp-json\/wp\/v2\/media?parent=38149"}],"wp:term":[{"taxonomy":"sgf-content-tag","embeddable":true,"href":"https:\/\/vpnveteran.com\/it\/wp-json\/wp\/v2\/sgf-content-tag?post=38149"},{"taxonomy":"sgf-seo-push","embeddable":true,"href":"https:\/\/vpnveteran.com\/it\/wp-json\/wp\/v2\/sgf-seo-push?post=38149"}],"curies":[{"name":"wp","href":"https:\/\/api.w.org\/{rel}","templated":true}]}}