{"id":57744,"date":"2023-07-31T03:24:43","date_gmt":"2023-07-31T07:24:43","guid":{"rendered":"https:\/\/vpnveteran.com\/?page_id=57744"},"modified":"2023-07-31T03:24:43","modified_gmt":"2023-07-31T07:24:43","slug":"divulgazione-della-proprieta","status":"publish","type":"page","link":"https:\/\/vpnveteran.com\/it\/divulgazione-della-proprieta\/","title":{"rendered":"Divulgazione della Propriet\u00e0"},"content":{"rendered":"<p>VPNveteran.com \u00e8 di propriet\u00e0 e gestito da <strong>Affiliare Inc.<\/strong>, una societ\u00e0 specializzata in marketing di affiliazione e recensioni di prodotti.<\/p>\n<p>In VPNveteran, il nostro obiettivo principale \u00e8 offrire recensioni imparziali e obiettive.<\/p>\n<p>\u00c8 importante riconoscere che in alcuni casi le nostre recensioni possono menzionare altri prodotti, servizi, coach, consulenti o esperti.<\/p>\n<p>Tuttavia, \u00e8 fondamentale notare che tali riferimenti non sono intesi come approvazioni o affermazioni dell&#8217;accuratezza delle informazioni fornite dalle parti menzionate.<\/p>\n<p>Ti consigliamo vivamente di condurre le tue indagini e ricerche prima di prendere qualsiasi decisione di acquisto.<\/p>\n<p>Sebbene ci sforziamo di fornire informazioni utili, consigliamo di fare affidamento su pi\u00f9 fonti e di eseguire la dovuta diligenza per determinare l&#8217;idoneit\u00e0 di un particolare prodotto o servizio per le tue esigenze.<\/p>\n<h2>Hai delle domande?<\/h2>\n<p>Per qualsiasi domanda o richiesta riguardante VPNveteran, non esitare a contattarci all&#8217;indirizzo <a href=\"mailto:info@affiliareinc.com\" target=\"_blank\" rel=\"nofollow noopener noreferrer\">info@affiliareinc.com<\/a>. Siamo a tua disposizione per assisterti e fornirti tutte le informazioni necessarie.<\/p>\n<p>Grazie per aver visitato VPNveteran e apprezziamo la tua comprensione della nostra propriet\u00e0 e del processo di revisione.<\/p>\n","protected":false},"excerpt":{"rendered":"<p>VPNveteran.com \u00e8 di propriet\u00e0 e gestito da Affiliare Inc., una societ\u00e0 specializzata in marketing di affiliazione e recensioni di prodotti. In VPNveteran, il nostro obiettivo principale \u00e8 offrire recensioni imparziali e obiettive. \u00c8 importante riconoscere che in alcuni casi le nostre recensioni possono menzionare altri prodotti, servizi, coach, consulenti o esperti. Tuttavia, \u00e8 fondamentale notare [&hellip;]<\/p>\n","protected":false},"author":37,"featured_media":0,"parent":0,"menu_order":0,"comment_status":"closed","ping_status":"closed","template":"","meta":{"om_disable_all_campaigns":false,"footnotes":""},"sgf-content-tag":[1765,183],"sgf-seo-push":[],"class_list":["post-57744","page","type-page","status-publish","hentry"],"_links":{"self":[{"href":"https:\/\/vpnveteran.com\/it\/wp-json\/wp\/v2\/pages\/57744","targetHints":{"allow":["GET"]}}],"collection":[{"href":"https:\/\/vpnveteran.com\/it\/wp-json\/wp\/v2\/pages"}],"about":[{"href":"https:\/\/vpnveteran.com\/it\/wp-json\/wp\/v2\/types\/page"}],"author":[{"embeddable":true,"href":"https:\/\/vpnveteran.com\/it\/wp-json\/wp\/v2\/users\/37"}],"replies":[{"embeddable":true,"href":"https:\/\/vpnveteran.com\/it\/wp-json\/wp\/v2\/comments?post=57744"}],"version-history":[{"count":2,"href":"https:\/\/vpnveteran.com\/it\/wp-json\/wp\/v2\/pages\/57744\/revisions"}],"predecessor-version":[{"id":57871,"href":"https:\/\/vpnveteran.com\/it\/wp-json\/wp\/v2\/pages\/57744\/revisions\/57871"}],"wp:attachment":[{"href":"https:\/\/vpnveteran.com\/it\/wp-json\/wp\/v2\/media?parent=57744"}],"wp:term":[{"taxonomy":"sgf-content-tag","embeddable":true,"href":"https:\/\/vpnveteran.com\/it\/wp-json\/wp\/v2\/sgf-content-tag?post=57744"},{"taxonomy":"sgf-seo-push","embeddable":true,"href":"https:\/\/vpnveteran.com\/it\/wp-json\/wp\/v2\/sgf-seo-push?post=57744"}],"curies":[{"name":"wp","href":"https:\/\/api.w.org\/{rel}","templated":true}]}}