{"id":20837,"date":"2020-09-18T07:18:09","date_gmt":"2020-09-18T11:18:09","guid":{"rendered":"https:\/\/vpnveteran.com\/?page_id=20837"},"modified":"2023-08-06T23:51:45","modified_gmt":"2023-08-07T03:51:45","slug":"o-nas","status":"publish","type":"page","link":"https:\/\/vpnveteran.com\/pl\/o-nas\/","title":{"rendered":"O nas"},"content":{"rendered":"<h2>Nasza historia<\/h2>\n<p>Za\u0142o\u017cony <strong>24 sierpnia 2020<\/strong> roku, <a href=\"https:\/\/vpnveteran.com\/pl\/\">VPNVeteran.com<\/a> powsta\u0142 z jasnym celem &#8211; <strong>podniesienia \u015bwiadomo\u015bci cyberbezpiecze\u0144stwa i prywatno\u015bci\u00a0<\/strong>w szybko ewoluuj\u0105cym cyfrowym krajobrazie. Zauwa\u017cyli\u015bmy potrzeb\u0119 pomocy osobom w ochronie si\u0119 podczas korzystania z internetu. Pomimo wczesnych trudno\u015bci finansowych utrudniaj\u0105cych tworzenie artyku\u0142\u00f3w, nasza niewzruszona pasja do cyberbezpiecze\u0144stwa sk\u0142oni\u0142a nas do stworzenia artyku\u0142\u00f3w najwy\u017cszej jako\u015bci.<\/p>\n<p>W miar\u0119 up\u0142ywu czasu, nasza strona internetowa rozszerzy\u0142a swoje kategorie tre\u015bci, wprowadzaj\u0105c poradniki na r\u00f3\u017cnorodne tematy, w tym korzystanie z sieci VPN do ogl\u0105dania wideo za granic\u0105. Ta dywersyfikacja wzbogaci\u0142a nasz\u0105 platform\u0119, przyci\u0105gaj\u0105c szersz\u0105 publiczno\u015b\u0107.<\/p>\n<p>Dzi\u0119ki wspieraj\u0105cej spo\u0142eczno\u015bci, kt\u00f3r\u0105 stworzyli\u015bmy, zach\u0119caj\u0105cej do otwartego dzielenia si\u0119 wiedz\u0105 mi\u0119dzy czytelnikami i autorami, nasi czytelnicy mog\u0105 uzyska\u0107 wi\u0119cej przydatnych informacji od r\u00f3\u017cnych os\u00f3b.<\/p>\n<p>Kluczowym elementem naszego sukcesu jest nasz oddany zesp\u00f3\u0142, nieustannie przyczyniaj\u0105cy si\u0119 swoj\u0105 wiedz\u0105 o cyberbezpiecze\u0144stwie do edukacji i umocnienia naszych czytelnik\u00f3w. Ich zaanga\u017cowanie w pozostawanie na bie\u017c\u0105co z najnowszymi wiadomo\u015bciami i wiedz\u0105 sprawia, \u017ce nasza strona internetowa pozostaje wiarygodnym \u017ar\u00f3d\u0142em informacji o cyberbezpiecze\u0144stwie.<\/p>\n<h2>Nasz zesp\u00f3\u0142<\/h2>\n<p>Jeste\u015bmy grup\u0105 ekspert\u00f3w, kt\u00f3rych \u0142\u0105czy jedno: pasja do podnoszenia \u015bwiadomo\u015bci i edukowania ludzi na temat korzy\u015bci p\u0142yn\u0105cych z cyberbezpiecze\u0144stwa i prywatno\u015bci w Internecie.<\/p>\n\t\t\t<style>.authors-list-cols-dir-horizontal .authors-list-col{display:block;float:left;margin-right:3.42%}.authors-list-cols-dir-horizontal .authors-list-col-1{width:5.198%}.authors-list-cols-dir-horizontal .authors-list-col-2{width:13.81%}.authors-list-cols-dir-horizontal .authors-list-col-3{width:22.43%}.authors-list-cols-dir-horizontal .authors-list-col-4{width:31.05%}.authors-list-cols-dir-horizontal .authors-list-col-5{width:39.67%}.authors-list-cols-dir-horizontal .authors-list-col-6{width:48.29%}.authors-list-cols-dir-horizontal .authors-list-col-7{width:56.9%}.authors-list-cols-dir-horizontal .authors-list-col-8{width:65.52%}.authors-list-cols-dir-horizontal .authors-list-col-9{width:74.14%}.authors-list-cols-dir-horizontal .authors-list-col-10{width:82.76%}.authors-list-cols-dir-horizontal .authors-list-col-11{width:91.38%}.authors-list-cols-dir-horizontal .authors-list-col-12{width:100%}.authors-list-cols-dir-horizontal .authors-list-col-last{margin-right:0}.authors-list-cols-dir-horizontal .authors-list-col-first{clear:both}.authors-list-cols-dir-horizontal.authors-list-cols-2 .authors-list-col:nth-child(2n){margin-right:0}.authors-list-cols-dir-horizontal.authors-list-cols-2 .authors-list-col:nth-child(2n+1){clear:both}.authors-list-cols-dir-horizontal.authors-list-cols-3 .authors-list-col:nth-child(3n){margin-right:0}.authors-list-cols-dir-horizontal.authors-list-cols-3 .authors-list-col:nth-child(3n+1){clear:both}.authors-list-cols-dir-horizontal.authors-list-cols-4 .authors-list-col:nth-child(4n){margin-right:0}.authors-list-cols-dir-horizontal.authors-list-cols-4 .authors-list-col:nth-child(4n+1){clear:both}.authors-list-cols-dir-vertical{column-gap:3.42%}.authors-list-cols-dir-vertical.authors-list-cols-2{column-count:2}.authors-list-cols-dir-vertical.authors-list-cols-3{column-count:3}.authors-list-cols-dir-vertical.authors-list-cols-3{column-count:3}.authors-list-cols-dir-vertical.authors-list-cols-4{column-count:4}.authors-list-clearfix:after,.authors-list-clearfix:before{content:\" \";display:table}.authors-list-clearfix:after{clear:both}.authors-list-item{margin-bottom:30px;position:relative}.authors-list-cols-dir-vertical .authors-list-item{break-inside:avoid-column;page-break-inside:avoid}.authors-list-item-thumbnail{margin-bottom:20px;position:relative}.authors-list-item-thumbnail a,.authors-list-item-thumbnail img{display:block;position:relative;border:0}.authors-list-item-thumbnail img{max-width:100%;height:auto;border-radius:inherit;}.authors-list-item-title{font-size:22px;font-weight:700;margin-bottom:5px}.authors-list-item-title a{color:inherit}.authors-list-item-subtitle{margin-bottom:5px;font-size:80%}.authors-list-item-social{margin-bottom:10px}.authors-list-item-social a{font-size:15px;margin-right:5px;text-decoration:none}.authors-list-item-social svg{width:15px}.authors-list-item-social-facebook{fill:#3b5998}.authors-list-item-social-instagram{fill:#405de6}.authors-list-item-social-linkedin{fill:#0077b5}.authors-list-item-social-pinterest{fill:#bd081c}.authors-list-item-social-tumblr{fill:#35465c}.authors-list-item-social-twitter{fill:#1da1f2}.authors-list-item-social-youtube{fill:red}.authors-list-item-social-tiktok{fill:#1e3050}.authors-list-item-excerpt{margin-bottom:10px}.authors-list-items-s2 .authors-list-item-main{position:absolute;bottom:0;left:0;right:0;padding:30px;color:#fff;background:rgba(0,0,0,.3)}.authors-list-items-s2 .authors-list-item-thumbnail{margin-bottom:0}.authors-list-items-s2 .authors-list-item-title{color:inherit}.authors-list-items-s2 .authors-list-item-link{color:inherit}.authors-list-items-s3 .authors-list-item-thumbnail{margin-bottom:0}.authors-list-items-s3 .authors-list-item-main{position:absolute;bottom:0;left:0;right:0;top:0;padding:30px;opacity:0;transform:scale(0);transition:all .3s;background:#fff;border:2px solid #eee}.authors-list-items-s3 .authors-list-item:hover .authors-list-item-main{opacity:1;transform:scale(1)}.authors-list-items-s4 .authors-list-item-thumbnail{float:left;margin-right:20px;width:25%}.authors-list-item-s4 .authors-list-item-main{overflow:hidden}.author-list-item-after-avatar,.author-list-item-after-bio,.author-list-item-after-count,.author-list-item-after-link,.author-list-item-after-title,.author-list-item-before-avatar,.author-list-item-before-bio,.author-list-item-before-count,.author-list-item-before-link,.author-list-item-before-title{margin-bottom:5px}@media only screen and (max-width:767px){.authors-list-cols-dir-horizontal .authors-list-col{width:100%;margin-right:0!important}.authors-list-cols-dir-vertical{column-count:1!important}}.authors-list-pagination{text-align:center}.authors-list-pagination li{display:inline-block;margin:0 2px}.authors-list-pagination li a,.authors-list-pagination li>span{display:inline-block;border:1px solid rgba(0,0,0,.2);padding:10px;line-height:1}<\/style>\n\t\t\t\t\t\t<div class=\"authors-list-items authors-list-items-s3 authors-list-clearfix authors-list-cols-3 authors-list-cols-dir-horizontal \">\n\t\t\t\n\t\t<div class=\"authors-list-item authors-list-item-clearfix authors-list-col authors-list-col-4\">\n\n\t\t\t\t\t\t\t<div class=\"authors-list-item-thumbnail\">\n\t\t\t\t\t\n\t\t\t\t\t<a href=\"https:\/\/vpnveteran.com\/pl\/author\/ania\/\" class=\"author-list-item-avatar\">\n\t\t\t\t\t\t\t\t\t\t\t\t\t<img alt='Ania P.' src='https:\/\/vpnveteran.com\/wp-content\/uploads\/ania-200x200-1-500x500.jpg' srcset='https:\/\/vpnveteran.com\/wp-content\/uploads\/ania-200x200-1-1000x1000.jpg 2x' class='avatar avatar-500 photo' height='500' width='500' \/>\t\t\t\t\t\t\t\t\t\t\t<\/a>\n\n\t\t\t\t\t\t\t\t\t<\/div><!-- .team-item-thumbnail -->\n\t\t\t\n\t\t\t<div class=\"authors-list-item-main\">\n\n\t\t\t\t\n\t\t\t\t\t\t\t\t\t<div class=\"authors-list-item-title\">\n\t\t\t\t\t\t<a href=\"https:\/\/vpnveteran.com\/pl\/author\/ania\/\">Ania P.<\/a>\n\t\t\t\t\t<\/div>\n\t\t\t\t\n\t\t\t\t\n\t\t\t\t\n\t\t\t\t\t\t\t\t\t\t\t\t\t\t<div class=\"authors-list-item-subtitle\">25 posts<\/div>\n\t\t\t\t\n\t\t\t\t\n\t\t\t\t\n\t\t\t\t\n\t\t\t\t\n\t\t\t\t\n\t\t\t\t\t\t\t\t\t\t\t\t\t\t<a href=\"https:\/\/vpnveteran.com\/pl\/author\/ania\/\" class=\"authors-list-item-link\" aria-label=\" - Zobacz artyku\u0142y \u2192\">Zobacz artyku\u0142y \u2192<\/a>\n\t\t\t\t\n\t\t\t\t\n\t\t\t<\/div><!-- .team-item-main -->\n\n\t\t<\/div><!-- .authors-list-item -->\n\n\t\t\n\t\t<div class=\"authors-list-item authors-list-item-clearfix authors-list-col authors-list-col-4\">\n\n\t\t\t\t\t\t\t<div class=\"authors-list-item-thumbnail\">\n\t\t\t\t\t\n\t\t\t\t\t<a href=\"https:\/\/vpnveteran.com\/pl\/author\/jerzy\/\" class=\"author-list-item-avatar\">\n\t\t\t\t\t\t\t\t\t\t\t\t\t<img alt='Jerzy' src='https:\/\/vpnveteran.com\/wp-content\/uploads\/Jerzy-500x500.jpg' srcset='https:\/\/vpnveteran.com\/wp-content\/uploads\/Jerzy-1000x1000.jpg 2x' class='avatar avatar-500 photo' height='500' width='500' \/>\t\t\t\t\t\t\t\t\t\t\t<\/a>\n\n\t\t\t\t\t\t\t\t\t<\/div><!-- .team-item-thumbnail -->\n\t\t\t\n\t\t\t<div class=\"authors-list-item-main\">\n\n\t\t\t\t\n\t\t\t\t\t\t\t\t\t<div class=\"authors-list-item-title\">\n\t\t\t\t\t\t<a href=\"https:\/\/vpnveteran.com\/pl\/author\/jerzy\/\">Jerzy<\/a>\n\t\t\t\t\t<\/div>\n\t\t\t\t\n\t\t\t\t\n\t\t\t\t\n\t\t\t\t\t\t\t\t\t\t\t\t\t\t<div class=\"authors-list-item-subtitle\">18 posts<\/div>\n\t\t\t\t\n\t\t\t\t\n\t\t\t\t\n\t\t\t\t\n\t\t\t\t\n\t\t\t\t\n\t\t\t\t\t\t\t\t\t\t\t\t\t\t<a href=\"https:\/\/vpnveteran.com\/pl\/author\/jerzy\/\" class=\"authors-list-item-link\" aria-label=\" - Zobacz artyku\u0142y \u2192\">Zobacz artyku\u0142y \u2192<\/a>\n\t\t\t\t\n\t\t\t\t\n\t\t\t<\/div><!-- .team-item-main -->\n\n\t\t<\/div><!-- .authors-list-item -->\n\n\t\t\n\t\t<div class=\"authors-list-item authors-list-item-clearfix authors-list-col authors-list-col-4\">\n\n\t\t\t\t\t\t\t<div class=\"authors-list-item-thumbnail\">\n\t\t\t\t\t\n\t\t\t\t\t<a href=\"https:\/\/vpnveteran.com\/pl\/author\/jozef\/\" class=\"author-list-item-avatar\">\n\t\t\t\t\t\t\t\t\t\t\t\t\t<img alt='Jozef' src='https:\/\/vpnveteran.com\/wp-content\/uploads\/01-500x500.jpg' srcset='https:\/\/vpnveteran.com\/wp-content\/uploads\/01-1000x1000.jpg 2x' class='avatar avatar-500 photo' height='500' width='500' \/>\t\t\t\t\t\t\t\t\t\t\t<\/a>\n\n\t\t\t\t\t\t\t\t\t<\/div><!-- .team-item-thumbnail -->\n\t\t\t\n\t\t\t<div class=\"authors-list-item-main\">\n\n\t\t\t\t\n\t\t\t\t\t\t\t\t\t<div class=\"authors-list-item-title\">\n\t\t\t\t\t\t<a href=\"https:\/\/vpnveteran.com\/pl\/author\/jozef\/\">Jozef<\/a>\n\t\t\t\t\t<\/div>\n\t\t\t\t\n\t\t\t\t\n\t\t\t\t\n\t\t\t\t\t\t\t\t\t\t\t\t\t\t<div class=\"authors-list-item-subtitle\">11 posts<\/div>\n\t\t\t\t\n\t\t\t\t\n\t\t\t\t\n\t\t\t\t\n\t\t\t\t\n\t\t\t\t\n\t\t\t\t\t\t\t\t\t\t\t\t\t\t<a href=\"https:\/\/vpnveteran.com\/pl\/author\/jozef\/\" class=\"authors-list-item-link\" aria-label=\" - Zobacz artyku\u0142y \u2192\">Zobacz artyku\u0142y \u2192<\/a>\n\t\t\t\t\n\t\t\t\t\n\t\t\t<\/div><!-- .team-item-main -->\n\n\t\t<\/div><!-- .authors-list-item -->\n\n\t\t\n\t\t<div class=\"authors-list-item authors-list-item-clearfix authors-list-col authors-list-col-4\">\n\n\t\t\t\t\t\t\t<div class=\"authors-list-item-thumbnail\">\n\t\t\t\t\t\n\t\t\t\t\t<a href=\"https:\/\/vpnveteran.com\/pl\/author\/krystyna\/\" class=\"author-list-item-avatar\">\n\t\t\t\t\t\t\t\t\t\t\t\t\t<img alt='Krystyna' src='https:\/\/vpnveteran.com\/wp-content\/uploads\/6-500x500.jpg' srcset='https:\/\/vpnveteran.com\/wp-content\/uploads\/6-1000x1000.jpg 2x' class='avatar avatar-500 photo' height='500' width='500' \/>\t\t\t\t\t\t\t\t\t\t\t<\/a>\n\n\t\t\t\t\t\t\t\t\t<\/div><!-- .team-item-thumbnail -->\n\t\t\t\n\t\t\t<div class=\"authors-list-item-main\">\n\n\t\t\t\t\n\t\t\t\t\t\t\t\t\t<div class=\"authors-list-item-title\">\n\t\t\t\t\t\t<a href=\"https:\/\/vpnveteran.com\/pl\/author\/krystyna\/\">Krystyna<\/a>\n\t\t\t\t\t<\/div>\n\t\t\t\t\n\t\t\t\t\n\t\t\t\t\n\t\t\t\t\t\t\t\t\t\t\t\t\t\t<div class=\"authors-list-item-subtitle\">11 posts<\/div>\n\t\t\t\t\n\t\t\t\t\n\t\t\t\t\n\t\t\t\t\n\t\t\t\t\n\t\t\t\t\n\t\t\t\t\t\t\t\t\t\t\t\t\t\t<a href=\"https:\/\/vpnveteran.com\/pl\/author\/krystyna\/\" class=\"authors-list-item-link\" aria-label=\" - Zobacz artyku\u0142y \u2192\">Zobacz artyku\u0142y \u2192<\/a>\n\t\t\t\t\n\t\t\t\t\n\t\t\t<\/div><!-- .team-item-main -->\n\n\t\t<\/div><!-- .authors-list-item -->\n\n\t\t\n\t\t<div class=\"authors-list-item authors-list-item-clearfix authors-list-col authors-list-col-4\">\n\n\t\t\t\t\t\t\t<div class=\"authors-list-item-thumbnail\">\n\t\t\t\t\t\n\t\t\t\t\t<a href=\"https:\/\/vpnveteran.com\/pl\/author\/mikolaj\/\" class=\"author-list-item-avatar\">\n\t\t\t\t\t\t\t\t\t\t\t\t\t<img alt='Mikolaj' src='https:\/\/vpnveteran.com\/wp-content\/uploads\/mikolaj-piotrowski200x200--500x500.jpg' srcset='https:\/\/vpnveteran.com\/wp-content\/uploads\/mikolaj-piotrowski200x200--1000x1000.jpg 2x' class='avatar avatar-500 photo' height='500' width='500' \/>\t\t\t\t\t\t\t\t\t\t\t<\/a>\n\n\t\t\t\t\t\t\t\t\t<\/div><!-- .team-item-thumbnail -->\n\t\t\t\n\t\t\t<div class=\"authors-list-item-main\">\n\n\t\t\t\t\n\t\t\t\t\t\t\t\t\t<div class=\"authors-list-item-title\">\n\t\t\t\t\t\t<a href=\"https:\/\/vpnveteran.com\/pl\/author\/mikolaj\/\">Mikolaj<\/a>\n\t\t\t\t\t<\/div>\n\t\t\t\t\n\t\t\t\t\n\t\t\t\t\n\t\t\t\t\t\t\t\t\t\t\t\t\t\t<div class=\"authors-list-item-subtitle\">4 posts<\/div>\n\t\t\t\t\n\t\t\t\t\n\t\t\t\t\n\t\t\t\t\n\t\t\t\t\n\t\t\t\t\n\t\t\t\t\t\t\t\t\t\t\t\t\t\t<a href=\"https:\/\/vpnveteran.com\/pl\/author\/mikolaj\/\" class=\"authors-list-item-link\" aria-label=\" - Zobacz artyku\u0142y \u2192\">Zobacz artyku\u0142y \u2192<\/a>\n\t\t\t\t\n\t\t\t\t\n\t\t\t<\/div><!-- .team-item-main -->\n\n\t\t<\/div><!-- .authors-list-item -->\n\n\t\t\n\t\t<div class=\"authors-list-item authors-list-item-clearfix authors-list-col authors-list-col-4\">\n\n\t\t\t\t\t\t\t<div class=\"authors-list-item-thumbnail\">\n\t\t\t\t\t\n\t\t\t\t\t<a href=\"https:\/\/vpnveteran.com\/pl\/author\/paulina\/\" class=\"author-list-item-avatar\">\n\t\t\t\t\t\t\t\t\t\t\t\t\t<img alt='Paulina' src='https:\/\/vpnveteran.com\/wp-content\/uploads\/paulina-500x500.jpg' srcset='https:\/\/vpnveteran.com\/wp-content\/uploads\/paulina-1000x1000.jpg 2x' class='avatar avatar-500 photo' height='500' width='500' \/>\t\t\t\t\t\t\t\t\t\t\t<\/a>\n\n\t\t\t\t\t\t\t\t\t<\/div><!-- .team-item-thumbnail -->\n\t\t\t\n\t\t\t<div class=\"authors-list-item-main\">\n\n\t\t\t\t\n\t\t\t\t\t\t\t\t\t<div class=\"authors-list-item-title\">\n\t\t\t\t\t\t<a href=\"https:\/\/vpnveteran.com\/pl\/author\/paulina\/\">Paulina<\/a>\n\t\t\t\t\t<\/div>\n\t\t\t\t\n\t\t\t\t\n\t\t\t\t\n\t\t\t\t\t\t\t\t\t\t\t\t\t\t<div class=\"authors-list-item-subtitle\">13 posts<\/div>\n\t\t\t\t\n\t\t\t\t\n\t\t\t\t\n\t\t\t\t\n\t\t\t\t\n\t\t\t\t\n\t\t\t\t\t\t\t\t\t\t\t\t\t\t<a href=\"https:\/\/vpnveteran.com\/pl\/author\/paulina\/\" class=\"authors-list-item-link\" aria-label=\" - Zobacz artyku\u0142y \u2192\">Zobacz artyku\u0142y \u2192<\/a>\n\t\t\t\t\n\t\t\t\t\n\t\t\t<\/div><!-- .team-item-main -->\n\n\t\t<\/div><!-- .authors-list-item -->\n\n\t\t\n\t\t\t<span class=\"spinner\">\n\t\t\t\t<span class=\"spin\">\n\t\t\t\t\t<svg xmlns=\"http:\/\/www.w3.org\/2000\/svg\" viewBox=\"0 0 512 512\">\n\t\t\t\t\t\t<path d=\"M304 48C304 74.51 282.5 96 256 96C229.5 96 208 74.51 208 48C208 21.49 229.5 0 256 0C282.5 0 304 21.49 304 48zM304 464C304 490.5 282.5 512 256 512C229.5 512 208 490.5 208 464C208 437.5 229.5 416 256 416C282.5 416 304 437.5 304 464zM0 256C0 229.5 21.49 208 48 208C74.51 208 96 229.5 96 256C96 282.5 74.51 304 48 304C21.49 304 0 282.5 0 256zM512 256C512 282.5 490.5 304 464 304C437.5 304 416 282.5 416 256C416 229.5 437.5 208 464 208C490.5 208 512 229.5 512 256zM74.98 437C56.23 418.3 56.23 387.9 74.98 369.1C93.73 350.4 124.1 350.4 142.9 369.1C161.6 387.9 161.6 418.3 142.9 437C124.1 455.8 93.73 455.8 74.98 437V437zM142.9 142.9C124.1 161.6 93.73 161.6 74.98 142.9C56.24 124.1 56.24 93.73 74.98 74.98C93.73 56.23 124.1 56.23 142.9 74.98C161.6 93.73 161.6 124.1 142.9 142.9zM369.1 369.1C387.9 350.4 418.3 350.4 437 369.1C455.8 387.9 455.8 418.3 437 437C418.3 455.8 387.9 455.8 369.1 437C350.4 418.3 350.4 387.9 369.1 369.1V369.1z\"\/>\n\t\t\t\t\t<\/svg>\n\t\t\t\t<\/span>\n\t\t\t<\/span>\n\n\t\t\t\t\t\t<\/div><!-- authors-list-items -->\n\t\t\t\n<h2>Nasza Misja<\/h2>\n<p>Od pocz\u0105tku ery cyfrowej, stali\u015bmy si\u0119 praktycznie uzale\u017cnieni od korzystania z Internetu przez ca\u0142\u0105 dob\u0119. Niestety, sie\u0107 sta\u0142a si\u0119 r\u00f3wnie\u017c rajem dla haker\u00f3w.<strong> Oznacza to, \u017ce prywatno\u015b\u0107 i bezpiecze\u0144stwo sta\u0142y si\u0119 jednymi z naszych g\u0142\u00f3wnych trosk.<\/strong><\/p>\n<p>Jeste\u015bmy zaniepokojeni faktem, \u017ce wiele os\u00f3b nie traktuje wystarczaj\u0105co powa\u017cnie zagadnie\u0144 zwi\u0105zanych z cyberbezpiecze\u0144stwem, a inni nie zdaj\u0105 sobie sprawy, jak wa\u017cne jest to dla nich.<\/p>\n<h2>Chcemy, aby\u015b zawsze czu\u0142 si\u0119 bezpiecznie w Internecie<\/h2>\n<p>Dlatego podj\u0119li\u015bmy misj\u0119 zapewnienia, \u017ce ka\u017cdy, kto korzysta z Internetu, zdaje sobie spraw\u0119 z warto\u015bci swojej prywatno\u015bci. Wraz ze zmianami, jakie przynios\u0142a era internetowa w naszej komunikacji i handlu elektronicznym, ludzie musz\u0105 podj\u0105\u0107 dodatkowe \u015brodki ostro\u017cno\u015bci wobec wyst\u0119puj\u0105cych zagro\u017ce\u0144, takich jak oszustwa, kradzie\u017ce, uszkodzenia i inwigilacja.<\/p>\n<p>To s\u0105 g\u0142\u00f3wne powody, dla kt\u00f3rych wykorzystujemy nasz\u0105 pasj\u0119 do technologii, aby pom\u00f3c zar\u00f3wno firmom, jak i indywidualnym u\u017cytkownikom czu\u0107 si\u0119 <strong>bezpieczniej, spokojniej i pewniej podczas codziennego korzystania z Internetu<\/strong>.<\/p>\n<h2>Dbamy o Twoje bezpiecze\u0144stwo<\/h2>\n<p>Regularnie aktualizujemy dostarczan\u0105 przez nas tre\u015b\u0107, aby zapewni\u0107 naszym u\u017cytkownikom najnowsze informacje na temat zabezpiecze\u0144, oferty dost\u0119pne w przyst\u0119pnych cenach, zni\u017cki na narz\u0119dzia i oprogramowanie oraz recenzje i \u0142atwe w u\u017cyciu poradniki krok po kroku.<strong> Pracujemy ci\u0119\u017cko, aby zapewni\u0107 wszystkim naszym czytelnikom atrakcyjne artyku\u0142y, kt\u00f3re b\u0119d\u0105 zrozumia\u0142e nawet dla os\u00f3b niezbyt zaawansowanych technologicznie.<\/strong><\/p>\n<p>Ponadto, stale doskonalimy nasz\u0105 stron\u0119 internetow\u0105, dostarczaj\u0105c \u015bwie\u017ce i nowe tre\u015bci. Wszystko po to, aby zapewni\u0107 naszym czytelnikom us\u0142ugi najwy\u017cszej jako\u015bci. Je\u015bli masz pomys\u0142 na artyku\u0142 na konkretny temat lub chcia\u0142by\u015b dowiedzie\u0107 si\u0119 wi\u0119cej &#8211; skontaktuj si\u0119 z nami. Przyjmujemy tak\u017ce opinie, komentarze i s\u0142owa uznania.<\/p>\n<p>Mamy nadziej\u0119, \u017ce dzi\u0119ki tej stronie b\u0119dziesz w stanie uzyska\u0107 odpowiednie informacje na temat cyberbezpiecze\u0144stwa w Internecie, kt\u00f3re pomog\u0105 chroni\u0107 Twoj\u0105 dzia\u0142alno\u015b\u0107 online, niezale\u017cnie od miejsca na ziemi, gdzie korzystasz z sieci.<\/p>\n<h2>D\u0105\u017cymy do tego, co dla Ciebie najlepsze<\/h2>\n<p>Naszym g\u0142\u00f3wnym celem jest dostarczanie niezale\u017cnych tre\u015bci, aby\u015b m\u00f3g\u0142 dokona\u0107 najlepszego wyboru dla swoich potrzeb zwi\u0105zanych z ochron\u0105 w Internecie. Przegl\u0105daj\u0105c nasze opublikowane recenzje, b\u0119dziesz m\u00f3g\u0142 przekona\u0107 si\u0119, \u017ce w nich uwzgl\u0119dniamy zalety i funkcje ka\u017cdego produktu, kt\u00f3ry recenzujemy. Dzi\u0119ki temu b\u0119dziesz m\u00f3g\u0142 wybra\u0107 rozwi\u0105zanie, kt\u00f3re najlepiej odpowiada Twoim potrzebom zwi\u0105zanym z prywatno\u015bci\u0105 w Internecie.<\/p>\n<h2>Najpierw testujemy i oceniamy<\/h2>\n<p>Szybko zauwa\u017cysz, \u017ce nasze artyku\u0142y zawieraj\u0105 zar\u00f3wno zalety, jak i wady, a tak\u017ce og\u00f3lny przegl\u0105d, obejmuj\u0105cy takie aspekty jak prywatno\u015b\u0107 i bezpiecze\u0144stwo, funkcje, szybko\u015b\u0107 i wydajno\u015b\u0107, oraz stosunek warto\u015bci do ceny. <strong>Naszym celem jest dostarczenie prostych informacji, bez skomplikowanego technicznego \u017cargonu.<\/strong><\/p>\n<h2>Nasze oceny<\/h2>\n<p>Ka\u017cda recenzja produktu jest przedstawiona w skali od 1 do 10, gdzie 1 oznacza najni\u017csz\u0105, a 10 najwy\u017csz\u0105 ocen\u0119. Dzi\u0119ki temu naszym czytelnikom zapewniamy wizualne wsparcie, pokazuj\u0105c, jak dany produkt wypada na tle konkurencji. Wierzymy, \u017ce to pomo\u017ce naszym u\u017cytkownikom w podejmowaniu decyzji dotycz\u0105cych subskrypcji odpowiedniego produktu.<\/p>\n<h2>Jeste\u015bmy niezale\u017cni<\/h2>\n<p>Chocia\u017c przyjmujemy propozycje temat\u00f3w od naszych czytelnik\u00f3w, to nadal formu\u0142ujemy nasze recenzje w oparciu o <strong>szczer\u0105 opini\u0119<\/strong>. Na naszej stronie mo\u017cna znale\u017a\u0107 pola promocyjne i CTA (przyciski zach\u0119caj\u0105ce do dzia\u0142ania), zwi\u0105zane z nasz\u0105 dzia\u0142alno\u015bci\u0105. Nie dopuszczamy jednak sytuacji, w kt\u00f3rych zewn\u0119trzne firmy pr\u00f3buj\u0105 wp\u0142ywa\u0107 na to, co i w jaki spos\u00f3b tworzymy.<\/p>\n<h2>Nie akceptujemy sponsorowanych ranking\u00f3w<\/h2>\n<p>Opieramy si\u0119 wy\u0142\u0105cznie na wynikach i korzy\u015bciach, a nie na otrzymanej zap\u0142acie. Nigdy nie publikujemy rekomendacji lub ocen produkt\u00f3w w oparciu o finanse. W przeciwie\u0144stwie do innych stron recenzuj\u0105cych, VPNveteran nie publikuje p\u0142atnych ani sponsorowanych post\u00f3w.<\/p>\n<p>Cho\u0107 udost\u0119pniamy r\u00f3\u017cne narz\u0119dzia z zakresu bezpiecze\u0144stwa i prywatno\u015bci, dzia\u0142amy zgodnie z nasz\u0105 misj\u0105 &#8211; edukujemy i szerzymy wiedz\u0119 na temat cyberbezpiecze\u0144stwa i prywatno\u015bci w sieci.<\/p>\n<h2>Jeste\u015bmy wiarygodni<\/h2>\n<p>W przeciwie\u0144stwie do wielu innych stron internetowych, VPNveteran zapewnia wy\u0142\u0105cznie wiarygodne recenzje, nie zmieniaj\u0105c fakt\u00f3w ani wprowadzaj\u0105c w b\u0142\u0105d naszych czytelnik\u00f3w. Pozostajemy wierni naszej misji, odpowiadamy na ka\u017cde pytanie najlepiej, jak potrafimy, zapewniaj\u0105c jednocze\u015bnie rzeteln\u0105 i wysokiej jako\u015bci recenzj\u0119.<\/p>\n<h2>Dzia\u0142amy bez reklam<\/h2>\n<p>VPNveteran nie zarz\u0105dza \u017cadnymi tre\u015bciami reklamowymi ani nie przyjmuje pieni\u0119dzy od zewn\u0119trznych dostawc\u00f3w us\u0142ug. Jest to niekwestionowana zasada, poniewa\u017c reklamy p\u0142atne i recenzje stanowi\u0105 sprzeczno\u015b\u0107 wobec naszej dzia\u0142alno\u015bci i powoduj\u0105 oczywisty konflikt interes\u00f3w.<\/p>\n<p>Co wi\u0119cej, <strong>nie mo\u017cemy przyj\u0105\u0107 \u017cadnych op\u0142at za reklam\u0119 produktu, w kt\u00f3rym znale\u017ali\u015bmy wiele niedoskona\u0142o\u015bci.<\/strong> Je\u015bli chodzi o reklamy, warto zaznaczy\u0107, \u017ce mog\u0105 one stanowi\u0107 zagro\u017cenie dla prywatno\u015bci u\u017cytkownik\u00f3w poprzez \u015bledzenie ich dzia\u0142a\u0144.<\/p>\n<h2>Uproszczamy wszystko<\/h2>\n<p>Jednym z naszych najwa\u017cniejszych cel\u00f3w w tym projekcie jest dostarczanie tre\u015bci, kt\u00f3re s\u0105 zrozumia\u0142e nawet dla os\u00f3b o niewielkim do\u015bwiadczeniu w nowych technologiach. Staramy si\u0119 przedstawia\u0107 wszystko w j\u0119zyku zwyk\u0142ych ludzi.<\/p>\n<p>Jak najlepiej to uj\u0105\u0142 Albert Einstein: &#8222;Je\u015bli nie potrafisz wyt\u0142umaczy\u0107 czego\u015b w prosty spos\u00f3b, to znaczy, \u017ce tak naprawd\u0119 tego nie rozumiesz&#8221;.<\/p>\n","protected":false},"excerpt":{"rendered":"<p>Nasza historia Za\u0142o\u017cony 24 sierpnia 2020 roku, VPNVeteran.com powsta\u0142 z jasnym celem &#8211; podniesienia \u015bwiadomo\u015bci cyberbezpiecze\u0144stwa i prywatno\u015bci\u00a0w szybko ewoluuj\u0105cym cyfrowym krajobrazie. Zauwa\u017cyli\u015bmy potrzeb\u0119 pomocy osobom w ochronie si\u0119 podczas korzystania z internetu. Pomimo wczesnych trudno\u015bci finansowych utrudniaj\u0105cych tworzenie artyku\u0142\u00f3w, nasza niewzruszona pasja do cyberbezpiecze\u0144stwa sk\u0142oni\u0142a nas do stworzenia artyku\u0142\u00f3w najwy\u017cszej jako\u015bci. W miar\u0119 up\u0142ywu [&hellip;]<\/p>\n","protected":false},"author":61,"featured_media":0,"parent":0,"menu_order":0,"comment_status":"closed","ping_status":"closed","template":"","meta":{"om_disable_all_campaigns":false,"footnotes":""},"sgf-content-tag":[183,188],"sgf-seo-push":[],"class_list":["post-20837","page","type-page","status-publish","hentry"],"_links":{"self":[{"href":"https:\/\/vpnveteran.com\/pl\/wp-json\/wp\/v2\/pages\/20837","targetHints":{"allow":["GET"]}}],"collection":[{"href":"https:\/\/vpnveteran.com\/pl\/wp-json\/wp\/v2\/pages"}],"about":[{"href":"https:\/\/vpnveteran.com\/pl\/wp-json\/wp\/v2\/types\/page"}],"author":[{"embeddable":true,"href":"https:\/\/vpnveteran.com\/pl\/wp-json\/wp\/v2\/users\/61"}],"replies":[{"embeddable":true,"href":"https:\/\/vpnveteran.com\/pl\/wp-json\/wp\/v2\/comments?post=20837"}],"version-history":[{"count":11,"href":"https:\/\/vpnveteran.com\/pl\/wp-json\/wp\/v2\/pages\/20837\/revisions"}],"predecessor-version":[{"id":57903,"href":"https:\/\/vpnveteran.com\/pl\/wp-json\/wp\/v2\/pages\/20837\/revisions\/57903"}],"wp:attachment":[{"href":"https:\/\/vpnveteran.com\/pl\/wp-json\/wp\/v2\/media?parent=20837"}],"wp:term":[{"taxonomy":"sgf-content-tag","embeddable":true,"href":"https:\/\/vpnveteran.com\/pl\/wp-json\/wp\/v2\/sgf-content-tag?post=20837"},{"taxonomy":"sgf-seo-push","embeddable":true,"href":"https:\/\/vpnveteran.com\/pl\/wp-json\/wp\/v2\/sgf-seo-push?post=20837"}],"curies":[{"name":"wp","href":"https:\/\/api.w.org\/{rel}","templated":true}]}}