{"id":20840,"date":"2020-09-18T07:29:04","date_gmt":"2020-09-18T11:29:04","guid":{"rendered":"https:\/\/vpnveteran.com\/?page_id=20840"},"modified":"2022-01-11T03:59:49","modified_gmt":"2022-01-11T08:59:49","slug":"mapa-strony","status":"publish","type":"page","link":"https:\/\/vpnveteran.com\/pl\/mapa-strony\/","title":{"rendered":"Mapa strony"},"content":{"rendered":"<div class=\"wsp-container\"><h2 class=\"wsp-posts-title\">Posts by category<\/h2>\n<ul class=\"wsp-posts-list\">\n\t<li><strong class=\"wsp-category-title\">Category: <a href=\"https:\/\/vpnveteran.com\/pl\/kategoria\/opinie\/\">Opinie<\/a><\/strong>\n<ul class=\"wsp-posts-list\">\t\t<li class=\"wsp-post\"><a href=\"https:\/\/vpnveteran.com\/pl\/recenzja-hola-vpn\/\">Recenzja VPN Hola &#8211; jak sprawdza si\u0119 w 2026?<\/a><\/li>\n\t\t<li class=\"wsp-post\"><a href=\"https:\/\/vpnveteran.com\/pl\/atlas-vpn-opinie\/\">Recenzja Atlas VPN 2026<\/a><\/li>\n\t\t<li class=\"wsp-post\"><a href=\"https:\/\/vpnveteran.com\/pl\/recenzja-ivacy-vpn\/\">Recenzja Ivacy VPN &#8211; czy warto z niego korzysta\u0107?<\/a><\/li>\n\t\t<li class=\"wsp-post\"><a href=\"https:\/\/vpnveteran.com\/pl\/vpn-astrill-opinie\/\">Recenzja VPN Astrill 2026: Ma wszystkie zabezpieczenia<\/a><\/li>\n\t\t<li class=\"wsp-post\"><a href=\"https:\/\/vpnveteran.com\/pl\/recenzja-windscribe-vpn\/\">Recenzja Windscribe VPN: solidny, ale przeci\u0119tniak<\/a><\/li>\n\t\t<li class=\"wsp-post\"><a href=\"https:\/\/vpnveteran.com\/pl\/hotspot-shield-vpn-opinie\/\">Recenzja Hotspot Shield VPN 2026<\/a><\/li>\n\t\t<li class=\"wsp-post\"><a href=\"https:\/\/vpnveteran.com\/pl\/recenzja-tunnelbear-vpn\/\">Recenzja TunnelBear 2026<\/a><\/li>\n\t\t<li class=\"wsp-post\"><a href=\"https:\/\/vpnveteran.com\/pl\/vpn-zenmate-recenzja\/\">Recenzja ZenmateVPN 2026<\/a><\/li>\n\t\t<li class=\"wsp-post\"><a href=\"https:\/\/vpnveteran.com\/pl\/recenzja-protonvpn\/\">Recenzja ProtonVPN 2026<\/a><\/li>\n\t\t<li class=\"wsp-post\"><a href=\"https:\/\/vpnveteran.com\/pl\/recenzja-vpn-surfshark\/\">Recenzja Surfshark VPN 2026<\/a><\/li>\n\t\t<li class=\"wsp-post\"><a href=\"https:\/\/vpnveteran.com\/pl\/recenzja-strong-vpn\/\">StrongVPN<\/a><\/li>\n\t\t<li class=\"wsp-post\"><a href=\"https:\/\/vpnveteran.com\/pl\/ipvanish-recenzja\/\">IPVanish VPN recenzja &#8211; aktualizacja kwiecie\u0144 2026<\/a><\/li>\n\t\t<li class=\"wsp-post\"><a href=\"https:\/\/vpnveteran.com\/pl\/privatevpn\/\">Recenzja Private VPN 2026<\/a><\/li>\n\t\t<li class=\"wsp-post\"><a href=\"https:\/\/vpnveteran.com\/pl\/vpn-vypr\/\">Vypr VPN<\/a><\/li>\n\t\t<li class=\"wsp-post\"><a href=\"https:\/\/vpnveteran.com\/pl\/cyberghost-vpn\/\">Kompletna recenzja i testy CyberGhost VPN w 2026<\/a><\/li>\n\t\t<li class=\"wsp-post\"><a href=\"https:\/\/vpnveteran.com\/pl\/private-internet-access-vpn-opinie\/\">Private Internet Access (PIA) VPN aktualizacja recenzji 2026<\/a><\/li>\n\t\t<li class=\"wsp-post\"><a href=\"https:\/\/vpnveteran.com\/pl\/nordvpn-opinie\/\">Recenzja NordVPN 2026<\/a><\/li>\n\t\t<li class=\"wsp-post\"><a href=\"https:\/\/vpnveteran.com\/pl\/expressvpn-opinie\/\">Recenzja ExpressVPN 2026<\/a><\/li>\n<\/ul><\/li>\n\t<li><strong class=\"wsp-category-title\">Category: <a href=\"https:\/\/vpnveteran.com\/pl\/kategoria\/poradniki\/\">Poradniki<\/a><\/strong>\n<ul class=\"wsp-posts-list\">\t\t<li class=\"wsp-post\"><a href=\"https:\/\/vpnveteran.com\/pl\/jak-ogladac-nascar-na-zywo\/\">Jak i gdzie ogl\u0105da\u0107 Nascar na \u017cywo w 2023?<\/a><\/li>\n\t\t<li class=\"wsp-post\"><a href=\"https:\/\/vpnveteran.com\/pl\/rajdy-wrc-na-zywo\/\">Ogl\u0105daj WRC za darmo w 2023!<\/a><\/li>\n\t\t<li class=\"wsp-post\"><a href=\"https:\/\/vpnveteran.com\/pl\/najlepsze-vpn-niemcy\/\">Najlepsze niemieckie VPN w 2026<\/a><\/li>\n\t\t<li class=\"wsp-post\"><a href=\"https:\/\/vpnveteran.com\/pl\/ogladaj-puchar-polski-na-zywo\/\">Ogl\u0105daj Puchar Polski kiedy chcesz w 2026!<\/a><\/li>\n\t\t<li class=\"wsp-post\"><a href=\"https:\/\/vpnveteran.com\/pl\/expressvpn-za-darmo\/\">Bezp\u0142atna wersja pr\u00f3bna ExpressVPN &#8211; jedyna 2026<\/a><\/li>\n\t\t<li class=\"wsp-post\"><a href=\"https:\/\/vpnveteran.com\/pl\/ogladaj-mistrzostwa-swiata-na-zywo\/\">Ogl\u0105daj FIFA Mundial w 2022!<\/a><\/li>\n\t\t<li class=\"wsp-post\"><a href=\"https:\/\/vpnveteran.com\/pl\/ogladaj-hbo-max-w-polsce\/\">Ogl\u0105daj HBO Max w Polsce i za granic\u0105 w 2026!<\/a><\/li>\n\t\t<li class=\"wsp-post\"><a href=\"https:\/\/vpnveteran.com\/pl\/ogladaj-hulu-w-polsce\/\">Ogl\u0105daj Hulu w polsce w 2026<\/a><\/li>\n\t\t<li class=\"wsp-post\"><a href=\"https:\/\/vpnveteran.com\/pl\/niemiecka-telewizja-w-polsce\/\">Ogl\u0105daj niemieckie TV w Polsce<\/a><\/li>\n\t\t<li class=\"wsp-post\"><a href=\"https:\/\/vpnveteran.com\/pl\/ogladaj-wp-pilot-granica\/\">Ogl\u0105daj WP Pilot na ca\u0142ym \u015bwiecie w 2026<\/a><\/li>\n\t\t<li class=\"wsp-post\"><a href=\"https:\/\/vpnveteran.com\/pl\/najlepsze-vpn-do-disney-plus\/\">Najlepsze VPN do Disney+ w 2026<\/a><\/li>\n\t\t<li class=\"wsp-post\"><a href=\"https:\/\/vpnveteran.com\/pl\/expressvpn-kontra-cyberhost\/\">ExpressVPN kontra Cyberhost 2026<\/a><\/li>\n\t\t<li class=\"wsp-post\"><a href=\"https:\/\/vpnveteran.com\/pl\/expressvpn-kontra-surfshark-vpn\/\">Surfshark VPN kontra ExpressVPN &#8211; recenzja 2026<\/a><\/li>\n\t\t<li class=\"wsp-post\"><a href=\"https:\/\/vpnveteran.com\/pl\/disney-plus-polski\/\">Ogl\u0105daj Disney+ Polska w 2026<\/a><\/li>\n\t\t<li class=\"wsp-post\"><a href=\"https:\/\/vpnveteran.com\/pl\/surfshark-kod-rabatowy\/\">Kupony Surfshark VPN na kwiecie\u0144 2026<\/a><\/li>\n\t\t<li class=\"wsp-post\"><a href=\"https:\/\/vpnveteran.com\/pl\/expressvpn-i-netflix\/\">Jak odblokowa\u0107 Netflix przez ExpressVPN?<\/a><\/li>\n\t\t<li class=\"wsp-post\"><a href=\"https:\/\/vpnveteran.com\/pl\/nordvpn-kupon-rabatowy\/\">Kupon Nord VPN. Oferty nie do pobicia na kwiecie\u0144 2026<\/a><\/li>\n\t\t<li class=\"wsp-post\"><a href=\"https:\/\/vpnveteran.com\/pl\/wimbledon-transmisja-na-zywo\/\">Wimbledon transmisja na \u017cywo &#8211; Podpowiadamy jak ogl\u0105da\u0107 w 2026<\/a><\/li>\n\t\t<li class=\"wsp-post\"><a href=\"https:\/\/vpnveteran.com\/pl\/expressvpn-kupon-znizkowy\/\">ExpressVPN Kupon zni\u017ckowy (oferta na kwiecie\u0144 2026)<\/a><\/li>\n\t\t<li class=\"wsp-post\"><a href=\"https:\/\/vpnveteran.com\/pl\/najlepszy-tani-vpn\/\">Najlepszy tani VPN w 2026<\/a><\/li>\n\t\t<li class=\"wsp-post\"><a href=\"https:\/\/vpnveteran.com\/pl\/jak-ukryc-adres-ip\/\">Jak ukry\u0107 IP? Sztuczki i metody w 2026<\/a><\/li>\n\t\t<li class=\"wsp-post\"><a href=\"https:\/\/vpnveteran.com\/pl\/canal-plus-na-zywo-za-granica\/\">Canal Plus za granic\u0105 po polsku? Zobacz jak w 2026!<\/a><\/li>\n\t\t<li class=\"wsp-post\"><a href=\"https:\/\/vpnveteran.com\/pl\/vpn-netflix-darmowy\/\">Najlepszy darmowy VPN do ogl\u0105dania Netflix w 2026<\/a><\/li>\n\t\t<li class=\"wsp-post\"><a href=\"https:\/\/vpnveteran.com\/pl\/expressvpn-czy-nordvpn\/\">ExpressVPN kontra NordVPN &#8211; kt\u00f3ra z us\u0142ug jest lepsza?<\/a><\/li>\n\t\t<li class=\"wsp-post\"><a href=\"https:\/\/vpnveteran.com\/pl\/darmowy-polski-vpn\/\">Najlepsze darmowe VPN w Polsce dla 2026<\/a><\/li>\n\t\t<li class=\"wsp-post\"><a href=\"https:\/\/vpnveteran.com\/pl\/vod-pl-za-granica\/\">Jak ogl\u0105da\u0107 VOD.PL za granic\u0105? Poradnik dla 2026<\/a><\/li>\n\t\t<li class=\"wsp-post\"><a href=\"https:\/\/vpnveteran.com\/pl\/ogladaj-wwe-transmisja\/\">Ogl\u0105daj WWE bez ogranicze\u0144! Nasz poradnik dla 2026<\/a><\/li>\n\t\t<li class=\"wsp-post\"><a href=\"https:\/\/vpnveteran.com\/pl\/czy-vpn-jest-legalny-w-polsce\/\">Czy u\u017cywanie VPN jest legalne w Polsce?<\/a><\/li>\n\t\t<li class=\"wsp-post\"><a href=\"https:\/\/vpnveteran.com\/pl\/tvp-za-granica\/\">Ogl\u0105daj TVP za granic\u0105! Kompletny poradnik dla poczatkuj\u0105cych w 2026<\/a><\/li>\n\t\t<li class=\"wsp-post\"><a href=\"https:\/\/vpnveteran.com\/pl\/najlepsze-vpn-dla-polski\/\">Najlepsze VPN dla Polski w 2026. Co, gdzie, za ile?<\/a><\/li>\n\t\t<li class=\"wsp-post\"><a href=\"https:\/\/vpnveteran.com\/pl\/serie-a-na-zywo\/\">Ogl\u0105daj w\u0142osk\u0105 Serie A przez internet<\/a><\/li>\n\t\t<li class=\"wsp-post\"><a href=\"https:\/\/vpnveteran.com\/pl\/nba-transmisje-na-zywo\/\">Jak ogl\u0105da\u0107 wszystkie mecze NBA?<\/a><\/li>\n\t\t<li class=\"wsp-post\"><a href=\"https:\/\/vpnveteran.com\/pl\/vpn-co-to-jest\/\">VPN co to jest? VPN definicja dla pocz\u0105tkuj\u0105cych<\/a><\/li>\n\t\t<li class=\"wsp-post\"><a href=\"https:\/\/vpnveteran.com\/pl\/uefa-liga-europy-na-zywo\/\">UEFA Liga Europy na \u017cywo zza granicy? To mo\u017cliwe!<\/a><\/li>\n\t\t<li class=\"wsp-post\"><a href=\"https:\/\/vpnveteran.com\/pl\/najlepsze-linux-vpn\/\">VPN Linux \u2013 kt\u00f3ry jest najlepszy?<\/a><\/li>\n\t\t<li class=\"wsp-post\"><a href=\"https:\/\/vpnveteran.com\/pl\/ekstraklasa-na-zywo\/\">Ekstraklasa transmisje w 2026 &#8211; jak i gdzie ogl\u0105da\u0107<\/a><\/li>\n\t\t<li class=\"wsp-post\"><a href=\"https:\/\/vpnveteran.com\/pl\/najlepszy-vpn-do-netflixa\/\">Najlepszy VPN do Netflixa 2026<\/a><\/li>\n\t\t<li class=\"wsp-post\"><a href=\"https:\/\/vpnveteran.com\/pl\/najlepszy-darmowy-vpn\/\">Najlepsze darmowe VPN \u2013 przewodnik w 2026<\/a><\/li>\n\t\t<li class=\"wsp-post\"><a href=\"https:\/\/vpnveteran.com\/pl\/ogladac-hbo-go-za-granica\/\">Jak ogl\u0105da\u0107 HBO za granic\u0105 \u2013 kompletny poradnik dla poczatkuj\u0105cych 2026<\/a><\/li>\n\t\t<li class=\"wsp-post\"><a href=\"https:\/\/vpnveteran.com\/pl\/najlepszy-vpn-dla-windows\/\">Najlepszy VPN dla Windows<\/a><\/li>\n\t\t<li class=\"wsp-post\"><a href=\"https:\/\/vpnveteran.com\/pl\/ogladac-tv-online-polska\/\">Jak ogl\u0105da\u0107 TV online polska za granica 2026?<\/a><\/li>\n\t\t<li class=\"wsp-post\"><a href=\"https:\/\/vpnveteran.com\/pl\/ogladaj-igrzyska-olimpijskie\/\">Ogl\u0105daj Zimowe Igrzyska Olimpijskie 2022<\/a><\/li>\n\t\t<li class=\"wsp-post\"><a href=\"https:\/\/vpnveteran.com\/pl\/liga-angielska-transmisje\/\">Jak ogl\u0105da\u0107 liga angielska na \u017cywo (EPL) z ka\u017cdego miejsca na \u015bwiecie?<\/a><\/li>\n\t\t<li class=\"wsp-post\"><a href=\"https:\/\/vpnveteran.com\/pl\/transmisje-ligi-hiszpanskiej\/\">Liga hiszpa\u0144ska mecze na \u017cywo \u2013 gdzie ogl\u0105da\u0107?<\/a><\/li>\n\t\t<li class=\"wsp-post\"><a href=\"https:\/\/vpnveteran.com\/pl\/liga-mistrzow-uefa-online\/\">Jak ogl\u0105da\u0107 UEFA Champions League na \u017cywo z dowolnego miejsca na \u015bwiecie<\/a><\/li>\n\t\t<li class=\"wsp-post\"><a href=\"https:\/\/vpnveteran.com\/pl\/amerykanski-netflix\/\">Jak ogl\u0105da\u0107 Netflix USA w Polsce<\/a><\/li>\n\t\t<li class=\"wsp-post\"><a href=\"https:\/\/vpnveteran.com\/pl\/f1-na-zywo\/\">Formu\u0142a 1 na \u017cywo &#8211; <\/a><\/li>\n\t\t<li class=\"wsp-post\"><a href=\"https:\/\/vpnveteran.com\/pl\/vpn-na-androida\/\">Najlepsze VPN na Androida w 2026 roku<\/a><\/li>\n\t\t<li class=\"wsp-post\"><a href=\"https:\/\/vpnveteran.com\/pl\/najlepsze-strony-torrent\/\">Najlepsze stron torrent w Polsce i na \u015bwiecie<\/a><\/li>\n\t\t<li class=\"wsp-post\"><a href=\"https:\/\/vpnveteran.com\/pl\/ogladaj-moto-gp-na-zywo\/\">Ogl\u0105daj MotoGP na \u017cywo w 2026: <\/a><\/li>\n\t\t<li class=\"wsp-post\"><a href=\"https:\/\/vpnveteran.com\/pl\/ogladaj-superbowl-transmisja\/\">Super Bowl LVII : Kansas City Chiefs i Philadelphia Eagles<\/a><\/li>\n\t\t<li class=\"wsp-post\"><a href=\"https:\/\/vpnveteran.com\/pl\/ogladaj-apple-tv-w-polsce\/\">Ogl\u0105daj Apple TV w Polsce<\/a><\/li>\n\t\t<li class=\"wsp-post\"><a href=\"https:\/\/vpnveteran.com\/pl\/australian-open-transmisja\/\">Ogl\u0105daj Australian Open na \u017cywo za darmo w 2023<\/a><\/li>\n\t\t<li class=\"wsp-post\"><a href=\"https:\/\/vpnveteran.com\/pl\/ufc-na-zywo\/\">UFC transmisja <\/a><\/li>\n\t\t<li class=\"wsp-post\"><a href=\"https:\/\/vpnveteran.com\/pl\/ogladaj-netflix-za-granica\/\">Ogl\u0105daj polski Netlix za granic\u0105<\/a><\/li>\n\t\t<li class=\"wsp-post\"><a href=\"https:\/\/vpnveteran.com\/pl\/ogladaj-amazon-prime-video-polska\/\">Ogladaj Prime Video Polska<\/a><\/li>\n\t\t<li class=\"wsp-post\"><a href=\"https:\/\/vpnveteran.com\/pl\/bundesliga-na-zywo\/\">Ogl\u0105daj liga niemiecka na \u017cywo w 2026<\/a><\/li>\n\t\t<li class=\"wsp-post\"><a href=\"https:\/\/vpnveteran.com\/pl\/najlepszy-vpn-ranking\/\">VPN ranking \u2013 wyb\u00f3r najlepszej us\u0142ugi w 2026<\/a><\/li>\n\t\t<li class=\"wsp-post\"><a href=\"https:\/\/vpnveteran.com\/pl\/najlepszy-vpn-dla-usa\/\">Najlepszy VPN dla USA &#8211; ranking 2026<\/a><\/li>\n\t\t<li class=\"wsp-post\"><a href=\"https:\/\/vpnveteran.com\/pl\/ogladaj-player-pl-za-granica\/\">Jak ogl\u0105da\u0107 Player za granic\u0105 w 2026<\/a><\/li>\n\t\t<li class=\"wsp-post\"><a href=\"https:\/\/vpnveteran.com\/pl\/viaplay-polska-za-granica\/\">Jak odblokowa\u0107 Viaplay za granic\u0105 w 2026?<\/a><\/li>\n\t\t<li class=\"wsp-post\"><a href=\"https:\/\/vpnveteran.com\/pl\/sky-showtime-polska-za-granica\/\">Jak ogl\u0105da\u0107 Sky Showtime Polska za granic\u0105 w 2026<\/a><\/li>\n\t\t<li class=\"wsp-post\"><a href=\"https:\/\/vpnveteran.com\/pl\/polsat-box-go-za-granica\/\">Jak ogl\u0105da\u0107 Polsat online na \u017cywo z dowolnego miejsca w 2026?<\/a><\/li>\n\t\t<li class=\"wsp-post\"><a href=\"https:\/\/vpnveteran.com\/pl\/vpn-dla-chrome\/\">5 najlepszych VPN Chrome w 2026<\/a><\/li>\n<\/ul><\/li>\n<\/ul>\n<\/div>\n","protected":false},"excerpt":{"rendered":"","protected":false},"author":61,"featured_media":0,"parent":0,"menu_order":0,"comment_status":"closed","ping_status":"closed","template":"","meta":{"om_disable_all_campaigns":false,"footnotes":""},"sgf-content-tag":[183,196],"sgf-seo-push":[],"class_list":["post-20840","page","type-page","status-publish","hentry"],"_links":{"self":[{"href":"https:\/\/vpnveteran.com\/pl\/wp-json\/wp\/v2\/pages\/20840","targetHints":{"allow":["GET"]}}],"collection":[{"href":"https:\/\/vpnveteran.com\/pl\/wp-json\/wp\/v2\/pages"}],"about":[{"href":"https:\/\/vpnveteran.com\/pl\/wp-json\/wp\/v2\/types\/page"}],"author":[{"embeddable":true,"href":"https:\/\/vpnveteran.com\/pl\/wp-json\/wp\/v2\/users\/61"}],"replies":[{"embeddable":true,"href":"https:\/\/vpnveteran.com\/pl\/wp-json\/wp\/v2\/comments?post=20840"}],"version-history":[{"count":2,"href":"https:\/\/vpnveteran.com\/pl\/wp-json\/wp\/v2\/pages\/20840\/revisions"}],"predecessor-version":[{"id":20842,"href":"https:\/\/vpnveteran.com\/pl\/wp-json\/wp\/v2\/pages\/20840\/revisions\/20842"}],"wp:attachment":[{"href":"https:\/\/vpnveteran.com\/pl\/wp-json\/wp\/v2\/media?parent=20840"}],"wp:term":[{"taxonomy":"sgf-content-tag","embeddable":true,"href":"https:\/\/vpnveteran.com\/pl\/wp-json\/wp\/v2\/sgf-content-tag?post=20840"},{"taxonomy":"sgf-seo-push","embeddable":true,"href":"https:\/\/vpnveteran.com\/pl\/wp-json\/wp\/v2\/sgf-seo-push?post=20840"}],"curies":[{"name":"wp","href":"https:\/\/api.w.org\/{rel}","templated":true}]}}