{"id":20843,"date":"2020-09-18T07:32:32","date_gmt":"2020-09-18T11:32:32","guid":{"rendered":"https:\/\/vpnveteran.com\/?page_id=20843"},"modified":"2023-07-26T04:13:54","modified_gmt":"2023-07-26T08:13:54","slug":"kontakt","status":"publish","type":"page","link":"https:\/\/vpnveteran.com\/pl\/kontakt\/","title":{"rendered":"Kontakt"},"content":{"rendered":"<p>Aby si\u0119 <strong>skontaktowa\u0107 z nami<\/strong>, prosimy wys\u0142a\u0107 wiadomo\u015b\u0107 na adres <a href=\"mailto:info@vpnveteran.com\" rel=\"nofollow noopener noreferrer\">info@vpnveteran.com<\/a>.<\/p>\n<p>W <strong>sprawie zapyta\u0144 oraz partnerstw<\/strong>, prosimy pisa\u0107 na adres <a href=\"mailto:outreach@vpnveteran.com\" target=\"_blank\" rel=\"nofollow noopener noreferrer\">outreach@vpnveteran.com<\/a>.<\/p>\n<p>Je\u015bli interesuje Ci\u0119<strong> oferta pracy<\/strong>, prosimy o kontakt na adres <a href=\"mailto:jobs@vpnveteran.com\" target=\"_blank\" rel=\"noopener\">jobs@vpnveteran.com<\/a>.<\/p>\n<p>Numer telefonu kontaktowego: +48 22 200 55 83.<\/p>\n<p>Adres: D\u0142uga 10, 00-263 Warszawa, Polska.<\/p>\n<p><iframe style=\"border: 0;\" src=\"https:\/\/www.google.com\/maps\/embed?pb=!1m18!1m12!1m3!1d19542.204071738917!2d21.00643054412344!3d52.24746110862362!2m3!1f0!2f0!3f0!3m2!1i1024!2i768!4f13.1!3m3!1m2!1s0x471ecc6558fc34cb%3A0x889dc731c7d315fa!2sD%C5%82uga%2010%2C%2000-263%20Warszawa%2C%20Poland!5e0!3m2!1sen!2sth!4v1690359090804!5m2!1sen!2sth\" width=\"600\" height=\"450\" allowfullscreen=\"allowfullscreen\"><\/iframe><\/p>\n<p>Dzi\u0119kujemy!<\/p>\n","protected":false},"excerpt":{"rendered":"<p>Aby si\u0119 skontaktowa\u0107 z nami, prosimy wys\u0142a\u0107 wiadomo\u015b\u0107 na adres info@vpnveteran.com. W sprawie zapyta\u0144 oraz partnerstw, prosimy pisa\u0107 na adres outreach@vpnveteran.com. Je\u015bli interesuje Ci\u0119 oferta pracy, prosimy o kontakt na adres jobs@vpnveteran.com. Numer telefonu kontaktowego: +48 22 200 55 83. Adres: D\u0142uga 10, 00-263 Warszawa, Polska. Dzi\u0119kujemy!<\/p>\n","protected":false},"author":61,"featured_media":0,"parent":0,"menu_order":0,"comment_status":"closed","ping_status":"closed","template":"","meta":{"om_disable_all_campaigns":false,"footnotes":""},"sgf-content-tag":[183,191],"sgf-seo-push":[],"class_list":["post-20843","page","type-page","status-publish","hentry"],"_links":{"self":[{"href":"https:\/\/vpnveteran.com\/pl\/wp-json\/wp\/v2\/pages\/20843","targetHints":{"allow":["GET"]}}],"collection":[{"href":"https:\/\/vpnveteran.com\/pl\/wp-json\/wp\/v2\/pages"}],"about":[{"href":"https:\/\/vpnveteran.com\/pl\/wp-json\/wp\/v2\/types\/page"}],"author":[{"embeddable":true,"href":"https:\/\/vpnveteran.com\/pl\/wp-json\/wp\/v2\/users\/61"}],"replies":[{"embeddable":true,"href":"https:\/\/vpnveteran.com\/pl\/wp-json\/wp\/v2\/comments?post=20843"}],"version-history":[{"count":6,"href":"https:\/\/vpnveteran.com\/pl\/wp-json\/wp\/v2\/pages\/20843\/revisions"}],"predecessor-version":[{"id":57840,"href":"https:\/\/vpnveteran.com\/pl\/wp-json\/wp\/v2\/pages\/20843\/revisions\/57840"}],"wp:attachment":[{"href":"https:\/\/vpnveteran.com\/pl\/wp-json\/wp\/v2\/media?parent=20843"}],"wp:term":[{"taxonomy":"sgf-content-tag","embeddable":true,"href":"https:\/\/vpnveteran.com\/pl\/wp-json\/wp\/v2\/sgf-content-tag?post=20843"},{"taxonomy":"sgf-seo-push","embeddable":true,"href":"https:\/\/vpnveteran.com\/pl\/wp-json\/wp\/v2\/sgf-seo-push?post=20843"}],"curies":[{"name":"wp","href":"https:\/\/api.w.org\/{rel}","templated":true}]}}