{"id":20845,"date":"2020-09-18T07:37:10","date_gmt":"2020-09-18T11:37:10","guid":{"rendered":"https:\/\/vpnveteran.com\/?page_id=20845"},"modified":"2023-07-17T06:39:46","modified_gmt":"2023-07-17T10:39:46","slug":"wylaczenie-odpowiedzialnosci","status":"publish","type":"page","link":"https:\/\/vpnveteran.com\/pl\/wylaczenie-odpowiedzialnosci\/","title":{"rendered":"Wy\u0142\u0105czenie odpowiedzialno\u015bci"},"content":{"rendered":"<p>Publikujemy poradniki, recenzje, dane i szczeg\u00f3\u0142y zwi\u0105zane z dostawcami VPN w <strong>dobrej wierze<\/strong>, aby zapewni\u0107 U\u017cytkownikom mo\u017cliwo\u015b\u0107 oceny i dostarczy\u0107 aktualne informacje.<\/p>\n<p>Niniejszy serwis ma charakter og\u00f3lny i tre\u015bci udost\u0119pniane na stronie s\u0105 przeznaczone wy\u0142\u0105cznie w celach informacyjnych. <strong>Nie zach\u0119camy ani nie popieramy \u017cadnych nielegalnych dzia\u0142a\u0144.<\/strong> Zach\u0119camy U\u017cytkownik\u00f3w do przestrzegania prawnych i etycznych norm.<\/p>\n<p>U\u017cytkownik ponosi pe\u0142n\u0105 odpowiedzialno\u015b\u0107 za w\u0142asne dzia\u0142ania podejmowane w oparciu o informacje i tre\u015bci udost\u0119pnione na naszej stronie. Zalecamy skonsultowanie si\u0119 z prawnikiem w przypadku niepewno\u015bci co do legalno\u015bci i konsekwencji podejmowanych dzia\u0142a\u0144.<\/p>\n<p>Tre\u015bci generowane przez u\u017cytkownik\u00f3w, takie jak posty i komentarze, s\u0105 wy\u0142\u0105cznie wyrazem pogl\u0105d\u00f3w i opinii ich autor\u00f3w. <strong>Wydawca serwisu <a href=\"https:\/\/vpnveteran.com\/pl\/\">vpnveteran.com<\/a> nie ponosi odpowiedzialno\u015bci za tre\u015bci generowane przez u\u017cytkownik\u00f3w.<\/strong><\/p>\n<p>Linki do innych stron udost\u0119pnione na naszej stronie maj\u0105 charakter informacyjny i u\u0142atwiaj\u0105 dost\u0119p do dodatkowych materia\u0142\u00f3w. Jednak\u017ce, <strong>nie ponosimy odpowiedzialno\u015bci za dost\u0119pno\u015b\u0107 takich stron i \u017ar\u00f3de\u0142 zewn\u0119trznych, ani nie gwarantujemy ich dost\u0119pno\u015bci.<\/strong><\/p>\n<p>Wszelkie prawa w\u0142asno\u015bci intelektualnej dotycz\u0105ce tre\u015bci zamieszczonych na naszej stronie s\u0105 wy\u0142\u0105czn\u0105 w\u0142asno\u015bci\u0105 vpnveteran.com. Zabrania si\u0119 kopiowania, reprodukowania, rozpowszechniania lub wykorzystywania tych tre\u015bci w jakiejkolwiek formie bez uprzedniej zgody.<\/p>\n<p>Niniejszy wy\u0142\u0105czenie odpowiedzialno\u015bci ma zastosowanie do wszystkich tre\u015bci i materia\u0142\u00f3w udost\u0119pnionych na stronie vpnveteran.com. W przypadku jakichkolwiek pyta\u0144 lub w\u0105tpliwo\u015bci, zach\u0119camy do <a href=\"https:\/\/vpnveteran.com\/pl\/kontakt\/\">kontaktu z nami<\/a>.<\/p>\n","protected":false},"excerpt":{"rendered":"<p>Publikujemy poradniki, recenzje, dane i szczeg\u00f3\u0142y zwi\u0105zane z dostawcami VPN w dobrej wierze, aby zapewni\u0107 U\u017cytkownikom mo\u017cliwo\u015b\u0107 oceny i dostarczy\u0107 aktualne informacje. Niniejszy serwis ma charakter og\u00f3lny i tre\u015bci udost\u0119pniane na stronie s\u0105 przeznaczone wy\u0142\u0105cznie w celach informacyjnych. Nie zach\u0119camy ani nie popieramy \u017cadnych nielegalnych dzia\u0142a\u0144. Zach\u0119camy U\u017cytkownik\u00f3w do przestrzegania prawnych i etycznych norm. U\u017cytkownik [&hellip;]<\/p>\n","protected":false},"author":61,"featured_media":0,"parent":0,"menu_order":0,"comment_status":"closed","ping_status":"closed","template":"","meta":{"om_disable_all_campaigns":false,"footnotes":""},"sgf-content-tag":[183,192],"sgf-seo-push":[],"class_list":["post-20845","page","type-page","status-publish","hentry"],"_links":{"self":[{"href":"https:\/\/vpnveteran.com\/pl\/wp-json\/wp\/v2\/pages\/20845","targetHints":{"allow":["GET"]}}],"collection":[{"href":"https:\/\/vpnveteran.com\/pl\/wp-json\/wp\/v2\/pages"}],"about":[{"href":"https:\/\/vpnveteran.com\/pl\/wp-json\/wp\/v2\/types\/page"}],"author":[{"embeddable":true,"href":"https:\/\/vpnveteran.com\/pl\/wp-json\/wp\/v2\/users\/61"}],"replies":[{"embeddable":true,"href":"https:\/\/vpnveteran.com\/pl\/wp-json\/wp\/v2\/comments?post=20845"}],"version-history":[{"count":4,"href":"https:\/\/vpnveteran.com\/pl\/wp-json\/wp\/v2\/pages\/20845\/revisions"}],"predecessor-version":[{"id":57677,"href":"https:\/\/vpnveteran.com\/pl\/wp-json\/wp\/v2\/pages\/20845\/revisions\/57677"}],"wp:attachment":[{"href":"https:\/\/vpnveteran.com\/pl\/wp-json\/wp\/v2\/media?parent=20845"}],"wp:term":[{"taxonomy":"sgf-content-tag","embeddable":true,"href":"https:\/\/vpnveteran.com\/pl\/wp-json\/wp\/v2\/sgf-content-tag?post=20845"},{"taxonomy":"sgf-seo-push","embeddable":true,"href":"https:\/\/vpnveteran.com\/pl\/wp-json\/wp\/v2\/sgf-seo-push?post=20845"}],"curies":[{"name":"wp","href":"https:\/\/api.w.org\/{rel}","templated":true}]}}