{"id":22638,"date":"2020-10-29T05:59:15","date_gmt":"2020-10-29T09:59:15","guid":{"rendered":"https:\/\/vpnveteran.com\/?page_id=22638"},"modified":"2022-12-13T23:02:59","modified_gmt":"2022-12-14T04:02:59","slug":"jakie-jest-moje-ip","status":"publish","type":"page","link":"https:\/\/vpnveteran.com\/pl\/jakie-jest-moje-ip\/","title":{"rendered":"Jaki jest m\u00f3j adres IP? Jak je ukry\u0107?"},"content":{"rendered":"<p><img fetchpriority=\"high\" decoding=\"async\" class=\"aligncenter size-large wp-image-48127\" title=\"m\u00f3j adres ip\" src=\"https:\/\/vpnveteran.com\/wp-content\/uploads\/moj-adres-ip-1024x480.jpg\" alt=\"m\u00f3j adres ip\" width=\"840\" height=\"394\" srcset=\"https:\/\/vpnveteran.com\/wp-content\/uploads\/moj-adres-ip-1024x480.jpg 1024w, https:\/\/vpnveteran.com\/wp-content\/uploads\/moj-adres-ip-300x141.jpg 300w, https:\/\/vpnveteran.com\/wp-content\/uploads\/moj-adres-ip-768x360.jpg 768w, https:\/\/vpnveteran.com\/wp-content\/uploads\/moj-adres-ip-1536x720.jpg 1536w, https:\/\/vpnveteran.com\/wp-content\/uploads\/moj-adres-ip-2048x960.jpg 2048w, https:\/\/vpnveteran.com\/wp-content\/uploads\/moj-adres-ip-788x369.jpg 788w, https:\/\/vpnveteran.com\/wp-content\/uploads\/moj-adres-ip.jpg 1280w\" sizes=\"(max-width: 840px) 100vw, 840px\" \/><\/p>\n<p>Anonimowo\u015b\u0107 we wsp\u00f3\u0142czesnej cyberprzestrzeni stopniowo przestaje istnie\u0107. Regularnie jeste\u015bmy na celowniku r\u00f3\u017cnych agencji reklamowych i nie tylko, a nasza lokalizacja nie jest dla nikogo zagadk\u0105. Jednym z czynnik\u00f3w ryzyka jest IP. <strong>W tym artykule dowiesz si\u0119 czym jest m\u00f3j adres IP i dlaczego warto zadba\u0107 o jego bezpiecze\u0144stwo.<\/strong><\/p>\n<p><!--more--><\/p>\n<strong><span class=\"wpsm-highlight wpsm-highlight-red\">Ostatnia rewizja: 10 kwiecie\u0144 2026<\/span><\/strong>\n<h2>Jaki jest m\u00f3j adres IP?<\/h2>\n<p>Skoro firmy zewn\u0119trzne s\u0105 w stanie ustali\u0107 nasz\u0105 lokalizacj\u0119, jak my mo\u017cemy to zrobi\u0107 we w\u0142asnym zakresie? Okazuje si\u0119, \u017ce to \u017cadna sztuka i <strong>niemal ka\u017cdy mo\u017ce sprawdzi\u0107 jakie jest moje IP bez specjalistycznej wiedzy<\/strong>:<\/p>\n<div class=\"mb30 wpsm_box blue_type nonefloat_box\" style=\"text-align:left; width:auto\"><i><\/i><div>\r\n\t\t\t<div class=\"ip-grid\" style=\"grid-template-columns:  auto auto auto auto;\"><div id=\"ip-ip\"><span class=\"label\">IP:<\/span><span class=\"value\"><i class=\"fa fa-spinner fa-spin\"><\/i><\/span><\/div><div id=\"ip-city\"><span class=\"label\">City:<\/span><span class=\"value\"><i class=\"fa fa-spinner fa-spin\"><\/i><\/span><\/div><div id=\"ip-country_name\"><span class=\"label\">Country:<\/span><span class=\"value\"><i class=\"fa fa-spinner fa-spin\"><\/i><\/span><\/div><div id=\"ip-org\"><span class=\"label\">ISP:<\/span><span class=\"value\"><i class=\"fa fa-spinner fa-spin\"><\/i><\/span><\/div><\/div><script>\n    jQuery.getJSON( 'https:\/\/ipapi.co\/json\/', function( data ) {\n\t\t\tif (data.city.length > 15) {\n\t\t\t\tdata.org = data.city.substring(0, 14) + '\u2026';\n\t\t\t}\n\t\t\tif (data.country_name.length > 15) {\n\t\t\t\tdata.org = data.country_name.substring(0, 14) + '\u2026';\n\t\t\t}\n\t\t\tif (data.org.length > 15) {\n\t\t\t\tdata.org = data.org.substring(0, 14) + '\u2026';\n\t\t\t}\n\t\t\tif (data.ip.length > 15) {\n\t\t\t\ta_ipv6 = data.ip.split(':');\n\t\t\t\tdata.ip = a_ipv6[0]+':'+a_ipv6[1]+':\u2026:'+a_ipv6[ (a_ipv6.length-1) ];\n\t\t\t}\n      jQuery('#ip-ip .value').text( data.ip );jQuery('#ip-city .value').text( data.city );jQuery('#ip-country_name .value').text( data.country_name );jQuery('#ip-org .value').text( data.org );\n    });\n  <\/script><style>\n    .ip-table {display:table;}\n    .ip-table div {display:table-row;}\n    .ip-table div span {display:table-cell; cell-padding:3px;}\n    .ip-table .label {font-weight:normal;}\n    .ip-table .value {font-weight:bold;}\n\n    .ip-inline {display:inline;}\n    .ip-inline div {display:inline;}\n    .ip-inline div+div {margin-left:20px;}\n\n    .ip-block {display:block;}\n\n    .ip-flex {display:flex;}\n\n    .ip-grid {display:grid;}\n    .ip-grid div {text-align:center;}\n    .ip-grid .label {font-weight:normal;}\n    .ip-grid .value {margin-left: 0.5rem; font-weight:bold;}\n\t\t@media (max-width: 770px) {\n\t\t   .ip-grid {grid-template-columns: auto!important;}\n\t\t\t .ip-grid > div {text-align:left;}\n\t\t}\n  <\/style>\r\n\t\t\t<\/div><\/div>\n<h2>Co to jest adres IP?<\/h2>\n<p>M\u00f3j <strong>IP adres to unikalny numer identyfikuj\u0105cy ka\u017cde urz\u0105dzenie pod\u0142\u0105czone do sieci internetowej.<\/strong> Moja lokalizacja IP jest wykorzystywana do okre\u015blenia po\u0142o\u017cenia urz\u0105dzenia w sieci i do komunikowania si\u0119 z innymi urz\u0105dzeniami. Jakie rodzaje IP wyr\u00f3\u017cniamy?<\/p>\n<h3>M\u00f3j adres IP statyczny i dynamiczny \u2013 o co chodzi?<\/h3>\n<p>M\u00f3j IP adres statyczny to sta\u0142y numer identyfikuj\u0105cy urz\u0105dzenie w sieci. Oznacza to, \u017ce <strong>urz\u0105dzenie zawsze ma ten sam adres IP, bez wzgl\u0119du na to, jak cz\u0119sto jest w\u0142\u0105czane lub wy\u0142\u0105czane.<\/strong><\/p>\n<p><strong>Statyczne IP jest cz\u0119sto wykorzystywane w przypadku urz\u0105dze\u0144, kt\u00f3re wymagaj\u0105 sta\u0142ego i niezawodnego po\u0142\u0105czenia z internetem<\/strong>, takich jak kamery IP, serwery gier, punkty dost\u0119powe do sieci Wi-Fi i inne urz\u0105dzenia sieciowe.<\/p>\n<p>Jaki jest m\u00f3j adres <strong>IP w wersji dynamicznej? Wtedy to zmienny, ale nadal unikalny numer<\/strong>. Urz\u0105dzenie mo\u017ce mie\u0107 r\u00f3\u017cne adresy IP w zale\u017cno\u015bci od tego, jak cz\u0119sto jest w\u0142\u0105czane lub wy\u0142\u0105czane.<\/p>\n<p><img decoding=\"async\" class=\"aligncenter size-large wp-image-48081\" title=\"m\u00f3j ip adres\" src=\"https:\/\/vpnveteran.com\/wp-content\/uploads\/what-is-my-ip-address-5-1024x669.jpg\" alt=\"m\u00f3j ip adres\" width=\"840\" height=\"549\" srcset=\"https:\/\/vpnveteran.com\/wp-content\/uploads\/what-is-my-ip-address-5-1024x669.jpg 1024w, https:\/\/vpnveteran.com\/wp-content\/uploads\/what-is-my-ip-address-5-300x196.jpg 300w, https:\/\/vpnveteran.com\/wp-content\/uploads\/what-is-my-ip-address-5-767x501.jpg 767w, https:\/\/vpnveteran.com\/wp-content\/uploads\/what-is-my-ip-address-5-1536x1004.jpg 1536w, https:\/\/vpnveteran.com\/wp-content\/uploads\/what-is-my-ip-address-5-2048x1339.jpg 2048w, https:\/\/vpnveteran.com\/wp-content\/uploads\/what-is-my-ip-address-5-788x515.jpg 788w, https:\/\/vpnveteran.com\/wp-content\/uploads\/what-is-my-ip-address-5.jpg 840w\" sizes=\"(max-width: 840px) 100vw, 840px\" \/><\/p>\n<h3>Jakie jest moje IP publiczne i prywatne? Czym si\u0119 r\u00f3\u017cni\u0105?<\/h3>\n<p>M\u00f3j <strong>adres IP publiczny to numer, kt\u00f3ry jest widoczny dla wszystkich u\u017cytkownik\u00f3w sieci.<\/strong> Jest przypisywany ka\u017cdemu urz\u0105dzeniu, kt\u00f3re korzysta z us\u0142ug internetowych.<\/p>\n<p>Z drugiej strony m\u00f3j <strong>IP adres prywatny to numer, kt\u00f3ry nie jest widoczny dla sieci publicznej.<\/strong> Prywatne adresy IP s\u0105 zazwyczaj przypisywane urz\u0105dzeniom, kt\u00f3re nie korzystaj\u0105 z us\u0142ug publicznych, takich jak komputery w sieciach domowych lub biznesowych.<\/p>\n<p>Publiczne i prywatne adresy IP s\u0105 wykorzystywane w po\u0142\u0105czeniu z firewallami i innymi zabezpieczeniami sieciowymi, aby zapobiec nieuprawnionemu dost\u0119powi do sieci. <strong>Za nadanie publicznego IP odpowiada dostawca us\u0142ug internetowych. Prywatne IP nale\u017cy zorganizowa\u0107 w inny spos\u00f3b \u2013 wi\u0119cej o tym w dalszej cz\u0119\u015bci!<\/strong><\/p>\n<h3>Jakie jest moje IP vs protoko\u0142y IPv4 oraz IPv6<\/h3>\n<p>IPv4 to czwarta wersja protoko\u0142u internetowego, kt\u00f3ra jest najbardziej rozpowszechnion\u0105 wersj\u0105 na \u015bwiecie. <strong>Dzi\u0119ki IPv4 moj adres IP b\u0119dzie 32-bitow\u0105 kombinacj\u0105 czterech cyfr.<\/strong> Wada tego rozwi\u0105zania polega na tym, \u017ce ilo\u015b\u0107 dost\u0119pnych adres\u00f3w jest ograniczona w zakresie od 0 do 255.<\/p>\n<p>IPv6 jest sz\u00f3st\u0105 wersj\u0105 protoko\u0142u internetowego, zaprojektowan\u0105, aby rozwi\u0105za\u0107 problem niedoboru adres\u00f3w IP w IPv4. <strong>U\u017cywa 128-bitowego adresu IP, kt\u00f3ry sk\u0142ada si\u0119 z szesnastu cyfr.<\/strong> IPv6 umo\u017cliwia wi\u0119ksz\u0105 liczb\u0119 adres\u00f3w IP w por\u00f3wnaniu z IPv4 i jest zalecanym protoko\u0142em dla wszystkich nowych sieci.<\/p>\n<p>Sprawdzaj\u0105c jaki jest m\u00f3j adres IP z protoko\u0142u IPv4, cz\u0119sto b\u0119dzie to odzyskana kombinacja z niedzia\u0142aj\u0105cych ju\u017c adres\u00f3w lub urz\u0105dze\u0144. W przypadku nowszego IPv6 b\u0119d\u0105 to nowe sekwencje, kt\u00f3rych jest (jeszcze) pod dostatkiem.<\/p>\n\n<h2>Jakie informacje ujawnia m\u00f3j IP adres?<\/h2>\n<p>M\u00f3j adres IP to kopalnia wiedzy o nas. O jakie informacje chodzi? <strong>Mi\u0119dzy innymi po\u0142o\u017cenie geograficzne, dostawc\u0119 us\u0142ug internetowych i typ urz\u0105dzenia, kt\u00f3rego u\u017cywamy<\/strong>.<strong> Dodatkowo mo\u017ce by\u0107 wykorzystany do okre\u015blenia naszych preferencji w internecie i wykrywania niekt\u00f3rych dzia\u0142a\u0144, kt\u00f3re wykonujemy.<\/strong><\/p>\n<p>To wszystko mo\u017ce mie\u0107 wp\u0142yw na restrykcje terytorialne, chocia\u017cby poprzez stosowane powszechnie geoblokady. <strong>Moj IP adres mo\u017ce ogranicza\u0107 lub wyklucza\u0107 jak\u0105kolwiek anonimowo\u015b\u0107, a w skrajnych przypadkach nara\u017ca\u0107 na ataki haker\u00f3w.<\/strong> Na szcz\u0119\u015bcie nie wszystko trzeba malowa\u0107 ciemnych barwach. S\u0105 sposoby na radzenie sobie z tymi zagro\u017ceniami!<\/p>\n<h2>Jakie jest moje IP i jak zadba\u0107 o jego prywatno\u015b\u0107?<\/h2>\n<p>Zgodnie z obietnic\u0105 wyja\u015bniamy jak sprawi\u0107, \u017ceby nie ka\u017cdy mia\u0142 dost\u0119p do informacji jaki jest m\u00f3j adres IP. Poni\u017cej przedstawiamy kilka sprawdzonych rozwi\u0105za\u0144. Jednocze\u015bnie zach\u0119camy do przeczytania <a href=\"https:\/\/vpnveteran.com\/pl\/jak-ukryc-adres-ip\/\">naszego pe\u0142nego artyk.<\/a><\/p>\n<p><iframe title=\"Hide IP\" width=\"840\" height=\"473\" src=\"https:\/\/www.youtube.com\/embed\/eN9AlM2-T8E?feature=oembed\" frameborder=\"0\" allow=\"accelerometer; autoplay; clipboard-write; encrypted-media; gyroscope; picture-in-picture\" allowfullscreen><\/iframe><\/p>\n<h3>M\u00f3j IP adres z wykorzystaniem VPN<\/h3>\n<p>VPN, czyli wirtualne sieci prywatne pozwalaj\u0105 na przepuszczenie naszego po\u0142\u0105czenia internetowego przez zewn\u0119trzne serwery. W ten spos\u00f3b <strong>moja IP lokalizacja zmienia si\u0119 na now\u0105 w zale\u017cno\u015bci od wykorzystanego portu.<\/strong> Co z tego wynika?<\/p>\n<p><strong>Szyfrowanie po\u0142\u0105czenia gwarantuje nam bezpiecze\u0144stwo i anonimowo\u015b\u0107.<\/strong> Nasza lokalizacja nie jest ju\u017c publicznie dost\u0119pna. Co wi\u0119cej, mamy niemal nieograniczony dost\u0119p do tre\u015bci. R\u00f3wnie\u017c tych obj\u0119tych cenzur\u0105 lub ograniczeniami terytorialnymi. Po wi\u0119cej informacji, zapraszamy do naszego wpisu <a href=\"https:\/\/vpnveteran.com\/pl\/vpn-co-to-jest\/\">czym jest VPN<\/a>.<\/p>\n<p>W jaki spos\u00f3b wybra\u0107 odpowiedni\u0105 sie\u0107 VPN? <strong>Na bazie w\u0142asnych do\u015bwiadcze\u0144 i dziesi\u0105tek sprawdzonych ofert, rekomendujemy . To sprawdzony dostawca, kt\u00f3rego polecamy od lat<\/strong>. Wszystkie kluczowe funkcje s\u0105 najwy\u017cszym \u015bwiatowym poziomie.<\/p>\n<p>Co wi\u0119cej, nie trzeba nam wierzy\u0107 na s\u0142owo. <strong>Za spraw\u0105 30-dniowej gwarancji zwrotu, mo\u017cemy testowa\u0107 us\u0142ug\u0119 bez ryzyka.<\/strong> Je\u015bli w tym czasie chcemy zrezygnowa\u0107, otrzymamy pieni\u0105dze z powrotem, bez zadawania pyta\u0144.<\/p>\n\n<h3>Jaki jest m\u00f3j adres IP, je\u015bli skorzystam z proxy?<\/h3>\n<p><strong>Proxy jest serwerem po\u015brednicz\u0105cym, kt\u00f3ry u\u017cywa specjalnego IP do przekazywania ruchu internetowego mi\u0119dzy u\u017cytkownikami a sieciami.<\/strong> Mo\u017cna powiedzie\u0107, \u017ce serwer wykonuje operacje w naszym imieniu. Robi to jednak z w\u0142asnym IP, dlatego nasze dane pozostaj\u0105 ukryte i osoby trzecie nie widz\u0105 jakie jest moje IP.<\/p>\n<p>W teorii wszystko wygl\u0105da w porz\u0105dku. Jest jednak kilka minus\u00f3w. <strong>Po pierwsze nie ka\u017cdy serwer Proxy szyfruje po\u0142\u0105czenia, a to ma bezpo\u015bredni wp\u0142yw na bezpiecze\u0144stwo. Po drugie, zapisywana zostaje historia dzia\u0142a\u0144, czego nie rejestruj\u0105 dobre sieci VPN.<\/strong><\/p>\n<p><strong>Finalnie Proxy dzia\u0142aj\u0105 wy\u0142\u0105cznie w przegl\u0105darkach w odr\u00f3\u017cnieniu od VPN, kt\u00f3re s\u0105 dost\u0119pne na wszystkich urz\u0105dzeniach.<\/strong> Okazje si\u0119, \u017ce to rozwi\u0105zanie mo\u017ce skutecznie ukry\u0107 jakie jest moje IP, ale nie zawsze robi to w bezpieczny spos\u00f3b.<\/p>\n<h3>Jakie jest moje IP je\u015bli korzystam z Tora?<\/h3>\n<p><strong><a href=\"https:\/\/www.torproject.org\/download\/\" target=\"_blank\" rel=\"noopener\">Tor<\/a>, znany r\u00f3wnie\u017c jako The Onion Router, jest darmow\u0105 sieci\u0105 typu Open Source.<\/strong> Podobnie jak VPN, pozwala u\u017cytkownikom \u0142\u0105czy\u0107 si\u0119 z Internetem anonimowo.<\/p>\n<p><img decoding=\"async\" class=\"aligncenter wp-image-48133 size-full\" title=\"tor\" src=\"https:\/\/vpnveteran.com\/wp-content\/uploads\/tor-browser-2.jpg\" alt=\"tor\" width=\"631\" height=\"375\" srcset=\"https:\/\/vpnveteran.com\/wp-content\/uploads\/tor-browser-2.jpg 631w, https:\/\/vpnveteran.com\/wp-content\/uploads\/tor-browser-2-300x178.jpg 300w, https:\/\/vpnveteran.com\/wp-content\/uploads\/tor-browser-2-1024x609.jpg 1024w, https:\/\/vpnveteran.com\/wp-content\/uploads\/tor-browser-2-767x456.jpg 767w, https:\/\/vpnveteran.com\/wp-content\/uploads\/tor-browser-2-1536x913.jpg 1536w, https:\/\/vpnveteran.com\/wp-content\/uploads\/tor-browser-2-2048x1217.jpg 2048w, https:\/\/vpnveteran.com\/wp-content\/uploads\/tor-browser-2-788x468.jpg 788w\" sizes=\"(max-width: 631px) 100vw, 631px\" \/><\/p>\n<p>Korzystanie z Tora polega na po\u0142\u0105czeniu si\u0119 z jego sieci\u0105. <strong>Nasz ruch internetowy przechodzi nast\u0119pnie przez kilka \u201ew\u0119z\u0142\u00f3w\u201d, aby dotrze\u0107 do celu. W\u0119ze\u0142 to co\u015b, co przejmuje ruch i przekazuje go do nast\u0119pnego.<\/strong> W\u0119ze\u0142 na ko\u0144cu linii jest naszym po\u015brednikiem, kt\u00f3ry otwiera stron\u0119.<\/p>\n<p>Nazywa si\u0119 to cebul\u0105, ze wzgl\u0119dy na warstwy szyfrowania, podczas przechodzenia przez poszczeg\u00f3lne w\u0119z\u0142y. Gdzie jest haczyk? <strong>Tor zauwa\u017calnie spowalnia pr\u0119dko\u015b\u0107. Sprawimy, \u017ce inni nie b\u0119d\u0105 widzieli jaki jest m\u00f3j adres IP, ale kosztem jako\u015bci po\u0142\u0105czenia.<\/strong> Co wi\u0119cej, skorzystamy z niego jedynie na przegl\u0105darkach. Inne rozwi\u0105zania b\u0119d\u0105 wymaga\u0142y specjalnej konfiguracji.<\/p>\n<h3>M\u00f3j IP adres vs Hotspot<\/h3>\n<p>Hotspot to sie\u0107 bezprzewodowa, kt\u00f3ra umo\u017cliwia u\u017cytkownikom dost\u0119p do internetu poprzez otwarte Wifi. Aby skorzysta\u0107 z Hotspotu, u\u017cytkownicy musz\u0105 wyszuka\u0107 i wybra\u0107 jego nazw\u0119 w\u015br\u00f3d dost\u0119pnych sieci. <strong>W miejscach publicznych, takich jak hotele, kawiarnie i restauracje nie jest nawet wymagane has\u0142o.<\/strong><\/p>\n<p><img loading=\"lazy\" decoding=\"async\" class=\"aligncenter size-large wp-image-48082\" title=\"jakie jest moje ip\" src=\"https:\/\/vpnveteran.com\/wp-content\/uploads\/what-is-my-ip-address-2-2-1024x683.jpg\" alt=\"jakie jest moje ip\" width=\"840\" height=\"560\" srcset=\"https:\/\/vpnveteran.com\/wp-content\/uploads\/what-is-my-ip-address-2-2-1024x683.jpg 1024w, https:\/\/vpnveteran.com\/wp-content\/uploads\/what-is-my-ip-address-2-2-300x200.jpg 300w, https:\/\/vpnveteran.com\/wp-content\/uploads\/what-is-my-ip-address-2-2-768x512.jpg 768w, https:\/\/vpnveteran.com\/wp-content\/uploads\/what-is-my-ip-address-2-2-1536x1024.jpg 1536w, https:\/\/vpnveteran.com\/wp-content\/uploads\/what-is-my-ip-address-2-2-2048x1365.jpg 2048w, https:\/\/vpnveteran.com\/wp-content\/uploads\/what-is-my-ip-address-2-2-788x525.jpg 788w, https:\/\/vpnveteran.com\/wp-content\/uploads\/what-is-my-ip-address-2-2.jpg 840w\" sizes=\"(max-width: 840px) 100vw, 840px\" \/><\/p>\n<p>Czy w ten spos\u00f3b zmienimy adres IP? Tak. Jest tutaj jednak spory problem. Otwarte Wifi nie bez powodu ciesz\u0105 si\u0119 z\u0142\u0105 s\u0142aw\u0105. <strong>Tego typu otwarte punkty dost\u0119powe to okazja dla z\u0142odziei na \u0142atw\u0105 kradzie\u017c danych.<\/strong> Hakerzy bez wi\u0119kszych problem\u00f3w przejm\u0105 ka\u017cd\u0105 informacj\u0119, kt\u00f3ra zosta\u0142a przes\u0142ana z i do takiego urz\u0105dzenia.<\/p>\n\n<h2>Wnioski<\/h2>\n<p>Maj\u0105c wiedz\u0119 czym jest m\u00f3j adres IP jak sprawdzi\u0107 jego lokalizacj\u0119 oraz jakie inne informacje mo\u017ce przekazywa\u0107, warto zadba\u0107 o jego bezpiecze\u0144stwo. <strong>Najlepszym rozwi\u0105zaniem b\u0119dzie sprawdzona sie\u0107 VPN. To rozs\u0105dny spos\u00f3b na bezpiecze\u0144stwo i anonimowo\u015b\u0107, a przy okazji na nieograniczony dost\u0119p do tre\u015bci.<\/strong><\/p>\n<p><strong>Z naszej strony polecamy numer jeden naszego rankingu, . Za spraw\u0105 30-dniowej gwarancji zwrotu, nie ma \u017cadnego ryzyka.<\/strong> Mo\u017ce testowa\u0107 us\u0142ug\u0119 przez miesi\u0105c, a je\u015bli nie przypadnie nam do gustu, kast\u0119 dostajemy z powrotem!<\/p>\n","protected":false},"excerpt":{"rendered":"<p>Anonimowo\u015b\u0107 we wsp\u00f3\u0142czesnej cyberprzestrzeni stopniowo przestaje istnie\u0107. Regularnie jeste\u015bmy na celowniku r\u00f3\u017cnych agencji reklamowych i nie tylko, a nasza lokalizacja nie jest dla nikogo zagadk\u0105. Jednym z czynnik\u00f3w ryzyka jest IP. W tym artykule dowiesz si\u0119 czym jest m\u00f3j adres IP i dlaczego warto zadba\u0107 o jego bezpiecze\u0144stwo.<\/p>\n","protected":false},"author":61,"featured_media":48127,"parent":0,"menu_order":0,"comment_status":"closed","ping_status":"closed","template":"","meta":{"om_disable_all_campaigns":false,"footnotes":""},"sgf-content-tag":[194],"sgf-seo-push":[],"class_list":["post-22638","page","type-page","status-publish","has-post-thumbnail","hentry"],"_links":{"self":[{"href":"https:\/\/vpnveteran.com\/pl\/wp-json\/wp\/v2\/pages\/22638","targetHints":{"allow":["GET"]}}],"collection":[{"href":"https:\/\/vpnveteran.com\/pl\/wp-json\/wp\/v2\/pages"}],"about":[{"href":"https:\/\/vpnveteran.com\/pl\/wp-json\/wp\/v2\/types\/page"}],"author":[{"embeddable":true,"href":"https:\/\/vpnveteran.com\/pl\/wp-json\/wp\/v2\/users\/61"}],"replies":[{"embeddable":true,"href":"https:\/\/vpnveteran.com\/pl\/wp-json\/wp\/v2\/comments?post=22638"}],"version-history":[{"count":6,"href":"https:\/\/vpnveteran.com\/pl\/wp-json\/wp\/v2\/pages\/22638\/revisions"}],"predecessor-version":[{"id":48137,"href":"https:\/\/vpnveteran.com\/pl\/wp-json\/wp\/v2\/pages\/22638\/revisions\/48137"}],"wp:featuredmedia":[{"embeddable":true,"href":"https:\/\/vpnveteran.com\/pl\/wp-json\/wp\/v2\/media\/48127"}],"wp:attachment":[{"href":"https:\/\/vpnveteran.com\/pl\/wp-json\/wp\/v2\/media?parent=22638"}],"wp:term":[{"taxonomy":"sgf-content-tag","embeddable":true,"href":"https:\/\/vpnveteran.com\/pl\/wp-json\/wp\/v2\/sgf-content-tag?post=22638"},{"taxonomy":"sgf-seo-push","embeddable":true,"href":"https:\/\/vpnveteran.com\/pl\/wp-json\/wp\/v2\/sgf-seo-push?post=22638"}],"curies":[{"name":"wp","href":"https:\/\/api.w.org\/{rel}","templated":true}]}}