{"id":57696,"date":"2023-07-20T05:29:42","date_gmt":"2023-07-20T09:29:42","guid":{"rendered":"https:\/\/vpnveteran.com\/?page_id=57696"},"modified":"2023-07-20T05:29:42","modified_gmt":"2023-07-20T09:29:42","slug":"ujawnienie-afiliacyjne","status":"publish","type":"page","link":"https:\/\/vpnveteran.com\/pl\/ujawnienie-afiliacyjne\/","title":{"rendered":"Ujawnienie podmiotu stowarzyszonego"},"content":{"rendered":"<p>Przywi\u0105zujemy ogromn\u0105 wag\u0119 do przejrzysto\u015bci i pragniemy dostarczy\u0107 jasnych informacji na temat naszego sposobu dzia\u0142ania. Prosimy po\u015bwi\u0119ci\u0107 chwil\u0119, aby zapozna\u0107 si\u0119 z poni\u017cszymi szczeg\u00f3\u0142ami dotycz\u0105cymi naszego uczestnictwa w <strong>programach afiliacyjnych oraz niezale\u017cno\u015bci tre\u015bci<\/strong> na naszej stronie internetowej.<\/p>\n<h2>Wykorzystanie link\u00f3w afiliacyjnych<\/h2>\n<p>Nasza strona internetowa uczestniczy w programie afiliacyjnym wybranych dostawc\u00f3w us\u0142ug VPN. Oznacza to, <strong>\u017ce mo\u017cemy otrzymywa\u0107 prowizj\u0119, gdy nasi czytelnicy klikaj\u0105 na linki afiliacyjne<\/strong> i dokonuj\u0105 zakupu produkt\u00f3w lub us\u0142ug VPN. Te prowizje pomagaj\u0105 nam utrzymywa\u0107 i ulepsza\u0107 nasz\u0105 stron\u0119 internetow\u0105, tworzy\u0107 wysokiej jako\u015bci tre\u015bci oraz dostarcza\u0107 rzetelne i pouczaj\u0105ce recenzje us\u0142ug VPN.<\/p>\n<h2>Transparentno\u015b\u0107 redakcyjna<\/h2>\n<p>W <a href=\"https:\/\/vpnveteran.com\/pl\/\">VPNVeteran.com<\/a> mocno wierzymy w <strong>przejrzysto\u015b\u0107 redakcyjn\u0105 i integralno\u015b\u0107 naszych tre\u015bci<\/strong>. Nasz zesp\u00f3\u0142 redaktor\u00f3w i ekspert\u00f3w stara si\u0119 dostarcza\u0107 dok\u0142adne, niezale\u017cne i oparte na faktach oceny produkt\u00f3w i us\u0142ug, kt\u00f3re recenzujemy.<\/p>\n<p>Nasi redaktorzy s\u0105 zobowi\u0105zani do przestrzegania \u015bcis\u0142ych wytycznych podczas pisania recenzji. Zobowi\u0105zuj\u0105 si\u0119 nie dopuszcza\u0107, aby ich osobiste opinie, zewn\u0119trzne naciski lub interesy komercyjne wp\u0142ywa\u0142y na proces oceny. Naszym celem jest dostarczenie uczciwej i zr\u00f3wnowa\u017conej oceny, podkre\u015blaj\u0105c zar\u00f3wno zalety, jak i ograniczenia produkt\u00f3w, kt\u00f3re analizujemy.<\/p>\n<p>Je\u015bli masz jakiekolwiek pytania dotycz\u0105ce naszej polityki afiliacyjnej lub podej\u015bcia redakcyjnego, zach\u0119camy do <a href=\"https:\/\/vpnveteran.com\/pl\/kontakt\/\">kontaktu<\/a>. Jeste\u015bmy tutaj, aby dostarczy\u0107 wiarygodnych informacji i odpowiedzie\u0107 na wszystkie Twoje obawy.<\/p>\n","protected":false},"excerpt":{"rendered":"<p>Przywi\u0105zujemy ogromn\u0105 wag\u0119 do przejrzysto\u015bci i pragniemy dostarczy\u0107 jasnych informacji na temat naszego sposobu dzia\u0142ania. Prosimy po\u015bwi\u0119ci\u0107 chwil\u0119, aby zapozna\u0107 si\u0119 z poni\u017cszymi szczeg\u00f3\u0142ami dotycz\u0105cymi naszego uczestnictwa w programach afiliacyjnych oraz niezale\u017cno\u015bci tre\u015bci na naszej stronie internetowej. Wykorzystanie link\u00f3w afiliacyjnych Nasza strona internetowa uczestniczy w programie afiliacyjnym wybranych dostawc\u00f3w us\u0142ug VPN. Oznacza to, \u017ce mo\u017cemy [&hellip;]<\/p>\n","protected":false},"author":150,"featured_media":0,"parent":0,"menu_order":0,"comment_status":"closed","ping_status":"closed","template":"","meta":{"om_disable_all_campaigns":false,"footnotes":""},"sgf-content-tag":[1763,183],"sgf-seo-push":[],"class_list":["post-57696","page","type-page","status-publish","hentry"],"_links":{"self":[{"href":"https:\/\/vpnveteran.com\/pl\/wp-json\/wp\/v2\/pages\/57696","targetHints":{"allow":["GET"]}}],"collection":[{"href":"https:\/\/vpnveteran.com\/pl\/wp-json\/wp\/v2\/pages"}],"about":[{"href":"https:\/\/vpnveteran.com\/pl\/wp-json\/wp\/v2\/types\/page"}],"author":[{"embeddable":true,"href":"https:\/\/vpnveteran.com\/pl\/wp-json\/wp\/v2\/users\/150"}],"replies":[{"embeddable":true,"href":"https:\/\/vpnveteran.com\/pl\/wp-json\/wp\/v2\/comments?post=57696"}],"version-history":[{"count":4,"href":"https:\/\/vpnveteran.com\/pl\/wp-json\/wp\/v2\/pages\/57696\/revisions"}],"predecessor-version":[{"id":57793,"href":"https:\/\/vpnveteran.com\/pl\/wp-json\/wp\/v2\/pages\/57696\/revisions\/57793"}],"wp:attachment":[{"href":"https:\/\/vpnveteran.com\/pl\/wp-json\/wp\/v2\/media?parent=57696"}],"wp:term":[{"taxonomy":"sgf-content-tag","embeddable":true,"href":"https:\/\/vpnveteran.com\/pl\/wp-json\/wp\/v2\/sgf-content-tag?post=57696"},{"taxonomy":"sgf-seo-push","embeddable":true,"href":"https:\/\/vpnveteran.com\/pl\/wp-json\/wp\/v2\/sgf-seo-push?post=57696"}],"curies":[{"name":"wp","href":"https:\/\/api.w.org\/{rel}","templated":true}]}}