{"id":57731,"date":"2023-07-24T06:01:49","date_gmt":"2023-07-24T10:01:49","guid":{"rendered":"https:\/\/vpnveteran.com\/?page_id=57731"},"modified":"2023-07-24T06:01:49","modified_gmt":"2023-07-24T10:01:49","slug":"ujawnienie-wlasnosci","status":"publish","type":"page","link":"https:\/\/vpnveteran.com\/pl\/ujawnienie-wlasnosci\/","title":{"rendered":"Ujawnienie W\u0142asno\u015bci"},"content":{"rendered":"<p>Witamy na naszej stronie! Cieszymy si\u0119, \u017ce tutaj jeste\u015bcie i chcieliby\u015bmy podzieli\u0107 si\u0119 z Wami cennymi informacjami. W duchu przejrzysto\u015bci i zaufania wobec naszych czytelnik\u00f3w, pragniemy poruszy\u0107 dwa istotne tematy: <strong>ujawnienie naszej w\u0142asno\u015bci oraz zapobieganie wy\u0142\u0105cznej zale\u017cno\u015bci<\/strong>.<\/p>\n<h2>W\u0142asno\u015b\u0107<\/h2>\n<p>Ta witryna jest wy\u0142\u0105czn\u0105 w\u0142asno\u015bci\u0105 <strong>Affiliare Inc<\/strong>. Nasze zobowi\u0105zanie do przejrzysto\u015bci sk\u0142ania nas do otwartego ujawnienia naszej w\u0142asno\u015bci w celu utrzymania zaufania i otwarto\u015bci wobec naszych szanownych czytelnik\u00f3w.<\/p>\n<h2>Unikanie Wy\u0142\u0105cznej Zale\u017cno\u015bci<\/h2>\n<p>W <a href=\"https:\/\/vpnveteran.com\/pl\/\">VPNVeteran<\/a> szanujemy zasady <strong>bezstronno\u015bci i obiektywno\u015bci<\/strong> w naszych tre\u015bciach. Chocia\u017c nasze artyku\u0142y mog\u0105 wspomina\u0107 lub odnosi\u0107 si\u0119 do r\u00f3\u017cnych produkt\u00f3w, us\u0142ug, ekspert\u00f3w i innych, wa\u017cne jest podkre\u015blenie, \u017ce te odniesienia nie stanowi\u0105 aprobaty ani gwarancji co do dok\u0142adno\u015bci przekazywanych informacji.<\/p>\n<p>Zach\u0119camy naszych czytelnik\u00f3w do bycia rozwa\u017cnymi i niepolegania wy\u0142\u0105cznie na odniesieniach w naszych artyku\u0142ach. Wykonajcie dok\u0142adne badania, skonsultujcie si\u0119 z kilkoma \u017ar\u00f3d\u0142ami i zbierzcie r\u00f3\u017cnorodne perspektywy, aby podejmowa\u0107 \u015bwiadome decyzje przy rozwa\u017caniu jakiegokolwiek produktu czy us\u0142ugi.<\/p>\n<p>Je\u015bli masz jakiekolwiek pytania lub obawy dotycz\u0105ce naszego o\u015bwiadczenie o w\u0142asno\u015bci, prosz\u0119 wys\u0142a\u0107 wiadomo\u015b\u0107 na adres <a href=\"mailto:info@affiliareinc.com\" target=\"_blank\" rel=\"nofollow noopener noreferrer\">info@affiliareinc.com<\/a>.<\/p>\n","protected":false},"excerpt":{"rendered":"<p>Witamy na naszej stronie! Cieszymy si\u0119, \u017ce tutaj jeste\u015bcie i chcieliby\u015bmy podzieli\u0107 si\u0119 z Wami cennymi informacjami. W duchu przejrzysto\u015bci i zaufania wobec naszych czytelnik\u00f3w, pragniemy poruszy\u0107 dwa istotne tematy: ujawnienie naszej w\u0142asno\u015bci oraz zapobieganie wy\u0142\u0105cznej zale\u017cno\u015bci. W\u0142asno\u015b\u0107 Ta witryna jest wy\u0142\u0105czn\u0105 w\u0142asno\u015bci\u0105 Affiliare Inc. Nasze zobowi\u0105zanie do przejrzysto\u015bci sk\u0142ania nas do otwartego ujawnienia naszej [&hellip;]<\/p>\n","protected":false},"author":150,"featured_media":0,"parent":0,"menu_order":0,"comment_status":"closed","ping_status":"closed","template":"","meta":{"om_disable_all_campaigns":false,"footnotes":""},"sgf-content-tag":[1765,183],"sgf-seo-push":[],"class_list":["post-57731","page","type-page","status-publish","hentry"],"_links":{"self":[{"href":"https:\/\/vpnveteran.com\/pl\/wp-json\/wp\/v2\/pages\/57731","targetHints":{"allow":["GET"]}}],"collection":[{"href":"https:\/\/vpnveteran.com\/pl\/wp-json\/wp\/v2\/pages"}],"about":[{"href":"https:\/\/vpnveteran.com\/pl\/wp-json\/wp\/v2\/types\/page"}],"author":[{"embeddable":true,"href":"https:\/\/vpnveteran.com\/pl\/wp-json\/wp\/v2\/users\/150"}],"replies":[{"embeddable":true,"href":"https:\/\/vpnveteran.com\/pl\/wp-json\/wp\/v2\/comments?post=57731"}],"version-history":[{"count":4,"href":"https:\/\/vpnveteran.com\/pl\/wp-json\/wp\/v2\/pages\/57731\/revisions"}],"predecessor-version":[{"id":57833,"href":"https:\/\/vpnveteran.com\/pl\/wp-json\/wp\/v2\/pages\/57731\/revisions\/57833"}],"wp:attachment":[{"href":"https:\/\/vpnveteran.com\/pl\/wp-json\/wp\/v2\/media?parent=57731"}],"wp:term":[{"taxonomy":"sgf-content-tag","embeddable":true,"href":"https:\/\/vpnveteran.com\/pl\/wp-json\/wp\/v2\/sgf-content-tag?post=57731"},{"taxonomy":"sgf-seo-push","embeddable":true,"href":"https:\/\/vpnveteran.com\/pl\/wp-json\/wp\/v2\/sgf-seo-push?post=57731"}],"curies":[{"name":"wp","href":"https:\/\/api.w.org\/{rel}","templated":true}]}}