{"id":22494,"date":"2020-10-28T05:31:33","date_gmt":"2020-10-28T09:31:33","guid":{"rendered":"https:\/\/vpnveteran.com\/?page_id=22494"},"modified":"2023-07-26T23:27:28","modified_gmt":"2023-07-27T03:27:28","slug":"politica-de-privacidade","status":"publish","type":"page","link":"https:\/\/vpnveteran.com\/pt-pt\/politica-de-privacidade\/","title":{"rendered":"Pol\u00edtica de Privacidade"},"content":{"rendered":"<p>Esta pol\u00edtica de privacidade descreve como <a href=\"https:\/\/vpnveteran.com\/\"><b>VPNveteran.com<\/b><\/a> protege e usa as informa\u00e7\u00f5es que fornece \u00e0 empresa ao usar este s\u00edtio web.<\/p>\n<p>Se voc\u00ea for solicitado a fornecer informa\u00e7\u00f5es ao usar este s\u00edtio web, elas ser\u00e3o usadas apenas na forma descritas nesta pol\u00edtica de privacidade.<\/p>\n<p>Esta pol\u00edtica \u00e9 atualizada de tempos em tempos. A \u00faltima vers\u00e3o \u00e9 publicada nesta p\u00e1gina.<\/p>\n<p>Esta pol\u00edtica de privacidade foi atualizada em <b>08\/08\/2018<\/b><\/p>\n<p>Se voc\u00ea tiver alguma d\u00favida sobre esta pol\u00edtica, envie um correio eletr\u00f3nico para\u00a0 <a href=\"mailto:info@vpnveteran.com\" target=\"_blank\" rel=\"noopener nofollow noreferrer\"><b>info@vpnveteran.com<\/b><\/a>.<\/p>\n<h2>Introdu\u00e7\u00e3o<\/h2>\n<p>Coletamos e usamos certas informa\u00e7\u00f5es sobre indiv\u00edduos para fornecer produtos e servi\u00e7os e para habilitar certas fun\u00e7\u00f5es neste s\u00edtio web.<\/p>\n<p>Tamb\u00e9m coletamos informa\u00e7\u00f5es para entender melhor como os utilizadores usam este s\u00edtio web e para apresent\u00e1-los com informa\u00e7\u00f5es oportunas e relevantes.<\/p>\n<h2>Que dados coletamos<\/h2>\n<p>Podemos coletar as seguintes informa\u00e7\u00f5es:<\/p>\n<ul>\n<li style=\"font-weight: 400;\">Nome e cargo do cargo<\/li>\n<li style=\"font-weight: 400;\">Informa\u00e7\u00f5es de contacto, incluindo o endere\u00e7o de correio eletr\u00f3nico<\/li>\n<li style=\"font-weight: 400;\">Informa\u00e7\u00f5es demogr\u00e1ficas, como c\u00f3digo postal, prefer\u00eancias e interesses<\/li>\n<li style=\"font-weight: 400;\">Dados sobre o uso do s\u00edtio web<\/li>\n<li style=\"font-weight: 400;\">Outras informa\u00e7\u00f5es relevantes para as consultas do cliente<\/li>\n<li style=\"font-weight: 400;\">Outras informa\u00e7\u00f5es relacionadas a ofertas especiais e pesquisas<\/li>\n<\/ul>\n<h2>Como usamos esses dados<\/h2>\n<p>A coleta desses dados nos ajuda a entender o que voc\u00ea procura da empresa, permitindo-nos oferecer melhores produtos e servi\u00e7os.<\/p>\n<p>Em particular, podemos usar os dados:<\/p>\n<ul>\n<li style=\"font-weight: 400;\">Para os nossos registos internos.<\/li>\n<li style=\"font-weight: 400;\">Para melhorar os produtos e servi\u00e7os que oferecemos.<\/li>\n<li style=\"font-weight: 400;\">Para entrar em contacto com voc\u00ea em resposta a uma solicita\u00e7\u00e3o espec\u00edfica.<\/li>\n<li style=\"font-weight: 400;\">Para personalizar o s\u00edtio web para voc\u00ea.<\/li>\n<li style=\"font-weight: 400;\">Para enviar correios eletr\u00f3nicos promocionais sobre produtos, servi\u00e7os, ofertas e outras coisas que consideramos relevantes para voc\u00ea.<\/li>\n<li style=\"font-weight: 400;\">Para enviar correios eletr\u00f3nicos promocionais ou ligar para voc\u00ea sobre produtos, servi\u00e7os, ofertas e outras coisas que pens\u00e3o que podem ser relevantes para voc\u00ea.<\/li>\n<li style=\"font-weight: 400;\">Para contact\u00e1-lo por correio eletr\u00f3nico, telefone ou correio para pesquisas de mercado.<\/li>\n<\/ul>\n<h2>Cookies e como os usamos<\/h2>\n<h3>O que \u00e9 um cookie?<\/h3>\n<p>Um cookie \u00e9 um pequeno arquivo colocado no disco r\u00edgido do seu computador. Ele permite que o nosso s\u00edtio web identifique o seu computador \u00e0 medida que voc\u00ea visualiza as diferentes p\u00e1ginas do nosso s\u00edtio web.<\/p>\n<p>Os cookies permitem que s\u00edtios web e aplicativos armazenem as suas prefer\u00eancias para apresentar conte\u00fado, op\u00e7\u00f5es ou fun\u00e7\u00f5es espec\u00edficas para voc\u00ea. Eles tamb\u00e9m nos permitem ver informa\u00e7\u00f5es como quantas pessoas usam o s\u00edtio web e quais p\u00e1ginas costumam visitar.<\/p>\n<h3>Como usamos cookies<\/h3>\n<p>Podemos usar cookies para:<\/p>\n<ul>\n<li style=\"font-weight: 400;\"><b>Analise o nosso tr\u00e1fego na web usando um pacote de an\u00e1lise.<\/b> Os dados de uso agregados nos ajudam a melhorar a estrutura, desenho, conte\u00fado e fun\u00e7\u00f5es do s\u00edtio web.<\/li>\n<li style=\"font-weight: 400;\"><b>Identifique se voc\u00ea est\u00e1 conectado ao nosso s\u00edtio web. <\/b>Um cookie permite verificar se o usu\u00e1rio acessou o s\u00edtio web.<\/li>\n<li style=\"font-weight: 400;\"><b>Teste o conte\u00fado do nosso s\u00edtio web<\/b>. Por exemplo, 50% dos nossos utilizadores podem ver um conte\u00fado, os outros 50% um conte\u00fado diferente.<\/li>\n<li style=\"font-weight: 400;\"><b>Armazena informa\u00e7\u00f5es sobre as suas prefer\u00eancias<\/b>. O s\u00edtio web pode ent\u00e3o apresentar informa\u00e7\u00f5es que voc\u00ea achar\u00e1 mais relevantes e interessantes.<\/li>\n<li style=\"font-weight: 400;\"><b>Para reconhecer quando voc\u00ea retornar ao nosso s\u00edtio web<\/b>. Podemos mostrar o seu conte\u00fado relevante ou fornecer recursos que voc\u00ea j\u00e1 usou.<\/li>\n<\/ul>\n<p>Os cookies n\u00e3o nos fornecem acesso ao seu computador ou qualquer informa\u00e7\u00e3o sobre voc\u00ea, a n\u00e3o ser o que voc\u00ea decidir compartilhar connosco.<\/p>\n<h3>Controle de cookies<\/h3>\n<p>Voc\u00ea pode usar as configura\u00e7\u00f5es de cookies do seu navegador para determinar como o nosso s\u00edtio web usa cookies. Se quiser que o nosso s\u00edtio web armazene cookies no seu computador ou dispositivo, voc\u00ea deve configurar o seu navegador para recusar cookies.<\/p>\n<p>No entanto, observe que isso pode afetar o funcionamento do nosso site. Algumas p\u00e1ginas e servi\u00e7os podem ficar indispon\u00edveis para voc\u00ea.<\/p>\n<p>A menos que voc\u00ea tenha alterado o seu navegador para recusar cookies, o nosso s\u00edtio web ir\u00e1 emitir cookies quando voc\u00ea visit\u00e1-lo.<br \/>\nPara saber mais sobre cookies e como eles s\u00e3o usados, visite <a href=\"http:\/\/www.allaboutcookies.org\/\" target=\"_blank\" rel=\"noopener\"><b>All About Cookies<\/b><\/a>.<\/p>\n<h2>Verificando informa\u00e7\u00f5es sobre voc\u00ea<\/h2>\n<p>Ao preencher um formul\u00e1rio ou fornecer os seus dados no nosso s\u00edtio web, voc\u00ea ver\u00e1 uma ou mais caixas de sele\u00e7\u00e3o que permitem que voc\u00ea fa\u00e7a isso:<\/p>\n<ul>\n<li style=\"font-weight: 400;\">Inscreva-se para receber as nossas comunica\u00e7\u00f5es de marketing por e-mail, telefone, SMS ou correio.<\/li>\n<li style=\"font-weight: 400;\">Optar por receber comunica\u00e7\u00f5es de marketing dos nossos parceiros caracterizados por correio eletr\u00f3nico, telefone, SMS ou correio.<\/li>\n<\/ul>\n<p>Se aceitou que podemos usar as suas informa\u00e7\u00f5es para fins de marketing, pode facilmente mudar de ideia enviando um correio eletr\u00f3nico para <a href=\"mailto:info@vpnveteran.com\" target=\"_blank\" rel=\"noopener nofollow noreferrer\"><b>info@vpnveteran.com<\/b><\/a>.<\/p>\n<p>Nunca alugaremos, distribuiremos ou venderemos as suas informa\u00e7\u00f5es pessoais a terceiros, a menos que tenhamos a sua permiss\u00e3o ou que a lei exija que o fa\u00e7amos.<br \/>\nTodas as informa\u00e7\u00f5es pessoais que mantemos sobre voc\u00ea \u00e9 armazenada e processadas de acordo com a nossa pol\u00edtica de prote\u00e7\u00e3o de dados, de acordo com a Lei de Prote\u00e7\u00e3o de Dados de 1998.<\/p>\n<h2>Seguran\u00e7a<\/h2>\n<p>Sempre manteremos as suas informa\u00e7\u00f5es com seguran\u00e7a.<\/p>\n<p>Para evitar a divulga\u00e7\u00e3o ou acesso n\u00e3o autorizado \u00e0s suas informa\u00e7\u00f5es, implementamos fortes medidas de seguran\u00e7a f\u00edsica e eletr\u00f3nica.<\/p>\n<p>Al\u00e9m disso, seguimos procedimentos rigorosos para garantir que trabalhamos com todos os dados pessoais de acordo com a Lei de Prote\u00e7\u00e3o de Dados de 1998.<\/p>\n<h2>Link do nosso s\u00edtio web<\/h2>\n<p>O nosso s\u00edtio web pode conter links para outros s\u00edtios web.<\/p>\n<p>Observe que n\u00e3o temos controle sobre s\u00edtios web fora do dom\u00ednio <b>VPNveteran.com<\/b>. Se voc\u00ea fornecer informa\u00e7\u00f5es a um s\u00edtio web para o qual possui um link, n\u00e3o somos respons\u00e1veis \u200b\u200bpor sua prote\u00e7\u00e3o e privacidade.<\/p>\n<p>Sempre seja cauteloso ao enviar dados para s\u00edtios web. Recomendamos que voc\u00ea leia atentamente as pol\u00edticas de prote\u00e7\u00e3o de dados e privacidade do s\u00edtio web.<\/p>\n","protected":false},"excerpt":{"rendered":"<p>Esta pol\u00edtica de privacidade descreve como VPNveteran.com protege e usa as informa\u00e7\u00f5es que fornece \u00e0 empresa ao usar este s\u00edtio web. Se voc\u00ea for solicitado a fornecer informa\u00e7\u00f5es ao usar este s\u00edtio web, elas ser\u00e3o usadas apenas na forma descritas nesta pol\u00edtica de privacidade. Esta pol\u00edtica \u00e9 atualizada de tempos em tempos. A \u00faltima vers\u00e3o [&hellip;]<\/p>\n","protected":false},"author":49,"featured_media":0,"parent":0,"menu_order":0,"comment_status":"closed","ping_status":"closed","template":"","meta":{"om_disable_all_campaigns":false,"footnotes":""},"sgf-content-tag":[183,195],"sgf-seo-push":[],"class_list":["post-22494","page","type-page","status-publish","hentry"],"_links":{"self":[{"href":"https:\/\/vpnveteran.com\/pt-pt\/wp-json\/wp\/v2\/pages\/22494","targetHints":{"allow":["GET"]}}],"collection":[{"href":"https:\/\/vpnveteran.com\/pt-pt\/wp-json\/wp\/v2\/pages"}],"about":[{"href":"https:\/\/vpnveteran.com\/pt-pt\/wp-json\/wp\/v2\/types\/page"}],"author":[{"embeddable":true,"href":"https:\/\/vpnveteran.com\/pt-pt\/wp-json\/wp\/v2\/users\/49"}],"replies":[{"embeddable":true,"href":"https:\/\/vpnveteran.com\/pt-pt\/wp-json\/wp\/v2\/comments?post=22494"}],"version-history":[{"count":4,"href":"https:\/\/vpnveteran.com\/pt-pt\/wp-json\/wp\/v2\/pages\/22494\/revisions"}],"predecessor-version":[{"id":57861,"href":"https:\/\/vpnveteran.com\/pt-pt\/wp-json\/wp\/v2\/pages\/22494\/revisions\/57861"}],"wp:attachment":[{"href":"https:\/\/vpnveteran.com\/pt-pt\/wp-json\/wp\/v2\/media?parent=22494"}],"wp:term":[{"taxonomy":"sgf-content-tag","embeddable":true,"href":"https:\/\/vpnveteran.com\/pt-pt\/wp-json\/wp\/v2\/sgf-content-tag?post=22494"},{"taxonomy":"sgf-seo-push","embeddable":true,"href":"https:\/\/vpnveteran.com\/pt-pt\/wp-json\/wp\/v2\/sgf-seo-push?post=22494"}],"curies":[{"name":"wp","href":"https:\/\/api.w.org\/{rel}","templated":true}]}}