{"id":22508,"date":"2020-10-28T05:35:27","date_gmt":"2020-10-28T09:35:27","guid":{"rendered":"https:\/\/vpnveteran.com\/?page_id=22508"},"modified":"2021-12-28T03:22:41","modified_gmt":"2021-12-28T08:22:41","slug":"mapa-do-site","status":"publish","type":"page","link":"https:\/\/vpnveteran.com\/pt-pt\/mapa-do-site\/","title":{"rendered":"Mapa do site"},"content":{"rendered":"<div class=\"wsp-container\"><h2 class=\"wsp-posts-title\">Posts by category<\/h2>\n<ul class=\"wsp-posts-list\">\n\t<li><strong class=\"wsp-category-title\">Category: <a href=\"https:\/\/vpnveteran.com\/pt-pt\/categoria\/analises\/\">An\u00e1lises<\/a><\/strong>\n<ul class=\"wsp-posts-list\">\t\t<li class=\"wsp-post\"><a href=\"https:\/\/vpnveteran.com\/pt-pt\/atlas-vpn\/\">Atlas VPN 2026<\/a><\/li>\n\t\t<li class=\"wsp-post\"><a href=\"https:\/\/vpnveteran.com\/pt-pt\/vyprvpn\/\">An\u00e1lise do VyprVPN 2026<\/a><\/li>\n\t\t<li class=\"wsp-post\"><a href=\"https:\/\/vpnveteran.com\/pt-pt\/privatevpn\/\">PrivateVPN 2026<\/a><\/li>\n\t\t<li class=\"wsp-post\"><a href=\"https:\/\/vpnveteran.com\/pt-pt\/astrill-vpn\/\">An\u00e1lise do Astrill VPN 2026<\/a><\/li>\n\t\t<li class=\"wsp-post\"><a href=\"https:\/\/vpnveteran.com\/pt-pt\/hotspot-shield-vpn-analise\/\">Hotspot Shield VPN Analise 2026<\/a><\/li>\n\t\t<li class=\"wsp-post\"><a href=\"https:\/\/vpnveteran.com\/pt-pt\/ipvanish-vpn-revisao\/\">IPVanish VPN Revis\u00e3o 2026<\/a><\/li>\n\t\t<li class=\"wsp-post\"><a href=\"https:\/\/vpnveteran.com\/pt-pt\/ivacy-vpn-analise\/\">Ivacy VPN Analise 2026<\/a><\/li>\n\t\t<li class=\"wsp-post\"><a href=\"https:\/\/vpnveteran.com\/pt-pt\/proton-vpn-analise\/\">Proton VPN: avalia\u00e7\u00f5es, taxas e promo\u00e7\u00f5es<\/a><\/li>\n\t\t<li class=\"wsp-post\"><a href=\"https:\/\/vpnveteran.com\/pt-pt\/tunnelbear-vpn-analise\/\">VPN TunnelBear: recursos e planos de assinatura<\/a><\/li>\n\t\t<li class=\"wsp-post\"><a href=\"https:\/\/vpnveteran.com\/pt-pt\/windscribe-vpn-analise\/\">Revis\u00e3o de VPN Windscribe: servi\u00e7os e promo\u00e7\u00f5es<\/a><\/li>\n\t\t<li class=\"wsp-post\"><a href=\"https:\/\/vpnveteran.com\/pt-pt\/zenmate-vpn-analise\/\">ZenMate VPN: f\u00e1cil, seguro e muito econ\u00f3mico<\/a><\/li>\n\t\t<li class=\"wsp-post\"><a href=\"https:\/\/vpnveteran.com\/pt-pt\/private-internet-access-analise\/\">Private Internet Access (PIA) An\u00e1lise 2026<\/a><\/li>\n\t\t<li class=\"wsp-post\"><a href=\"https:\/\/vpnveteran.com\/pt-pt\/surfshark-analise\/\">Surfshark VPN 2026<\/a><\/li>\n\t\t<li class=\"wsp-post\"><a href=\"https:\/\/vpnveteran.com\/pt-pt\/nordvpn-analise\/\">NordVPN 2026<\/a><\/li>\n\t\t<li class=\"wsp-post\"><a href=\"https:\/\/vpnveteran.com\/pt-pt\/cyberghost-analise\/\">An\u00e1lise do Cyberghost VPN 2026<\/a><\/li>\n\t\t<li class=\"wsp-post\"><a href=\"https:\/\/vpnveteran.com\/pt-pt\/expressvpn-analise\/\">ExpressVPN an\u00e1lises 2026<\/a><\/li>\n<\/ul><\/li>\n\t<li><strong class=\"wsp-category-title\">Category: <a href=\"https:\/\/vpnveteran.com\/pt-pt\/categoria\/guias-pt\/\">Guias<\/a><\/strong>\n<ul class=\"wsp-posts-list\">\t\t<li class=\"wsp-post\"><a href=\"https:\/\/vpnveteran.com\/pt-pt\/assista-copa-libertadores-ao-vivo\/\">Assista \u00e0 Copa Libertadors em qualquer parte do mundo em 2026<\/a><\/li>\n\t\t<li class=\"wsp-post\"><a href=\"https:\/\/vpnveteran.com\/pt-pt\/assistir-pluto-tv\/\">Como Assistir Pluto TV em Qualquer Lugar em 2026<\/a><\/li>\n\t\t<li class=\"wsp-post\"><a href=\"https:\/\/vpnveteran.com\/pt-pt\/atp-de-indian-wells\/\">Assista \u00e0 Indian Wells Masters de Qualquer Lugar em 2023<\/a><\/li>\n\t\t<li class=\"wsp-post\"><a href=\"https:\/\/vpnveteran.com\/pt-pt\/como-assistir-sbt-em-portugal\/\">Como assistir o SBT em Portugal em 2026<\/a><\/li>\n\t\t<li class=\"wsp-post\"><a href=\"https:\/\/vpnveteran.com\/pt-pt\/assistir-australian-open-ao-vivo\/\">Como assistir Australian Open ao vivo 2023<\/a><\/li>\n\t\t<li class=\"wsp-post\"><a href=\"https:\/\/vpnveteran.com\/pt-pt\/assistir-discovery-plus\/\">Como assistir Discovery+ de qualquer lugar 2026<\/a><\/li>\n\t\t<li class=\"wsp-post\"><a href=\"https:\/\/vpnveteran.com\/pt-pt\/disney-plus-estados-unidos\/\">Como assistir \u00e0 Disney+ USA de qualquer lugar em 2026<\/a><\/li>\n\t\t<li class=\"wsp-post\"><a href=\"https:\/\/vpnveteran.com\/pt-pt\/expressvpn-vs-cyberghost-vpn\/\">Comparativo entre ExpressVPN vs Cyberghost 2026<\/a><\/li>\n\t\t<li class=\"wsp-post\"><a href=\"https:\/\/vpnveteran.com\/pt-pt\/assista-a-shanghai-masters\/\">Assista \u00e0 Shanghai Masters (ATP Tour Masters 1000)<\/a><\/li>\n\t\t<li class=\"wsp-post\"><a href=\"https:\/\/vpnveteran.com\/pt-pt\/torrent-expressvpn\/\">Torrents com a ExpressVPN: O nosso guia em 2026<\/a><\/li>\n\t\t<li class=\"wsp-post\"><a href=\"https:\/\/vpnveteran.com\/pt-pt\/assistir-sportv\/\">Como Assistir SporTV de Qualquer Lugar em 2026<\/a><\/li>\n\t\t<li class=\"wsp-post\"><a href=\"https:\/\/vpnveteran.com\/pt-pt\/veja-a-supercopa-da-uefa\/\">Veja a Supercopa da UEFA 2026 de qualquer lugar<\/a><\/li>\n\t\t<li class=\"wsp-post\"><a href=\"https:\/\/vpnveteran.com\/pt-pt\/assistir-a-ryder-cup\/\">Assistir \u00e0 Ryder Cup de Qualquer Lugar em 2026<\/a><\/li>\n\t\t<li class=\"wsp-post\"><a href=\"https:\/\/vpnveteran.com\/pt-pt\/expressvpn-vs-surfshark-vpn\/\">ExpressVPN vs. Surfshark VPN: Compara\u00e7\u00e3o 2026<\/a><\/li>\n\t\t<li class=\"wsp-post\"><a href=\"https:\/\/vpnveteran.com\/pt-pt\/cupao-surfshark-vpn\/\">Cup\u00e3o Surfshark VPN 2026: 82% mais 2 meses gr\u00e1tis<\/a><\/li>\n\t\t<li class=\"wsp-post\"><a href=\"https:\/\/vpnveteran.com\/pt-pt\/assistir-tour-de-france-ao-vivo\/\">Assista ao Tour de France ao vivo online em 2026<\/a><\/li>\n\t\t<li class=\"wsp-post\"><a href=\"https:\/\/vpnveteran.com\/pt-pt\/melhor-vpn-para-amazon-prime-video\/\">A Melhor VPN Para Amazon Prime Video em 2026<\/a><\/li>\n\t\t<li class=\"wsp-post\"><a href=\"https:\/\/vpnveteran.com\/pt-pt\/assistir-starzplay\/\">Como assistir Starzplay em qualquer lugar em 2026<\/a><\/li>\n\t\t<li class=\"wsp-post\"><a href=\"https:\/\/vpnveteran.com\/pt-pt\/cupao-nordvpn\/\">Cup\u00e3o NordVPN: Descontos em Abril de 2026<\/a><\/li>\n\t\t<li class=\"wsp-post\"><a href=\"https:\/\/vpnveteran.com\/pt-pt\/melhor-vpn-gratis\/\">A Melhor VPN Gr\u00e1tis de 2026<\/a><\/li>\n\t\t<li class=\"wsp-post\"><a href=\"https:\/\/vpnveteran.com\/pt-pt\/cupao-expressvpn\/\">Cup\u00e3o ExpressVPN 2026: 49% mais 3 meses gr\u00e1tis<\/a><\/li>\n\t\t<li class=\"wsp-post\"><a href=\"https:\/\/vpnveteran.com\/pt-pt\/como-usar-expressvpn-para-netflix\/\">Como Usar ExpressVPN Para Netflix em 2026<\/a><\/li>\n\t\t<li class=\"wsp-post\"><a href=\"https:\/\/vpnveteran.com\/pt-pt\/expressvpn-teste-gratis\/\">Como Obter o Teste Gr\u00e1tis da ExpressVPN em 2026<\/a><\/li>\n\t\t<li class=\"wsp-post\"><a href=\"https:\/\/vpnveteran.com\/pt-pt\/como-ocultar-o-endereco-de-ip\/\">Como ocultar o seu endere\u00e7o de IP em 2026?<\/a><\/li>\n\t\t<li class=\"wsp-post\"><a href=\"https:\/\/vpnveteran.com\/pt-pt\/assistir-ncaa-ao-vivo-online\/\">Assistir NCAA ao vivo online de qualquer lugar<\/a><\/li>\n\t\t<li class=\"wsp-post\"><a href=\"https:\/\/vpnveteran.com\/pt-pt\/tenis-open-de-miami\/\">Assistir ao Tenis Open de Miami em Qualquer Lugar<\/a><\/li>\n\t\t<li class=\"wsp-post\"><a href=\"https:\/\/vpnveteran.com\/pt-pt\/seis-nacoes\/\">Veja o Campeonato das Seis Na\u00e7\u00f5es (6 Na\u00e7\u00f5es) 2026<\/a><\/li>\n\t\t<li class=\"wsp-post\"><a href=\"https:\/\/vpnveteran.com\/pt-pt\/melhor-vpn-peacock-tv\/\">A Melhor VPN Peacock TV em 2026<\/a><\/li>\n\t\t<li class=\"wsp-post\"><a href=\"https:\/\/vpnveteran.com\/pt-pt\/assistir-tv-brasileira-online\/\">Assistir \u00e0 TV brasileira online de qualquer lugar<\/a><\/li>\n\t\t<li class=\"wsp-post\"><a href=\"https:\/\/vpnveteran.com\/pt-pt\/como-acessar-a-dark-web\/\">Como Acessar a Dark Web de Modo Seguro e An\u00f3nimo<\/a><\/li>\n\t\t<li class=\"wsp-post\"><a href=\"https:\/\/vpnveteran.com\/pt-pt\/assistir-hbo-max-online\/\">Como Assistir HBO Max Online em Qualquer Lugar em 2026<\/a><\/li>\n\t\t<li class=\"wsp-post\"><a href=\"https:\/\/vpnveteran.com\/pt-pt\/assistir-taca-da-liga-portuguesa-ao-vivo\/\">Assistir Ta\u00e7a da Liga Portuguesa ao Vivo em 2026<\/a><\/li>\n\t\t<li class=\"wsp-post\"><a href=\"https:\/\/vpnveteran.com\/pt-pt\/assistir-globo-no-exterior\/\">Como assistir Globo ao Vivo do Exterior em 2026<\/a><\/li>\n\t\t<li class=\"wsp-post\"><a href=\"https:\/\/vpnveteran.com\/pt-pt\/assistir-nba-ao-vivo-online\/\">Assistir NBA ao vivo online de qualquer lugar em 2026<\/a><\/li>\n\t\t<li class=\"wsp-post\"><a href=\"https:\/\/vpnveteran.com\/pt-pt\/assistir-liga-europa-ao-vivo-online\/\">Como assistir Liga Europa ao vivo online em 2026<\/a><\/li>\n\t\t<li class=\"wsp-post\"><a href=\"https:\/\/vpnveteran.com\/pt-pt\/disney-star-plus\/\">Veja a Disney Star+ em qualquer lugar com uma VPN<\/a><\/li>\n\t\t<li class=\"wsp-post\"><a href=\"https:\/\/vpnveteran.com\/pt-pt\/copa-do-mundo-de-clubes-da-fifa\/\">Como Assistir \u00e0 Copa do Mundo de Clubes da FIFA de 2026 a Partir de Qualquer Lugar<\/a><\/li>\n\t\t<li class=\"wsp-post\"><a href=\"https:\/\/vpnveteran.com\/pt-pt\/assistir-hulu\/\">Como ver Hulu em Portugal com uma VPN em 2026<\/a><\/li>\n\t\t<li class=\"wsp-post\"><a href=\"https:\/\/vpnveteran.com\/pt-pt\/sites-de-desporto-online-gratis\/\">Os melhores sites gratuitos Streaming para Desporto em 2026<\/a><\/li>\n\t\t<li class=\"wsp-post\"><a href=\"https:\/\/vpnveteran.com\/pt-pt\/assistir-nhl-ao-vivo-online-gratis\/\">Como assistir NHL ao vivo online gratis em 2026<\/a><\/li>\n\t\t<li class=\"wsp-post\"><a href=\"https:\/\/vpnveteran.com\/pt-pt\/o-que-e-uma-vpn\/\">O que \u00e9 uma VPN e para que serve VPN?<\/a><\/li>\n\t\t<li class=\"wsp-post\"><a href=\"https:\/\/vpnveteran.com\/pt-pt\/assistir-copa-do-brasil-ao-vivo-online\/\">Assistir Copa do Brasil ao vivo online de qualquer lugar em 2026<\/a><\/li>\n\t\t<li class=\"wsp-post\"><a href=\"https:\/\/vpnveteran.com\/pt-pt\/campeonato-mundial-de-ciclismo-em-estrada\/\">O Campeonato Mundial de Estrada UCI ao vivo 2026<\/a><\/li>\n\t\t<li class=\"wsp-post\"><a href=\"https:\/\/vpnveteran.com\/pt-pt\/ver-atp-de-paris-ao-vivo\/\">Ver ATP de Paris 2026 ao vivo de qualquer lugar<\/a><\/li>\n\t\t<li class=\"wsp-post\"><a href=\"https:\/\/vpnveteran.com\/pt-pt\/campeonato-italiano-ao-vivo-online\/\">Como assistir o campeonato italiano ao vivo online em 2026<\/a><\/li>\n\t\t<li class=\"wsp-post\"><a href=\"https:\/\/vpnveteran.com\/pt-pt\/melhor-tubi-tv-vpn\/\">Melhor Tubi TV VPN: Assistir gratuitamente em 2026<\/a><\/li>\n\t\t<li class=\"wsp-post\"><a href=\"https:\/\/vpnveteran.com\/pt-pt\/vpn-baratas\/\">As melhores VPN baratas em 2026<\/a><\/li>\n\t\t<li class=\"wsp-post\"><a href=\"https:\/\/vpnveteran.com\/pt-pt\/melhores-servicos-de-streaming\/\">Melhores Servi\u00e7os de Streaming em Portugal 2026<\/a><\/li>\n\t\t<li class=\"wsp-post\"><a href=\"https:\/\/vpnveteran.com\/pt-pt\/assistir-premier-league-ao-vivo-online-gratis\/\">Assistir Premier League ao vivo online gr\u00e1tis em 2026<\/a><\/li>\n\t\t<li class=\"wsp-post\"><a href=\"https:\/\/vpnveteran.com\/pt-pt\/assistir-wimbledon-ao-vivo-gratis\/\">Como assistir Wimbledon ao vivo gratis em 2026<\/a><\/li>\n\t\t<li class=\"wsp-post\"><a href=\"https:\/\/vpnveteran.com\/pt-pt\/assistir-la-vuelta-ao-vivo\/\">Assistir La Vuelta ao vivo 2026 de qualquer lugar<\/a><\/li>\n\t\t<li class=\"wsp-post\"><a href=\"https:\/\/vpnveteran.com\/pt-pt\/liga-conferencia-europa-da-uefa\/\">Assista \u00e0 Liga Confer\u00eancia Europa da UEFA 2026<\/a><\/li>\n\t\t<li class=\"wsp-post\"><a href=\"https:\/\/vpnveteran.com\/pt-pt\/expressvpn-vs-nordvpn\/\">ExpressVPN vs. NordVPN \u2013 Qual a melhor em 2026 ?<\/a><\/li>\n\t\t<li class=\"wsp-post\"><a href=\"https:\/\/vpnveteran.com\/pt-pt\/melhores-vpn-portugal\/\">Melhores VPN Portugal: A melhor VPN para Portugal 2026<\/a><\/li>\n\t\t<li class=\"wsp-post\"><a href=\"https:\/\/vpnveteran.com\/pt-pt\/como-ver-rtp-online-no-estrangeiro\/\">Como ver RTP online no estrangeiro em 2026<\/a><\/li>\n\t\t<li class=\"wsp-post\"><a href=\"https:\/\/vpnveteran.com\/pt-pt\/o-servico-de-melhor-vpn\/\">As Melhores VPNs de 2026<\/a><\/li>\n\t\t<li class=\"wsp-post\"><a href=\"https:\/\/vpnveteran.com\/pt-pt\/melhor-vpn-gratis-para-netflix\/\">Melhor VPN Gratis para Netflix em 2026<\/a><\/li>\n\t\t<li class=\"wsp-post\"><a href=\"https:\/\/vpnveteran.com\/pt-pt\/assistir-liga-dos-campeoes-ao-vivo\/\">Como assistir liga dos campeoes ao vivo em 2026<\/a><\/li>\n\t\t<li class=\"wsp-post\"><a href=\"https:\/\/vpnveteran.com\/pt-pt\/melhores-sites-torrent\/\">10 Melhores Sites Torrent em 2026: Nosso Guia Complete<\/a><\/li>\n\t\t<li class=\"wsp-post\"><a href=\"https:\/\/vpnveteran.com\/pt-pt\/assistir-finais-da-nba-online\/\">Como assistir finais da NBA online de qualquer lugar em 2026?<\/a><\/li>\n\t\t<li class=\"wsp-post\"><a href=\"https:\/\/vpnveteran.com\/pt-pt\/assistir-formula-1-ao-vivo\/\">Como assistir  de qualquer lugar<\/a><\/li>\n\t\t<li class=\"wsp-post\"><a href=\"https:\/\/vpnveteran.com\/pt-pt\/como-assistir-mutua-madrid-open\/\">Como assistir ao Mutua Madrid Open tenis 2026 online de qualquer lugar<\/a><\/li>\n\t\t<li class=\"wsp-post\"><a href=\"https:\/\/vpnveteran.com\/pt-pt\/assistir-jogos-olimpicos-ao-vivo\/\">Assistir Jogos Ol\u00edmpicos de Pequim de qualquer lugar<\/a><\/li>\n\t\t<li class=\"wsp-post\"><a href=\"https:\/\/vpnveteran.com\/pt-pt\/assistir-paramount-plus-portugal\/\">Como Assistir Paramount Plus Portugal de Qualquer Lugar em 2026<\/a><\/li>\n\t\t<li class=\"wsp-post\"><a href=\"https:\/\/vpnveteran.com\/pt-pt\/como-assistir-ao-festival-eurovisao-da-cancao\/\">Como assistir ao festival eurovis\u00e3o da can\u00e7\u00e3o online<\/a><\/li>\n\t\t<li class=\"wsp-post\"><a href=\"https:\/\/vpnveteran.com\/pt-pt\/assistir-final-da-liga-dos-campeoes-ao-vivo\/\">Assistir \u00e0 final da Liga dos Campe\u00f5es da UEFA 2026<\/a><\/li>\n\t\t<li class=\"wsp-post\"><a href=\"https:\/\/vpnveteran.com\/pt-pt\/assistir-a-primeira-liga-ao-vivo-do-exterior\/\">Como assistir a Primeira Liga ao vivo do exterior<\/a><\/li>\n\t\t<li class=\"wsp-post\"><a href=\"https:\/\/vpnveteran.com\/pt-pt\/melhor-vpn-para-popcorn-time-portugal\/\">Melhor VPN para Popcorn Time Portugal 2026<\/a><\/li>\n\t\t<li class=\"wsp-post\"><a href=\"https:\/\/vpnveteran.com\/pt-pt\/ver-tv-portuguesa-no-estrangeiro\/\">Como ver TV Portuguesa no Estrangeiro 2026<\/a><\/li>\n\t\t<li class=\"wsp-post\"><a href=\"https:\/\/vpnveteran.com\/pt-pt\/assistir-nfl-ao-vivo\/\">Como assistir NFL gratis 2026 de qualquer lugar<\/a><\/li>\n\t\t<li class=\"wsp-post\"><a href=\"https:\/\/vpnveteran.com\/pt-pt\/como-assistir-la-liga-ao-vivo\/\">Como assistir La Liga ao vivo online em 2026<\/a><\/li>\n\t\t<li class=\"wsp-post\"><a href=\"https:\/\/vpnveteran.com\/pt-pt\/como-assistir-wwe-ao-vivo-gratis\/\">Assistir WWE ao vivo gratis com uma VPN em 2026<\/a><\/li>\n\t\t<li class=\"wsp-post\"><a href=\"https:\/\/vpnveteran.com\/pt-pt\/assistir-ufc-ao-vivo\/\">Como assistir <\/a><\/li>\n\t\t<li class=\"wsp-post\"><a href=\"https:\/\/vpnveteran.com\/pt-pt\/assistir-motogp\/\">Assista \u00e0 Moto GP  2026 ao vivo gr\u00e1tis<\/a><\/li>\n\t\t<li class=\"wsp-post\"><a href=\"https:\/\/vpnveteran.com\/pt-pt\/ver-bundesliga-gratis\/\">Onde ver Bundesliga gratis 2026 com melhores VPN<\/a><\/li>\n\t\t<li class=\"wsp-post\"><a href=\"https:\/\/vpnveteran.com\/pt-pt\/assistir-super-bowl\/\">Assista \u00e0 NFL SuperBowl LVII 2026 online<\/a><\/li>\n\t\t<li class=\"wsp-post\"><a href=\"https:\/\/vpnveteran.com\/pt-pt\/como-assistir-netflix-portugal\/\">Como assistir Netflix Portugal no exterior<\/a><\/li>\n\t\t<li class=\"wsp-post\"><a href=\"https:\/\/vpnveteran.com\/pt-pt\/vpn-amazon-prime-video\/\">VPN Amazon Prime Video: escolha o melhor<\/a><\/li>\n\t\t<li class=\"wsp-post\"><a href=\"https:\/\/vpnveteran.com\/pt-pt\/como-assistir-netflix-americana\/\">Desfruta do Netflix americana em Portugal com VPN<\/a><\/li>\n\t\t<li class=\"wsp-post\"><a href=\"https:\/\/vpnveteran.com\/pt-pt\/melhor-netflix-vpn\/\">Netflix VPN com a melhor VPN de 2026<\/a><\/li>\n\t\t<li class=\"wsp-post\"><a href=\"https:\/\/vpnveteran.com\/pt-pt\/melhor-vpn-para-tinder\/\">O melhor VPN para Tinder em 2026<\/a><\/li>\n\t\t<li class=\"wsp-post\"><a href=\"https:\/\/vpnveteran.com\/pt-pt\/private-internet-access-desconto\/\">Como usar um cup\u00e3o Private Internet Access VPN em 2026<\/a><\/li>\n\t\t<li class=\"wsp-post\"><a href=\"https:\/\/vpnveteran.com\/pt-pt\/pia-vpn-vs-expressvpn\/\">ExpressVPN vs. Private Internet Access VPN: Qual o melhor em 2026?<\/a><\/li>\n\t\t<li class=\"wsp-post\"><a href=\"https:\/\/vpnveteran.com\/pt-pt\/cupoes-cyberghost-vpn\/\">Cup\u00e3o CyberGhost VPN 2026 &#8211; Dicas de como utilizar<\/a><\/li>\n\t\t<li class=\"wsp-post\"><a href=\"https:\/\/vpnveteran.com\/pt-pt\/melhor-vpn-dos-eua\/\">Melhor VPN dos EUA i 2026<\/a><\/li>\n\t\t<li class=\"wsp-post\"><a href=\"https:\/\/vpnveteran.com\/pt-pt\/24-horas-de-le-mans-ao-vivo\/\">Assistir 24 Horas de Le Mans ao vivo 2026 &#8211; Como posso faz\u00ea-lo?<\/a><\/li>\n\t\t<li class=\"wsp-post\"><a href=\"https:\/\/vpnveteran.com\/pt-pt\/melhor-vpn-windows\/\">O melhor Windows VPN 2026<\/a><\/li>\n\t\t<li class=\"wsp-post\"><a href=\"https:\/\/vpnveteran.com\/pt-pt\/vpn-vs-proxy-qual-e-o-melhor-servico-em-yr\/\">VPN vs Proxy &#8211; Qual \u00e9 o melhor servi\u00e7o em 2026<\/a><\/li>\n\t\t<li class=\"wsp-post\"><a href=\"https:\/\/vpnveteran.com\/pt-pt\/assistir-us-open-de-golfe-ao-vivo\/\">Como assistir ao US Open Golfe ao vivo 2026<\/a><\/li>\n\t\t<li class=\"wsp-post\"><a href=\"https:\/\/vpnveteran.com\/pt-pt\/assistir-formula-e-ao-vivo\/\">Como Assistir F\u00f3rmula E 2026<\/a><\/li>\n\t\t<li class=\"wsp-post\"><a href=\"https:\/\/vpnveteran.com\/pt-pt\/assistir-sul-americana-ao-vivo\/\">Assistir Copa Sul Americana Ao Vivo em 2026<\/a><\/li>\n\t\t<li class=\"wsp-post\"><a href=\"https:\/\/vpnveteran.com\/pt-pt\/assistir-us-open-cup-ao-vivo-online\/\">Como assistir a U.S. Open Cup Americana 2026<\/a><\/li>\n<\/ul><\/li>\n<\/ul>\n<\/div>\n","protected":false},"excerpt":{"rendered":"","protected":false},"author":49,"featured_media":0,"parent":0,"menu_order":0,"comment_status":"closed","ping_status":"closed","template":"","meta":{"om_disable_all_campaigns":false,"footnotes":""},"sgf-content-tag":[183,196],"sgf-seo-push":[],"class_list":["post-22508","page","type-page","status-publish","hentry"],"_links":{"self":[{"href":"https:\/\/vpnveteran.com\/pt-pt\/wp-json\/wp\/v2\/pages\/22508","targetHints":{"allow":["GET"]}}],"collection":[{"href":"https:\/\/vpnveteran.com\/pt-pt\/wp-json\/wp\/v2\/pages"}],"about":[{"href":"https:\/\/vpnveteran.com\/pt-pt\/wp-json\/wp\/v2\/types\/page"}],"author":[{"embeddable":true,"href":"https:\/\/vpnveteran.com\/pt-pt\/wp-json\/wp\/v2\/users\/49"}],"replies":[{"embeddable":true,"href":"https:\/\/vpnveteran.com\/pt-pt\/wp-json\/wp\/v2\/comments?post=22508"}],"version-history":[{"count":1,"href":"https:\/\/vpnveteran.com\/pt-pt\/wp-json\/wp\/v2\/pages\/22508\/revisions"}],"predecessor-version":[{"id":22509,"href":"https:\/\/vpnveteran.com\/pt-pt\/wp-json\/wp\/v2\/pages\/22508\/revisions\/22509"}],"wp:attachment":[{"href":"https:\/\/vpnveteran.com\/pt-pt\/wp-json\/wp\/v2\/media?parent=22508"}],"wp:term":[{"taxonomy":"sgf-content-tag","embeddable":true,"href":"https:\/\/vpnveteran.com\/pt-pt\/wp-json\/wp\/v2\/sgf-content-tag?post=22508"},{"taxonomy":"sgf-seo-push","embeddable":true,"href":"https:\/\/vpnveteran.com\/pt-pt\/wp-json\/wp\/v2\/sgf-seo-push?post=22508"}],"curies":[{"name":"wp","href":"https:\/\/api.w.org\/{rel}","templated":true}]}}