{"id":22510,"date":"2020-10-28T05:42:25","date_gmt":"2020-10-28T09:42:25","guid":{"rendered":"https:\/\/vpnveteran.com\/?page_id=22510"},"modified":"2023-07-26T23:32:08","modified_gmt":"2023-07-27T03:32:08","slug":"aviso-legal","status":"publish","type":"page","link":"https:\/\/vpnveteran.com\/pt-pt\/aviso-legal\/","title":{"rendered":"Aviso Legal"},"content":{"rendered":"<p>Bem-vindo ao VPNVeteran.com! Aqui, oferecemos guias, an\u00e1lises, informa\u00e7\u00f5es, detalhes de software de seguran\u00e7a, ferramentas de privacidade, provedores de VPN, e muito mais, com boa f\u00e9, para mant\u00ea-lo informado sobre as \u00faltimas novidades do setor.<\/p>\n<p>Nossa equipe de especialistas oferece uma ampla gama de servi\u00e7os e solu\u00e7\u00f5es, mas entendemos que este assunto pode ser sens\u00edvel. \u00c9 essencial esclarecer que todos os guias, an\u00e1lises, informa\u00e7\u00f5es e materiais s\u00e3o fornecidos apenas para fins informativos gerais. Eles n\u00e3o justificam, encorajam ou promovem de forma alguma atividades criminosas ou ilegais, viola\u00e7\u00e3o de contratos, danos ou les\u00f5es a terceiros.<\/p>\n<p>Lembre-se de que suas a\u00e7\u00f5es s\u00e3o de sua responsabilidade. Voc\u00ea deve tomar suas pr\u00f3prias decis\u00f5es e procurar aconselhamento jur\u00eddico se tiver alguma preocupa\u00e7\u00e3o sobre as consequ\u00eancias de suas a\u00e7\u00f5es.<\/p>\n<p>Al\u00e9m disso, outras pessoas podem contribuir, postar ou comentar em nosso site. Embora aceitemos contribui\u00e7\u00f5es de terceiros, n\u00e3o somos respons\u00e1veis por suas opini\u00f5es ou conte\u00fado. As opini\u00f5es expressas por outras pessoas s\u00e3o de sua autoria e n\u00e3o representam necessariamente as opini\u00f5es do nosso site.<\/p>\n<div id=\"gtx-trans\" style=\"position: absolute; left: 169px; top: 2px;\">\n<div class=\"gtx-trans-icon\"><\/div>\n<\/div>\n","protected":false},"excerpt":{"rendered":"<p>Bem-vindo ao VPNVeteran.com! Aqui, oferecemos guias, an\u00e1lises, informa\u00e7\u00f5es, detalhes de software de seguran\u00e7a, ferramentas de privacidade, provedores de VPN, e muito mais, com boa f\u00e9, para mant\u00ea-lo informado sobre as \u00faltimas novidades do setor. Nossa equipe de especialistas oferece uma ampla gama de servi\u00e7os e solu\u00e7\u00f5es, mas entendemos que este assunto pode ser sens\u00edvel. \u00c9 [&hellip;]<\/p>\n","protected":false},"author":49,"featured_media":0,"parent":0,"menu_order":0,"comment_status":"closed","ping_status":"closed","template":"","meta":{"om_disable_all_campaigns":false,"footnotes":""},"sgf-content-tag":[183,192],"sgf-seo-push":[],"class_list":["post-22510","page","type-page","status-publish","hentry"],"_links":{"self":[{"href":"https:\/\/vpnveteran.com\/pt-pt\/wp-json\/wp\/v2\/pages\/22510","targetHints":{"allow":["GET"]}}],"collection":[{"href":"https:\/\/vpnveteran.com\/pt-pt\/wp-json\/wp\/v2\/pages"}],"about":[{"href":"https:\/\/vpnveteran.com\/pt-pt\/wp-json\/wp\/v2\/types\/page"}],"author":[{"embeddable":true,"href":"https:\/\/vpnveteran.com\/pt-pt\/wp-json\/wp\/v2\/users\/49"}],"replies":[{"embeddable":true,"href":"https:\/\/vpnveteran.com\/pt-pt\/wp-json\/wp\/v2\/comments?post=22510"}],"version-history":[{"count":4,"href":"https:\/\/vpnveteran.com\/pt-pt\/wp-json\/wp\/v2\/pages\/22510\/revisions"}],"predecessor-version":[{"id":57863,"href":"https:\/\/vpnveteran.com\/pt-pt\/wp-json\/wp\/v2\/pages\/22510\/revisions\/57863"}],"wp:attachment":[{"href":"https:\/\/vpnveteran.com\/pt-pt\/wp-json\/wp\/v2\/media?parent=22510"}],"wp:term":[{"taxonomy":"sgf-content-tag","embeddable":true,"href":"https:\/\/vpnveteran.com\/pt-pt\/wp-json\/wp\/v2\/sgf-content-tag?post=22510"},{"taxonomy":"sgf-seo-push","embeddable":true,"href":"https:\/\/vpnveteran.com\/pt-pt\/wp-json\/wp\/v2\/sgf-seo-push?post=22510"}],"curies":[{"name":"wp","href":"https:\/\/api.w.org\/{rel}","templated":true}]}}