{"id":22515,"date":"2020-10-28T05:49:45","date_gmt":"2020-10-28T09:49:45","guid":{"rendered":"https:\/\/vpnveteran.com\/?page_id=22515"},"modified":"2023-07-26T23:13:40","modified_gmt":"2023-07-27T03:13:40","slug":"formulario-de-contato","status":"publish","type":"page","link":"https:\/\/vpnveteran.com\/pt-pt\/formulario-de-contato\/","title":{"rendered":"Formul\u00e1rio de Contato"},"content":{"rendered":"<p>Informa\u00e7\u00f5es de contato<\/p>\n<ul>\n<li>N\u00famero de celular: +351 913 601 534<\/li>\n<li>Endere\u00e7o do escrit\u00f3rio: R. Lu\u00eds Pi\u00e7arra 5, 1750-417 Lisboa, Portugal<\/li>\n<\/ul>\n<p><iframe style=\"border: 0;\" src=\"https:\/\/www.google.com\/maps\/embed?pb=!1m18!1m12!1m3!1d777.618977075092!2d-9.152118624083116!3d38.77572303921264!2m3!1f0!2f0!3f0!3m2!1i1024!2i768!4f13.1!3m3!1m2!1s0xd19328b59322f93%3A0x7e8e37b4a9aa3499!2sR.%20Lu%C3%ADs%20Pi%C3%A7arra%205%2C%201750-417%20Lisboa%2C%20Portugal!5e0!3m2!1sen!2sth!4v1689753766667!5m2!1sen!2sth\" width=\"600\" height=\"450\" allowfullscreen=\"allowfullscreen\"><\/iframe><\/p>\n<p>Para nos contactar, pedimos-lhe que envie uma mensagem para <a href=\"mailto:info@vpnveteran.com\" target=\"_blank\" rel=\"nofollow noopener noreferrer\">info@vpnveteran.com<\/a>.<\/p>\n<p>E para solicita\u00e7\u00f5es e parcerias, envie uma mensagem para <a href=\"mailto:outreach@vpnveteran.com\" target=\"_blank\" rel=\"noopener nofollow noreferrer\">outreach@vpnveteran.com<\/a>.<\/p>\n<p>Para candidaturas a emprego, envie-nos um e-mail para <a href=\"mailto:jobs@vpnveteran.com\" target=\"_new\" rel=\"noopener nofollow noreferrer\">jobs@vpnveteran.com<\/a>.<\/p>\n<p>Agradecemos o seu interesse e aguardamos ansiosamente o seu contato.<\/p>\n","protected":false},"excerpt":{"rendered":"<p>Informa\u00e7\u00f5es de contato N\u00famero de celular: +351 913 601 534 Endere\u00e7o do escrit\u00f3rio: R. Lu\u00eds Pi\u00e7arra 5, 1750-417 Lisboa, Portugal Para nos contactar, pedimos-lhe que envie uma mensagem para info@vpnveteran.com. E para solicita\u00e7\u00f5es e parcerias, envie uma mensagem para outreach@vpnveteran.com. Para candidaturas a emprego, envie-nos um e-mail para jobs@vpnveteran.com. Agradecemos o seu interesse e aguardamos [&hellip;]<\/p>\n","protected":false},"author":49,"featured_media":0,"parent":0,"menu_order":0,"comment_status":"closed","ping_status":"closed","template":"","meta":{"om_disable_all_campaigns":false,"footnotes":""},"sgf-content-tag":[183,191],"sgf-seo-push":[],"class_list":["post-22515","page","type-page","status-publish","hentry"],"_links":{"self":[{"href":"https:\/\/vpnveteran.com\/pt-pt\/wp-json\/wp\/v2\/pages\/22515","targetHints":{"allow":["GET"]}}],"collection":[{"href":"https:\/\/vpnveteran.com\/pt-pt\/wp-json\/wp\/v2\/pages"}],"about":[{"href":"https:\/\/vpnveteran.com\/pt-pt\/wp-json\/wp\/v2\/types\/page"}],"author":[{"embeddable":true,"href":"https:\/\/vpnveteran.com\/pt-pt\/wp-json\/wp\/v2\/users\/49"}],"replies":[{"embeddable":true,"href":"https:\/\/vpnveteran.com\/pt-pt\/wp-json\/wp\/v2\/comments?post=22515"}],"version-history":[{"count":9,"href":"https:\/\/vpnveteran.com\/pt-pt\/wp-json\/wp\/v2\/pages\/22515\/revisions"}],"predecessor-version":[{"id":57857,"href":"https:\/\/vpnveteran.com\/pt-pt\/wp-json\/wp\/v2\/pages\/22515\/revisions\/57857"}],"wp:attachment":[{"href":"https:\/\/vpnveteran.com\/pt-pt\/wp-json\/wp\/v2\/media?parent=22515"}],"wp:term":[{"taxonomy":"sgf-content-tag","embeddable":true,"href":"https:\/\/vpnveteran.com\/pt-pt\/wp-json\/wp\/v2\/sgf-content-tag?post=22515"},{"taxonomy":"sgf-seo-push","embeddable":true,"href":"https:\/\/vpnveteran.com\/pt-pt\/wp-json\/wp\/v2\/sgf-seo-push?post=22515"}],"curies":[{"name":"wp","href":"https:\/\/api.w.org\/{rel}","templated":true}]}}