{"id":57795,"date":"2023-07-20T06:08:19","date_gmt":"2023-07-20T10:08:19","guid":{"rendered":"https:\/\/vpnveteran.com\/?page_id=57795"},"modified":"2023-07-26T22:54:46","modified_gmt":"2023-07-27T02:54:46","slug":"divulgacao-de-propriedade","status":"publish","type":"page","link":"https:\/\/vpnveteran.com\/pt-pt\/divulgacao-de-propriedade\/","title":{"rendered":"Divulga\u00e7\u00e3o de Propriedade"},"content":{"rendered":"<p>VPNveteran.com \u00e9 de propriedade e operado pela Affiliare Inc., uma empresa especializada em marketing de afiliados e an\u00e1lises de produtos.<\/p>\n<p>No VPNveteran.com, nosso principal objetivo \u00e9 oferecer avalia\u00e7\u00f5es imparciais e objetivas.<\/p>\n<p>\u00c9 importante reconhecer que, em alguns casos, nossas avalia\u00e7\u00f5es podem mencionar outros produtos, servi\u00e7os, treinadores, consultores e\/ou especialistas.<\/p>\n<p>Entretanto, \u00e9 crucial ressaltar que tais refer\u00eancias n\u00e3o t\u00eam a inten\u00e7\u00e3o de serem endossos ou confirma\u00e7\u00f5es da precis\u00e3o das informa\u00e7\u00f5es fornecidas pelas partes mencionadas.<\/p>\n<p>Recomendamos fortemente que voc\u00ea realize sua pr\u00f3pria investiga\u00e7\u00e3o e pesquisa antes de tomar qualquer decis\u00e3o de compra.<\/p>\n<p>Apesar de nos esfor\u00e7armos para fornecer informa\u00e7\u00f5es \u00fateis, recomendamos que voc\u00ea confie em diversas fontes e realize sua pr\u00f3pria dilig\u00eancia para determinar a adequa\u00e7\u00e3o de um produto ou servi\u00e7o espec\u00edfico \u00e0s suas necessidades.<\/p>\n<h2>Entre em Contato para D\u00favidas e Aux\u00edlio<\/h2>\n<p>Para qualquer d\u00favida ou consulta relacionada ao VPNveteran.com, sinta-se \u00e0 vontade para entrar em contato conosco pelo e-mail <a href=\"mailto:info@affiliareinc.com\" target=\"_new\" rel=\"noopener nofollow noreferrer\">info@affiliareinc.com<\/a>. Estamos dispon\u00edveis para ajudar e fornecer todas as informa\u00e7\u00f5es necess\u00e1rias.<\/p>\n<p>Agradecemos por visitar o VPNveteran.com e valorizamos sua compreens\u00e3o em rela\u00e7\u00e3o \u00e0 nossa propriedade e processo de avalia\u00e7\u00e3o.<\/p>\n","protected":false},"excerpt":{"rendered":"<p>VPNveteran.com \u00e9 de propriedade e operado pela Affiliare Inc., uma empresa especializada em marketing de afiliados e an\u00e1lises de produtos. No VPNveteran.com, nosso principal objetivo \u00e9 oferecer avalia\u00e7\u00f5es imparciais e objetivas. \u00c9 importante reconhecer que, em alguns casos, nossas avalia\u00e7\u00f5es podem mencionar outros produtos, servi\u00e7os, treinadores, consultores e\/ou especialistas. Entretanto, \u00e9 crucial ressaltar que tais [&hellip;]<\/p>\n","protected":false},"author":49,"featured_media":0,"parent":0,"menu_order":0,"comment_status":"closed","ping_status":"closed","template":"","meta":{"om_disable_all_campaigns":false,"footnotes":""},"sgf-content-tag":[1765,183],"sgf-seo-push":[],"class_list":["post-57795","page","type-page","status-publish","hentry"],"_links":{"self":[{"href":"https:\/\/vpnveteran.com\/pt-pt\/wp-json\/wp\/v2\/pages\/57795","targetHints":{"allow":["GET"]}}],"collection":[{"href":"https:\/\/vpnveteran.com\/pt-pt\/wp-json\/wp\/v2\/pages"}],"about":[{"href":"https:\/\/vpnveteran.com\/pt-pt\/wp-json\/wp\/v2\/types\/page"}],"author":[{"embeddable":true,"href":"https:\/\/vpnveteran.com\/pt-pt\/wp-json\/wp\/v2\/users\/49"}],"replies":[{"embeddable":true,"href":"https:\/\/vpnveteran.com\/pt-pt\/wp-json\/wp\/v2\/comments?post=57795"}],"version-history":[{"count":3,"href":"https:\/\/vpnveteran.com\/pt-pt\/wp-json\/wp\/v2\/pages\/57795\/revisions"}],"predecessor-version":[{"id":57855,"href":"https:\/\/vpnveteran.com\/pt-pt\/wp-json\/wp\/v2\/pages\/57795\/revisions\/57855"}],"wp:attachment":[{"href":"https:\/\/vpnveteran.com\/pt-pt\/wp-json\/wp\/v2\/media?parent=57795"}],"wp:term":[{"taxonomy":"sgf-content-tag","embeddable":true,"href":"https:\/\/vpnveteran.com\/pt-pt\/wp-json\/wp\/v2\/sgf-content-tag?post=57795"},{"taxonomy":"sgf-seo-push","embeddable":true,"href":"https:\/\/vpnveteran.com\/pt-pt\/wp-json\/wp\/v2\/sgf-seo-push?post=57795"}],"curies":[{"name":"wp","href":"https:\/\/api.w.org\/{rel}","templated":true}]}}