{"id":57800,"date":"2023-07-20T06:25:16","date_gmt":"2023-07-20T10:25:16","guid":{"rendered":"https:\/\/vpnveteran.com\/?page_id=57800"},"modified":"2023-07-26T22:29:43","modified_gmt":"2023-07-27T02:29:43","slug":"aviso-de-afiliados","status":"publish","type":"page","link":"https:\/\/vpnveteran.com\/pt-pt\/aviso-de-afiliados\/","title":{"rendered":"Isen\u00e7\u00e3o de Responsabilidade de Afiliados"},"content":{"rendered":"<p><a href=\"http:\/\/VPNveteran.com\/pt-pt\" target=\"_blank\" rel=\"noopener\">VPNveteran<\/a> participa ocasionalmente do marketing de afiliados, o que nos permite incluir links de afiliados em algumas p\u00e1ginas. Se voc\u00ea fizer uma compra por meio desses links em nosso site, a VPNveteran poder\u00e1 receber uma comiss\u00e3o.<\/p>\n<p>Essa comiss\u00e3o apoia nossos esfor\u00e7os em conduzir testes e revisar diversos servi\u00e7os.<\/p>\n<p>Al\u00e9m disso, podemos fornecer links para v\u00e1rios servi\u00e7os ou empresas sem nenhuma associa\u00e7\u00e3o comercial ou financeira.<\/p>\n<h2>Transpar\u00eancia nas Pr\u00e1ticas Editoriais<\/h2>\n<p>Todos os guias, artigos e an\u00e1lises publicados em nosso site s\u00e3o independentes de qualquer receita gerada por afiliados ou nossas empresas-m\u00e3e.<\/p>\n<p>N\u00e3o recebemos nenhuma forma de compensa\u00e7\u00e3o por apresentar marcas ou conte\u00fado espec\u00edfico.<\/p>\n<p>Se algum de nossos editores tiver investimentos pessoais ou conex\u00f5es com um servi\u00e7o ou empresa que possam criar um conflito de interesse, estamos comprometidos em atribuir imediatamente as responsabilidades de publica\u00e7\u00e3o a outro editor.<\/p>\n<h2>Processo de Revis\u00e3o<\/h2>\n<p>Cada produto revisado em nossa plataforma passa por rigorosos testes realizados pela equipe da VPNveteran. Isso garante m\u00e1xima imparcialidade em nossas avalia\u00e7\u00f5es e fornece recomenda\u00e7\u00f5es confi\u00e1veis a voc\u00ea.<\/p>\n<p>Nosso principal objetivo \u00e9 equip\u00e1-lo com ferramentas pr\u00e1ticas e n\u00e3o pr\u00e1ticas para proteger sua privacidade e seguran\u00e7a enquanto navega online.<\/p>\n<h2>Separa\u00e7\u00e3o entre Editorial e Marketing<\/h2>\n<p>Para manter a integridade de nosso conte\u00fado, implementamos uma clara separa\u00e7\u00e3o entre nossas equipes editorial e de marketing.<\/p>\n<p>Nenhuma equipe tem a capacidade de exercer influ\u00eancia sobre a outra.<\/p>\n<p>Nossa equipe de marketing \u00e9 a \u00fanica respons\u00e1vel por colocar links de afiliados e elementos de chamada para a\u00e7\u00e3o em p\u00e1ginas espec\u00edficas.<\/p>\n<p>Portanto, a VPNveteran pode receber comiss\u00f5es quando os usu\u00e1rios fazem compras por meio desses links.<\/p>\n","protected":false},"excerpt":{"rendered":"<p>VPNveteran participa ocasionalmente do marketing de afiliados, o que nos permite incluir links de afiliados em algumas p\u00e1ginas. Se voc\u00ea fizer uma compra por meio desses links em nosso site, a VPNveteran poder\u00e1 receber uma comiss\u00e3o. Essa comiss\u00e3o apoia nossos esfor\u00e7os em conduzir testes e revisar diversos servi\u00e7os. Al\u00e9m disso, podemos fornecer links para v\u00e1rios [&hellip;]<\/p>\n","protected":false},"author":49,"featured_media":0,"parent":0,"menu_order":0,"comment_status":"closed","ping_status":"closed","template":"","meta":{"om_disable_all_campaigns":false,"footnotes":""},"sgf-content-tag":[1763,183],"sgf-seo-push":[],"class_list":["post-57800","page","type-page","status-publish","hentry"],"_links":{"self":[{"href":"https:\/\/vpnveteran.com\/pt-pt\/wp-json\/wp\/v2\/pages\/57800","targetHints":{"allow":["GET"]}}],"collection":[{"href":"https:\/\/vpnveteran.com\/pt-pt\/wp-json\/wp\/v2\/pages"}],"about":[{"href":"https:\/\/vpnveteran.com\/pt-pt\/wp-json\/wp\/v2\/types\/page"}],"author":[{"embeddable":true,"href":"https:\/\/vpnveteran.com\/pt-pt\/wp-json\/wp\/v2\/users\/49"}],"replies":[{"embeddable":true,"href":"https:\/\/vpnveteran.com\/pt-pt\/wp-json\/wp\/v2\/comments?post=57800"}],"version-history":[{"count":1,"href":"https:\/\/vpnveteran.com\/pt-pt\/wp-json\/wp\/v2\/pages\/57800\/revisions"}],"predecessor-version":[{"id":57801,"href":"https:\/\/vpnveteran.com\/pt-pt\/wp-json\/wp\/v2\/pages\/57800\/revisions\/57801"}],"wp:attachment":[{"href":"https:\/\/vpnveteran.com\/pt-pt\/wp-json\/wp\/v2\/media?parent=57800"}],"wp:term":[{"taxonomy":"sgf-content-tag","embeddable":true,"href":"https:\/\/vpnveteran.com\/pt-pt\/wp-json\/wp\/v2\/sgf-content-tag?post=57800"},{"taxonomy":"sgf-seo-push","embeddable":true,"href":"https:\/\/vpnveteran.com\/pt-pt\/wp-json\/wp\/v2\/sgf-seo-push?post=57800"}],"curies":[{"name":"wp","href":"https:\/\/api.w.org\/{rel}","templated":true}]}}