{"id":19747,"date":"2020-09-10T03:18:42","date_gmt":"2020-09-10T07:18:42","guid":{"rendered":"https:\/\/vpnveteran.com\/?page_id=19747"},"modified":"2023-08-07T04:13:14","modified_gmt":"2023-08-07T08:13:14","slug":"hakkimizda","status":"publish","type":"page","link":"https:\/\/vpnveteran.com\/tr\/hakkimizda\/","title":{"rendered":"Hakk\u0131m\u0131zda"},"content":{"rendered":"<h2>VPNVeteran Nedir?<\/h2>\n<p>VPNVeteran.com, VPN kullan\u0131c\u0131lar\u0131n\u0131n faydas\u0131na tarafs\u0131z incelemeler sunmaya adanm\u0131\u015f bir web sitesidir.<\/p>\n<p>Ekibimiz, her VPN sa\u011flay\u0131c\u0131s\u0131n\u0131 birden \u00e7ok fakt\u00f6re dayanarak kapsaml\u0131 bir \u015fekilde test eder ve de\u011ferlendirir. Sonu\u00e7lar\u0131 kullanarak her VPN sa\u011flay\u0131c\u0131s\u0131 hakk\u0131nda kapsaml\u0131 ve do\u011fru incelemeler yay\u0131nl\u0131yoruz.<\/p>\n<p>Ayr\u0131ca, uzman ekibimiz okuyucular\u0131m\u0131z\u0131 bilgilendirmeyi, gizlilik ve g\u00fcvenliklerini korumaya y\u00f6nelik tavsiyelerde bulunmay\u0131 ve kaynaklar sunmay\u0131 taahh\u00fct ediyor.<\/p>\n<p>Ayr\u0131ca, yayg\u0131n ak\u0131\u015f merakl\u0131lar\u0131na, Kodi kullan\u0131c\u0131lar\u0131na ve internet \u00f6zg\u00fcrl\u00fc\u011f\u00fcn\u00fc savunanlara yard\u0131mc\u0131 olmak i\u00e7in detayl\u0131 k\u0131lavuzlar haz\u0131rl\u0131yoruz.<\/p>\n<p>VPNVeteran.com&#8217;da tarafs\u0131zl\u0131k ve \u015feffafl\u0131k \u00f6nceli\u011fimizdir. S\u0131ralamalar\u0131m\u0131z ve derecelendirmelerimiz herhangi bir sponsor taraf\u0131ndan etkilenmez.<\/p>\n<h2>Ge\u00e7mi\u015fimiz<\/h2>\n<p>Web sitemiz, sizinle payla\u015fmaktan heyecan duydu\u011fumuz anlaml\u0131 bir yolculu\u011fa \u00e7\u0131k\u0131yor. Net bir ama\u00e7la kurulan web sitemiz, siber g\u00fcvenli\u011fin ve \u00e7evrimi\u00e7i veri gizlili\u011finin \u00f6nemine dikkat \u00e7ekmeye adanm\u0131\u015ft\u0131r.<\/p>\n<p>1 Eyl\u00fcl 2020&#8217;de kurulu\u015fundan bu yana web sitemiz bir vizyon taraf\u0131ndan y\u00f6nlendirilmektedir.<\/p>\n<p>VPN&#8217;lerin \u00e7evrimi\u00e7i veri gizlili\u011fini korumadaki kilit rol\u00fcn\u00fc tan\u0131yan ve siber g\u00fcvenli\u011fi art\u0131rmay\u0131 hedefleyen bir \u015fekilde, VPN testi ve kullan\u0131m\u0131na \u0131\u015f\u0131k tutan bilgilendirici makaleler olu\u015fturmak \u00fczere yola \u00e7\u0131kt\u0131k.<\/p>\n<p>Tarafs\u0131z incelemeler sunma taahh\u00fcd\u00fcm\u00fcz hi\u00e7 de\u011fi\u015fmedi. Erken g\u00fcnlerimizde mali k\u0131s\u0131tlamalar gibi zorluklar ya\u015fand\u0131. Ancak bilgi payla\u015fma tutkumuzun yak\u0131t\u0131yla bu engelleri a\u015ft\u0131k.<\/p>\n<p>2021 y\u0131l\u0131nda, ekibimiz b\u00fcy\u00fcme ve geni\u015fleme ya\u015fad\u0131, b\u00f6ylece daha geni\u015f bir bilgilendirici makale yelpazesi sunabildik. Bu geni\u015fleme, web sitemizin tan\u0131nmas\u0131 ve ba\u015far\u0131s\u0131 a\u00e7\u0131s\u0131ndan \u00f6nemli bir rol oynad\u0131.<\/p>\n<p>Y\u0131llar i\u00e7inde, web sitemiz okuyucular\u0131 ve katk\u0131da bulunanlar\u0131 bir araya getiren bir toplulu\u011fu te\u015fvik etti. Bu platform, g\u00f6r\u00fc\u015flerin ve bilginin payla\u015f\u0131lmas\u0131na olanak tan\u0131yan bir alan olarak hizmet verir, b\u00f6ylece okuyucular\u0131m\u0131z siber g\u00fcvenlik ve \u00e7evrimi\u00e7i veri gizlili\u011fi konusunda daha derin bilgiler edinebilirler.<\/p>\n<p>Ba\u015far\u0131lar\u0131m\u0131z, okuyucular\u0131m\u0131zla uzmanl\u0131klar\u0131n\u0131 payla\u015fmaya adanm\u0131\u015f profesyonel bir ekibe atfedilebilir. Onlar s\u00fcrekli olarak tarafs\u0131z incelemelerin ve de\u011ferli i\u00e7eri\u011fin prensiplerini benimserler.<\/p>\n<h2>Ekibimiz<\/h2>\n<p>Cyber g\u00fcvenli\u011fi ve \u00e7evrimi\u00e7i gizlilik konular\u0131nda fark\u0131ndal\u0131\u011f\u0131 art\u0131rmak ve insanlar\u0131 e\u011fitmek i\u00e7in ortak bir hedefi payla\u015fan tutkulu bireylerden olu\u015fan bir grupuz.<\/p>\n\t\t\t<style>.authors-list-cols-dir-horizontal .authors-list-col{display:block;float:left;margin-right:3.42%}.authors-list-cols-dir-horizontal .authors-list-col-1{width:5.198%}.authors-list-cols-dir-horizontal .authors-list-col-2{width:13.81%}.authors-list-cols-dir-horizontal .authors-list-col-3{width:22.43%}.authors-list-cols-dir-horizontal .authors-list-col-4{width:31.05%}.authors-list-cols-dir-horizontal .authors-list-col-5{width:39.67%}.authors-list-cols-dir-horizontal .authors-list-col-6{width:48.29%}.authors-list-cols-dir-horizontal .authors-list-col-7{width:56.9%}.authors-list-cols-dir-horizontal .authors-list-col-8{width:65.52%}.authors-list-cols-dir-horizontal .authors-list-col-9{width:74.14%}.authors-list-cols-dir-horizontal .authors-list-col-10{width:82.76%}.authors-list-cols-dir-horizontal .authors-list-col-11{width:91.38%}.authors-list-cols-dir-horizontal .authors-list-col-12{width:100%}.authors-list-cols-dir-horizontal .authors-list-col-last{margin-right:0}.authors-list-cols-dir-horizontal .authors-list-col-first{clear:both}.authors-list-cols-dir-horizontal.authors-list-cols-2 .authors-list-col:nth-child(2n){margin-right:0}.authors-list-cols-dir-horizontal.authors-list-cols-2 .authors-list-col:nth-child(2n+1){clear:both}.authors-list-cols-dir-horizontal.authors-list-cols-3 .authors-list-col:nth-child(3n){margin-right:0}.authors-list-cols-dir-horizontal.authors-list-cols-3 .authors-list-col:nth-child(3n+1){clear:both}.authors-list-cols-dir-horizontal.authors-list-cols-4 .authors-list-col:nth-child(4n){margin-right:0}.authors-list-cols-dir-horizontal.authors-list-cols-4 .authors-list-col:nth-child(4n+1){clear:both}.authors-list-cols-dir-vertical{column-gap:3.42%}.authors-list-cols-dir-vertical.authors-list-cols-2{column-count:2}.authors-list-cols-dir-vertical.authors-list-cols-3{column-count:3}.authors-list-cols-dir-vertical.authors-list-cols-3{column-count:3}.authors-list-cols-dir-vertical.authors-list-cols-4{column-count:4}.authors-list-clearfix:after,.authors-list-clearfix:before{content:\" \";display:table}.authors-list-clearfix:after{clear:both}.authors-list-item{margin-bottom:30px;position:relative}.authors-list-cols-dir-vertical .authors-list-item{break-inside:avoid-column;page-break-inside:avoid}.authors-list-item-thumbnail{margin-bottom:20px;position:relative}.authors-list-item-thumbnail a,.authors-list-item-thumbnail img{display:block;position:relative;border:0}.authors-list-item-thumbnail img{max-width:100%;height:auto;border-radius:inherit;}.authors-list-item-title{font-size:22px;font-weight:700;margin-bottom:5px}.authors-list-item-title a{color:inherit}.authors-list-item-subtitle{margin-bottom:5px;font-size:80%}.authors-list-item-social{margin-bottom:10px}.authors-list-item-social a{font-size:15px;margin-right:5px;text-decoration:none}.authors-list-item-social svg{width:15px}.authors-list-item-social-facebook{fill:#3b5998}.authors-list-item-social-instagram{fill:#405de6}.authors-list-item-social-linkedin{fill:#0077b5}.authors-list-item-social-pinterest{fill:#bd081c}.authors-list-item-social-tumblr{fill:#35465c}.authors-list-item-social-twitter{fill:#1da1f2}.authors-list-item-social-youtube{fill:red}.authors-list-item-social-tiktok{fill:#1e3050}.authors-list-item-excerpt{margin-bottom:10px}.authors-list-items-s2 .authors-list-item-main{position:absolute;bottom:0;left:0;right:0;padding:30px;color:#fff;background:rgba(0,0,0,.3)}.authors-list-items-s2 .authors-list-item-thumbnail{margin-bottom:0}.authors-list-items-s2 .authors-list-item-title{color:inherit}.authors-list-items-s2 .authors-list-item-link{color:inherit}.authors-list-items-s3 .authors-list-item-thumbnail{margin-bottom:0}.authors-list-items-s3 .authors-list-item-main{position:absolute;bottom:0;left:0;right:0;top:0;padding:30px;opacity:0;transform:scale(0);transition:all .3s;background:#fff;border:2px solid #eee}.authors-list-items-s3 .authors-list-item:hover .authors-list-item-main{opacity:1;transform:scale(1)}.authors-list-items-s4 .authors-list-item-thumbnail{float:left;margin-right:20px;width:25%}.authors-list-item-s4 .authors-list-item-main{overflow:hidden}.author-list-item-after-avatar,.author-list-item-after-bio,.author-list-item-after-count,.author-list-item-after-link,.author-list-item-after-title,.author-list-item-before-avatar,.author-list-item-before-bio,.author-list-item-before-count,.author-list-item-before-link,.author-list-item-before-title{margin-bottom:5px}@media only screen and (max-width:767px){.authors-list-cols-dir-horizontal .authors-list-col{width:100%;margin-right:0!important}.authors-list-cols-dir-vertical{column-count:1!important}}.authors-list-pagination{text-align:center}.authors-list-pagination li{display:inline-block;margin:0 2px}.authors-list-pagination li a,.authors-list-pagination li>span{display:inline-block;border:1px solid rgba(0,0,0,.2);padding:10px;line-height:1}<\/style>\n\t\t\t\t\t\t<div class=\"authors-list-items authors-list-items-s3 authors-list-clearfix authors-list-cols-3 authors-list-cols-dir-horizontal \">\n\t\t\t\n\t\t<div class=\"authors-list-item authors-list-item-clearfix authors-list-col authors-list-col-4\">\n\n\t\t\t\t\t\t\t<div class=\"authors-list-item-thumbnail\">\n\t\t\t\t\t\n\t\t\t\t\t<a href=\"https:\/\/vpnveteran.com\/tr\/author\/baris\/\" class=\"author-list-item-avatar\">\n\t\t\t\t\t\t\t\t\t\t\t\t\t<img alt='Baris K.' src='https:\/\/vpnveteran.com\/wp-content\/uploads\/baris-500x500.jpg' srcset='https:\/\/vpnveteran.com\/wp-content\/uploads\/baris-1000x1000.jpg 2x' class='avatar avatar-500 photo' height='500' width='500' \/>\t\t\t\t\t\t\t\t\t\t\t<\/a>\n\n\t\t\t\t\t\t\t\t\t<\/div><!-- .team-item-thumbnail -->\n\t\t\t\n\t\t\t<div class=\"authors-list-item-main\">\n\n\t\t\t\t\n\t\t\t\t\t\t\t\t\t<div class=\"authors-list-item-title\">\n\t\t\t\t\t\t<a href=\"https:\/\/vpnveteran.com\/tr\/author\/baris\/\">Baris K.<\/a>\n\t\t\t\t\t<\/div>\n\t\t\t\t\n\t\t\t\t\n\t\t\t\t\n\t\t\t\t\t\t\t\t\t\t\t\t\t\t<div class=\"authors-list-item-subtitle\">36 posts<\/div>\n\t\t\t\t\n\t\t\t\t\n\t\t\t\t\n\t\t\t\t\n\t\t\t\t\n\t\t\t\t\n\t\t\t\t\t\t\t\t\t\t\t\t\t\t<a href=\"https:\/\/vpnveteran.com\/tr\/author\/baris\/\" class=\"authors-list-item-link\" aria-label=\" - G\u00f6nderileri G\u00f6r\u00fcnt\u00fcle \u2192\">G\u00f6nderileri G\u00f6r\u00fcnt\u00fcle \u2192<\/a>\n\t\t\t\t\n\t\t\t\t\n\t\t\t<\/div><!-- .team-item-main -->\n\n\t\t<\/div><!-- .authors-list-item -->\n\n\t\t\n\t\t<div class=\"authors-list-item authors-list-item-clearfix authors-list-col authors-list-col-4\">\n\n\t\t\t\t\t\t\t<div class=\"authors-list-item-thumbnail\">\n\t\t\t\t\t\n\t\t\t\t\t<a href=\"https:\/\/vpnveteran.com\/tr\/author\/emre\/\" class=\"author-list-item-avatar\">\n\t\t\t\t\t\t\t\t\t\t\t\t\t<img alt='Emre R.' src='https:\/\/vpnveteran.com\/wp-content\/uploads\/emre-200x200-1-500x500.jpg' srcset='https:\/\/vpnveteran.com\/wp-content\/uploads\/emre-200x200-1-1000x1000.jpg 2x' class='avatar avatar-500 photo' height='500' width='500' \/>\t\t\t\t\t\t\t\t\t\t\t<\/a>\n\n\t\t\t\t\t\t\t\t\t<\/div><!-- .team-item-thumbnail -->\n\t\t\t\n\t\t\t<div class=\"authors-list-item-main\">\n\n\t\t\t\t\n\t\t\t\t\t\t\t\t\t<div class=\"authors-list-item-title\">\n\t\t\t\t\t\t<a href=\"https:\/\/vpnveteran.com\/tr\/author\/emre\/\">Emre R.<\/a>\n\t\t\t\t\t<\/div>\n\t\t\t\t\n\t\t\t\t\n\t\t\t\t\n\t\t\t\t\t\t\t\t\t\t\t\t\t\t<div class=\"authors-list-item-subtitle\">34 posts<\/div>\n\t\t\t\t\n\t\t\t\t\n\t\t\t\t\n\t\t\t\t\n\t\t\t\t\n\t\t\t\t\n\t\t\t\t\t\t\t\t\t\t\t\t\t\t<a href=\"https:\/\/vpnveteran.com\/tr\/author\/emre\/\" class=\"authors-list-item-link\" aria-label=\" - G\u00f6nderileri G\u00f6r\u00fcnt\u00fcle \u2192\">G\u00f6nderileri G\u00f6r\u00fcnt\u00fcle \u2192<\/a>\n\t\t\t\t\n\t\t\t\t\n\t\t\t<\/div><!-- .team-item-main -->\n\n\t\t<\/div><!-- .authors-list-item -->\n\n\t\t\n\t\t<div class=\"authors-list-item authors-list-item-clearfix authors-list-col authors-list-col-4\">\n\n\t\t\t\t\t\t\t<div class=\"authors-list-item-thumbnail\">\n\t\t\t\t\t\n\t\t\t\t\t<a href=\"https:\/\/vpnveteran.com\/tr\/author\/mert\/\" class=\"author-list-item-avatar\">\n\t\t\t\t\t\t\t\t\t\t\t\t\t<img alt='Mert' src='https:\/\/vpnveteran.com\/wp-content\/uploads\/mert-200x200-1-500x500.jpg' srcset='https:\/\/vpnveteran.com\/wp-content\/uploads\/mert-200x200-1-1000x1000.jpg 2x' class='avatar avatar-500 photo' height='500' width='500' \/>\t\t\t\t\t\t\t\t\t\t\t<\/a>\n\n\t\t\t\t\t\t\t\t\t<\/div><!-- .team-item-thumbnail -->\n\t\t\t\n\t\t\t<div class=\"authors-list-item-main\">\n\n\t\t\t\t\n\t\t\t\t\t\t\t\t\t<div class=\"authors-list-item-title\">\n\t\t\t\t\t\t<a href=\"https:\/\/vpnveteran.com\/tr\/author\/mert\/\">Mert<\/a>\n\t\t\t\t\t<\/div>\n\t\t\t\t\n\t\t\t\t\n\t\t\t\t\n\t\t\t\t\t\t\t\t\t\t\t\t\t\t<div class=\"authors-list-item-subtitle\">1 posts<\/div>\n\t\t\t\t\n\t\t\t\t\n\t\t\t\t\n\t\t\t\t\n\t\t\t\t\n\t\t\t\t\n\t\t\t\t\t\t\t\t\t\t\t\t\t\t<a href=\"https:\/\/vpnveteran.com\/tr\/author\/mert\/\" class=\"authors-list-item-link\" aria-label=\" - G\u00f6nderileri G\u00f6r\u00fcnt\u00fcle \u2192\">G\u00f6nderileri G\u00f6r\u00fcnt\u00fcle \u2192<\/a>\n\t\t\t\t\n\t\t\t\t\n\t\t\t<\/div><!-- .team-item-main -->\n\n\t\t<\/div><!-- .authors-list-item -->\n\n\t\t\n\t\t<div class=\"authors-list-item authors-list-item-clearfix authors-list-col authors-list-col-4\">\n\n\t\t\t\t\t\t\t<div class=\"authors-list-item-thumbnail\">\n\t\t\t\t\t\n\t\t\t\t\t<a href=\"https:\/\/vpnveteran.com\/tr\/author\/nijaz\/\" class=\"author-list-item-avatar\">\n\t\t\t\t\t\t\t\t\t\t\t\t\t<img alt='Nijaz Y.' src='https:\/\/vpnveteran.com\/wp-content\/uploads\/Nijaz-200x200-1-500x500.jpg' srcset='https:\/\/vpnveteran.com\/wp-content\/uploads\/Nijaz-200x200-1-1000x1000.jpg 2x' class='avatar avatar-500 photo' height='500' width='500' \/>\t\t\t\t\t\t\t\t\t\t\t<\/a>\n\n\t\t\t\t\t\t\t\t\t<\/div><!-- .team-item-thumbnail -->\n\t\t\t\n\t\t\t<div class=\"authors-list-item-main\">\n\n\t\t\t\t\n\t\t\t\t\t\t\t\t\t<div class=\"authors-list-item-title\">\n\t\t\t\t\t\t<a href=\"https:\/\/vpnveteran.com\/tr\/author\/nijaz\/\">Nijaz Y.<\/a>\n\t\t\t\t\t<\/div>\n\t\t\t\t\n\t\t\t\t\n\t\t\t\t\n\t\t\t\t\t\t\t\t\t\t\t\t\t\t<div class=\"authors-list-item-subtitle\">6 posts<\/div>\n\t\t\t\t\n\t\t\t\t\n\t\t\t\t\n\t\t\t\t\n\t\t\t\t\n\t\t\t\t\n\t\t\t\t\t\t\t\t\t\t\t\t\t\t<a href=\"https:\/\/vpnveteran.com\/tr\/author\/nijaz\/\" class=\"authors-list-item-link\" aria-label=\" - G\u00f6nderileri G\u00f6r\u00fcnt\u00fcle \u2192\">G\u00f6nderileri G\u00f6r\u00fcnt\u00fcle \u2192<\/a>\n\t\t\t\t\n\t\t\t\t\n\t\t\t<\/div><!-- .team-item-main -->\n\n\t\t<\/div><!-- .authors-list-item -->\n\n\t\t\n\t\t\t<span class=\"spinner\">\n\t\t\t\t<span class=\"spin\">\n\t\t\t\t\t<svg xmlns=\"http:\/\/www.w3.org\/2000\/svg\" viewBox=\"0 0 512 512\">\n\t\t\t\t\t\t<path d=\"M304 48C304 74.51 282.5 96 256 96C229.5 96 208 74.51 208 48C208 21.49 229.5 0 256 0C282.5 0 304 21.49 304 48zM304 464C304 490.5 282.5 512 256 512C229.5 512 208 490.5 208 464C208 437.5 229.5 416 256 416C282.5 416 304 437.5 304 464zM0 256C0 229.5 21.49 208 48 208C74.51 208 96 229.5 96 256C96 282.5 74.51 304 48 304C21.49 304 0 282.5 0 256zM512 256C512 282.5 490.5 304 464 304C437.5 304 416 282.5 416 256C416 229.5 437.5 208 464 208C490.5 208 512 229.5 512 256zM74.98 437C56.23 418.3 56.23 387.9 74.98 369.1C93.73 350.4 124.1 350.4 142.9 369.1C161.6 387.9 161.6 418.3 142.9 437C124.1 455.8 93.73 455.8 74.98 437V437zM142.9 142.9C124.1 161.6 93.73 161.6 74.98 142.9C56.24 124.1 56.24 93.73 74.98 74.98C93.73 56.23 124.1 56.23 142.9 74.98C161.6 93.73 161.6 124.1 142.9 142.9zM369.1 369.1C387.9 350.4 418.3 350.4 437 369.1C455.8 387.9 455.8 418.3 437 437C418.3 455.8 387.9 455.8 369.1 437C350.4 418.3 350.4 387.9 369.1 369.1V369.1z\"\/>\n\t\t\t\t\t<\/svg>\n\t\t\t\t<\/span>\n\t\t\t<\/span>\n\n\t\t\t\t\t\t<\/div><!-- authors-list-items -->\n\t\t\t\n<h2>Misyonumuz<\/h2>\n<p>Dijital \u00e7a\u011fda, internete olan ba\u011f\u0131ml\u0131l\u0131\u011f\u0131m\u0131z neredeyse s\u00fcrekli hale geldi.<\/p>\n<p>Ne yaz\u0131k ki, internet ayn\u0131 zamanda hackerlar i\u00e7in de bir \u00fcreme alan\u0131d\u0131r, bu nedenle gizlilik ve g\u00fcvenlik b\u00fcy\u00fck endi\u015felerdir. Cybersecurity&#8217;nin \u00f6nemini k\u00fc\u00e7\u00fcmseyen veya fark\u0131nda olmayanlardan \u00fcz\u00fcl\u00fcyoruz.<\/p>\n<p>Misyonumuz, interneti kullanan herkesin gizlilik de\u011ferini fark etmesini sa\u011flamakt\u0131r.<\/p>\n<p>\u0130leti\u015fim ve e-ticaretin devrim yaratt\u0131\u011f\u0131 g\u00f6z \u00f6n\u00fcne al\u0131nd\u0131\u011f\u0131nda, bireylerin ve i\u015fletmelerin sahtek\u00e2rl\u0131k, h\u0131rs\u0131zl\u0131k, zarar ve g\u00f6zetleme gibi tehditlere kar\u015f\u0131 ekstra \u00f6nlemler almalar\u0131 son derece \u00f6nemlidir.<\/p>\n<p>Teknolojiye olan tutkumuzla, hem \u015firketlere hem de g\u00fcnl\u00fck bireylere \u00e7evrimi\u00e7i etkinliklerinde g\u00fcvende hissetmeleri ve huzurlu olmalar\u0131 i\u00e7in yard\u0131mc\u0131 olmay\u0131 ama\u00e7l\u0131yoruz.<\/p>\n<h2>Size Destek Oluyoruz<\/h2>\n<p>Web sitemiz, siber g\u00fcvenlik hakk\u0131nda kapsaml\u0131 bilgiler sunar.<\/p>\n<p>\u0130\u00e7eri\u011fimizi d\u00fczenli olarak g\u00fcncelleyerek en son g\u00fcvenlik haberlerini, ara\u00e7lar ve yaz\u0131l\u0131mlar i\u00e7in en iyi f\u0131rsatlar\u0131 ve indirimleri, \u00fcr\u00fcn incelemelerini ve denenmi\u015f ve etkili oldu\u011fu kan\u0131tlanm\u0131\u015f ad\u0131m ad\u0131m k\u0131lavuzlar\u0131 size sunuyoruz.<\/p>\n<p>Teknolojiye fazla hakim olmayanlar i\u00e7in bile anla\u015f\u0131l\u0131r makaleler sunmay\u0131 taahh\u00fct ediyoruz. Dahas\u0131, size en iyi hizmeti sunmak i\u00e7in web sitemizi s\u00fcrekli olarak geli\u015ftiriyoruz.<\/p>\n<p>Yay\u0131nlamam\u0131z\u0131 istedi\u011finiz belirli bir konu veya geri bildiriminiz, yorumlar\u0131n\u0131z veya \u00f6vg\u00fcleriniz varsa, l\u00fctfen bize ula\u015fmaktan \u00e7ekinmeyin.<\/p>\n<p>Bu web sitesi arac\u0131l\u0131\u011f\u0131yla amac\u0131m\u0131z, d\u00fcnya genelinde nerede olursan\u0131z olun \u00e7evrimi\u00e7i etkinliklerinizin g\u00fcvenli kalmas\u0131n\u0131 sa\u011flamak i\u00e7in siber g\u00fcvenlik hakk\u0131nda gerekli bilgilerle donanman\u0131zd\u0131r.<\/p>\n<h2>Size En \u0130yisini Sa\u011fl\u0131yoruz<\/h2>\n<p>\u00d6ncelikle, online koruma ihtiya\u00e7lar\u0131n\u0131z i\u00e7in bilin\u00e7li se\u00e7imler yapabilmeniz i\u00e7in tarafs\u0131z i\u00e7erik sa\u011flamak i\u00e7in \u00e7aba g\u00f6steriyoruz.<\/p>\n<p>Ger\u00e7ekten de, yay\u0131nlad\u0131\u011f\u0131m\u0131z incelemeler her \u00fcr\u00fcn\u00fcn faydalar\u0131n\u0131 ve \u00f6zelliklerini i\u00e7erir, b\u00f6ylece gizlilik ihtiya\u00e7lar\u0131n\u0131za en uygun olan\u0131 se\u00e7ebilirsiniz.<\/p>\n<h2>Detayl\u0131 Test ve De\u011ferlendirmeler<\/h2>\n<p>Makalelerimiz, her \u00fcr\u00fcn\u00fcn art\u0131lar\u0131n\u0131 ve eksilerini, gizlilik ve g\u00fcvenlik, \u00f6zellikler, h\u0131z ve performans, fiyat\/performans oran\u0131 ve kullan\u0131m kolayl\u0131\u011f\u0131 a\u00e7\u0131s\u0131ndan de\u011ferlendiren bir inceleme b\u00f6l\u00fcm\u00fc ile birlikte sunulmaktad\u0131r.<\/p>\n<p>Amac\u0131m\u0131z size teknik terimlerden ar\u0131nd\u0131r\u0131lm\u0131\u015f, basitle\u015ftirilmi\u015f bilgiler sunmakt\u0131r.<\/p>\n<p>Her \u00fcr\u00fcn incelemesi, 1 ile 10 aras\u0131nda bir derecelendirme skalas\u0131yla birlikte gelir, 1 en d\u00fc\u015f\u00fck ve 10 en y\u00fcksektir.<\/p>\n<p>Bu g\u00f6rsel rehber, okuyucular\u0131m\u0131z\u0131n \u00fcr\u00fcnleri kar\u015f\u0131la\u015ft\u0131rmalar\u0131na ve hangi hizmetlere abone olacaklar\u0131 konusunda bilin\u00e7li kararlar vermelerine yard\u0131mc\u0131 olur.<\/p>\n<h2>Ba\u011f\u0131ms\u0131z \u00c7al\u0131\u015fma<\/h2>\n<p>Okuyucular\u0131m\u0131zdan konu \u00f6nerilerini memnuniyetle kar\u015f\u0131l\u0131yoruz, ancak inceleme sonu\u00e7lar\u0131m\u0131z sadece d\u00fcr\u00fcst g\u00f6r\u00fc\u015flerimize dayan\u0131r.<\/p>\n<p>\u0130\u00e7eri\u011fimizi olu\u015fturmak i\u00e7in herhangi bir \u015firketin etkisine izin vermiyoruz, ancak promosyon kutular\u0131 ve harekete ge\u00e7irme (CTA) \u00e7a\u011fr\u0131lar\u0131 i\u00e7eri\u011fimizde bulunabilir.<\/p>\n<h2>\u00d6denmi\u015f S\u0131ralamalar Yok<\/h2>\n<p>S\u0131ralamalar\u0131m\u0131z yaln\u0131zca performans ve faydalara dayan\u0131r, \u00f6denen miktar de\u011fil. Finansal d\u00fc\u015f\u00fcncelerle tamamen \u00fcr\u00fcnleri \u00f6nermeyiz veya s\u0131ralamay\u0131z.<\/p>\n<p>VPNVeteran, sponsorlu i\u00e7erik veya desteklenen g\u00f6nderiler yay\u0131nlamaz, bu da bizi di\u011fer VPN inceleme web sitelerinden ay\u0131r\u0131r.<\/p>\n<h2>D\u00fcr\u00fcstl\u00fck ve \u0130tibar<\/h2>\n<p>Bu alandaki bir\u00e7ok web sitesinin aksine, VPNVeteran, referanslar\u0131 uydurma, inceleme sonu\u00e7lar\u0131n\u0131 manip\u00fcle etme veya okuyucular\u0131m\u0131z\u0131 herhangi bir \u015fekilde aldatma gibi d\u00fcr\u00fcst incelemeler sunmay\u0131 taahh\u00fct eder.<\/p>\n<p>Misyonumuza sad\u0131k kalacak, her soruya en iyi bildi\u011fimiz \u015fekilde yan\u0131t verecek ve y\u00fcksek kaliteli, d\u00fcr\u00fcst incelemeler sunmaya devam edece\u011fiz.<\/p>\n<h2>Reklams\u0131z Deneyim<\/h2>\n<p>VPNVeteran, hi\u00e7bir reklam g\u00f6sterimi yapmaz ve reklam \u00f6demelerini kabul etmez.<\/p>\n<p>\u00dccretli reklamc\u0131l\u0131\u011f\u0131n ve sat\u0131n al\u0131nan incelemelerin \u00f6nyarg\u0131 olu\u015fturdu\u011funa ve a\u00e7\u0131k \u00e7\u0131kar \u00e7at\u0131\u015fmalar\u0131n\u0131 sundu\u011funa inan\u0131yoruz. Ayr\u0131ca, bir\u00e7ok sorun tespit etti\u011fimiz \u00fcr\u00fcnleri desteklemeyi reddediyoruz.<\/p>\n<p>Reklamlar, potansiyel izleme yoluyla g\u00fcvenlik tehditleri olu\u015fturman\u0131n yan\u0131 s\u0131ra, okuyucular\u0131m\u0131z\u0131n gizlili\u011fini de tehlikeye atar.<\/p>\n<h2>Basitle\u015ftirilmi\u015f Yakla\u015f\u0131m<\/h2>\n<p>Bu web sitesiyle ilgili temel hedeflerimizden biri, teknik bilgisi s\u0131n\u0131rl\u0131 olanlar i\u00e7in bile anla\u015f\u0131l\u0131r i\u00e7erikler yay\u0131nlamakt\u0131r.<\/p>\n<p>Bunu do\u011frultuda, KISS (Keep It Simple Stupid) ilkesine uyar\u0131z. Albert Einstein&#8217;\u0131n dedi\u011fi gibi, &#8220;Basit\u00e7e a\u00e7\u0131klayam\u0131yorsan\u0131z, yeterince iyi anlam\u0131yorsunuz demektir.&#8221;<\/p>\n","protected":false},"excerpt":{"rendered":"<p>VPNVeteran Nedir? VPNVeteran.com, VPN kullan\u0131c\u0131lar\u0131n\u0131n faydas\u0131na tarafs\u0131z incelemeler sunmaya adanm\u0131\u015f bir web sitesidir. Ekibimiz, her VPN sa\u011flay\u0131c\u0131s\u0131n\u0131 birden \u00e7ok fakt\u00f6re dayanarak kapsaml\u0131 bir \u015fekilde test eder ve de\u011ferlendirir. Sonu\u00e7lar\u0131 kullanarak her VPN sa\u011flay\u0131c\u0131s\u0131 hakk\u0131nda kapsaml\u0131 ve do\u011fru incelemeler yay\u0131nl\u0131yoruz. Ayr\u0131ca, uzman ekibimiz okuyucular\u0131m\u0131z\u0131 bilgilendirmeyi, gizlilik ve g\u00fcvenliklerini korumaya y\u00f6nelik tavsiyelerde bulunmay\u0131 ve kaynaklar sunmay\u0131 taahh\u00fct [&hellip;]<\/p>\n","protected":false},"author":125,"featured_media":0,"parent":0,"menu_order":0,"comment_status":"closed","ping_status":"closed","template":"","meta":{"om_disable_all_campaigns":false,"footnotes":""},"sgf-content-tag":[183,188],"sgf-seo-push":[],"class_list":["post-19747","page","type-page","status-publish","hentry"],"_links":{"self":[{"href":"https:\/\/vpnveteran.com\/tr\/wp-json\/wp\/v2\/pages\/19747","targetHints":{"allow":["GET"]}}],"collection":[{"href":"https:\/\/vpnveteran.com\/tr\/wp-json\/wp\/v2\/pages"}],"about":[{"href":"https:\/\/vpnveteran.com\/tr\/wp-json\/wp\/v2\/types\/page"}],"author":[{"embeddable":true,"href":"https:\/\/vpnveteran.com\/tr\/wp-json\/wp\/v2\/users\/125"}],"replies":[{"embeddable":true,"href":"https:\/\/vpnveteran.com\/tr\/wp-json\/wp\/v2\/comments?post=19747"}],"version-history":[{"count":11,"href":"https:\/\/vpnveteran.com\/tr\/wp-json\/wp\/v2\/pages\/19747\/revisions"}],"predecessor-version":[{"id":57917,"href":"https:\/\/vpnveteran.com\/tr\/wp-json\/wp\/v2\/pages\/19747\/revisions\/57917"}],"wp:attachment":[{"href":"https:\/\/vpnveteran.com\/tr\/wp-json\/wp\/v2\/media?parent=19747"}],"wp:term":[{"taxonomy":"sgf-content-tag","embeddable":true,"href":"https:\/\/vpnveteran.com\/tr\/wp-json\/wp\/v2\/sgf-content-tag?post=19747"},{"taxonomy":"sgf-seo-push","embeddable":true,"href":"https:\/\/vpnveteran.com\/tr\/wp-json\/wp\/v2\/sgf-seo-push?post=19747"}],"curies":[{"name":"wp","href":"https:\/\/api.w.org\/{rel}","templated":true}]}}