{"id":19765,"date":"2020-09-10T03:45:17","date_gmt":"2020-09-10T07:45:17","guid":{"rendered":"https:\/\/vpnveteran.com\/?page_id=19765"},"modified":"2023-07-18T02:02:33","modified_gmt":"2023-07-18T06:02:33","slug":"gizlilik-politikasi","status":"publish","type":"page","link":"https:\/\/vpnveteran.com\/tr\/gizlilik-politikasi\/","title":{"rendered":"Gizlilik Politikas\u0131"},"content":{"rendered":"<p>Bu web sitesinin gizlilik politikas\u0131, VPNveteran.com&#8217;un bu web sitesini kullan\u0131rken sa\u011flad\u0131\u011f\u0131n\u0131z bilgileri nas\u0131l toplad\u0131\u011f\u0131n\u0131, korudu\u011funu ve kulland\u0131\u011f\u0131n\u0131 a\u00e7\u0131klar.<\/p>\n<p>Bu web sitesini kullan\u0131rken bilgi sa\u011flaman\u0131z istendi\u011finde, bu gizlilik politikas\u0131nda a\u00e7\u0131kland\u0131\u011f\u0131 \u015fekilde kullan\u0131lacakt\u0131r.<\/p>\n<p>L\u00fctfen bu politikan\u0131n periyodik olarak g\u00fcncellendi\u011fini ve en son s\u00fcr\u00fcm\u00fcn\u00fcn bu sayfada yay\u0131nland\u0131\u011f\u0131n\u0131 unutmay\u0131n. Bu web sitesinin gizlilik politikas\u0131 son olarak 08\/08\/2018 tarihinde g\u00fcncellenmi\u015ftir.<\/p>\n<p>Bu politika hakk\u0131nda herhangi bir sorunuz varsa, l\u00fctfen <a href=\"mailto:info@vpnveteran.com\" target=\"_blank\" rel=\"nofollow noopener noreferrer\">info@vpnveteran.com<\/a> adresinden bize ula\u015f\u0131n.<\/p>\n<h2>Giri\u015f<\/h2>\n<p>Bireyler hakk\u0131nda belirli bilgileri topluyor ve kullan\u0131yoruz, bunu yaparak \u00fcr\u00fcn ve hizmetler sunuyor ve bu web sitesinde belirli i\u015flevleri m\u00fcmk\u00fcn k\u0131l\u0131yoruz.<\/p>\n<p>Ayr\u0131ca, ziyaret\u00e7ilerin bu web sitesini nas\u0131l kulland\u0131\u011f\u0131n\u0131 ve onlara zaman\u0131nda, ilgili bilgiler sunmak i\u00e7in bilgi topluyoruz.<\/p>\n<h2>Toplad\u0131\u011f\u0131m\u0131z Veriler<\/h2>\n<p>A\u015fa\u011f\u0131daki bilgileri toplayabiliriz:<\/p>\n<ul>\n<li>\u0130sim ve unvan<\/li>\n<li>E-posta adresi de dahil olmak \u00fczere ileti\u015fim bilgileri<\/li>\n<li>Posta kodu, tercihler ve ilgi alanlar\u0131 gibi demografik bilgiler<\/li>\n<li>Web sitesi kullan\u0131m verileri<\/li>\n<li>M\u00fc\u015fteri talepleriyle ilgili di\u011fer bilgiler<\/li>\n<li>\u00d6zel teklifler ve anketlerle ilgili di\u011fer bilgiler<\/li>\n<\/ul>\n<h2>Toplad\u0131\u011f\u0131m\u0131z Verileri Nas\u0131l Kullan\u0131yoruz<\/h2>\n<p>Bu verileri toplamak, \u015firketimizden neler bekledi\u011finizi anlamam\u0131z\u0131 ve geli\u015ftirilmi\u015f \u00fcr\u00fcn ve hizmetler sunmam\u0131z\u0131 sa\u011flar.<\/p>\n<p>\u00d6zellikle verileri \u015fu \u015fekilde kullanabiliriz:<\/p>\n<ul>\n<li>\u0130\u00e7 kay\u0131tlar\u0131m\u0131z i\u00e7in<\/li>\n<li>Sundu\u011fumuz \u00fcr\u00fcn ve hizmetleri geli\u015ftirmek i\u00e7in<\/li>\n<li>Belirli taleplere yan\u0131t vermek i\u00e7in<\/li>\n<li>Web sitesini size \u00f6zelle\u015ftirmek i\u00e7in<\/li>\n<li>\u0130lgili \u00fcr\u00fcnler, hizmetler, teklifler ve di\u011fer g\u00fcncellemeler hakk\u0131nda promosyonel e-postalar g\u00f6ndermek i\u00e7in<\/li>\n<li>Pazar ara\u015ft\u0131rmas\u0131 amac\u0131yla promosyon postalar\u0131 g\u00f6ndermek veya telefon veya e-posta arac\u0131l\u0131\u011f\u0131yla sizinle ileti\u015fime ge\u00e7mek i\u00e7in<\/li>\n<\/ul>\n<h2>Bilgilerinizi Kontrol Etme<\/h2>\n<p>Web sitemizde bir form doldurdu\u011funuzda veya bilgilerinizi sa\u011flad\u0131\u011f\u0131n\u0131zda, size \u015fu i\u015faret kutular\u0131ndan birini veya daha fazlas\u0131n\u0131 g\u00f6receksiniz:<\/p>\n<ul>\n<li>E-posta, telefon, k\u0131sa mesaj veya posta yoluyla bize ait pazarlama ileti\u015fimlerini almay\u0131 tercih etmek<\/li>\n<li>\u00dc\u00e7\u00fcnc\u00fc taraf ortaklar\u0131m\u0131zdan e-posta, telefon, k\u0131sa mesaj veya posta yoluyla pazarlama ileti\u015fimleri almay\u0131 tercih etmek<\/li>\n<\/ul>\n<p>Daha \u00f6nce bilgilerinizi pazarlama ama\u00e7lar\u0131 i\u00e7in kullanmam\u0131za onay verdiyseniz, tercihlerinizi kolayca de\u011fi\u015ftirebilirsiniz, bunun i\u00e7in <a href=\"mailto:info@vpnveteran.com\" target=\"_blank\" rel=\"nofollow noopener noreferrer\">info@vpnveteran.com<\/a> adresine e-posta g\u00f6nderebilirsiniz.<\/p>\n<p>Ki\u015fisel bilgilerinizi hi\u00e7bir zaman izin veya yasal zorunluluk olmad\u0131k\u00e7a \u00fc\u00e7\u00fcnc\u00fc taraflara kiralamayacak, da\u011f\u0131tmayacak veya satmayaca\u011f\u0131z.<\/p>\n<p>Sizinle ilgili ki\u015fisel bilgilere sahip oldu\u011fumuz herhangi bir bilgi, Veri Koruma Politikam\u0131zla uyumlu olarak ve 1998 tarihli Veri Koruma Yasas\u0131&#8217;na uygun olarak depolan\u0131r ve i\u015flenir.<\/p>\n<h2>\u00c7erezler ve Kullan\u0131m \u015eeklimiz<\/h2>\n<h3>\u00c7erez (Cookie) Nedir?<\/h3>\n<p>Bir \u00e7erez, bilgisayar\u0131n\u0131z\u0131n sabit diskinde depolanan k\u00fc\u00e7\u00fck bir dosyad\u0131r. Web sitemizin farkl\u0131 sayfalar\u0131nda gezinirken bilgisayar\u0131n\u0131z\u0131 tan\u0131mas\u0131n\u0131 sa\u011flar.<\/p>\n<p>\u00c7erezler, web sitelerinin ve uygulamalar\u0131n tercihlerinizi saklamas\u0131na ve gezinme davran\u0131\u015f\u0131n\u0131za dayal\u0131 olarak ki\u015fiselle\u015ftirilmi\u015f i\u00e7erik, se\u00e7enekler veya i\u015flevler sunmas\u0131na olanak tan\u0131r.<\/p>\n<p>Ayr\u0131ca, ziyaret\u00e7i say\u0131s\u0131 ve pop\u00fcler sayfalar gibi web sitesi kullan\u0131m\u0131yla ilgili bilgileri toplamam\u0131za yard\u0131mc\u0131 olur.<\/p>\n<h3>\u00c7erezleri Nas\u0131l Kullan\u0131yoruz?<\/h3>\n<p>\u00c7erezleri a\u015fa\u011f\u0131daki ama\u00e7larla kullanabiliriz:<\/p>\n<ul>\n<li>Web trafi\u011fini analiz etmek ve web sitesinin yap\u0131s\u0131n\u0131, tasar\u0131m\u0131n\u0131, i\u00e7eri\u011fini ve i\u015flevselli\u011fini iyile\u015ftirmek.<\/li>\n<li>Web sitemize giri\u015f yap\u0131l\u0131p yap\u0131lmad\u0131\u011f\u0131n\u0131z\u0131 belirlemek.<\/li>\n<li>Web sitemizde i\u00e7erik de\u011fi\u015fikliklerini test etmek.<\/li>\n<li>Daha ilgili ve ilgin\u00e7 i\u00e7erik sunmak i\u00e7in tercihlerinizle ilgili bilgileri saklamak.<\/li>\n<li>Web sitemize geri d\u00f6n\u00fc\u015f\u00fcn\u00fcz\u00fc tan\u0131mak ve ki\u015fiselle\u015ftirilmi\u015f i\u00e7erik veya daha \u00f6nce kullan\u0131lan i\u015flevleri sa\u011flamak.<\/li>\n<\/ul>\n<p>\u00c7erezler, bize bilgisayar\u0131n\u0131za eri\u015fim sa\u011flamaz veya sizinle ilgili bilgi sa\u011flamaz, ancak isterseniz bize payla\u015fman\u0131z durumunda bilgilerinize eri\u015fim sa\u011flar.<\/p>\n<h3>\u00c7erezleri Kontrol Etme<\/h3>\n<p>Web taray\u0131c\u0131n\u0131z\u0131n \u00e7erez ayarlar\u0131n\u0131 d\u00fczenleyerek web sitemizin \u00e7erezleri nas\u0131l kulland\u0131\u011f\u0131n\u0131 y\u00f6netebilirsiniz.<\/p>\n<p>Web sitemizin bilgisayar\u0131n\u0131za veya cihaz\u0131n\u0131za \u00e7erez depolamas\u0131n\u0131 istemiyorsan\u0131z, taray\u0131c\u0131n\u0131z\u0131 \u00e7erezleri reddedecek \u015fekilde ayarlayabilirsiniz.<\/p>\n<p>Ancak, l\u00fctfen bunun web sitemizin i\u015flevselli\u011fini etkileyebilece\u011fini ve belirli sayfalar\u0131n veya hizmetlerin kullan\u0131lamaz hale gelebilece\u011fini unutmay\u0131n.<\/p>\n<p>\u00c7erezleri reddetme ayar\u0131n\u0131 yap\u0131land\u0131rmad\u0131ysan\u0131z, web sitemizi ziyaret etti\u011finizde \u00e7erezler verilecektir.<\/p>\n<p>\u00c7erezler ve kullan\u0131mlar\u0131 hakk\u0131nda daha fazla bilgi edinmek i\u00e7in &#8220;<a href=\"http:\/\/allaboutcookies.org\" target=\"_blank\" rel=\"nofollow noopener noreferrer\">All About Cookies<\/a> (\u00c7erezler Hakk\u0131nda Her \u015eey)&#8221;i ziyaret edebilirsiniz.<\/p>\n","protected":false},"excerpt":{"rendered":"<p>Bu web sitesinin gizlilik politikas\u0131, VPNveteran.com&#8217;un bu web sitesini kullan\u0131rken sa\u011flad\u0131\u011f\u0131n\u0131z bilgileri nas\u0131l toplad\u0131\u011f\u0131n\u0131, korudu\u011funu ve kulland\u0131\u011f\u0131n\u0131 a\u00e7\u0131klar. Bu web sitesini kullan\u0131rken bilgi sa\u011flaman\u0131z istendi\u011finde, bu gizlilik politikas\u0131nda a\u00e7\u0131kland\u0131\u011f\u0131 \u015fekilde kullan\u0131lacakt\u0131r. L\u00fctfen bu politikan\u0131n periyodik olarak g\u00fcncellendi\u011fini ve en son s\u00fcr\u00fcm\u00fcn\u00fcn bu sayfada yay\u0131nland\u0131\u011f\u0131n\u0131 unutmay\u0131n. Bu web sitesinin gizlilik politikas\u0131 son olarak 08\/08\/2018 tarihinde g\u00fcncellenmi\u015ftir. [&hellip;]<\/p>\n","protected":false},"author":54,"featured_media":0,"parent":0,"menu_order":0,"comment_status":"closed","ping_status":"closed","template":"","meta":{"om_disable_all_campaigns":false,"footnotes":""},"sgf-content-tag":[183,195],"sgf-seo-push":[],"class_list":["post-19765","page","type-page","status-publish","hentry"],"_links":{"self":[{"href":"https:\/\/vpnveteran.com\/tr\/wp-json\/wp\/v2\/pages\/19765","targetHints":{"allow":["GET"]}}],"collection":[{"href":"https:\/\/vpnveteran.com\/tr\/wp-json\/wp\/v2\/pages"}],"about":[{"href":"https:\/\/vpnveteran.com\/tr\/wp-json\/wp\/v2\/types\/page"}],"author":[{"embeddable":true,"href":"https:\/\/vpnveteran.com\/tr\/wp-json\/wp\/v2\/users\/54"}],"replies":[{"embeddable":true,"href":"https:\/\/vpnveteran.com\/tr\/wp-json\/wp\/v2\/comments?post=19765"}],"version-history":[{"count":5,"href":"https:\/\/vpnveteran.com\/tr\/wp-json\/wp\/v2\/pages\/19765\/revisions"}],"predecessor-version":[{"id":57695,"href":"https:\/\/vpnveteran.com\/tr\/wp-json\/wp\/v2\/pages\/19765\/revisions\/57695"}],"wp:attachment":[{"href":"https:\/\/vpnveteran.com\/tr\/wp-json\/wp\/v2\/media?parent=19765"}],"wp:term":[{"taxonomy":"sgf-content-tag","embeddable":true,"href":"https:\/\/vpnveteran.com\/tr\/wp-json\/wp\/v2\/sgf-content-tag?post=19765"},{"taxonomy":"sgf-seo-push","embeddable":true,"href":"https:\/\/vpnveteran.com\/tr\/wp-json\/wp\/v2\/sgf-seo-push?post=19765"}],"curies":[{"name":"wp","href":"https:\/\/api.w.org\/{rel}","templated":true}]}}