{"id":19768,"date":"2020-09-10T03:52:37","date_gmt":"2020-09-10T07:52:37","guid":{"rendered":"https:\/\/vpnveteran.com\/?page_id=19768"},"modified":"2021-12-29T21:25:26","modified_gmt":"2021-12-30T02:25:26","slug":"site-haritasi","status":"publish","type":"page","link":"https:\/\/vpnveteran.com\/tr\/site-haritasi\/","title":{"rendered":"Site Haritas\u0131"},"content":{"rendered":"<div class=\"wsp-container\"><h2 class=\"wsp-posts-title\">Posts by category<\/h2>\n<ul class=\"wsp-posts-list\">\n\t<li><strong class=\"wsp-category-title\">Category: <a href=\"https:\/\/vpnveteran.com\/tr\/kategori\/gozden-gecirmek\/\">De\u011ferlendirmeler<\/a><\/strong>\n<ul class=\"wsp-posts-list\">\t\t<li class=\"wsp-post\"><a href=\"https:\/\/vpnveteran.com\/tr\/strongvpn-incelemesi\/\">StrongVPN \u0130ncelemesi 2026<\/a><\/li>\n\t\t<li class=\"wsp-post\"><a href=\"https:\/\/vpnveteran.com\/tr\/atlas-vpn-degerlendirmesi\/\">Atlas VPN<\/a><\/li>\n\t\t<li class=\"wsp-post\"><a href=\"https:\/\/vpnveteran.com\/tr\/turbo-vpn-degerlendirmesi\/\">Turbo VPN<\/a><\/li>\n\t\t<li class=\"wsp-post\"><a href=\"https:\/\/vpnveteran.com\/tr\/zenmate-vpn\/\">ZenMate VPN<\/a><\/li>\n\t\t<li class=\"wsp-post\"><a href=\"https:\/\/vpnveteran.com\/tr\/tunnelbear-vpn\/\">TunnelBear VPN<\/a><\/li>\n\t\t<li class=\"wsp-post\"><a href=\"https:\/\/vpnveteran.com\/tr\/windscribe-vpn\/\">Windscribe VPN<\/a><\/li>\n\t\t<li class=\"wsp-post\"><a href=\"https:\/\/vpnveteran.com\/tr\/hotspot-shield-vpn\/\">Hotspot Shield VPN<\/a><\/li>\n\t\t<li class=\"wsp-post\"><a href=\"https:\/\/vpnveteran.com\/tr\/vyprvpn-degerlendirmesi\/\">VyprVPN<\/a><\/li>\n\t\t<li class=\"wsp-post\"><a href=\"https:\/\/vpnveteran.com\/tr\/protonvpn-degerlendirmesi\/\">ProtonVPN \u0130ncelemesi 2026<\/a><\/li>\n\t\t<li class=\"wsp-post\"><a href=\"https:\/\/vpnveteran.com\/tr\/ipvanish\/\">IPVanish<\/a><\/li>\n\t\t<li class=\"wsp-post\"><a href=\"https:\/\/vpnveteran.com\/tr\/astrillvpn\/\">Astrill VPN<\/a><\/li>\n\t\t<li class=\"wsp-post\"><a href=\"https:\/\/vpnveteran.com\/tr\/privatevpn-inceleme\/\">PrivateVPN \u0130ncelemesi 2026<\/a><\/li>\n\t\t<li class=\"wsp-post\"><a href=\"https:\/\/vpnveteran.com\/tr\/vpn-surfshark\/\">Surfshark VPN<\/a><\/li>\n\t\t<li class=\"wsp-post\"><a href=\"https:\/\/vpnveteran.com\/tr\/cyberghost-vpn-incelemesi\/\">CyberGhost VPN<\/a><\/li>\n\t\t<li class=\"wsp-post\"><a href=\"https:\/\/vpnveteran.com\/tr\/nordvpn-inceleme\/\">NordVPN \u0130ncelemesi 2026<\/a><\/li>\n\t\t<li class=\"wsp-post\"><a href=\"https:\/\/vpnveteran.com\/tr\/expressvpn-inceleme\/\">ExpressVPN \u0130ncelemesi 2026<\/a><\/li>\n\t\t<li class=\"wsp-post\"><a href=\"https:\/\/vpnveteran.com\/tr\/private-internet-access-inceleme\/\">Private Internet Access (PIA)<\/a><\/li>\n<\/ul><\/li>\n\t<li><strong class=\"wsp-category-title\">Category: <a href=\"https:\/\/vpnveteran.com\/tr\/kategori\/rehber\/\">Rehber<\/a><\/strong>\n<ul class=\"wsp-posts-list\">\t\t<li class=\"wsp-post\"><a href=\"https:\/\/vpnveteran.com\/tr\/pc-icin-en-iyi-vpn\/\">PC i\u00e7in En \u0130yi VPN Hangisi? (2026 Listesi)<\/a><\/li>\n\t\t<li class=\"wsp-post\"><a href=\"https:\/\/vpnveteran.com\/tr\/en-iyi-chrome-vpn\/\">En \u0130yi Chrome VPN Eklentisi Hangisi? (2026 G\u00fcncel)<\/a><\/li>\n\t\t<li class=\"wsp-post\"><a href=\"https:\/\/vpnveteran.com\/tr\/nba-canli-izle\/\">NBA Canl\u0131 Nas\u0131l \u0130zlenir (2026 Rehberi)<\/a><\/li>\n\t\t<li class=\"wsp-post\"><a href=\"https:\/\/vpnveteran.com\/tr\/fifa-dunya-kupasi-canli-nasil-izlenir\/\">2022 FIFA D\u00fcnya Kupas\u0131 Canl\u0131 Nas\u0131l \u0130zlenir?<\/a><\/li>\n\t\t<li class=\"wsp-post\"><a href=\"https:\/\/vpnveteran.com\/tr\/disney-turkiye-nasil-izle\/\">Disney+ Nas\u0131l \u0130zlenir 2026 (G\u00fcncel)<\/a><\/li>\n\t\t<li class=\"wsp-post\"><a href=\"https:\/\/vpnveteran.com\/tr\/torrent-expressvpn-uyumlulugu\/\">ExpressVPN Ve Torrent Uyumlulu\u011fu (2026 Rehberi)<\/a><\/li>\n\t\t<li class=\"wsp-post\"><a href=\"https:\/\/vpnveteran.com\/tr\/expressvpn-vs-surfshark\/\">ExpressVPN vs. Surfshark Kar\u015f\u0131la\u015ft\u0131rmas\u0131 2026<\/a><\/li>\n\t\t<li class=\"wsp-post\"><a href=\"https:\/\/vpnveteran.com\/tr\/us-open-canli-izle\/\">\u00dcCRETS\u0130Z US Open Nas\u0131l \u0130zlenir (2026 G\u00fcncel)<\/a><\/li>\n\t\t<li class=\"wsp-post\"><a href=\"https:\/\/vpnveteran.com\/tr\/wimbledon-tenis-canli-izle\/\">\u00dccretsiz Nas\u0131l Wimbledon izlenir? Kapsaml\u0131 Rehber 2026<\/a><\/li>\n\t\t<li class=\"wsp-post\"><a href=\"https:\/\/vpnveteran.com\/tr\/surfshark-vpn-kupon\/\">Surfshark VPN Kuponlar\u0131 2026: %82 DAHA UCUZ!<\/a><\/li>\n\t\t<li class=\"wsp-post\"><a href=\"https:\/\/vpnveteran.com\/tr\/expressvpn-kupon\/\">ExpressVPN Kuponlar\u0131 (G\u00fcncel 2026)<\/a><\/li>\n\t\t<li class=\"wsp-post\"><a href=\"https:\/\/vpnveteran.com\/tr\/expressvpn-ve-netflix\/\">ExpressVPN Netflix ile Uyumlu mu? 2026<\/a><\/li>\n\t\t<li class=\"wsp-post\"><a href=\"https:\/\/vpnveteran.com\/tr\/expressvpn-vs-nordvpn\/\">ExpressVPN vs. NordVPN | Hangisi Daha \u0130yi? 2026<\/a><\/li>\n\t\t<li class=\"wsp-post\"><a href=\"https:\/\/vpnveteran.com\/tr\/nordvpn-kupon-kodu\/\">NordVPN Kuponu 2026 &#8211; %51 DAHA UCUZ!<\/a><\/li>\n\t\t<li class=\"wsp-post\"><a href=\"https:\/\/vpnveteran.com\/tr\/turkiye-icin-ucretsiz-vpn\/\">T\u00fcrkiye i\u00e7in En \u0130yi \u00dccretsiz VPN ler<\/a><\/li>\n\t\t<li class=\"wsp-post\"><a href=\"https:\/\/vpnveteran.com\/tr\/ip-gizleme\/\">IP Adresi Nas\u0131l Gizlenir?<\/a><\/li>\n\t\t<li class=\"wsp-post\"><a href=\"https:\/\/vpnveteran.com\/tr\/oyun-icin-en-iyi-vpn\/\">Video Oyunlar\u0131 i\u00e7in En \u0130yi VPN&#8217;ler<\/a><\/li>\n\t\t<li class=\"wsp-post\"><a href=\"https:\/\/vpnveteran.com\/tr\/netflix-icin-en-iyi-ucretsiz-vpn\/\">Netflix \u0130\u00e7in En \u0130yi \u00dccretsiz VPN<\/a><\/li>\n\t\t<li class=\"wsp-post\"><a href=\"https:\/\/vpnveteran.com\/tr\/turkce-tv-nasil-izle\/\">Yurt D\u0131\u015f\u0131ndayken T\u00fcrk Televizyonu \u0130zleyin<\/a><\/li>\n\t\t<li class=\"wsp-post\"><a href=\"https:\/\/vpnveteran.com\/tr\/italya-ligi-canli-izle-nasil\/\">\u0130talya Serie A Canl\u0131 \u0130zleme Rehberi (2026)<\/a><\/li>\n\t\t<li class=\"wsp-post\"><a href=\"https:\/\/vpnveteran.com\/tr\/iphone-icin-en-iyi-vpn\/\">iPhone&#8217;unuz i\u00e7in En \u0130yi VPN Hangisi?<\/a><\/li>\n\t\t<li class=\"wsp-post\"><a href=\"https:\/\/vpnveteran.com\/tr\/vpn-ne-demek\/\">VPN Nedir?<\/a><\/li>\n\t\t<li class=\"wsp-post\"><a href=\"https:\/\/vpnveteran.com\/tr\/en-iyi-turkiye-vpn\/\">En \u0130yi T\u00fcrkiye VPN<\/a><\/li>\n\t\t<li class=\"wsp-post\"><a href=\"https:\/\/vpnveteran.com\/tr\/en-iyi-netflix-vpn\/\">En \u0130yi Netflix VPN<\/a><\/li>\n\t\t<li class=\"wsp-post\"><a href=\"https:\/\/vpnveteran.com\/tr\/engellenen-porno-sitesi-izle\/\">2026&#8216;de Porno Sitelerini \u0130zlemenin Yollar\u0131<\/a><\/li>\n\t\t<li class=\"wsp-post\"><a href=\"https:\/\/vpnveteran.com\/tr\/en-ucuz-vpn-programi\/\">2026 Y\u0131l\u0131n\u0131n En Ucuz VPN Hizmetleri<\/a><\/li>\n\t\t<li class=\"wsp-post\"><a href=\"https:\/\/vpnveteran.com\/tr\/canli-premier-lig-izle\/\">2026 Canl\u0131 Premier Lig izleme Rehberi<\/a><\/li>\n\t\t<li class=\"wsp-post\"><a href=\"https:\/\/vpnveteran.com\/tr\/hulu-turkiye-nasil-izlenir\/\">Hulu T\u00fcrkiye \u0130zlemek \u0130\u00e7in En iyi VPN Se\u00e7enekleri<\/a><\/li>\n\t\t<li class=\"wsp-post\"><a href=\"https:\/\/vpnveteran.com\/tr\/la-liga-canli-mac-izle\/\">La Liga canli izle &#8211; VPN kullanarak \u0130spanya Ligini izle<\/a><\/li>\n\t\t<li class=\"wsp-post\"><a href=\"https:\/\/vpnveteran.com\/tr\/wwe-canli-yayin-izle\/\">WWE canl\u0131 izle mek i\u00e7in VPN kullan\u0131n<\/a><\/li>\n\t\t<li class=\"wsp-post\"><a href=\"https:\/\/vpnveteran.com\/tr\/boks-maci-izle-canli\/\">Canl\u0131 boks ma\u00e7\u0131 izle &#8211; Hangi VPN&#8217;ler en iyileri?<\/a><\/li>\n\t\t<li class=\"wsp-post\"><a href=\"https:\/\/vpnveteran.com\/tr\/olimpiyat-oyunlari-canli-izle\/\">Pekin K\u0131\u015f Olimpiyat Oyunlar\u0131 2022&#8217;de Nas\u0131l \u0130zlenir?<\/a><\/li>\n\t\t<li class=\"wsp-post\"><a href=\"https:\/\/vpnveteran.com\/tr\/piratebay-vpn\/\">The Pirate Bay VPN Kullanarak Nas\u0131l A\u00e7\u0131labilir?<\/a><\/li>\n\t\t<li class=\"wsp-post\"><a href=\"https:\/\/vpnveteran.com\/tr\/f1-canli-yayin\/\"> Canl\u0131 Nas\u0131l \u0130zlenir?<\/a><\/li>\n\t\t<li class=\"wsp-post\"><a href=\"https:\/\/vpnveteran.com\/tr\/en-populer-akis-oyunlari\/\">En Pop\u00fcler Ak\u0131\u015f Oyunlar\u0131<\/a><\/li>\n\t\t<li class=\"wsp-post\"><a href=\"https:\/\/vpnveteran.com\/tr\/motogp-canli-izle\/\">MotoGP 2026  \u00dccretsiz Nas\u0131l \u0130zlenir?<\/a><\/li>\n\t\t<li class=\"wsp-post\"><a href=\"https:\/\/vpnveteran.com\/tr\/pga-turu-canli-yayin\/\">PGA Turu Canl\u0131 Yay\u0131n \u0130zlemek \u0130\u00e7in VPN Kullan\u0131n<\/a><\/li>\n\t\t<li class=\"wsp-post\"><a href=\"https:\/\/vpnveteran.com\/tr\/avustralya-acik-tenis-turnuvasi-canli-izle\/\">Avustralya A\u00e7\u0131k Tenis Turnuvas\u0131 Nas\u0131l \u0130zlenir?<\/a><\/li>\n\t\t<li class=\"wsp-post\"><a href=\"https:\/\/vpnveteran.com\/tr\/en-iyi-yerel-akis\/\">En iyi Yerel Ak\u0131\u015f Hizmetleri Hangileri?<\/a><\/li>\n\t\t<li class=\"wsp-post\"><a href=\"https:\/\/vpnveteran.com\/tr\/sampiyonlar-ligi-canli-izle\/\">\u015eampiyonlar Ligi Canl\u0131 Yay\u0131n \u0130zlemek \u0130\u00e7in VPN Kullan\u0131n<\/a><\/li>\n\t\t<li class=\"wsp-post\"><a href=\"https:\/\/vpnveteran.com\/tr\/vpn-kullanarak-at-yarisi-izle\/\">Herhangi bir yerden nas\u0131l at yar\u0131\u015f\u0131 izle nir?<\/a><\/li>\n\t\t<li class=\"wsp-post\"><a href=\"https:\/\/vpnveteran.com\/tr\/popcorn-guvenli-bir-vpn-izle\/\">VPN Kullanarak G\u00fcvenli Bir \u015eekilde Popcorn Film \u0130zle<\/a><\/li>\n\t\t<li class=\"wsp-post\"><a href=\"https:\/\/vpnveteran.com\/tr\/en-iyi-torrent-siteleri\/\">En \u0130yi Torrent Siteleri ve VPN Kullanman\u0131n Yararlar\u0131<\/a><\/li>\n\t\t<li class=\"wsp-post\"><a href=\"https:\/\/vpnveteran.com\/tr\/en-iyi-spor-canli-mac-izle-kanallari\/\">En \u0130yi Spor Canl\u0131 Ma\u00e7 \u0130zle me Kanallar\u0131<\/a><\/li>\n\t\t<li class=\"wsp-post\"><a href=\"https:\/\/vpnveteran.com\/tr\/best-android-vpn-of-the-year\/\">Y\u0131l\u0131n En \u0130yi VPN Android Se\u00e7enekleri<\/a><\/li>\n\t\t<li class=\"wsp-post\"><a href=\"https:\/\/vpnveteran.com\/tr\/ucretsiz-vpn-secenekleri\/\">En iyi \u00dccretsiz VPN Se\u00e7enekleri Neler?<\/a><\/li>\n\t\t<li class=\"wsp-post\"><a href=\"https:\/\/vpnveteran.com\/tr\/canli-rugby-dunya-kupasi-izle\/\">Her Yerden D\u00fcnya Kupas\u0131 ve Canl\u0131 Rugby \u0130zle<\/a><\/li>\n\t\t<li class=\"wsp-post\"><a href=\"https:\/\/vpnveteran.com\/tr\/watch-nfl-superbowl-online-everywhere\/\">Super Bowl LVII \u00dcCRETS\u0130Z Nas\u0131l \u0130zlenir? (2023 A\u00e7\u0131klamal\u0131 Rehber)<\/a><\/li>\n\t\t<li class=\"wsp-post\"><a href=\"https:\/\/vpnveteran.com\/tr\/ufc-canli-yayin-izle\/\">UFC Canl\u0131 izle <\/a><\/li>\n\t\t<li class=\"wsp-post\"><a href=\"https:\/\/vpnveteran.com\/tr\/almanya-ligi-canli-izle\/\">Bundesliga Nas\u0131l \u0130zlenir? (2026 Kapsaml\u0131 Rehber)<\/a><\/li>\n\t\t<li class=\"wsp-post\"><a href=\"https:\/\/vpnveteran.com\/tr\/amazon-prime-video-turkiye-izle\/\">Amazon Video Prime T\u00fcrkiye VPN&#8217;le T\u00fcm \u0130\u00e7eriklere Eri\u015f<\/a><\/li>\n\t\t<li class=\"wsp-post\"><a href=\"https:\/\/vpnveteran.com\/tr\/en-iyi-vpn\/\">En iyi VPN Program\u0131 Nas\u0131l Bulunur?<\/a><\/li>\n\t\t<li class=\"wsp-post\"><a href=\"https:\/\/vpnveteran.com\/tr\/netflix-turkiye-izle\/\">Yurtd\u0131\u015f\u0131nda Netflix T\u00fcrkiye Nas\u0131l \u0130zlenir<\/a><\/li>\n\t\t<li class=\"wsp-post\"><a href=\"https:\/\/vpnveteran.com\/tr\/netflix-amerika-izleme\/\">Netflix Amerika i\u00e7eri\u011fi izleme<\/a><\/li>\n\t\t<li class=\"wsp-post\"><a href=\"https:\/\/vpnveteran.com\/tr\/private-vpn-kuponlari-ve-firsatlari\/\">PrivateVPN Kuponlar\u0131 May\u0131s 2026: %85 \u0130ndirim!<\/a><\/li>\n\t\t<li class=\"wsp-post\"><a href=\"https:\/\/vpnveteran.com\/tr\/yurt-disinda-trt-spor-nasil-izlenir\/\">Yurtd\u0131\u015f\u0131nda TRT Spor Nas\u0131l \u0130zlenir? (2026 Tam Rehber)<\/a><\/li>\n\t\t<li class=\"wsp-post\"><a href=\"https:\/\/vpnveteran.com\/tr\/expressvpn-ucretsiz-deneme-surumunu\/\">ExpressVPN \u00dccretsiz Deneme Nas\u0131l Yap\u0131l\u0131r 2026<\/a><\/li>\n\t\t<li class=\"wsp-post\"><a href=\"https:\/\/vpnveteran.com\/tr\/six-nations-championships-nasil-izlenir\/\">\u00dccretsiz Six Nations Championships Nas\u0131l \u0130zlenir (2026 Tam Rehber)<\/a><\/li>\n\t\t<li class=\"wsp-post\"><a href=\"https:\/\/vpnveteran.com\/tr\/fifa-dunya-kulupler-kupasi-izle\/\">FIFA D\u00fcnya Kul\u00fcpler Kupas\u0131 Nas\u0131l \u0130zlenir? (2026 G\u00fcncel)<\/a><\/li>\n\t\t<li class=\"wsp-post\"><a href=\"https:\/\/vpnveteran.com\/tr\/ip-nasil-degistirilir\/\">IP Nas\u0131l De\u011fi\u015ftirilir? (2026 Kolay ve Kesin \u00c7\u00f6z\u00fcm)<\/a><\/li>\n<\/ul><\/li>\n<\/ul>\n<\/div>\n","protected":false},"excerpt":{"rendered":"","protected":false},"author":125,"featured_media":0,"parent":0,"menu_order":0,"comment_status":"closed","ping_status":"closed","template":"","meta":{"om_disable_all_campaigns":false,"footnotes":""},"sgf-content-tag":[183,196],"sgf-seo-push":[],"class_list":["post-19768","page","type-page","status-publish","hentry"],"_links":{"self":[{"href":"https:\/\/vpnveteran.com\/tr\/wp-json\/wp\/v2\/pages\/19768","targetHints":{"allow":["GET"]}}],"collection":[{"href":"https:\/\/vpnveteran.com\/tr\/wp-json\/wp\/v2\/pages"}],"about":[{"href":"https:\/\/vpnveteran.com\/tr\/wp-json\/wp\/v2\/types\/page"}],"author":[{"embeddable":true,"href":"https:\/\/vpnveteran.com\/tr\/wp-json\/wp\/v2\/users\/125"}],"replies":[{"embeddable":true,"href":"https:\/\/vpnveteran.com\/tr\/wp-json\/wp\/v2\/comments?post=19768"}],"version-history":[{"count":2,"href":"https:\/\/vpnveteran.com\/tr\/wp-json\/wp\/v2\/pages\/19768\/revisions"}],"predecessor-version":[{"id":19770,"href":"https:\/\/vpnveteran.com\/tr\/wp-json\/wp\/v2\/pages\/19768\/revisions\/19770"}],"wp:attachment":[{"href":"https:\/\/vpnveteran.com\/tr\/wp-json\/wp\/v2\/media?parent=19768"}],"wp:term":[{"taxonomy":"sgf-content-tag","embeddable":true,"href":"https:\/\/vpnveteran.com\/tr\/wp-json\/wp\/v2\/sgf-content-tag?post=19768"},{"taxonomy":"sgf-seo-push","embeddable":true,"href":"https:\/\/vpnveteran.com\/tr\/wp-json\/wp\/v2\/sgf-seo-push?post=19768"}],"curies":[{"name":"wp","href":"https:\/\/api.w.org\/{rel}","templated":true}]}}