{"id":19771,"date":"2020-09-10T03:56:54","date_gmt":"2020-09-10T07:56:54","guid":{"rendered":"https:\/\/vpnveteran.com\/?page_id=19771"},"modified":"2023-07-17T06:00:14","modified_gmt":"2023-07-17T10:00:14","slug":"sorumluluk-reddi","status":"publish","type":"page","link":"https:\/\/vpnveteran.com\/tr\/sorumluluk-reddi\/","title":{"rendered":"Sorumluluk Reddi"},"content":{"rendered":"<p>End\u00fcstrideki en son geli\u015fmeler hakk\u0131nda sizi g\u00fcncel tutmak amac\u0131yla, rehberlerin, incelemelerin, bilgilerin, g\u00fcvenlik yaz\u0131l\u0131mlar\u0131n\u0131n ayr\u0131nt\u0131lar\u0131n\u0131n, gizlilik ara\u00e7lar\u0131n\u0131n, VPN hizmet sa\u011flay\u0131c\u0131lar\u0131n\u0131n vb. t\u00fcm\u00fcn\u00fc iyi niyetle incelemeniz ve bilginiz i\u00e7in sunuyoruz.<\/p>\n<p>Sensitif bir alan olabilece\u011finin fark\u0131nda olan uzman bir ekip taraf\u0131ndan sunulan bir dizi hizmet ve \u00e7\u00f6z\u00fcm sunuyoruz.<\/p>\n<p>Bu \u015fekilde her \u015feyin a\u00e7\u0131k olmas\u0131 gerekti\u011fi \u00e7ok a\u00e7\u0131kt\u0131r: T\u00fcm rehberler, incelemeler, bilgiler ve di\u011fer materyaller yaln\u0131zca genel bilgilendirme ama\u00e7l\u0131d\u0131r ve su\u00e7, yasa d\u0131\u015f\u0131 faaliyetler, s\u00f6zle\u015fme ihlali, zarar, ba\u015fkas\u0131na zarar veya yaralanma gibi herhangi bir t\u00fcr\u00fc desteklemez, te\u015fvik etmez veya te\u015fvik etmemektedir.<\/p>\n<p>Web sitemiz ba\u015fka web sitelerine ba\u011flant\u0131lar i\u00e7erebilir. L\u00fctfen VPNveteran.com alan\u0131 d\u0131\u015f\u0131ndaki web siteleri \u00fczerinde kontrol\u00fcm\u00fcz olmad\u0131\u011f\u0131n\u0131 unutmay\u0131n. Ba\u011flant\u0131 verdi\u011fimiz bir web sitesine bilgi sa\u011flarsan\u0131z, koruma ve gizlilikten sorumlu de\u011filiz.<\/p>\n<p>Harici web sitelerine veri g\u00f6nderirken dikkatli olunmas\u0131 her zaman \u00f6nemlidir. Onlar\u0131n veri koruma ve gizlilik politikalar\u0131n\u0131 detayl\u0131 olarak incelemenizi \u00f6neririz.<\/p>\n<p>Burada dikkate al\u0131nmas\u0131 gereken nokta, eylemlerinizin sizin sorumlulu\u011funuzda oldu\u011fudur; kendi kararlar\u0131n\u0131z\u0131 tamamen ve yaln\u0131zca sizin vermeniz gerekmektedir; eylemleriniz ve sonu\u00e7lar\u0131 hakk\u0131nda herhangi bir endi\u015feniz, \u015f\u00fcpheniz veya sorununuz varsa \u00f6zellikle kendi yasal dan\u0131\u015fmanl\u0131\u011f\u0131n\u0131z\u0131 alman\u0131z gerekmektedir.<\/p>\n<p>Yukar\u0131da bahsedilen noktalar\u0131n yan\u0131 s\u0131ra, di\u011fer insanlar zaman zaman web sitesine katk\u0131da bulunabilir, g\u00f6nderi yapabilir veya yorum yapabilir; katk\u0131lar\u0131n\u0131z\u0131 memnuniyetle kar\u015f\u0131lamaktay\u0131z, ancak di\u011fer insanlar taraf\u0131ndan yap\u0131lan g\u00f6r\u00fc\u015f veya i\u00e7eriklerden sorumlu de\u011filiz. G\u00f6r\u00fc\u015fleri kendilerine aittir ve web sitemizin g\u00f6r\u00fc\u015flerini yans\u0131tmak zorunda de\u011fildir.<\/p>\n","protected":false},"excerpt":{"rendered":"<p>End\u00fcstrideki en son geli\u015fmeler hakk\u0131nda sizi g\u00fcncel tutmak amac\u0131yla, rehberlerin, incelemelerin, bilgilerin, g\u00fcvenlik yaz\u0131l\u0131mlar\u0131n\u0131n ayr\u0131nt\u0131lar\u0131n\u0131n, gizlilik ara\u00e7lar\u0131n\u0131n, VPN hizmet sa\u011flay\u0131c\u0131lar\u0131n\u0131n vb. t\u00fcm\u00fcn\u00fc iyi niyetle incelemeniz ve bilginiz i\u00e7in sunuyoruz. Sensitif bir alan olabilece\u011finin fark\u0131nda olan uzman bir ekip taraf\u0131ndan sunulan bir dizi hizmet ve \u00e7\u00f6z\u00fcm sunuyoruz. Bu \u015fekilde her \u015feyin a\u00e7\u0131k olmas\u0131 gerekti\u011fi \u00e7ok a\u00e7\u0131kt\u0131r: [&hellip;]<\/p>\n","protected":false},"author":54,"featured_media":0,"parent":0,"menu_order":0,"comment_status":"closed","ping_status":"closed","template":"","meta":{"om_disable_all_campaigns":false,"footnotes":""},"sgf-content-tag":[183,192],"sgf-seo-push":[],"class_list":["post-19771","page","type-page","status-publish","hentry"],"_links":{"self":[{"href":"https:\/\/vpnveteran.com\/tr\/wp-json\/wp\/v2\/pages\/19771","targetHints":{"allow":["GET"]}}],"collection":[{"href":"https:\/\/vpnveteran.com\/tr\/wp-json\/wp\/v2\/pages"}],"about":[{"href":"https:\/\/vpnveteran.com\/tr\/wp-json\/wp\/v2\/types\/page"}],"author":[{"embeddable":true,"href":"https:\/\/vpnveteran.com\/tr\/wp-json\/wp\/v2\/users\/54"}],"replies":[{"embeddable":true,"href":"https:\/\/vpnveteran.com\/tr\/wp-json\/wp\/v2\/comments?post=19771"}],"version-history":[{"count":4,"href":"https:\/\/vpnveteran.com\/tr\/wp-json\/wp\/v2\/pages\/19771\/revisions"}],"predecessor-version":[{"id":57656,"href":"https:\/\/vpnveteran.com\/tr\/wp-json\/wp\/v2\/pages\/19771\/revisions\/57656"}],"wp:attachment":[{"href":"https:\/\/vpnveteran.com\/tr\/wp-json\/wp\/v2\/media?parent=19771"}],"wp:term":[{"taxonomy":"sgf-content-tag","embeddable":true,"href":"https:\/\/vpnveteran.com\/tr\/wp-json\/wp\/v2\/sgf-content-tag?post=19771"},{"taxonomy":"sgf-seo-push","embeddable":true,"href":"https:\/\/vpnveteran.com\/tr\/wp-json\/wp\/v2\/sgf-seo-push?post=19771"}],"curies":[{"name":"wp","href":"https:\/\/api.w.org\/{rel}","templated":true}]}}