{"id":19774,"date":"2020-09-10T05:59:29","date_gmt":"2020-09-10T09:59:29","guid":{"rendered":"https:\/\/vpnveteran.com\/?page_id=19774"},"modified":"2023-07-26T07:50:56","modified_gmt":"2023-07-26T11:50:56","slug":"iletisim","status":"publish","type":"page","link":"https:\/\/vpnveteran.com\/tr\/iletisim\/","title":{"rendered":"\u0130leti\u015fim"},"content":{"rendered":"<p>\u0130\u015fte tam ileti\u015fim bilgilerimiz:<\/p>\n<ul>\n<li><strong>Adres:<\/strong> 185 Atat\u00fcrk Bulvar\u0131, Ankara 06680, T\u00fcrkiye<\/li>\n<li><strong>Telefon numaras\u0131:<\/strong> (+90) 0531-802-44-20<\/li>\n<\/ul>\n<p>Bizi haritada bulmak i\u00e7in l\u00fctfen a\u015fa\u011f\u0131daki ba\u011flant\u0131y\u0131 ziyaret edin:<\/p>\n<p><iframe style=\"border: 0;\" src=\"https:\/\/www.google.com\/maps\/embed?pb=!1m18!1m12!1m3!1d3060.3999337791947!2d32.85360577571678!3d39.910065371525526!2m3!1f0!2f0!3f0!3m2!1i1024!2i768!4f13.1!3m3!1m2!1s0x14d34fa7adae49c9%3A0x7b8343283fcfba60!2zS2F2YWtsxLFkZXJlLCBBdGF0w7xyayBCbHYgTm86MTg1LCAwNjY4MCDDh2Fua2F5YS9BbmthcmEsIFTDvHJraXll!5e0!3m2!1sen!2sth!4v1690359558931!5m2!1sen!2sth\" width=\"600\" height=\"450\" allowfullscreen=\"allowfullscreen\"><\/iframe><\/p>\n<p>Bizimle ileti\u015fime ge\u00e7mek i\u00e7in l\u00fctfen a\u015fa\u011f\u0131daki e-posta adreslerinden birine mesaj g\u00f6nderin:<\/p>\n<ul>\n<li>Genel bilgi i\u00e7in: <a href=\"mailto:info@vpnveteran.com\" target=\"_blank\" rel=\"nofollow noopener noreferrer\">info@vpnveteran.com<\/a><\/li>\n<li>Sorular\u0131n\u0131z ve i\u015fbirli\u011fi teklifleri i\u00e7in: <a href=\"mailto:outreach@vpnveteran.com\" target=\"_blank\" rel=\"nofollow noopener noreferrer\">outreach@vpnveteran.com<\/a><\/li>\n<li>\u0130\u015f ba\u015fvurular\u0131 i\u00e7in: <a href=\"mailto:jobs@vpnveteran.com\" target=\"_blank\" rel=\"nofollow noopener noreferrer\">jobs@vpnveteran.com<\/a><\/li>\n<\/ul>\n<p>Sizden yak\u0131nda haber almay\u0131 d\u00f6rt g\u00f6zle bekliyoruz!<\/p>\n","protected":false},"excerpt":{"rendered":"<p>\u0130\u015fte tam ileti\u015fim bilgilerimiz: Adres: 185 Atat\u00fcrk Bulvar\u0131, Ankara 06680, T\u00fcrkiye Telefon numaras\u0131: (+90) 0531-802-44-20 Bizi haritada bulmak i\u00e7in l\u00fctfen a\u015fa\u011f\u0131daki ba\u011flant\u0131y\u0131 ziyaret edin: Bizimle ileti\u015fime ge\u00e7mek i\u00e7in l\u00fctfen a\u015fa\u011f\u0131daki e-posta adreslerinden birine mesaj g\u00f6nderin: Genel bilgi i\u00e7in: info@vpnveteran.com Sorular\u0131n\u0131z ve i\u015fbirli\u011fi teklifleri i\u00e7in: outreach@vpnveteran.com \u0130\u015f ba\u015fvurular\u0131 i\u00e7in: jobs@vpnveteran.com Sizden yak\u0131nda haber almay\u0131 d\u00f6rt g\u00f6zle [&hellip;]<\/p>\n","protected":false},"author":125,"featured_media":0,"parent":0,"menu_order":0,"comment_status":"closed","ping_status":"closed","template":"","meta":{"om_disable_all_campaigns":false,"footnotes":""},"sgf-content-tag":[183,191],"sgf-seo-push":[],"class_list":["post-19774","page","type-page","status-publish","hentry"],"_links":{"self":[{"href":"https:\/\/vpnveteran.com\/tr\/wp-json\/wp\/v2\/pages\/19774","targetHints":{"allow":["GET"]}}],"collection":[{"href":"https:\/\/vpnveteran.com\/tr\/wp-json\/wp\/v2\/pages"}],"about":[{"href":"https:\/\/vpnveteran.com\/tr\/wp-json\/wp\/v2\/types\/page"}],"author":[{"embeddable":true,"href":"https:\/\/vpnveteran.com\/tr\/wp-json\/wp\/v2\/users\/125"}],"replies":[{"embeddable":true,"href":"https:\/\/vpnveteran.com\/tr\/wp-json\/wp\/v2\/comments?post=19774"}],"version-history":[{"count":6,"href":"https:\/\/vpnveteran.com\/tr\/wp-json\/wp\/v2\/pages\/19774\/revisions"}],"predecessor-version":[{"id":57853,"href":"https:\/\/vpnveteran.com\/tr\/wp-json\/wp\/v2\/pages\/19774\/revisions\/57853"}],"wp:attachment":[{"href":"https:\/\/vpnveteran.com\/tr\/wp-json\/wp\/v2\/media?parent=19774"}],"wp:term":[{"taxonomy":"sgf-content-tag","embeddable":true,"href":"https:\/\/vpnveteran.com\/tr\/wp-json\/wp\/v2\/sgf-content-tag?post=19774"},{"taxonomy":"sgf-seo-push","embeddable":true,"href":"https:\/\/vpnveteran.com\/tr\/wp-json\/wp\/v2\/sgf-seo-push?post=19774"}],"curies":[{"name":"wp","href":"https:\/\/api.w.org\/{rel}","templated":true}]}}