{"id":19778,"date":"2020-09-10T06:24:38","date_gmt":"2020-09-10T10:24:38","guid":{"rendered":"https:\/\/vpnveteran.com\/?page_id=19778"},"modified":"2023-04-17T22:56:59","modified_gmt":"2023-04-18T02:56:59","slug":"ip-adresim-nedir","status":"publish","type":"page","link":"https:\/\/vpnveteran.com\/tr\/ip-adresim-nedir\/","title":{"rendered":"IP Nedir? IP Adresi Nas\u0131l De\u011fi\u015ftirilir?"},"content":{"rendered":"<div class=\"mb30 wpsm_box blue_type nonefloat_box\" style=\"text-align:left; width:auto\"><i><\/i><div>\r\n\t\t\t<div class=\"ip-grid\" style=\"grid-template-columns:  auto auto auto auto;\"><div id=\"ip-ip\"><span class=\"label\">IP:<\/span><span class=\"value\"><i class=\"fa fa-spinner fa-spin\"><\/i><\/span><\/div><div id=\"ip-city\"><span class=\"label\">\u015eehir:<\/span><span class=\"value\"><i class=\"fa fa-spinner fa-spin\"><\/i><\/span><\/div><div id=\"ip-country_name\"><span class=\"label\">\u00dclke:<\/span><span class=\"value\"><i class=\"fa fa-spinner fa-spin\"><\/i><\/span><\/div><div id=\"ip-org\"><span class=\"label\">ISP:<\/span><span class=\"value\"><i class=\"fa fa-spinner fa-spin\"><\/i><\/span><\/div><\/div><script>\n    jQuery.getJSON( 'https:\/\/ipapi.co\/json\/', function( data ) {\n\t\t\tif (data.city.length > 15) {\n\t\t\t\tdata.org = data.city.substring(0, 14) + '\u2026';\n\t\t\t}\n\t\t\tif (data.country_name.length > 15) {\n\t\t\t\tdata.org = data.country_name.substring(0, 14) + '\u2026';\n\t\t\t}\n\t\t\tif (data.org.length > 15) {\n\t\t\t\tdata.org = data.org.substring(0, 14) + '\u2026';\n\t\t\t}\n\t\t\tif (data.ip.length > 15) {\n\t\t\t\ta_ipv6 = data.ip.split(':');\n\t\t\t\tdata.ip = a_ipv6[0]+':'+a_ipv6[1]+':\u2026:'+a_ipv6[ (a_ipv6.length-1) ];\n\t\t\t}\n      jQuery('#ip-ip .value').text( data.ip );jQuery('#ip-city .value').text( data.city );jQuery('#ip-country_name .value').text( data.country_name );jQuery('#ip-org .value').text( data.org );\n    });\n  <\/script><style>\n    .ip-table {display:table;}\n    .ip-table div {display:table-row;}\n    .ip-table div span {display:table-cell; cell-padding:3px;}\n    .ip-table .label {font-weight:normal;}\n    .ip-table .value {font-weight:bold;}\n\n    .ip-inline {display:inline;}\n    .ip-inline div {display:inline;}\n    .ip-inline div+div {margin-left:20px;}\n\n    .ip-block {display:block;}\n\n    .ip-flex {display:flex;}\n\n    .ip-grid {display:grid;}\n    .ip-grid div {text-align:center;}\n    .ip-grid .label {font-weight:normal;}\n    .ip-grid .value {margin-left: 0.5rem; font-weight:bold;}\n\t\t@media (max-width: 770px) {\n\t\t   .ip-grid {grid-template-columns: auto!important;}\n\t\t\t .ip-grid > div {text-align:left;}\n\t\t}\n  <\/style><br \/>\n\r\n\t\t\t<\/div><\/div>\n<p>Bir VPN kullanm\u0131yorsan\u0131z, ziyaret etti\u011finiz her web sitesinde iz b\u0131rakmakta oldu\u011funuzu bilmelisiniz. E\u011fer IP adresim nedir diyorsan\u0131z ve IP adresi bulma konusunda s\u0131k\u0131nt\u0131 ya\u015f\u0131yorsan\u0131z bu yaz\u0131 sizin i\u00e7in! Bu sayfay\u0131 ziyaret etti\u011finizde \u00f6\u011frenebileceklerime bir bak\u0131n: bilgisayar\u0131n\u0131z\u0131n dili, kulland\u0131\u011f\u0131n\u0131z web taray\u0131c\u0131n\u0131za, i\u015fletim sisteminiz ve hatta IP adresi bulma ve konumunuz. Biraz korkutucu, de\u011fil mi? Ancak ip gizle istiyorsan\u0131z ve bunu yapabilmeniz i\u00e7in ip adresi nas\u0131l gizlenir diyorsan\u0131z bunun bir \u00e7\u00f6z\u00fcm\u00fc var.<\/p>\n<h2>IP Adresi Nedir?<\/h2>\n<p><strong>\u0130nternete eri\u015fmek i\u00e7in<\/strong> t\u00fcm cihazlar\u0131n bir adrese ihtiyac\u0131 vard\u0131r. \u0130nternet Protokol Adresiniz benzersiz. Bu protokoller statik olabilir (\u0130nternet Servis Sa\u011flay\u0131c\u0131n\u0131z size atar ve asla de\u011fi\u015fmez) veya dinamik (ISS&#8217;nizin istedi\u011fi \u015fekilde, saat ba\u015f\u0131 veya her saatinde veya y\u00f6nlendiricinizin her yeniden ba\u015flat\u0131lmas\u0131nda de\u011fi\u015fir) olabilir.<\/p>\n<p>Bir ki\u015fi, bir \u015firket veya bir h\u00fck\u00fcmet IP adresi bulma i\u015flemi yapt\u0131\u011f\u0131nda, bulundu\u011funuz yerin tam olarak bilmeleri m\u00fcmk\u00fcnd\u00fcr. Bir telefon, Wi-Fi veya cep telefonu verileriniz \u00fczerinden ba\u011flanman\u0131z IP adresi bulma konusunda bir farkl\u0131l\u0131k ortaya \u00e7\u0131kartmaz.<\/p>\n<p>Ger\u00e7ek say\u0131sal de\u011ferlerinizi IP adresi de\u011fi\u015ftirme i\u015flemi yaparak kimsenin bulmas\u0131n\u0131 istemiyorsan\u0131z, ip degistirici kullanarak <strong>onu gizlemeniz veya de\u011fi\u015ftirmeniz gerekir<\/strong>. Bunu yapman\u0131n en iyi yolu bir VPN kullanmakt\u0131r.<\/p>\n\n<h2>IP Adresimi Neden Gizlemeliyim?<\/h2>\n<p>Ev adresinizi, e-posta adresinizi veya telefon numaran\u0131z\u0131 reklamverenlerle ve di\u011fer \u00fc\u00e7\u00fcnc\u00fc \u015fah\u0131slarla payla\u015fmak ister misiniz? Tabii ki de\u011fil. \u00c7\u00fcnk\u00fc bu bilgiler ki\u015fiseldir ve payla\u015f\u0131lmas\u0131 spam olaylar\u0131na veya daha da k\u00f6t\u00fc sonu\u00e7lara neden olur. Merak etmeyin, e\u011fer protokol adresiniz nedir diyorsan\u0131z \u00e7\u00f6z\u00fcm\u00fc bu yaz\u0131da. Bu bilgileri neden gizlemenizin gerekti\u011fini anlatan nedenleri g\u00f6zden ge\u00e7irelim.<\/p>\n<ul>\n<li><strong>Konumunuzu gizleyin<\/strong>: IP\u2019nizde \u00e7ok fazla veri var. Ve herhangi biri sizi ip bul i\u015flemi yaparak tam olarak nerede oldu\u011funuzu bulabilir. Bana g\u00fcvenmiyor musun? Bulundu\u011funuz \u00fclkeyi, b\u00f6lgeyi ve \u015fehri listeleyen IP sayfam\u0131n ne oldu\u011funu kontrol edin. Ayr\u0131ca GPS koordinatlar\u0131n\u0131z\u0131 g\u00f6r\u00fcnt\u00fclemek de m\u00fcmk\u00fcn olacakt\u0131r\u2026 Bu y\u00fczden ger\u00e7ekten internet protokol adresinizi gizlemelisiniz!<\/li>\n<li><strong>IP k\u0131s\u0131tlamalar\u0131n\u0131 kald\u0131r<\/strong>: H\u00fck\u00fcmetler, \u015firketler ve okullar, IP&#8217;nizi kullanarak belirli i\u00e7eri\u011fe ve web sitelerine eri\u015fmenizi engellemek i\u00e7in k\u0131s\u0131tlamalar koyar. Hangi i\u00e7eri\u011fe eri\u015fmek istedi\u011fime karar vermenin tek yolu IP adresi de\u011fi\u015ftirme i\u015flemi i\u00e7in ip adresi de\u011fi\u015ftirme program\u0131 kullanmak olacakt\u0131r.<\/li>\n<li><strong>Cihaz\u0131n\u0131z\u0131 sald\u0131r\u0131lara kar\u015f\u0131 koruyun<\/strong>: Bir oyuncuysan\u0131z, ip nas\u0131l de\u011fi\u015ftirilir diyorsan\u0131z bu yaz\u0131 sizin i\u00e7in. \u00c7\u00fcnk\u00fc bu adresinizi gizlerken bunun sizin g\u00fcvenli\u011finize kar\u015f\u0131l\u0131k gelen fark\u0131nda olmal\u0131s\u0131n\u0131z, DDoS sald\u0131r\u0131lar\u0131n\u0131 engelleyebilirsiniz. Ve savunmas\u0131z IP adresinizi de\u011fi\u015ftirmek sonunda hedef alan ba\u015fka bir sald\u0131r\u0131 sizi asla bulamaz.<\/li>\n<li><strong>Anonim olarak surf yap\u0131n<\/strong>: Son madde fakat dahas\u0131 da var, gizlilik bir hakt\u0131r. Bu y\u00fczden gizlili\u011finizi b\u00fct\u00fcn alan ad\u0131 sa\u011flay\u0131c\u0131lar\u0131 i\u00e7erisinde merakl\u0131lardan korumal\u0131s\u0131n\u0131z. Nas\u0131l IP adresim nedir mi dedin? Bir VPN ip degistirici ve IP adresi de\u011fi\u015ftirme i\u015flemlerini yap\u0131yorum.. Kesinlikle ait oldu\u011fun ip bul ve i\u015flemleri tekrarla!<\/li>\n<\/ul>\n<p>Bu sebepler IP adresim nedir dedikten ve bulduktan sonra ip gizle memin birka\u00e7 nedeni. Ve saymad\u0131\u011f\u0131m daha bir\u00e7ok IP adresi nas\u0131l de\u011fi\u015ftirilir gibi sorular oldu\u011fundan eminim. Ancak bunlar, t\u00fcm kullan\u0131c\u0131lar\u0131n kendi iyilikleri i\u00e7in IP adresi de\u011fi\u015ftirme program\u0131 kullanmaya ikna etmek i\u00e7in yeterli olacakt\u0131r.<\/p>\n\n<h2>Gizli Pencereler ip gizle \u0130\u015flemi Yapar m\u0131?<\/h2>\n<p>Ne yaz\u0131k ki, hay\u0131r, ip gizle i\u015flemi gizli pencereler taraf\u0131ndan yap\u0131lmaz. Gizli modda veya \u00f6zel taramada IP adresiniz gizlenmez. Bu \u00f6zel sekmeler veya pencereler yaln\u0131zca yerel navigasyon verilerinizi koruyabilir (bilgisayar\u0131n\u0131zda). Veriler hala \u0130nternet \u00fczerindeki a\u00e7\u0131k bir \u015fekilde aktar\u0131l\u0131yor ve ele ge\u00e7irilebilir ve IP adresi atan\u0131r bulma i\u015flemi ziyaret etti\u011finiz her web sitesi i\u00e7in hala halka a\u00e7\u0131kt\u0131r.<\/p>\n<h2>\u0130P Adresi Nas\u0131l Gizlenir?<\/h2>\n<p>E\u011fer bilgisayar\u0131n\u0131za IP adresi nas\u0131l gizlenir diyorsan\u0131z ip gizle i\u015flemi i\u00e7in birka\u00e7 yol vard\u0131r. Biz de hepsini a\u015fa\u011f\u0131da inceledik. Merak ediyorsan\u0131z, IP adresim nedir ve IP adresi de\u011fi\u015ftirme cevaplar\u0131 i\u00e7in okumaya devam edin. M\u00fckemmel bir cevab\u0131m var, okumaya devam edin!<\/p>\n<p><iframe title=\"Hide IP\" width=\"840\" height=\"473\" src=\"https:\/\/www.youtube.com\/embed\/eN9AlM2-T8E?feature=oembed\" frameborder=\"0\" allow=\"accelerometer; autoplay; clipboard-write; encrypted-media; gyroscope; picture-in-picture; web-share\" allowfullscreen><\/iframe><\/p>\n<h3>IP adresini gizlemenin EN \u0130Y\u0130 yolu: Bir VPN kullan\u0131n<\/h3>\n<p>\u0130lk \u00f6nce bir VPN alman\u0131z\u0131 tavsiye ederim. <strong>VPN&#8217;ler sayesinde yeni bir IP adresi atan\u0131r ve ip numaras\u0131 otomatik olarak de\u011fi\u015fir IP<\/strong> adresi de\u011fi\u015ftirme program\u0131 olarak i\u015f g\u00f6r\u00fcrler. \u0130\u015fte bug\u00fcn tam olarak istedi\u011finiz \u015fey: ip gizle. VPNler bu i\u015fi yap\u0131yor. VPN kullanman\u0131n g\u00fcvenli\u011finizi artt\u0131rmak ve gizlili\u011finizi korumak i\u00e7in ba\u015fka bir\u00e7ok yarar\u0131 vard\u0131r. A\u015fa\u011f\u0131daki IP adresini kullan ve varsay\u0131lan a\u011f ge\u00e7idinin IP adresi nas\u0131l de\u011fi\u015ftirilir sorusuna cevab\u0131 ile bilgisayar\u0131n\u0131z\u0131n IP adresini g\u00fcvene al\u0131rs\u0131n\u0131z.<\/p>\n<p>Seni burada karma\u015f\u0131k bir a\u00e7\u0131klama ile rahats\u0131z etmeyece\u011fim. Ancak anlaman\u0131z gereken \u015fey, bi<strong>r VPN sunucusunun cihaz\u0131n\u0131zla \u0130nternet aras\u0131nda bir arac\u0131 olarak hareket etti\u011fidir<\/strong>. Sizin ad\u0131n\u0131za web sitelerine g\u00f6z atar. Ve istedi\u011finiz bilgiyi al\u0131r. Bu nedenle, internetteki etkinli\u011finizin bir izini b\u0131rakarak, ger\u00e7ek IP adresinizle do\u011frudan web sitelerine ula\u015fmazs\u0131n\u0131z. Bunun yerine VPN sunucusuna bunu sizin i\u00e7in yapmas\u0131n\u0131 s\u00f6ylersin.<\/p>\n<p>Web siteleri ve merakl\u0131lar (bilgisayar korsanlar\u0131, reklamverenler, devlet kurumlar\u0131) IP\u2019nizi g\u00f6remez yaln\u0131zca sunucunun adresini g\u00f6r\u00fcr. Ek olarak, <strong>bir VPN cihaz\u0131n\u0131zla sunucu aras\u0131ndaki verileri \u015fifreler<\/strong>. B\u00f6ylece hi\u00e7 kimse internet trafi\u011finizi engelleyemez.<\/p>\n<p>Peki ya merakl\u0131 ki\u015filer VPN sunucusunu takip etmeye karar verirse? Gizlili\u011finiz risk alt\u0131nda m\u0131? Hay\u0131r, \u00e7\u00fcnk\u00fc trafi\u011finiz ayn\u0131 sunucuya ba\u011fl\u0131 t\u00fcm kullan\u0131c\u0131lar\u0131n trafi\u011fiyle kar\u0131\u015fm\u0131\u015f. Ve hangi isteklerin size ait oldu\u011funu belirlemenin bir yolu yok: internette tamamen saklan\u0131yorsunuz!<\/p>\n\n<h3>TOR Kullanarak IP Adresi Gizlemek &#8211; BEDAVA fakat Yava\u015f<\/h3>\n<p>The Onion Router (<a href=\"https:\/\/www.torproject.org\/tr\/\" target=\"_blank\" rel=\"noopener noreferrer\">Tor<\/a>) anonim bir a\u00e7\u0131k kaynak a\u011f\u0131d\u0131r. Ayr\u0131ca, kullan\u0131c\u0131lar\u0131n gizliliklerinden \u00f6d\u00fcn vermeden web\u2019de gezinmelerini sa\u011flar. Bu y\u00fczden ip gizle <strong>IP adresi nas\u0131l gizlenir diyen kullan\u0131c\u0131lar kendisini sever<\/strong>. Bu taray\u0131c\u0131 kullan\u0131c\u0131lar\u0131n kendilerini bulmay\u0131 zorla\u015ft\u0131rmak i\u00e7in \u00fcretilmi\u015ftir.<\/p>\n<p>Asl\u0131nda, cihaz\u0131n\u0131z\u0131n ip degistirici ve IP adresi de\u011fi\u015ftirme i\u00e7in Tor kulland\u0131\u011f\u0131n\u0131zda, <strong>Tor a\u011f\u0131na ba\u011flanabilirsiniz.<\/strong> B\u00f6ylece trafi\u011finiz hedefinize ula\u015fmadan \u00f6nce bir dizi d\u00fc\u011f\u00fcmden ge\u00e7er. Bir d\u00fc\u011f\u00fcm veya r\u00f6le, yaln\u0131zca a\u011fdaki trafi\u011fi alan ve ileten bir cihazd\u0131r. Ve i\u015flemin son d\u00fc\u011f\u00fcm\u00fc, bir VPN sunucusu gibi, sizin i\u00e7in web sitelerini tarar.<\/p>\n<p>Verileriniz Tor \u00fczerinde seyahat ederken, <strong>yeni bir \u015fifreleme katman\u0131 ekleyerek<\/strong> her d\u00fc\u011f\u00fcm aras\u0131nda ayr\u0131 ayr\u0131 \u015fifrelenir. B\u00f6ylece taray\u0131c\u0131n\u0131n ad\u0131n\u0131n nereden geldi\u011fini anlar\u0131z: Bir so\u011fan\u0131n katmanlar\u0131 gibi, \u015fifreleme katmanlar\u0131.<\/p>\n<p>Tor ip gizle amac\u0131 i\u00e7in harika. Ancak, t\u00fcm trafi\u011finiz web sitelerine ula\u015fmadan \u00f6nce en az \u00fc\u00e7 d\u00fc\u011f\u00fcmden ge\u00e7melidir. Ve b<strong>u a\u011f\u0131r hizmet \u015fifrelemesi ba\u011flant\u0131n\u0131z\u0131 yava\u015flat\u0131r<\/strong>\u2026 Ayr\u0131ca kullan\u0131m\u0131 uygun g\u00f6r\u00fclme. Tor Browser&#8217;\u0131 kullanabilmenize ra\u011fmen bu taray\u0131c\u0131 yaln\u0131zca web trafi\u011finizi kapsar. Yani \u00f6rne\u011fin Tor: Torrent istemcinizi kullanmak i\u00e7in her uygulamay\u0131 kendiniz kurman\u0131z gerekir.<\/p>\n<h3>Etkili ama Daha Riskli Bir Method: Proxy Kullanmak (Fakat Yava\u015f)<\/h3>\n<p>E\u011fer IP adresi nas\u0131l gizlenir merak ediyorsan\u0131z, do\u011fru sayfadas\u0131n\u0131z. \u0130\u015fte sizlere bir ba\u015fka \u00e7\u00f6z\u00fcm yolu bir proxy sunucusu kullanmak olabilir. Ama bu y\u00f6ntem pek \u00f6nerebilece\u011fim bir \u015fey de\u011fil. \u00c7\u00fcnk\u00fc riskli. Proxy, kullan\u0131c\u0131lar\u0131n \u00e7evrimi\u00e7i olarak IP gizlemelerine olanak sa\u011flayan VPN benzeri bir ara\u00e7t\u0131r. Ancak bir VPN&#8217;den farkl\u0131 olarak, <strong>hi\u00e7bir g\u00fcvenlik katman\u0131 i\u00e7ermez.<\/strong><\/p>\n<p>Peki nas\u0131l \u00e7al\u0131\u015f\u0131yor? Proxy sunucusunu <strong>kendi cihaz\u0131n\u0131z\u0131n bir aynas\u0131<\/strong> olarak d\u00fc\u015f\u00fcnebilirsiniz. Ve cihaz\u0131n\u0131zda yapt\u0131\u011f\u0131n\u0131z her \u015fey, proxy tekrarlar. Proxy kullan\u0131rken, do\u011frudan web sitelerine de\u011fil, verileri ileri ve geri ileten sunucu \u00fczerinden eri\u015fiyorsunuzdur. Sonu\u00e7 olarak, ger\u00e7ek IP\u2019nize de\u011fil, proxy\u2019nizin IP\u2019sine g\u00f6z at\u0131yorsunuz.<\/p>\n<p>Proxy&#8217;ler IP adresini gizler. Ve VPN&#8217;ler gibi basit co\u011frafi k\u0131s\u0131tlamalar\u0131 atlaman\u0131za yard\u0131mc\u0131 olabilirler. Ama <strong>trafi\u011finizde \u015fifreleme yapamazlar,<\/strong> hi\u00e7bir \u015fekilde. Bu nedenle, yapt\u0131\u011f\u0131n\u0131z her \u015fey a\u00e7\u0131k ve ISS&#8217;nize ve di\u011fer potansiyel merakl\u0131lar\u0131n\u0131za a\u00e7\u0131kt\u0131r. Ek olarak, \u00e7o\u011fu proxy sunucusu <strong>internet etkinli\u011finizi kaydeder.<\/strong><\/p>\n<p>Son olarak, \u00e7o\u011fu proxy vekili web tabanl\u0131d\u0131r. B\u00f6ylece, sadece web trafi\u011finizin IP adresini maskeleyebilirsiniz. Diyelim ki evinizde, ABD Netflix&#8217;i bir proxy ile izliyorsunuz (ba\u011flant\u0131 \u00e7ok yava\u015f de\u011filse). Ve IP&#8217;nizi taklit ederken torrentleri indirmek istiyorsunuz.<\/p>\n<p>\u00dczg\u00fcn\u00fcm fakat, bu imkans\u0131z.<\/p>\n<p>Proxy, torrent trafi\u011finizi, yaln\u0131zca web trafi\u011finizi (taray\u0131c\u0131n\u0131zdan) engellemez. Yani, ger\u00e7ek IP adresinizle torrentleri indirirsiniz\u2026<\/p>\n<h3>IP adresinizi nas\u0131l de\u011fi\u015ftirirsiniz? A\u011f\u0131 de\u011fi\u015ftir &#8211; GE\u00c7\u0130C\u0130<\/h3>\n<p>Bu \u00e7\u00f6z\u00fcm ip internet adresini ger\u00e7ekten gizlemese de, bahsetmeye de\u011fer. IP&#8217;niz cihaz\u0131n\u0131za ba\u011fl\u0131 olmad\u0131\u011f\u0131 de\u011fildir, ba\u011fland\u0131\u011f\u0131n\u0131z a\u011fa ba\u011fl\u0131d\u0131r. Dolay\u0131s\u0131yla, normal IP adresinizi kullanmak istemiyorsan\u0131z, <strong>yeni bir a\u011fa ba\u011flan\u0131p<\/strong> ba\u015fka bir IP ile web&#8217;e g\u00f6z atabilirsiniz.<\/p>\n<p><strong>Cep telefonunuzun \u015febekesini<\/strong>, mesela etkin nokta \u00f6zelli\u011fi sayesinde kullanabilirsiniz. Ama bu i\u015flem sizin kimli\u011finizle ba\u011flant\u0131l\u0131 olacakt\u0131r. Yani, anonim olamazs\u0131n\u0131z. IP adresinizi ge\u00e7ici olarak gizlemek istiyorsan\u0131z ve ip nas\u0131l de\u011fi\u015ftirilir diyorsan\u0131z, <strong>herkese a\u00e7\u0131k bir Wi-Fi a\u011f\u0131na ba\u011flanman\u0131z\u0131<\/strong> \u00f6neririm. G\u00fcvenli olmayan Wi-Fi a\u011flar\u0131na ba\u011flan\u0131rken her zaman risk olsa da, bu yeni bir IP adresi alman\u0131z\u0131 garanti eder.<\/p>\n<h2>Sonu\u00e7<\/h2>\n<p>IP adresinizi \u00e7evrimi\u00e7i olarak gizlemenin birka\u00e7 y\u00f6ntemi vard\u0131r. Ve her birinin kendi avantajlar\u0131 ve dezavantajlar\u0131 vard\u0131r. IP adresimi gizlemek i\u00e7in en sevdi\u011fim \u00e7\u00f6z\u00fcm bir <strong>Sanal \u00d6zel A\u011f kullanmakt\u0131r<\/strong>. \u00c7\u00fcnk\u00fc a\u011f ba\u011flant\u0131lar\u0131 gizlili\u011fimi koruyarak bir g\u00fcvenlik katman\u0131 olu\u015fturuyor. Ve sadece web trafi\u011fini de\u011fil, cihazlar\u0131mdaki t\u00fcm trafi\u011fi kaps\u0131yor. B\u00f6ylece VPN ba\u011flant\u0131m\u0131 \u00f6rne\u011fin torrentleri isimsiz olarak indirmek i\u00e7in kullanabilirim. Y\u0131llard\u0131r bir  kullan\u0131c\u0131s\u0131y\u0131m.<\/p>\n<p>Peki IP adresi nas\u0131l de\u011fi\u015ftirilir nas\u0131l yap\u0131l\u0131r? Enter tu\u015funa basarak adres bulma kadar kolay, \u00e7ocuk oyunca\u011f\u0131: <strong>Sadece bir VPN sunucusuna ba\u011flanman\u0131z yeterli<\/strong>. Ve i\u015fte bu kadar. Baz\u0131 VPN&#8217;ler, daha fazla koruma i\u00e7in IP&#8217;nizi otomatik olarak yenilemek \u00fczere bir zamanlay\u0131c\u0131 ayarlaman\u0131za izin verir. Yeni bir IP adresi vard\u0131r ile dns adresi ve <strong>ger\u00e7ek konumunuzu gizleyebilir ve co\u011frafi k\u0131s\u0131tlamalar\u0131 a\u015fabilirsiniz<\/strong>. Bu nedenle, kendinize k\u00fc\u00e7\u00fck bir hediye verin ve bir VPN ile gizlili\u011finizi koruyun. Pi\u015fman olmayacaks\u0131n!<\/p>\n<p>Umar\u0131m makalem, IP adresim nedir IP adresi bulma ip degistirici ip sorgulama gibi konularda size yard\u0131mc\u0131 oldu\u011fu gibi adresinizi nas\u0131l gizlenece\u011fine \u0131\u015f\u0131k tutman\u0131za yard\u0131mc\u0131 olmu\u015ftur. Ayr\u0131ca l\u00fctfen buna de\u011fer oldu\u011funu d\u00fc\u015f\u00fcn\u00fcyorsan\u0131z aileniz, arkada\u015flar\u0131n\u0131z ve meslekta\u015flar\u0131n\u0131zla bu yaz\u0131y\u0131 payla\u015f\u0131n.<strong> \u00c7\u00fcnk\u00fc sevdikleriniz de IP&#8217;lerini de gizlemeliler<\/strong>. Son olarak, deneyiminizi payla\u015fmak i\u00e7in veya genel olarak VPN&#8217;lerle ilgili herhangi bir sorunuz varsa, benimle ileti\u015fime ge\u00e7mekten \u00e7ekinmeyin.<\/p>\n","protected":false},"excerpt":{"rendered":"<p>Bir VPN kullanm\u0131yorsan\u0131z, ziyaret etti\u011finiz her web sitesinde iz b\u0131rakmakta oldu\u011funuzu bilmelisiniz. E\u011fer IP adresim nedir diyorsan\u0131z ve IP adresi bulma konusunda s\u0131k\u0131nt\u0131 ya\u015f\u0131yorsan\u0131z bu yaz\u0131 sizin i\u00e7in! Bu sayfay\u0131 ziyaret etti\u011finizde \u00f6\u011frenebileceklerime bir bak\u0131n: bilgisayar\u0131n\u0131z\u0131n dili, kulland\u0131\u011f\u0131n\u0131z web taray\u0131c\u0131n\u0131za, i\u015fletim sisteminiz ve hatta IP adresi bulma ve konumunuz. Biraz korkutucu, de\u011fil mi? Ancak ip [&hellip;]<\/p>\n","protected":false},"author":54,"featured_media":0,"parent":0,"menu_order":0,"comment_status":"closed","ping_status":"closed","template":"","meta":{"om_disable_all_campaigns":false,"footnotes":""},"sgf-content-tag":[194],"sgf-seo-push":[],"class_list":["post-19778","page","type-page","status-publish","hentry"],"_links":{"self":[{"href":"https:\/\/vpnveteran.com\/tr\/wp-json\/wp\/v2\/pages\/19778","targetHints":{"allow":["GET"]}}],"collection":[{"href":"https:\/\/vpnveteran.com\/tr\/wp-json\/wp\/v2\/pages"}],"about":[{"href":"https:\/\/vpnveteran.com\/tr\/wp-json\/wp\/v2\/types\/page"}],"author":[{"embeddable":true,"href":"https:\/\/vpnveteran.com\/tr\/wp-json\/wp\/v2\/users\/54"}],"replies":[{"embeddable":true,"href":"https:\/\/vpnveteran.com\/tr\/wp-json\/wp\/v2\/comments?post=19778"}],"version-history":[{"count":3,"href":"https:\/\/vpnveteran.com\/tr\/wp-json\/wp\/v2\/pages\/19778\/revisions"}],"predecessor-version":[{"id":54155,"href":"https:\/\/vpnveteran.com\/tr\/wp-json\/wp\/v2\/pages\/19778\/revisions\/54155"}],"wp:attachment":[{"href":"https:\/\/vpnveteran.com\/tr\/wp-json\/wp\/v2\/media?parent=19778"}],"wp:term":[{"taxonomy":"sgf-content-tag","embeddable":true,"href":"https:\/\/vpnveteran.com\/tr\/wp-json\/wp\/v2\/sgf-content-tag?post=19778"},{"taxonomy":"sgf-seo-push","embeddable":true,"href":"https:\/\/vpnveteran.com\/tr\/wp-json\/wp\/v2\/sgf-seo-push?post=19778"}],"curies":[{"name":"wp","href":"https:\/\/api.w.org\/{rel}","templated":true}]}}