{"id":57687,"date":"2023-07-18T08:09:46","date_gmt":"2023-07-18T12:09:46","guid":{"rendered":"https:\/\/vpnveteran.com\/?page_id=57687"},"modified":"2023-07-18T23:16:32","modified_gmt":"2023-07-19T03:16:32","slug":"ortak-sorumluluk-reddi","status":"publish","type":"page","link":"https:\/\/vpnveteran.com\/tr\/ortak-sorumluluk-reddi\/","title":{"rendered":"Ortak Sorumluluk Reddi"},"content":{"rendered":"<p>VPNVeteran.com ba\u011fl\u0131 kurulu\u015f pazarlamas\u0131nda yer almaktad\u0131r, bu da belirli sayfalara ba\u011fl\u0131 kurulu\u015f ba\u011flant\u0131lar\u0131 ekleyebilece\u011fimiz anlam\u0131na gelir.<\/p>\n<p>Web sitemizdeki bu ba\u011fl\u0131 kurulu\u015f ba\u011flant\u0131lar\u0131 arac\u0131l\u0131\u011f\u0131yla bir sat\u0131n alma i\u015flemi yaparsan\u0131z, VPNVeteran.com komisyon alabilir.<\/p>\n<p>Bu \u00fccret, \u00e7e\u015fitli hizmetleri de\u011ferlendirme ve test etme \u00e7abalar\u0131m\u0131zda bize yard\u0131mc\u0131 olur. Ayr\u0131ca, ticari veya parasal ama\u00e7lar olmaks\u0131z\u0131n \u00e7e\u015fitli hizmetlere ve \u015firketlere ba\u011flant\u0131lar da sunuyoruz.<\/p>\n<h2>Editoryal \u015eeffafl\u0131k<\/h2>\n<p>Sitemizde yay\u0131nlanan t\u00fcm k\u0131lavuzlar, makaleler ve incelemeler, ba\u011fl\u0131 kurulu\u015flardan veya ana \u015firketlerimizden elde edilen gelirden etkilenmez ve belirli markalar\u0131n kapsam\u0131 veya i\u00e7eri\u011fi i\u00e7in herhangi bir \u00f6deme almay\u0131z.<\/p>\n<p>Edit\u00f6rlerimizden birinin bir hizmet veya \u015firketle \u00e7\u0131kar \u00e7at\u0131\u015fmas\u0131 yaratabilecek yat\u0131r\u0131mlar\u0131 veya ki\u015fisel ba\u011flar\u0131 olmas\u0131 durumunda, yay\u0131n g\u00f6revlerini derhal ba\u015fka bir edit\u00f6re devretmeyi taahh\u00fct ederiz.<\/p>\n<h2>\u0130nceleme S\u00fcreci<\/h2>\n<p>Bu platformda incelenen t\u00fcm \u00fcr\u00fcnler, incelemelerde maksimum tarafs\u0131zl\u0131k ve \u00f6nerilerde maksimum g\u00fcvenilirlik sa\u011flamak i\u00e7in VPNVeteran.com ekibi taraf\u0131ndan titiz testlere tabi tutulur.<\/p>\n<p>\u00d6ncelikli hedefimiz, \u00e7evrimi\u00e7i gezinirken gizlili\u011finizi ve g\u00fcvenli\u011finizi korumak i\u00e7in ihtiyac\u0131n\u0131z olan t\u00fcm pratik ve pratik olmayan ara\u00e7lar\u0131 size sa\u011flamakt\u0131r.<\/p>\n<h2>Edit\u00f6rl\u00fck ve Pazarlaman\u0131n Ayr\u0131lmas\u0131<\/h2>\n<p>\u0130\u00e7eri\u011fimizin b\u00fct\u00fcnl\u00fc\u011f\u00fcn\u00fc korumak i\u00e7in, yaz\u0131 i\u015fleri ve pazarlama ekiplerimiz aras\u0131nda a\u00e7\u0131k bir ayr\u0131m olu\u015fturduk. Hi\u00e7bir tak\u0131m\u0131n di\u011feri \u00fczerinde etki yaratma yetene\u011fi yoktur.<\/p>\n<p>Pazarlama ekibimiz, ba\u011fl\u0131 kurulu\u015f ba\u011flant\u0131lar\u0131n\u0131 ve harekete ge\u00e7irici mesajlar\u0131 belirli sayfalara yerle\u015ftirmekten sorumludur.<\/p>\n<p>Sonu\u00e7 olarak, VPNVeteran.com, kullan\u0131c\u0131lar bu ba\u011flant\u0131lar \u00fczerinden al\u0131\u015fveri\u015f yapt\u0131klar\u0131nda komisyon kazanabilir.<\/p>\n","protected":false},"excerpt":{"rendered":"<p>VPNVeteran.com ba\u011fl\u0131 kurulu\u015f pazarlamas\u0131nda yer almaktad\u0131r, bu da belirli sayfalara ba\u011fl\u0131 kurulu\u015f ba\u011flant\u0131lar\u0131 ekleyebilece\u011fimiz anlam\u0131na gelir. Web sitemizdeki bu ba\u011fl\u0131 kurulu\u015f ba\u011flant\u0131lar\u0131 arac\u0131l\u0131\u011f\u0131yla bir sat\u0131n alma i\u015flemi yaparsan\u0131z, VPNVeteran.com komisyon alabilir. Bu \u00fccret, \u00e7e\u015fitli hizmetleri de\u011ferlendirme ve test etme \u00e7abalar\u0131m\u0131zda bize yard\u0131mc\u0131 olur. Ayr\u0131ca, ticari veya parasal ama\u00e7lar olmaks\u0131z\u0131n \u00e7e\u015fitli hizmetlere ve \u015firketlere ba\u011flant\u0131lar da [&hellip;]<\/p>\n","protected":false},"author":54,"featured_media":0,"parent":0,"menu_order":0,"comment_status":"closed","ping_status":"closed","template":"","meta":{"om_disable_all_campaigns":false,"footnotes":""},"sgf-content-tag":[1763,183],"sgf-seo-push":[],"class_list":["post-57687","page","type-page","status-publish","hentry"],"_links":{"self":[{"href":"https:\/\/vpnveteran.com\/tr\/wp-json\/wp\/v2\/pages\/57687","targetHints":{"allow":["GET"]}}],"collection":[{"href":"https:\/\/vpnveteran.com\/tr\/wp-json\/wp\/v2\/pages"}],"about":[{"href":"https:\/\/vpnveteran.com\/tr\/wp-json\/wp\/v2\/types\/page"}],"author":[{"embeddable":true,"href":"https:\/\/vpnveteran.com\/tr\/wp-json\/wp\/v2\/users\/54"}],"replies":[{"embeddable":true,"href":"https:\/\/vpnveteran.com\/tr\/wp-json\/wp\/v2\/comments?post=57687"}],"version-history":[{"count":4,"href":"https:\/\/vpnveteran.com\/tr\/wp-json\/wp\/v2\/pages\/57687\/revisions"}],"predecessor-version":[{"id":57730,"href":"https:\/\/vpnveteran.com\/tr\/wp-json\/wp\/v2\/pages\/57687\/revisions\/57730"}],"wp:attachment":[{"href":"https:\/\/vpnveteran.com\/tr\/wp-json\/wp\/v2\/media?parent=57687"}],"wp:term":[{"taxonomy":"sgf-content-tag","embeddable":true,"href":"https:\/\/vpnveteran.com\/tr\/wp-json\/wp\/v2\/sgf-content-tag?post=57687"},{"taxonomy":"sgf-seo-push","embeddable":true,"href":"https:\/\/vpnveteran.com\/tr\/wp-json\/wp\/v2\/sgf-seo-push?post=57687"}],"curies":[{"name":"wp","href":"https:\/\/api.w.org\/{rel}","templated":true}]}}