{"id":57771,"date":"2023-07-20T05:01:18","date_gmt":"2023-07-20T09:01:18","guid":{"rendered":"https:\/\/vpnveteran.com\/?page_id=57771"},"modified":"2023-07-20T05:01:18","modified_gmt":"2023-07-20T09:01:18","slug":"sahiplik-aciklamasi","status":"publish","type":"page","link":"https:\/\/vpnveteran.com\/tr\/sahiplik-aciklamasi\/","title":{"rendered":"Sahiplik A\u00e7\u0131klamas\u0131"},"content":{"rendered":"<p>VPNveteran, ba\u011fl\u0131 kurulu\u015f pazarlamas\u0131na ve \u00fcr\u00fcn incelemelerine odaklanm\u0131\u015f olan <strong>Affiliare Inc.<\/strong>&#8216;e aittir ve bu \u015firket taraf\u0131ndan i\u015fletilmektedir.<\/p>\n<p>VPNveteran&#8217;daki temel hedefimiz, tarafs\u0131z ve objektif incelemeler sunmakt\u0131r.<\/p>\n<p>Zaman zaman, incelemelerimizde di\u011fer \u00fcr\u00fcnler, hizmetler, ko\u00e7lar, dan\u0131\u015fmanlar ve\/veya uzmanlardan bahsedebiliriz; ancak, bu t\u00fcr at\u0131flar\u0131n, ad\u0131 ge\u00e7en taraflarca sa\u011flanan bilgilerin do\u011frulu\u011funu onaylama veya teyit etme amac\u0131 ta\u015f\u0131mad\u0131\u011f\u0131n\u0131 belirtmek \u00f6nemlidir.<\/p>\n<p>Sat\u0131n alma karar\u0131n\u0131z\u0131 vermeden \u00f6nce kendi ara\u015ft\u0131rman\u0131z\u0131 yapman\u0131z\u0131 ve incelemenizi \u00f6neririz.<\/p>\n<p>Bize g\u00f6re yararl\u0131 bilgiler sa\u011flasak da, belirli bir \u00fcr\u00fcn\u00fcn veya hizmetin sizin ihtiya\u00e7lar\u0131n\u0131za uygun olup olmad\u0131\u011f\u0131n\u0131 de\u011ferlendirmek i\u00e7in birden fazla kayna\u011fa g\u00fcvenmeniz ve gerekli \u00f6zeni g\u00f6stermeniz \u00f6nemlidir.<\/p>\n<h2>Sorular\u0131n\u0131z ve yard\u0131m talepleriniz i\u00e7in bize ula\u015f\u0131n<\/h2>\n<p>VPNveteran ile ilgili herhangi bir sorunuz veya endi\u015feniz varsa, l\u00fctfen <a href=\"mailto:info@affiliareinc.com\" target=\"_blank\" rel=\"nofollow noopener noreferrer\">info@affiliareinc.com<\/a> adresine e-posta g\u00f6ndermekten \u00e7ekinmeyin. Size yard\u0131mc\u0131 olmaktan ve gerekli bilgileri sa\u011flamaktan memnuniyet duyar\u0131z.<\/p>\n<p>VPNveteran&#8217;\u0131 ziyaret etti\u011finiz i\u00e7in te\u015fekk\u00fcr ederiz ve sahiplik ve inceleme s\u00fcrecimizi anlaman\u0131z\u0131 takdir ederiz.<\/p>\n<div id=\"gtx-trans\" style=\"position: absolute; left: 1266px; top: 312.812px;\">\n<div class=\"gtx-trans-icon\"><\/div>\n<\/div>\n","protected":false},"excerpt":{"rendered":"<p>VPNveteran, ba\u011fl\u0131 kurulu\u015f pazarlamas\u0131na ve \u00fcr\u00fcn incelemelerine odaklanm\u0131\u015f olan Affiliare Inc.&#8216;e aittir ve bu \u015firket taraf\u0131ndan i\u015fletilmektedir. VPNveteran&#8217;daki temel hedefimiz, tarafs\u0131z ve objektif incelemeler sunmakt\u0131r. Zaman zaman, incelemelerimizde di\u011fer \u00fcr\u00fcnler, hizmetler, ko\u00e7lar, dan\u0131\u015fmanlar ve\/veya uzmanlardan bahsedebiliriz; ancak, bu t\u00fcr at\u0131flar\u0131n, ad\u0131 ge\u00e7en taraflarca sa\u011flanan bilgilerin do\u011frulu\u011funu onaylama veya teyit etme amac\u0131 ta\u015f\u0131mad\u0131\u011f\u0131n\u0131 belirtmek \u00f6nemlidir. Sat\u0131n [&hellip;]<\/p>\n","protected":false},"author":54,"featured_media":0,"parent":0,"menu_order":0,"comment_status":"closed","ping_status":"closed","template":"","meta":{"om_disable_all_campaigns":false,"footnotes":""},"sgf-content-tag":[1765,183],"sgf-seo-push":[],"class_list":["post-57771","page","type-page","status-publish","hentry"],"_links":{"self":[{"href":"https:\/\/vpnveteran.com\/tr\/wp-json\/wp\/v2\/pages\/57771","targetHints":{"allow":["GET"]}}],"collection":[{"href":"https:\/\/vpnveteran.com\/tr\/wp-json\/wp\/v2\/pages"}],"about":[{"href":"https:\/\/vpnveteran.com\/tr\/wp-json\/wp\/v2\/types\/page"}],"author":[{"embeddable":true,"href":"https:\/\/vpnveteran.com\/tr\/wp-json\/wp\/v2\/users\/54"}],"replies":[{"embeddable":true,"href":"https:\/\/vpnveteran.com\/tr\/wp-json\/wp\/v2\/comments?post=57771"}],"version-history":[{"count":3,"href":"https:\/\/vpnveteran.com\/tr\/wp-json\/wp\/v2\/pages\/57771\/revisions"}],"predecessor-version":[{"id":57791,"href":"https:\/\/vpnveteran.com\/tr\/wp-json\/wp\/v2\/pages\/57771\/revisions\/57791"}],"wp:attachment":[{"href":"https:\/\/vpnveteran.com\/tr\/wp-json\/wp\/v2\/media?parent=57771"}],"wp:term":[{"taxonomy":"sgf-content-tag","embeddable":true,"href":"https:\/\/vpnveteran.com\/tr\/wp-json\/wp\/v2\/sgf-content-tag?post=57771"},{"taxonomy":"sgf-seo-push","embeddable":true,"href":"https:\/\/vpnveteran.com\/tr\/wp-json\/wp\/v2\/sgf-seo-push?post=57771"}],"curies":[{"name":"wp","href":"https:\/\/api.w.org\/{rel}","templated":true}]}}